{"id":97,"date":"2019-02-18T00:45:13","date_gmt":"2019-02-17T15:45:13","guid":{"rendered":"http:\/\/localhost\/vn\/?page_id=97"},"modified":"2025-03-08T00:46:07","modified_gmt":"2025-03-07T15:46:07","slug":"hachioji-campus","status":"publish","type":"page","link":"https:\/\/lang.takushoku-u.ac.jp\/vi\/campus-life\/hachioji-campus\/","title":{"rendered":"C\u01a1 s\u1edf Qu\u1ed1c t\u1ebf Hachioji"},"content":{"rendered":"  <div class=\"pageMainContentsBack\">\r\n    <div class=\"pageMainContents\">\r\n      <picture class=\"pmSS\">\r\n        <source media=\"(min-width: 480px)\" srcset=\"\/vi\/wp-content\/themes\/takushoku\/images\/campus_life\/hachioji-campus_photo_01.jpg 1x, \/vi\/wp-content\/themes\/takushoku\/images\/campus_life\/hachioji-campus_photo_01@2x.jpg 2x\">\r\n        <img src=\"\/vi\/wp-content\/themes\/takushoku\/images\/campus_life\/hachioji-campus_photo_01.jpg\" alt=\"\">\r\n      <\/picture>\r\n      <p class=\"text pmS\">\r\n        Th\u00e0nh ph\u1ed1 Hachioji l\u00e0 m\u1ed9t th\u00e0nh ph\u1ed1 h\u1ecdc thu\u1eadt h\u00e0ng \u0111\u1ea7u \u1edf Nh\u1eadt B\u1ea3n, v\u1edbi nhi\u1ec1u tr\u01b0\u1eddng \u0111\u1ea1i h\u1ecdc v\u00e0 cao \u0111\u1eb3ng t\u1eadp trung \u1edf \u0111\u00e2y. C\u01a1 s\u1edf Qu\u1ed1c t\u1ebf Hachioji \u0111\u01b0\u1ee3c bao quanh b\u1edfi thi\u00ean nhi\u00ean phong ph\u00fa v\u00e0 c\u00f3 m\u1ed9t khu\u00f4n vi\u00ean r\u1ed9ng l\u1edbn. Ngo\u00e0i vi\u1ec7c \u0111\u01b0\u1ee3c trang b\u1ecb \u0111\u1ea7y \u0111\u1ee7 c\u00e1c c\u01a1 s\u1edf v\u1eadt ch\u1ea5t v\u00e0 thi\u1ebft b\u1ecb nghi\u00ean c\u1ee9u m\u1edbi nh\u1ea5t, tr\u01b0\u1eddng c\u00f2n c\u00f3 \u0111\u1ea7y \u0111\u1ee7 c\u01a1 s\u1edf ph\u1ee5c v\u1ee5 c\u00e1c ho\u1ea1t \u0111\u1ed9ng ngo\u1ea1i kh\u00f3a nh\u01b0 s\u00e2n v\u1eadn \u0111\u1ed9ng \u0111i\u1ec1n kinh v\u00e0 s\u00e2n c\u01b0\u1ee1i ng\u1ef1a, v.v&#8230;, mang \u0111\u1ebfn m\u00f4i tr\u01b0\u1eddng nh\u01b0 l\u00e0 m\u1ed9t n\u01a1i \u0111\u1ec3 h\u1ecdc t\u1eadp. Ngo\u00e0i ra, ga g\u1ea7n nh\u1ea5t l\u00e0 ga Takao c\u00f3 2 tuy\u1ebfn t\u00e0u l\u00e0 tuy\u1ebfn JR Chuo v\u00e0 tuy\u1ebfn Keio \u0111i qua, gi\u00fap cho vi\u1ec7c \u0111i \u0111\u1ebfn trung t\u00e2m th\u00e0nh ph\u1ed1 c\u0169ng thu\u1eadn ti\u1ec7n.\r\n      <\/p>\r\n      <div class=\"secondBox pmL\">\r\n        <div class=\"btnLink boxInner\">\r\n          <a href=\"https:\/\/www.takushoku-u.ac.jp\/360campus\/hachioji.html\" target=\"_blank\" rel=\"noopener\">\r\n            <div class=\"pageIcon\"><img src=\"\/vi\/wp-content\/themes\/takushoku\/images\/common\/icon\/blank.svg\" alt=\"\"><\/div>\r\n            <div class=\"naviText\">B\u1ea3n \u0111\u1ed3 c\u01a1 s\u1edf 360\u00b0\u3000<\/div>\r\n            <div class=\"icon\"><span class=\"o-angle-right-1\"><\/span><\/div>\r\n          <\/a>\r\n          <div class=\"jpLink\">(B\u1ea5m v\u00e0o \u0111\u00e2y \u0111\u1ec3 xem trang ti\u1ebfng Nh\u1eadt)<\/div>\r\n        <\/div>\r\n        <div class=\"btnLink boxInner\">\r\n          <a href=\"\/vi\/access\/#a2\">\r\n            <div class=\"pageIcon\"><img src=\"\/vi\/wp-content\/themes\/takushoku\/images\/common\/icon\/access.svg\" alt=\"\"><\/div>\r\n            <div class=\"naviText\">H\u01b0\u1edbng d\u1eabn c\u00e1ch di chuy\u1ec3n<\/div>\r\n            <div class=\"icon\"><span class=\"o-angle-right-1\"><\/span><\/div>\r\n          <\/a>\r\n        <\/div>\r\n      <\/div>\r\n\r\n      <section>\r\n        <h3 class=\"pmM\">Gi\u1edbi thi\u1ec7u c\u01a1 s\u1edf v\u1eadt ch\u1ea5t trong C\u01a1 s\u1edf<\/h3>\r\n\r\n        <section class=\"pmS\">\r\n          <h4 class=\"pmS\">Nh\u00e0 t\u01b0\u1edfng ni\u1ec7m Onshi<\/h4>\r\n          <picture class=\"pmSS\">\r\n            <source media=\"(min-width: 480px)\" srcset=\"\/vi\/wp-content\/themes\/takushoku\/images\/campus_life\/hachioji-campus_photo_02.jpg 1x, \/vi\/wp-content\/themes\/takushoku\/images\/campus_life\/hachioji-campus_photo_02@2x.jpg 2x\">\r\n            <img src=\"\/vi\/wp-content\/themes\/takushoku\/images\/campus_life\/hachioji-campus_photo_02.jpg\" alt=\"\">\r\n          <\/picture>\r\n          <p class=\"text\">\r\n            \u0110\u00e2y l\u00e0 c\u00f4ng tr\u00ecnh \u0111\u00e3 \u0111\u01b0\u1ee3c tr\u00f9ng tu l\u1ea1i t\u1eeb Th\u00ednh ph\u00f2ng t\u01b0\u1edfng ni\u1ec7m Onshi t\u1eebng n\u1eb1m trong C\u01a1 s\u1edf Bunkyo \u0111\u1ec3 l\u00e0m t\u00f2a nh\u00e0 k\u1ef7 ni\u1ec7m 100 n\u0103m th\u00e0nh l\u1eadp, v\u00e0 c\u00e1c v\u1eadt ph\u1ea9m li\u00ean quan \u0111\u1ebfn tr\u01b0\u1eddng \u0111\u1ea1i h\u1ecdc \u0111\u01b0\u1ee3c tr\u01b0ng b\u00e0y trong ph\u00f2ng t\u01b0 li\u1ec7u l\u1ecbch s\u1eed b\u00ean trong t\u00f2a nh\u00e0.\r\n          <\/p>\r\n        <\/section>\r\n\r\n        <section class=\"pmS\">\r\n          <h4 class=\"pmS\">Nh\u00e0 thi \u0111\u1ea5u<\/h4>\r\n          <picture class=\"pmSS\">\r\n            <source media=\"(min-width: 480px)\" srcset=\"\/vi\/wp-content\/themes\/takushoku\/images\/campus_life\/hachioji-campus_photo_03.jpg 1x, \/vi\/wp-content\/themes\/takushoku\/images\/campus_life\/hachioji-campus_photo_03@2x.jpg 2x\">\r\n            <img src=\"\/vi\/wp-content\/themes\/takushoku\/images\/campus_life\/hachioji-campus_photo_03.jpg\" alt=\"\">\r\n          <\/picture>\r\n          <p class=\"text\">\r\n            C\u00f3 nh\u00e0 thi \u0111\u1ea5u s\u1ed1 1 v\u00e0 2. T\u1ea1i \u0111\u00e2y \u0111\u01b0\u1ee3c trang b\u1ecb nhi\u1ec1u c\u01a1 s\u1edf kh\u00e1c nhau nh\u01b0 s\u00e2n b\u00f3ng r\u1ed5, h\u1ed3 b\u01a1i v\u00e0 v\u00f5 \u0111\u01b0\u1eddng, v.v&#8230;\r\n          <\/p>\r\n        <\/section>\r\n\r\n        <section class=\"pmS\">\r\n          <h4 class=\"pmS\">H\u1ed9i tr\u01b0\u1eddng Ritakukai<\/h4>\r\n          <picture class=\"pmSS\">\r\n            <source media=\"(min-width: 480px)\" srcset=\"\/vi\/wp-content\/themes\/takushoku\/images\/campus_life\/hachioji-campus_photo_04.jpg 1x, \/vi\/wp-content\/themes\/takushoku\/images\/campus_life\/hachioji-campus_photo_04@2x.jpg 2x\">\r\n            <img src=\"\/vi\/wp-content\/themes\/takushoku\/images\/campus_life\/hachioji-campus_photo_04.jpg\" alt=\"\">\r\n          <\/picture>\r\n          <p class=\"text\">\r\n            T\u1ea1i \u0111\u00e2y c\u00f3 nhi\u1ec1u c\u01a1 s\u1edf v\u1eadt ch\u1ea5t kh\u00e1c nhau nh\u01b0 Ban Qu\u1ed1c t\u1ebf, kh\u00f4ng gian giao l\u01b0u qu\u1ed1c t\u1ebf, h\u1ed9i tr\u01b0\u1eddng \u0111a n\u0103ng, ph\u00f2ng h\u1ecdc \u0111a ph\u01b0\u01a1ng ti\u1ec7n v\u00e0 ph\u00f2ng th\u1ef1c h\u00e0nh, v.v&#8230;\r\n          <\/p>\r\n        <\/section>\r\n\r\n        <section class=\"pmS\">\r\n          <h4 class=\"pmS\">T\u00f2a nh\u00e0 Qu\u1ea3n l\u00fd v\u00e0 Nghi\u00ean c\u1ee9u<\/h4>\r\n          <picture class=\"pmSS\">\r\n            <source media=\"(min-width: 480px)\" srcset=\"\/vi\/wp-content\/themes\/takushoku\/images\/campus_life\/hachioji-campus_photo_05.jpg 1x, \/vi\/wp-content\/themes\/takushoku\/images\/campus_life\/hachioji-campus_photo_05@2x.jpg 2x\">\r\n            <img src=\"\/vi\/wp-content\/themes\/takushoku\/images\/campus_life\/hachioji-campus_photo_05.jpg\" alt=\"\">\r\n          <\/picture>\r\n          <p class=\"text\">\r\n            \u0110\u00e2y l\u00e0 t\u00f2a nh\u00e0 n\u1eb1m g\u1ea7n nh\u01b0 \u1edf trung t\u00e2m c\u1ee7a c\u01a1 s\u1edf. C\u00f3 trung t\u00e2m sinh vi\u00ean \u0111\u1ec3 h\u1ed7 tr\u1ee3 sinh vi\u00ean v\u00e0 ph\u00f2ng nghi\u00ean c\u1ee9u c\u1ee7a gi\u1ea3ng vi\u00ean, v.v&#8230;\r\n          <\/p>\r\n        <\/section>\r\n\r\n        <section class=\"pmS\">\r\n          <h4 class=\"pmS\">BIG Tent<\/h4>\r\n          <picture class=\"pmSS\">\r\n            <source media=\"(min-width: 480px)\" srcset=\"\/vi\/wp-content\/themes\/takushoku\/images\/campus_life\/hachioji-campus_photo_06.jpg 1x, \/vi\/wp-content\/themes\/takushoku\/images\/campus_life\/hachioji-campus_photo_06@2x.jpg 2x\">\r\n            <img src=\"\/vi\/wp-content\/themes\/takushoku\/images\/campus_life\/hachioji-campus_photo_06.jpg\" alt=\"\">\r\n          <\/picture>\r\n          <p class=\"text\">\u0110\u00e2y l\u00e0 n\u01a1i \u0111\u01b0\u1ee3c s\u1eed d\u1ee5ng \u0111\u1ec3 ch\u1ebf t\u1ea1o xe \u00f4 t\u00f4 \u0111i\u1ec7n v\u00e0 m\u00e1y bay ch\u1ea1y b\u1eb1ng s\u1ee9c ng\u01b0\u1eddi, v.v&#8230;, v\u00e0 l\u01b0u gi\u1eef c\u00e1c t\u00e1c ph\u1ea9m.<\/p>\r\n        <\/section>\r\n\r\n        <section class=\"pmS\">\r\n          <h4 class=\"pmS\">T\u00f2a nh\u00e0 Khoa K\u1ef9 thu\u1eadt<\/h4>\r\n          <picture class=\"pmSS\">\r\n            <source media=\"(min-width: 480px)\" srcset=\"\/vi\/wp-content\/themes\/takushoku\/images\/campus_life\/hachioji-campus_photo_07.jpg 1x, \/vi\/wp-content\/themes\/takushoku\/images\/campus_life\/hachioji-campus_photo_07@2x.jpg 2x\">\r\n            <img src=\"\/vi\/wp-content\/themes\/takushoku\/images\/campus_life\/hachioji-campus_photo_07.jpg\" alt=\"\">\r\n          <\/picture>\r\n          <p class=\"text\">Ngo\u00e0i c\u00e1c ph\u00f2ng h\u1ecdc v\u00e0 ph\u00f2ng th\u1ef1c nghi\u1ec7m, c\u00f2n c\u00f3 ph\u00f2ng nghi\u00ean c\u1ee9u c\u1ee7a gi\u1ea3ng vi\u00ean Khoa K\u1ef9 thu\u1eadt v\u00e0 ph\u00f2ng tri\u1ec3n l\u00e3m c\u1ee7a Ng\u00e0nh Thi\u1ebft k\u1ebf.<\/p>\r\n        <\/section>\r\n\r\n        <section class=\"pmS\">\r\n          <h4 class=\"pmS\">H\u1ed9i tr\u01b0\u1eddng giao l\u01b0u sinh vi\u00ean<\/h4>\r\n          <picture class=\"pmSS\">\r\n            <source media=\"(min-width: 480px)\" srcset=\"\/vi\/wp-content\/themes\/takushoku\/images\/campus_life\/hachioji-campus_photo_08.jpg 1x, \/vi\/wp-content\/themes\/takushoku\/images\/campus_life\/hachioji-campus_photo_08@2x.jpg 2x\">\r\n            <img src=\"\/vi\/wp-content\/themes\/takushoku\/images\/campus_life\/hachioji-campus_photo_08.jpg\" alt=\"\">\r\n          <\/picture>\r\n          <p class=\"text\">\r\n            T\u00f2a nh\u00e0 n\u00e0y l\u00e0 n\u01a1i giao l\u01b0u v\u00e0 th\u01b0 gi\u00e3n c\u1ee7a sinh vi\u00ean, c\u00f3 ph\u00f2ng sinh ho\u1ea1t c\u00e2u l\u1ea1c b\u1ed9\/h\u1ed9i nghi\u00ean c\u1ee9u v\u00e0 s\u00e0n nh\u1ea3y, v.v&#8230;\r\n          <\/p>\r\n        <\/section>\r\n\r\n        <section class=\"pmS\">\r\n          <h4 class=\"pmS\">S\u00e2n c\u01b0\u1ee1i ng\u1ef1a<\/h4>\r\n          <picture class=\"pmSS\">\r\n            <source media=\"(min-width: 480px)\" srcset=\"\/vi\/wp-content\/themes\/takushoku\/images\/campus_life\/hachioji-campus_photo_09.jpg 1x, \/vi\/wp-content\/themes\/takushoku\/images\/campus_life\/hachioji-campus_photo_09@2x.jpg 2x\">\r\n            <img src=\"\/vi\/wp-content\/themes\/takushoku\/images\/campus_life\/hachioji-campus_photo_09.jpg\" alt=\"\">\r\n          <\/picture>\r\n          <p class=\"text\">\r\n            C\u00f3 m\u1ed9t s\u00e2n c\u01b0\u1ee1i ng\u1ef1a chuy\u00ean nghi\u1ec7p trong c\u01a1 s\u1edf, v\u00e0 c\u0169ng c\u00f3 m\u1ed9t chu\u1ed3ng ng\u1ef1a \u0111\u01b0\u1ee3c x\u00e2y c\u00f9ng. C\u00e2u l\u1ea1c b\u1ed9 c\u01b0\u1ee1i ng\u1ef1a s\u1eed d\u1ee5ng n\u01a1i \u0111\u00e2y \u0111\u1ec3 luy\u1ec7n t\u1eadp.\r\n          <\/p>\r\n        <\/section>\r\n\r\n        <section class=\"pmS\">\r\n          <h4 class=\"pmS\">K\u00fd t\u00fac x\u00e1 College House Fuso<\/h4>\r\n          <picture class=\"pmSS\">\r\n            <source media=\"(min-width: 480px)\" srcset=\"\/vi\/wp-content\/themes\/takushoku\/images\/campus_life\/hachioji-campus_photo_10.jpg 1x, \/vi\/wp-content\/themes\/takushoku\/images\/campus_life\/hachioji-campus_photo_10@2x.jpg 2x\">\r\n            <img src=\"\/vi\/wp-content\/themes\/takushoku\/images\/campus_life\/hachioji-campus_photo_10.jpg\" alt=\"\">\r\n          <\/picture>\r\n          <p class=\"text\">\r\n            \u0110\u00e2y l\u00e0 k\u00fd t\u00fac x\u00e1 sinh vi\u00ean c\u00f3 c\u00e1c ph\u00f2ng ki\u1ec3u studio v\u1edbi s\u1ee9c ch\u1ee9a 400 ng\u01b0\u1eddi. C\u01a1 s\u1edf n\u00e0y bao g\u1ed3m t\u00f2a nh\u00e0 d\u00e0nh cho nh\u00e0 \u0103n, t\u00f2a nh\u00e0 c\u1eeda h\u00e0ng v\u00e0 t\u00f2a nh\u00e0 ph\u00f2ng t\u1eafm v\u1edbi ph\u00f2ng t\u1eadp th\u1ec3 d\u1ee5c.\r\n          <\/p>\r\n        <\/section>\r\n\r\n        <section class=\"pmS\">\r\n          <h4 class=\"pmS\">Th\u01b0 vi\u1ec7n<\/h4>\r\n          <picture class=\"pmSS\">\r\n            <source media=\"(min-width: 480px)\" srcset=\"\/vi\/wp-content\/themes\/takushoku\/images\/campus_life\/hachioji-campus_photo_11.jpg 1x, \/vi\/wp-content\/themes\/takushoku\/images\/campus_life\/hachioji-campus_photo_11@2x.jpg 2x\">\r\n            <img src=\"\/vi\/wp-content\/themes\/takushoku\/images\/campus_life\/hachioji-campus_photo_11.jpg\" alt=\"\">\r\n          <\/picture>\r\n          <p class=\"text\">\r\n            Th\u01b0 vi\u1ec7n n\u1eb1m g\u1ea7n nh\u01b0 \u1edf trung t\u00e2m c\u1ee7a C\u01a1 s\u1edf Qu\u1ed1c t\u1ebf Hachioji, \u0111\u00e2y l\u00e0 m\u1ed9t t\u00f2a nh\u00e0 c\u00f3 thi\u1ebft k\u1ebf gi\u00e0n h\u00ecnh ch\u1eef th\u1eadp \u0111\u1eb7c bi\u1ec7t v\u00e0 \u0111\u00f3n \u00e1nh s\u00e1ng t\u1ef1 nhi\u00ean v\u1edbi c\u1ea5u tr\u00fac 4 t\u1ea7ng v\u1edbi 2 t\u1ea7ng tr\u00ean m\u1eb7t \u0111\u1ea5t v\u00e0 2 t\u1ea7ng h\u1ea7m. C\u00e1c t\u1ea7ng tr\u00ean m\u1eb7t \u0111\u1ea5t c\u00f3 ch\u1ed7 ng\u1ed3i \u0111\u1ecdc s\u00e1ch v\u1edbi c\u00e1c gi\u00e1 s\u00e1ch m\u1edf, c\u00f2n \u1edf t\u1ea7ng h\u1ea7m c\u00f3 kho s\u00e1ch \u0111\u00f3ng l\u1edbn.\r\n          <\/p>\r\n        <\/section>\r\n\r\n        <section class=\"pmS\">\r\n          <h4 class=\"pmS\">T\u00f2a nh\u00e0 A<\/h4>\r\n          <picture class=\"pmSS\">\r\n            <source media=\"(min-width: 480px)\" srcset=\"\/vi\/wp-content\/themes\/takushoku\/images\/campus_life\/hachioji-campus_photo_12.jpg 1x, \/vi\/wp-content\/themes\/takushoku\/images\/campus_life\/hachioji-campus_photo_12@2x.jpg 2x\">\r\n            <img src=\"\/vi\/wp-content\/themes\/takushoku\/images\/campus_life\/hachioji-campus_photo_12.jpg\" alt=\"\">\r\n          <\/picture>\r\n          <p class=\"text\">\r\n            \u0110\u00e2y l\u00e0 t\u00f2a nh\u00e0 c\u00f3 nhi\u1ec1u ph\u00f2ng h\u1ecdc nh\u1ea5t trong C\u01a1 s\u1edf Qu\u1ed1c t\u1ebf Hachioji v\u00e0 \u0111\u01b0\u1ee3c x\u00e2y d\u1ef1ng k\u1ebft h\u1ee3p 2 nh\u00e0 \u0103n v\u00e0 c\u1eeda h\u00e0ng ti\u1ec7n l\u1ee3i \u201cPatio\u201d, v.v&#8230;\r\n          <\/p>\r\n        <\/section>\r\n\t\t\r\n        <section>\r\n          <h4 class=\"pmS\">T\u00f2a nh\u00e0 E<\/h4>\r\n          <picture class=\"pmSS\">\r\n            <img src=\"\/en\/wp-content\/themes\/takushoku\/images\/campus_life\/hachioji-campus_photo_13.jpg\" alt=\"\">\r\n          <\/picture>\r\n          <p class=\"text\">\u0110\u00e2y l\u00e0 t\u00f2a nh\u00e0 n\u01a1i sinh vi\u00ean Ng\u00e0nh An to\u00e0n x\u00e3 h\u1ed9i &#8211; Khoa Ch\u00ednh tr\u1ecb v\u00e0 Kinh t\u1ebf h\u1ecdc t\u1eadp.<\/p>\r\n        <\/section>\r\n      <\/section>\r\n\r\n    <\/div>\r\n\r\n\r\n    <div class=\"linkSource\">\r\n      <span class=\"pageIcon\"><img src=\"\/vi\/wp-content\/themes\/takushoku\/images\/common\/icon\/blank.svg\"><\/span>\r\n      <p class=\"pageText\">B\u1ea5m v\u00e0o \u0111\u00e2y \u0111\u1ec3 xem trang ti\u1ebfng Nh\u1eadt <a target=\"_blank\" href=\"https:\/\/www.takushoku-u.ac.jp\/summary\/hachioji-campus.html\" rel=\"noopener\">Li\u00ean k\u1ebft<\/a><\/p>\r\n    <\/div>\r\n  <\/div>","protected":false},"excerpt":{"rendered":"Th\u00e0nh ph\u1ed1 Hachioji l\u00e0 m\u1ed9t th\u00e0nh ph\u1ed1 h\u1ecdc thu\u1eadt h\u00e0ng \u0111\u1ea7u \u1edf Nh\u1eadt B\u1ea3n, v\u1edbi nhi\u1ec1u tr\u01b0\u1eddng \u0111\u1ea1i h\u1ecdc v\u00e0 cao \u0111\u1eb3ng t\u1eadp trung \u1edf \u0111\u00e2y. C\u01a1 s\u1edf Qu\u1ed1c t\u1ebf Hachioji \u0111\u01b0\u1ee3c bao quanh b\u1edfi thi\u00ean nhi\u00ean phong ph\u00fa v\u00e0 c\u00f3 m\u1ed9t khu\u00f4n&#8230;","protected":false},"author":1,"featured_media":0,"parent":83,"menu_order":0,"comment_status":"closed","ping_status":"closed","template":"template\/pageTemp5.php","meta":[],"acf":[],"_links":{"self":[{"href":"https:\/\/lang.takushoku-u.ac.jp\/vi\/wp-json\/wp\/v2\/pages\/97"}],"collection":[{"href":"https:\/\/lang.takushoku-u.ac.jp\/vi\/wp-json\/wp\/v2\/pages"}],"about":[{"href":"https:\/\/lang.takushoku-u.ac.jp\/vi\/wp-json\/wp\/v2\/types\/page"}],"author":[{"embeddable":true,"href":"https:\/\/lang.takushoku-u.ac.jp\/vi\/wp-json\/wp\/v2\/users\/1"}],"replies":[{"embeddable":true,"href":"https:\/\/lang.takushoku-u.ac.jp\/vi\/wp-json\/wp\/v2\/comments?post=97"}],"version-history":[{"count":1,"href":"https:\/\/lang.takushoku-u.ac.jp\/vi\/wp-json\/wp\/v2\/pages\/97\/revisions"}],"predecessor-version":[{"id":1191,"href":"https:\/\/lang.takushoku-u.ac.jp\/vi\/wp-json\/wp\/v2\/pages\/97\/revisions\/1191"}],"up":[{"embeddable":true,"href":"https:\/\/lang.takushoku-u.ac.jp\/vi\/wp-json\/wp\/v2\/pages\/83"}],"wp:attachment":[{"href":"https:\/\/lang.takushoku-u.ac.jp\/vi\/wp-json\/wp\/v2\/media?parent=97"}],"curies":[{"name":"wp","href":"https:\/\/api.w.org\/{rel}","templated":true}]}}