{"id":94,"date":"2019-02-18T00:44:31","date_gmt":"2019-02-17T15:44:31","guid":{"rendered":"http:\/\/localhost\/vn\/?page_id=94"},"modified":"2022-04-07T12:28:50","modified_gmt":"2022-04-07T03:28:50","slug":"bunkyo-campus","status":"publish","type":"page","link":"https:\/\/lang.takushoku-u.ac.jp\/vi\/campus-life\/bunkyo-campus\/","title":{"rendered":"C\u01a1 s\u1edf Bunkyo"},"content":{"rendered":"  <div class=\"pageMainContentsBack\">\r\n    <div class=\"pageMainContents\">\r\n      <picture class=\"pmSS\">\r\n        <source media=\"(min-width: 480px)\" srcset=\"\/vi\/wp-content\/themes\/takushoku\/images\/campus_life\/bunkyo-campus_photo_01.jpg 1x, \/vi\/wp-content\/themes\/takushoku\/images\/campus_life\/bunkyo-campus_photo_01@2x.jpg 2x\">\r\n        <img src=\"\/vi\/wp-content\/themes\/takushoku\/images\/campus_life\/bunkyo-campus_photo_01.jpg\" alt=\"\">\r\n      <\/picture>\r\n      <p class=\"text pmS\">C\u01a1 s\u1edf Bunkyo t\u1ecda l\u1ea1c ngay trung t\u00e2m Tokyo, thu\u1eadn ti\u1ec7n cho vi\u1ec7c \u0111i h\u1ecdc, ho\u1ea1t \u0111\u1ed9ng t\u00ecm ki\u1ebfm vi\u1ec7c l\u00e0m, v.v&#8230;, v\u00e0 l\u00e0 n\u01a1i h\u1ecdc t\u1eadp c\u1ee7a sinh vi\u00ean c\u00e1c khoa Th\u01b0\u01a1ng m\u1ea1i &#8211; Ch\u00ednh tr\u1ecb v\u00e0 kinh t\u1ebf, Khoa sau \u0111\u1ea1i h\u1ecdc v\u00e0 Ch\u01b0\u01a1ng tr\u00ecnh \u0111\u00e0o t\u1ea1o ti\u1ebfng Nh\u1eadt \u0111\u1eb7c bi\u1ec7t. Ngo\u00e0i ra, k\u1ec3 t\u1eeb th\u00e1ng 4 n\u0103m 2015, v\u1edbi vi\u1ec7c ho\u00e0n th\u00e0nh \u201cD\u1ef1 \u00e1n ho\u00e0n thi\u1ec7n C\u01a1 s\u1edf Bunkyo\u201d, tr\u01b0\u1eddng \u0111\u00e3 c\u00f3 th\u1ec3 cung c\u1ea5p c\u00e1c thi\u1ebft b\u1ecb nghi\u00ean c\u1ee9u ho\u00e0n thi\u1ec7n h\u01a1n v\u00e0 m\u1ed9t m\u00f4i tr\u01b0\u1eddng h\u1ecdc t\u1eadp tho\u1ea3i m\u00e1i h\u01a1n, c\u0169ng nh\u01b0 n\u00e2ng cao h\u01a1n n\u1eefa ch\u1ee9c n\u0103ng c\u1ee7a tr\u01b0\u1eddng nh\u01b0 m\u1ed9t tr\u01b0\u1eddng \u0111\u1ea1i h\u1ecdc qu\u1ed1c t\u1ebf.<\/p>\r\n      <div class=\"secondBox pmL\">\r\n        <div class=\"btnLink boxInner\">\r\n          <a href=\"https:\/\/www.takushoku-u.ac.jp\/360campus\/bunkyo.html\" target=\"_blank\" rel=\"noopener\">\r\n            <div class=\"pageIcon\"><img src=\"\/vi\/wp-content\/themes\/takushoku\/images\/common\/icon\/blank.svg\" alt=\"\"><\/div>\r\n            <div class=\"naviText\">B\u1ea3n \u0111\u1ed3 c\u01a1 s\u1edf 360\u00b0\u3000<\/div>\r\n            <div class=\"icon\"><span class=\"o-angle-right-1\"><\/span><\/div>\r\n          <\/a>\r\n          <div class=\"jpLink\">(B\u1ea5m v\u00e0o \u0111\u00e2y \u0111\u1ec3 xem trang ti\u1ebfng Nh\u1eadt)<\/div>\r\n        <\/div>\r\n        <div class=\"btnLink boxInner\">\r\n          <a href=\"\/vi\/access\/#a1\">\r\n            <div class=\"pageIcon\"><img src=\"\/vi\/wp-content\/themes\/takushoku\/images\/common\/icon\/access.svg\" alt=\"\"><\/div>\r\n            <div class=\"naviText\">H\u01b0\u1edbng d\u1eabn c\u00e1ch di chuy\u1ec3n<\/div>\r\n            <div class=\"icon\"><span class=\"o-angle-right-1\"><\/span><\/div>\r\n          <\/a>\r\n        <\/div>\r\n      <\/div>\r\n\r\n      <section>\r\n        <h3 class=\"pmM\">Gi\u1edbi thi\u1ec7u c\u01a1 s\u1edf v\u1eadt ch\u1ea5t trong C\u01a1 s\u1edf<\/h3>\r\n\r\n        <section class=\"pmS\">\r\n          <h4 class=\"pmS\">C\u1ed5ng ch\u00ednh<\/h4>\r\n          <picture class=\"pmSS\">\r\n            <source media=\"(min-width: 480px)\" srcset=\"\/vi\/wp-content\/themes\/takushoku\/images\/campus_life\/bunkyo-campus_photo_02.jpg 1x, \/vi\/wp-content\/themes\/takushoku\/images\/campus_life\/bunkyo-campus_photo_02@2x.jpg 2x\">\r\n            <img src=\"\/vi\/wp-content\/themes\/takushoku\/images\/campus_life\/bunkyo-campus_photo_02.jpg\" alt=\"\">\r\n          <\/picture>\r\n          <p class=\"text\">\r\n            Ga Myogadani r\u1ea5t g\u1ea7n c\u1ed5ng ch\u00ednh, ch\u1ec9 m\u1ea5t kho\u1ea3ng 3 ph\u00fat \u0111i b\u1ed9, v\u00ec s\u1ef1 thu\u1eadn ti\u1ec7n n\u00e0y n\u00ean \u0111\u00e2y l\u00e0 c\u1ed5ng \u0111\u01b0\u1ee3c nhi\u1ec1u sinh vi\u00ean s\u1eed d\u1ee5ng \u0111\u1ec3 ra v\u00e0o.\r\n          <\/p>\r\n        <\/section>\r\n\r\n        <section class=\"pmS\">\r\n          <h4 class=\"pmS\">Kho\u1ea3ng s\u00e2n trong c\u01a1 s\u1edf<\/h4>\r\n          <picture class=\"pmSS\">\r\n            <source media=\"(min-width: 480px)\" srcset=\"\/vi\/wp-content\/themes\/takushoku\/images\/campus_life\/bunkyo-campus_photo_03.jpg 1x, \/vi\/wp-content\/themes\/takushoku\/images\/campus_life\/bunkyo-campus_photo_03@2x.jpg 2x\">\r\n            <img src=\"\/vi\/wp-content\/themes\/takushoku\/images\/campus_life\/bunkyo-campus_photo_03.jpg\" alt=\"\">\r\n          <\/picture>\r\n          <p class=\"text\">\r\n            M\u1ed9t kh\u00f4ng gian xanh tr\u1ea3i d\u00e0i \u1edf trung t\u00e2m c\u01a1 s\u1edf. Kho\u1ea3ng s\u00e2n n\u00e0y \u0111\u01b0\u1ee3c th\u1eafp s\u00e1ng b\u1eb1ng c\u00e1c \u0111\u00e8n trang tr\u00ed v\u00e0o th\u00e1ng 12.\r\n          <\/p>\r\n        <\/section>\r\n\r\n        <section class=\"pmS\">\r\n          <h4 class=\"pmS\">T\u00f2a nh\u00e0 A: T\u00f2a nh\u00e0 ch\u00ednh<\/h4>\r\n          <picture class=\"pmSS\">\r\n            <source media=\"(min-width: 480px)\" srcset=\"\/vi\/wp-content\/themes\/takushoku\/images\/campus_life\/bunkyo-campus_photo_04.jpg 1x, \/vi\/wp-content\/themes\/takushoku\/images\/campus_life\/bunkyo-campus_photo_04@2x.jpg 2x\">\r\n            <img src=\"\/vi\/wp-content\/themes\/takushoku\/images\/campus_life\/bunkyo-campus_photo_04.jpg\" alt=\"\">\r\n          <\/picture>\r\n          <p class=\"text\">\u5275\u7acb110 T\u00f2a nh\u00e0 bi\u1ec3u t\u01b0\u1ee3ng c\u1ee7a C\u01a1 s\u1edf Bunkyo, n\u01a1i truy\u1ec1n t\u1ea3i l\u1ecbch s\u1eed v\u00e0 truy\u1ec1n th\u1ed1ng c\u1ee7a h\u01a1n 110 n\u0103m k\u1ec3 t\u1eeb khi th\u00e0nh l\u1eadp.<\/p>\r\n        <\/section>\r\n\r\n        <section class=\"pmS\">\r\n          <h4 class=\"pmS\">Ph\u00eda tr\u01b0\u1edbc T\u00f2a nh\u00e0 A: T\u01b0\u1ee3ng C\u00f4ng t\u01b0\u1edbc Katsura Taro<\/h4>\r\n          <picture class=\"pmSS\">\r\n            <source media=\"(min-width: 480px)\" srcset=\"\/vi\/wp-content\/themes\/takushoku\/images\/campus_life\/bunkyo-campus_photo_05.jpg 1x, \/vi\/wp-content\/themes\/takushoku\/images\/campus_life\/bunkyo-campus_photo_05@2x.jpg 2x\">\r\n            <img src=\"\/vi\/wp-content\/themes\/takushoku\/images\/campus_life\/bunkyo-campus_photo_05.jpg\" alt=\"\">\r\n          <\/picture>\r\n          <p class=\"text\">\r\n            B\u1ee9c t\u01b0\u1ee3ng \u0111\u1ed3ng c\u1ee7a \u00f4ng Katsura Taro, ng\u01b0\u1eddi s\u00e1ng l\u1eadp v\u00e0 hi\u1ec7u tr\u01b0\u1edfng \u0111\u1ea7u ti\u00ean c\u1ee7a Tr\u01b0\u1eddng Hi\u1ec7p h\u1ed9i \u0110\u00e0i Loan, ti\u1ec1n th\u00e2n c\u1ee7a \u0110\u1ea1i h\u1ecdc Takushoku, \u0111\u01b0\u1ee3c x\u00e2y d\u1ef1ng t\u1ea1i \u0111\u1ecba \u0111i\u1ec3m n\u00e0y.\r\n          <\/p>\r\n        <\/section>\r\n\r\n        <section class=\"pmS\">\r\n          <h4 class=\"pmS\">T\u00f2a nh\u00e0 B<\/h4>\r\n          <picture class=\"pmSS\">\r\n            <source media=\"(min-width: 480px)\" srcset=\"\/vi\/wp-content\/themes\/takushoku\/images\/campus_life\/bunkyo-campus_photo_06.jpg 1x, \/vi\/wp-content\/themes\/takushoku\/images\/campus_life\/bunkyo-campus_photo_06@2x.jpg 2x\">\r\n            <img src=\"\/vi\/wp-content\/themes\/takushoku\/images\/campus_life\/bunkyo-campus_photo_06.jpg\" alt=\"\">\r\n          <\/picture>\r\n          <p class=\"text\">C\u00f3 c\u00e1c c\u01a1 s\u1edf v\u1eadt ch\u1ea5t nh\u01b0 h\u1ed9i tr\u01b0\u1eddng sinh vi\u00ean v\u00e0 nh\u00e0 \u0103n sinh vi\u00ean, v.v&#8230;, v\u00e0 t\u1ea7ng tr\u00ean ch\u1ee7 y\u1ebfu l\u00e0 c\u00e1c ph\u00f2ng nghi\u00ean c\u1ee9u c\u1ee7a gi\u1ea3ng vi\u00ean.<\/p>\r\n        <\/section>\r\n\r\n        <section class=\"pmS\">\r\n          <h4 class=\"pmS\">T\u00f2a nh\u00e0 C: S\u00e2n hi\u00ean tr\u00ean t\u1ea7ng th\u01b0\u1ee3ng<\/h4>\r\n          <picture class=\"pmSS\">\r\n            <source media=\"(min-width: 480px)\" srcset=\"\/vi\/wp-content\/themes\/takushoku\/images\/campus_life\/bunkyo-campus_photo_07.jpg 1x, \/vi\/wp-content\/themes\/takushoku\/images\/campus_life\/bunkyo-campus_photo_07@2x.jpg 2x\">\r\n            <img src=\"\/vi\/wp-content\/themes\/takushoku\/images\/campus_life\/bunkyo-campus_photo_07.jpg\" alt=\"\">\r\n          <\/picture>\r\n          <p class=\"text\">\r\n            T\u1eeb s\u00e2n hi\u00ean l\u00e1t g\u1ed7 \u0111\u1ea7y phong c\u00e1ch c\u00f3 th\u1ec3 ng\u1eafm nh\u00ecn to\u00e0n c\u1ea3nh trung t\u00e2m th\u00e0nh ph\u1ed1. \u0110\u00e2y c\u0169ng l\u00e0 kh\u00f4ng gian ngh\u1ec9 ng\u01a1i y\u00eau th\u00edch c\u1ee7a c\u00e1c b\u1ea1n sinh vi\u00ean.\r\n          <\/p>\r\n        <\/section>\r\n\r\n        <section class=\"pmS\">\r\n          <h4 class=\"pmS\">T\u00f2a nh\u00e0 C: Ban Vi\u1ec7c l\u00e0m<\/h4>\r\n          <picture class=\"pmSS\">\r\n            <source media=\"(min-width: 480px)\" srcset=\"\/vi\/wp-content\/themes\/takushoku\/images\/campus_life\/bunkyo-campus_photo_08.jpg 1x, \/vi\/wp-content\/themes\/takushoku\/images\/campus_life\/bunkyo-campus_photo_08@2x.jpg 2x\">\r\n            <img src=\"\/vi\/wp-content\/themes\/takushoku\/images\/campus_life\/bunkyo-campus_photo_08.jpg\" alt=\"\">\r\n          <\/picture>\r\n          <p class=\"text\">\r\n            Ban Vi\u1ec7c l\u00e0m \u0111\u01b0\u1ee3c \u0111\u00e1nh gi\u00e1 cao l\u00e0 \u201cd\u1ecbch v\u1ee5 h\u1ed7 tr\u1ee3 chu \u0111\u00e1o, t\u1eadn t\u00ecnh\u201d. H\u1ed7 tr\u1ee3 sinh vi\u00ean b\u1eb1ng c\u00e1ch cung c\u1ea5p nhi\u1ec1u th\u00f4ng tin v\u1ec1 c\u00e1c bu\u1ed5i h\u1ed9i th\u1ea3o, v.v&#8230; v\u00e0 \u0111\u01b0a ra nh\u1eefng l\u1eddi khuy\u00ean t\u1eadn t\u00ecnh.\r\n          <\/p>\r\n        <\/section>\r\n\r\n        <section class=\"pmS\">\r\n          <h4 class=\"pmS\">T\u00f2a nh\u00e0 E<\/h4>\r\n          <picture class=\"pmSS\">\r\n            <source media=\"(min-width: 480px)\" srcset=\"\/vi\/wp-content\/themes\/takushoku\/images\/campus_life\/bunkyo-campus_photo_09.jpg 1x, \/vi\/wp-content\/themes\/takushoku\/images\/campus_life\/bunkyo-campus_photo_09@2x.jpg 2x\">\r\n            <img src=\"\/vi\/wp-content\/themes\/takushoku\/images\/campus_life\/bunkyo-campus_photo_09.jpg\" alt=\"\">\r\n          <\/picture>\r\n          <p class=\"text\">T\u00f2a nh\u00e0 th\u01b0 vi\u1ec7n v\u00e0 ph\u00f2ng h\u1ecdc, v\u1edbi 10 t\u1ea7ng tr\u00ean m\u1eb7t \u0111\u1ea5t v\u00e0 2 t\u1ea7ng h\u1ea7m, \u0111\u01b0\u1ee3c ho\u00e0n th\u00e0nh v\u00e0o th\u00e1ng 1 n\u0103m 2015.<\/p>\r\n        <\/section>\r\n\r\n        <section>\r\n          <h4 class=\"pmS\">T\u00f2a nh\u00e0 F: H\u1ed9i tr\u01b0\u1eddng Gi\u00e1o d\u1ee5c Qu\u1ed1c t\u1ebf<\/h4>\r\n          <picture class=\"pmSS\">\r\n            <source media=\"(min-width: 480px)\" srcset=\"\/vi\/wp-content\/themes\/takushoku\/images\/campus_life\/bunkyo-campus_photo_10.jpg 1x, \/vi\/wp-content\/themes\/takushoku\/images\/campus_life\/bunkyo-campus_photo_10@2x.jpg 2x\">\r\n            <img src=\"\/vi\/wp-content\/themes\/takushoku\/images\/campus_life\/bunkyo-campus_photo_10.jpg\" alt=\"\">\r\n          <\/picture>\r\n          <p class=\"text\">\r\n            H\u1ed9i tr\u01b0\u1eddng Gi\u00e1o d\u1ee5c Qu\u1ed1c t\u1ebf l\u00e0 m\u1ed9t c\u00f4ng tr\u00ecnh c\u00f3 gi\u00e1 tr\u1ecb cao c\u1ea3 v\u1ec1 m\u1eb7t l\u1ecbch s\u1eed v\u00ec \u0111\u01b0\u1ee3c c\u1ea3i t\u1ea1o l\u1ea1i t\u1eeb c\u01a1 s\u1edf \u0111\u00e0o t\u1ea1o c\u0169 c\u1ee7a B\u1ed9 Ngo\u1ea1i giao. H\u1ed9i tr\u01b0\u1eddng c\u0169ng n\u1ed5i ti\u1ebfng l\u00e0 m\u1ed9t trong nh\u1eefng c\u00f4ng tr\u00ecnh ti\u00eau bi\u1ec3u c\u1ee7a \u00f4ng Yoshikazu Uchida, v\u00e0 th\u01b0\u1eddng \u0111\u01b0\u1ee3c gi\u1edbi thi\u1ec7u tr\u00ean c\u00e1c t\u1ea1p ch\u00ed ng\u00e0nh ki\u1ebfn tr\u00fac v\u00e0 s\u00e1ch h\u01b0\u1edbng d\u1eabn c\u1ee7a qu\u1eadn Bunkyo. Hi\u1ec7n t\u1ea1i, t\u00f2a nh\u00e0 n\u00e0y \u0111\u01b0\u1ee3c s\u1eed d\u1ee5ng ch\u1ee7 y\u1ebfu t\u1ed5 ch\u1ee9c c\u00e1c l\u1edbp h\u1ecdc cho \u201cCh\u01b0\u01a1ng tr\u00ecnh \u0111\u00e0o t\u1ea1o ti\u1ebfng Nh\u1eadt \u0111\u1eb7c bi\u1ec7t\u201d v\u00e0 \u201cNg\u00e0nh nghi\u00ean c\u1ee9u \u0111\u00e0o t\u1ea1o ng\u00f4n ng\u1eef\u201d c\u1ee7a Khoa sau \u0111\u1ea1i h\u1ecdc.\r\n          <\/p>\r\n        <\/section>\r\n      <\/section>\r\n\r\n    <\/div>\r\n\r\n    <div class=\"linkSource\">\r\n      <span class=\"pageIcon\"><img src=\"\/vi\/wp-content\/themes\/takushoku\/images\/common\/icon\/blank.svg\"><\/span>\r\n      <p class=\"pageText\">B\u1ea5m v\u00e0o \u0111\u00e2y \u0111\u1ec3 xem trang ti\u1ebfng Nh\u1eadt <a target=\"_blank\" href=\"https:\/\/www.takushoku-u.ac.jp\/summary\/bunkyo-campus.html\" rel=\"noopener\">Li\u00ean k\u1ebft<\/a><\/p>\r\n    <\/div>\r\n  <\/div>","protected":false},"excerpt":{"rendered":"C\u01a1 s\u1edf Bunkyo t\u1ecda l\u1ea1c ngay trung t\u00e2m Tokyo, thu\u1eadn ti\u1ec7n cho vi\u1ec7c \u0111i h\u1ecdc, ho\u1ea1t \u0111\u1ed9ng t\u00ecm ki\u1ebfm vi\u1ec7c l\u00e0m, v.v&#8230;, v\u00e0 l\u00e0 n\u01a1i h\u1ecdc t\u1eadp c\u1ee7a sinh vi\u00ean c\u00e1c khoa Th\u01b0\u01a1ng m\u1ea1i &#8211; Ch\u00ednh tr\u1ecb v\u00e0 kinh t\u1ebf, Khoa s&#8230;","protected":false},"author":1,"featured_media":0,"parent":83,"menu_order":0,"comment_status":"closed","ping_status":"closed","template":"template\/pageTemp5.php","meta":[],"acf":[],"_links":{"self":[{"href":"https:\/\/lang.takushoku-u.ac.jp\/vi\/wp-json\/wp\/v2\/pages\/94"}],"collection":[{"href":"https:\/\/lang.takushoku-u.ac.jp\/vi\/wp-json\/wp\/v2\/pages"}],"about":[{"href":"https:\/\/lang.takushoku-u.ac.jp\/vi\/wp-json\/wp\/v2\/types\/page"}],"author":[{"embeddable":true,"href":"https:\/\/lang.takushoku-u.ac.jp\/vi\/wp-json\/wp\/v2\/users\/1"}],"replies":[{"embeddable":true,"href":"https:\/\/lang.takushoku-u.ac.jp\/vi\/wp-json\/wp\/v2\/comments?post=94"}],"version-history":[{"count":0,"href":"https:\/\/lang.takushoku-u.ac.jp\/vi\/wp-json\/wp\/v2\/pages\/94\/revisions"}],"up":[{"embeddable":true,"href":"https:\/\/lang.takushoku-u.ac.jp\/vi\/wp-json\/wp\/v2\/pages\/83"}],"wp:attachment":[{"href":"https:\/\/lang.takushoku-u.ac.jp\/vi\/wp-json\/wp\/v2\/media?parent=94"}],"curies":[{"name":"wp","href":"https:\/\/api.w.org\/{rel}","templated":true}]}}