{"id":87,"date":"2019-02-18T00:42:18","date_gmt":"2019-02-17T15:42:18","guid":{"rendered":"http:\/\/localhost\/vn\/?page_id=87"},"modified":"2022-04-07T12:27:15","modified_gmt":"2022-04-07T03:27:15","slug":"life-support","status":"publish","type":"page","link":"https:\/\/lang.takushoku-u.ac.jp\/vi\/campus-life\/life-support\/","title":{"rendered":"H\u1ed7 tr\u1ee3 sinh ho\u1ea1t"},"content":{"rendered":"  <div class=\"pageMainContentsBack\">\r\n    <div class=\"pageMainContents\">\r\n\r\n      <section class=\"pmM\">\r\n        <h3>Chuy\u1ebfn \u0111i \u0111\u00e0o t\u1ea1o\/Ch\u01b0\u01a1ng tr\u00ecnh h\u1ecdc t\u1eadp tr\u1ea3i nghi\u1ec7m cho du h\u1ecdc sinh n\u01b0\u1edbc ngo\u00e0i<\/h3>\r\n        <picture class=\"pmSS\">\r\n          <source media=\"(min-width: 480px)\" srcset=\"\/vi\/wp-content\/themes\/takushoku\/images\/campus_life\/life-support_photo_01.jpg 1x, \/vi\/wp-content\/themes\/takushoku\/images\/campus_life\/life-support_photo_01@2x.jpg 2x\">\r\n          <img src=\"\/vi\/wp-content\/themes\/takushoku\/images\/campus_life\/life-support_photo_01.jpg\" alt=\"\">\r\n        <\/picture>\r\n        <p class=\"text\">\r\n          \u0110\u1ec3 gi\u00fap du h\u1ecdc sinh n\u01b0\u1edbc ngo\u00e0i c\u00f3 th\u1ec3 t\u00ecm hi\u1ec3u s\u00e2u r\u1ed9ng v\u1ec1 Nh\u1eadt B\u1ea3n th\u00f4ng qua tr\u1ea3i nghi\u1ec7m th\u1ef1c t\u1ebf v\u1ec1 l\u1ecbch s\u1eed v\u00e0 v\u0103n h\u00f3a truy\u1ec1n th\u1ed1ng, v.v&#8230; c\u1ee7a Nh\u1eadt B\u1ea3n v\u00e0 c\u00f3 cu\u1ed9c s\u1ed1ng du h\u1ecdc hi\u1ec7u qu\u1ea3, nh\u00e0 tr\u01b0\u1eddng \u0111\u00e3 t\u1ed5 ch\u1ee9c c\u00e1c chuy\u1ebfn \u0111i \u0111\u00e0o t\u1ea1o 2 ng\u00e0y 1 \u0111\u00eam (h\u1ecdc k\u1ef3 1) v\u00e0 ch\u01b0\u01a1ng tr\u00ecnh h\u1ecdc t\u1eadp tr\u1ea3i nghi\u1ec7m (h\u1ecdc k\u1ef3 2) cho sinh vi\u00ean n\u0103m 1 v\u00e0 n\u0103m 2. <\/p>\r\n      <\/section>\r\n\r\n      <section class=\"pmM\">\r\n        <h3>Qu\u1ea3n l\u00fd s\u1ee9c kho\u1ebb<\/h3>\r\n        <p class=\"text pmSS\">H\u00e3y \u0111\u1ebfn ph\u00f2ng y t\u1ebf ngay l\u1eadp t\u1ee9c trong nh\u1eefng tr\u01b0\u1eddng h\u1ee3p sau\u2026 \u0110i\u1ec1u d\u01b0\u1ee1ng vi\u00ean s\u1ebd gi\u00fap \u0111\u1ee1 b\u1ea1n.<\/p>\r\n        <ul class=\"normalList pmS\">\r\n          <li>Khi b\u1ea1n kh\u00f4ng \u0111\u01b0\u1ee3c kh\u1ecfe, ho\u1eb7c khi b\u1ea1n c\u1ea7n s\u01a1 c\u1ee9u kh\u1ea9n c\u1ea5p do ch\u1ea5n th\u01b0\u01a1ng, v.v&#8230;<\/li>\r\n          <li>Gi\u1edbi thi\u1ec7u c\u01a1 s\u1edf y t\u1ebf, t\u01b0 v\u1ea5n s\u1ee9c kh\u1ecfe, v.v&#8230;<\/li>\r\n          <li>Khi b\u1ea1n mu\u1ed1n th\u1ef1c hi\u1ec7n c\u00e1c lo\u1ea1i ki\u1ec3m tra (chi\u1ec1u cao\/c\u00e2n n\u1eb7ng\/\u0111o huy\u1ebft \u00e1p\/t\u1ef7 l\u1ec7 m\u1ee1 trong c\u01a1 th\u1ec3\/ki\u1ec3m tra th\u1ecb l\u1ef1c, v.v&#8230;)<\/li>\r\n        <\/ul>\r\n\r\n        <section class=\"pmS\">\r\n          <h4>V\u1ec1 kh\u00e1m s\u1ee9c kh\u1ecfe<\/h4>\r\n          <p class=\"text pmSS\">Vi\u1ec7c kh\u00e1m s\u1ee9c kh\u1ecfe \u0111\u1ecbnh k\u1ef3 \u0111\u01b0\u1ee3c th\u1ef1c hi\u1ec7n v\u00e0o th\u00e1ng 4 h\u00e0ng n\u0103m, do \u0111\u00f3 nh\u1ea5t \u0111\u1ecbnh h\u00e3y th\u1ef1c hi\u1ec7n ki\u1ec3m tra.<\/p>\r\n        <\/section>\r\n\r\n      <\/section>\r\n\r\n    <\/div>\r\n\r\n\r\n    <div class=\"linkSource\">\r\n      <span class=\"pageIcon\"><img src=\"\/vi\/wp-content\/themes\/takushoku\/images\/common\/icon\/blank.svg\"><\/span>\r\n      <p class=\"pageText\">B\u1ea5m v\u00e0o \u0111\u00e2y \u0111\u1ec3 xem trang ti\u1ebfng Nh\u1eadt <a target=\"_blank\" href=\"https:\/\/www.takushoku-u.ac.jp\/international\/foreign_support\/trial.html\" rel=\"noopener\">Li\u00ean k\u1ebft<\/a>\u3001<a target=\"_blank\" href=\"https:\/\/www.takushoku-u.ac.jp\/international\/foreign_support\/healthcare.html\" rel=\"noopener\">Li\u00ean k\u1ebft<\/a>\u3001<a target=\"_blank\" href=\"https:\/\/www.takushoku-u.ac.jp\/international\/foreign_support\/visa.html\" rel=\"noopener\">Li\u00ean k\u1ebft<\/a><\/p>\r\n    <\/div>\r\n  <\/div>","protected":false},"excerpt":{"rendered":"Chuy\u1ebfn \u0111i \u0111\u00e0o t\u1ea1o\/Ch\u01b0\u01a1ng tr\u00ecnh h\u1ecdc t\u1eadp tr\u1ea3i nghi\u1ec7m cho du h\u1ecdc sinh n\u01b0\u1edbc ngo\u00e0i \u0110\u1ec3 gi\u00fap du h\u1ecdc sinh n\u01b0\u1edbc ngo\u00e0i c\u00f3 th\u1ec3 t\u00ecm hi\u1ec3u s\u00e2u r\u1ed9ng v\u1ec1 Nh\u1eadt B\u1ea3n th\u00f4ng qua tr\u1ea3i nghi\u1ec7m th\u1ef1c t\u1ebf v\u1ec1 l\u1ecbch s\u1eed v\u00e0 v\u0103n h\u00f3a tr&#8230;","protected":false},"author":1,"featured_media":0,"parent":83,"menu_order":0,"comment_status":"closed","ping_status":"closed","template":"template\/pageTemp5.php","meta":[],"acf":[],"_links":{"self":[{"href":"https:\/\/lang.takushoku-u.ac.jp\/vi\/wp-json\/wp\/v2\/pages\/87"}],"collection":[{"href":"https:\/\/lang.takushoku-u.ac.jp\/vi\/wp-json\/wp\/v2\/pages"}],"about":[{"href":"https:\/\/lang.takushoku-u.ac.jp\/vi\/wp-json\/wp\/v2\/types\/page"}],"author":[{"embeddable":true,"href":"https:\/\/lang.takushoku-u.ac.jp\/vi\/wp-json\/wp\/v2\/users\/1"}],"replies":[{"embeddable":true,"href":"https:\/\/lang.takushoku-u.ac.jp\/vi\/wp-json\/wp\/v2\/comments?post=87"}],"version-history":[{"count":0,"href":"https:\/\/lang.takushoku-u.ac.jp\/vi\/wp-json\/wp\/v2\/pages\/87\/revisions"}],"up":[{"embeddable":true,"href":"https:\/\/lang.takushoku-u.ac.jp\/vi\/wp-json\/wp\/v2\/pages\/83"}],"wp:attachment":[{"href":"https:\/\/lang.takushoku-u.ac.jp\/vi\/wp-json\/wp\/v2\/media?parent=87"}],"curies":[{"name":"wp","href":"https:\/\/api.w.org\/{rel}","templated":true}]}}