{"id":75,"date":"2019-02-17T23:44:36","date_gmt":"2019-02-17T14:44:36","guid":{"rendered":"http:\/\/localhost\/vn\/?page_id=75"},"modified":"2022-04-07T12:24:13","modified_gmt":"2022-04-07T03:24:13","slug":"graduate-educational-policy","status":"publish","type":"page","link":"https:\/\/lang.takushoku-u.ac.jp\/vi\/graduate-school\/graduate-educational-policy\/","title":{"rendered":"Ch\u00ednh s\u00e1ch \u0111\u00e0o t\u1ea1o v\u00e0 t\u1ed5ng quan"},"content":{"rendered":"  <div class=\"pageMainContentsBack\">\r\n    <div class=\"pageMainContents\">\r\n\r\n      <h2>Khoa sau \u0111\u1ea1i h\u1ecdc\u3000Ch\u00ednh s\u00e1ch \u0111\u00e0o t\u1ea1o v\u00e0 t\u1ed5ng quan<\/h2>\r\n      <!-- \u30c6\u30ad\u30b9\u30c8 -->\r\n      <p class=\"text pmSS\">\r\n        L\u00e0 c\u01a1 s\u1edf nghi\u00ean c\u1ee9u v\u00e0 \u0111\u00e0o t\u1ea1o v\u1edbi m\u1ee5c ti\u00eau theo \u0111u\u1ed5i v\u00e0 n\u1eafm v\u1eefng nh\u1eefng ki\u1ebfn th\u1ee9c chuy\u00ean m\u00f4n chuy\u00ean s\u00e2u h\u01a1n n\u1eefa. Khoa sau \u0111\u1ea1i h\u1ecdc ti\u1ebfp t\u1ee5c th\u1ef1c hi\u1ec7n c\u00e1c ho\u1ea1t \u0111\u1ed9ng gi\u00e1o d\u1ee5c v\u00e0 nghi\u00ean c\u1ee9u d\u1ef1a tr\u00ean ch\u1ee7 ngh\u0129a qu\u1ed1c t\u1ebf v\u00e0 ch\u1ee7 ngh\u0129a hi\u1ec7n th\u1ef1c v\u1ed1n l\u00e0 nh\u1eefng tri\u1ebft l\u00fd n\u1ec1n t\u1ea3ng sau khi ho\u00e0n th\u00e0nh gi\u00e1o d\u1ee5c \u0111\u1ea1i h\u1ecdc. Ngo\u00e0i ra, m\u00f4i tr\u01b0\u1eddng \u0111a d\u1ea1ng mang t\u00ednh to\u00e0n c\u1ea7u ti\u1ebfp nh\u1eadn s\u1ed1 l\u01b0\u1ee3ng sinh vi\u00ean qu\u1ed1c t\u1ebf l\u1edbn nh\u1ea5t trong s\u1ed1 c\u00e1c tr\u01b0\u1eddng \u0111\u1ea1i h\u1ecdc t\u01b0 nh\u00e2n \u1edf Nh\u1eadt B\u1ea3n c\u0169ng l\u00e0 m\u1ed9t \u0111i\u1ec3m m\u1ea1nh c\u1ee7a Khoa sau \u0111\u1ea1i h\u1ecdc, v\u00e0 c\u00f3 th\u1ec3 n\u00f3i \u0111\u00e2y ch\u00ednh l\u00e0 n\u1ec1n t\u1ea3ng t\u1ea1o n\u00ean \u0110\u1ea1i h\u1ecdc Takushoku.\r\n      <\/p>\r\n      <ul class=\"iconList pmM\">\r\n        <li><a href=\"\/vi\/information\/educational-policy\">M\u1ee5c ti\u00eau \u0111\u00e0o t\u1ea1o c\u1ee7a \u0110\u1ea1i h\u1ecdc Takushoku v\u00e0 3 ch\u00ednh s\u00e1ch c\u01a1 b\u1ea3n li\u00ean quan \u0111\u1ebfn \u0111\u00e0o t\u1ea1o ch\u01b0\u01a1ng tr\u00ecnh c\u1eed nh\u00e2n<\/a><\/li>\r\n        <li class=\"pdf listJpLink\"><a target=\"_blank\" href=\"https:\/\/www.takushoku-u.ac.jp\/academics\/files\/0110_2017.pdf\" rel=\"noopener\">M\u1ee5c ti\u00eau li\u00ean quan \u0111\u1ebfn \u0111\u00e0o t\u1ea1o v\u00e0 ph\u00e1t tri\u1ec3n ngu\u1ed3n nh\u00e2n l\u1ef1c c\u1ee7a t\u1eebng Ng\u00e0nh &#8211; chuy\u00ean ng\u00e0nh <\/a><\/li>\r\n        <li class=\"pdf listJpLink\"><a target=\"_blank\" href=\"https:\/\/www.takushoku-u.ac.jp\/academics\/files\/academics-graduate_3policy_2018_07.pdf\" rel=\"noopener\">C\u00e1c m\u1ee5c ti\u00eau \u0111\u00e0o t\u1ea1o v\u00e0 nghi\u00ean c\u1ee9u kh\u00e1c\u30003 ch\u00ednh s\u00e1ch c\u01a1 b\u1ea3n li\u00ean quan \u0111\u1ebfn ch\u01b0\u01a1ng tr\u00ecnh th\u1ea1c s\u0129 v\u00e0 ti\u1ebfn s\u0129 c\u1ee7a t\u1eebng Ng\u00e0nh &#8211; chuy\u00ean ng\u00e0nh<\/a><\/li>\r\n      <\/ul>\r\n\r\n    <\/div>\r\n    <div class=\"linkSource\">\r\n      <span class=\"pageIcon\"><img src=\"\/vi\/wp-content\/themes\/takushoku\/images\/common\/icon\/blank.svg\"><\/span>\r\n      <p class=\"pageText\">B\u1ea5m v\u00e0o \u0111\u00e2y \u0111\u1ec3 xem trang ti\u1ebfng Nh\u1eadt<a target=\"_blank\" href=\"https:\/\/www.takushoku-u.ac.jp\/academics\/graduate-educational-policy.html\" rel=\"noopener\">Li\u00ean k\u1ebft<\/a><\/p>\r\n    <\/div>\r\n  <\/div>","protected":false},"excerpt":{"rendered":"Khoa sau \u0111\u1ea1i h\u1ecdc\u3000Ch\u00ednh s\u00e1ch \u0111\u00e0o t\u1ea1o v\u00e0 t\u1ed5ng quan L\u00e0 c\u01a1 s\u1edf nghi\u00ean c\u1ee9u v\u00e0 \u0111\u00e0o t\u1ea1o v\u1edbi m\u1ee5c ti\u00eau theo \u0111u\u1ed5i v\u00e0 n\u1eafm v\u1eefng nh\u1eefng ki\u1ebfn th\u1ee9c chuy\u00ean m\u00f4n chuy\u00ean s\u00e2u h\u01a1n n\u1eefa. Khoa sau \u0111\u1ea1i h\u1ecdc ti\u1ebfp t\u1ee5c th\u1ef1c hi\u1ec7n c\u00e1&#8230;","protected":false},"author":1,"featured_media":0,"parent":59,"menu_order":0,"comment_status":"closed","ping_status":"closed","template":"template\/pageTemp3.php","meta":[],"acf":[],"_links":{"self":[{"href":"https:\/\/lang.takushoku-u.ac.jp\/vi\/wp-json\/wp\/v2\/pages\/75"}],"collection":[{"href":"https:\/\/lang.takushoku-u.ac.jp\/vi\/wp-json\/wp\/v2\/pages"}],"about":[{"href":"https:\/\/lang.takushoku-u.ac.jp\/vi\/wp-json\/wp\/v2\/types\/page"}],"author":[{"embeddable":true,"href":"https:\/\/lang.takushoku-u.ac.jp\/vi\/wp-json\/wp\/v2\/users\/1"}],"replies":[{"embeddable":true,"href":"https:\/\/lang.takushoku-u.ac.jp\/vi\/wp-json\/wp\/v2\/comments?post=75"}],"version-history":[{"count":0,"href":"https:\/\/lang.takushoku-u.ac.jp\/vi\/wp-json\/wp\/v2\/pages\/75\/revisions"}],"up":[{"embeddable":true,"href":"https:\/\/lang.takushoku-u.ac.jp\/vi\/wp-json\/wp\/v2\/pages\/59"}],"wp:attachment":[{"href":"https:\/\/lang.takushoku-u.ac.jp\/vi\/wp-json\/wp\/v2\/media?parent=75"}],"curies":[{"name":"wp","href":"https:\/\/api.w.org\/{rel}","templated":true}]}}