{"id":72,"date":"2019-02-17T23:43:51","date_gmt":"2019-02-17T14:43:51","guid":{"rendered":"http:\/\/localhost\/vn\/?page_id=72"},"modified":"2022-04-07T12:23:23","modified_gmt":"2022-04-07T03:23:23","slug":"local-government","status":"publish","type":"page","link":"https:\/\/lang.takushoku-u.ac.jp\/vi\/graduate-school\/local-government\/","title":{"rendered":"Ng\u00e0nh Nghi\u00ean c\u1ee9u ch\u00ednh tr\u1ecb v\u00e0 h\u00e0nh ch\u00ednh \u0111\u1ecba ph\u01b0\u01a1ng"},"content":{"rendered":"  <div class=\"pageMainContentsBack\">\r\n    <div class=\"pageMainContents\">\r\n\r\n      <!-- \u5730\u65b9\u653f\u6cbb\u884c\u653f\u7814\u7a76\u79d1 -->\r\n      <section>\r\n        <h3>Ng\u00e0nh Nghi\u00ean c\u1ee9u ch\u00ednh tr\u1ecb v\u00e0 h\u00e0nh ch\u00ednh \u0111\u1ecba ph\u01b0\u01a1ng<\/h3>\r\n        <h5 class=\"titleLabel\">Chuy\u00ean ng\u00e0nh ch\u00ednh tr\u1ecb v\u00e0 h\u00e0nh ch\u00ednh \u0111\u1ecba ph\u01b0\u01a1ng (ch\u01b0\u01a1ng tr\u00ecnh Th\u1ea1c s\u0129)<\/h5>\r\n        <p class=\"text pmSS\">\r\n          Y\u00eau c\u1ea7u ngu\u1ed3n nh\u00e2n l\u1ef1c c\u00f3 nh\u1eadn th\u1ee9c r\u00f5 r\u00e0ng v\u1ec1 vai tr\u00f2 c\u1ee7a m\u00ecnh v\u00e0 quan t\u00e2m \u0111\u1ed1i v\u1edbi ch\u00ednh tr\u1ecb, h\u00e0nh ch\u00ednh t\u1ea1i \u0111\u1ecba ph\u01b0\u01a1ng, \u0111\u1ed3ng th\u1eddi c\u00f3 tr\u00ecnh \u0111\u1ed9 chuy\u00ean m\u00f4n cao c\u00f9ng n\u0103ng l\u1ef1c th\u1ef1c t\u1ebf t\u1ed1t v\u1ec1 ch\u00ednh tr\u1ecb v\u00e0 h\u00e0nh ch\u00ednh \u0111\u1ecba ph\u01b0\u01a1ng \u0111\u1ec3 x\u00e2y d\u1ef1ng m\u1ed9t c\u1ed9ng \u0111\u1ed3ng \u0111\u1ecba ph\u01b0\u01a1ng \u0111\u1ed9c \u0111\u00e1o v\u00e0 \u0111\u1ea7y s\u1ee9c s\u1ed1ng. \u0110\u00e0o t\u1ea1o v\u00e0 ph\u00e1t tri\u1ec3n nh\u1eefng nh\u00e0 l\u00e3nh \u0111\u1ea1o c\u00f3 kh\u1ea3 n\u0103ng tri\u1ec3n khai nghi\u00ean c\u1ee9u th\u1ef1c t\u1ebf c\u1ea7n thi\u1ebft \u0111\u1ec3 ho\u1ea1ch \u0111\u1ecbnh, \u0111i\u1ec1u ch\u1ec9nh v\u00e0 th\u1ef1c hi\u1ec7n c\u00e1c ch\u00ednh s\u00e1ch d\u1ef1a tr\u00ean nh\u1eefng l\u00fd lu\u1eadn nh\u1eb1m \u0111\u00e1p \u1ee9ng c\u00e1c y\u00eau c\u1ea7u tr\u00ean, \u0111\u1ed3ng th\u1eddi c\u00f3 th\u1ec3 m\u1edf ra t\u01b0\u01a1ng lai cho c\u1ed9ng \u0111\u1ed3ng \u0111\u1ecba ph\u01b0\u01a1ng trong l\u0129nh v\u1ef1c ch\u00ednh tr\u1ecb v\u00e0 h\u00e0nh ch\u00ednh \u0111\u1ecba ph\u01b0\u01a1ng, ho\u1eb7c trong ho\u1ea1t \u0111\u1ed9ng c\u1ee7a c\u00e1c t\u1ed5 ch\u1ee9c NPO, v.v&#8230;\r\n        <\/p>\r\n      <\/section>\r\n\r\n    <\/div>\r\n\r\n  <\/div>\r\n","protected":false},"excerpt":{"rendered":"Ng\u00e0nh Nghi\u00ean c\u1ee9u ch\u00ednh tr\u1ecb v\u00e0 h\u00e0nh ch\u00ednh \u0111\u1ecba ph\u01b0\u01a1ng Chuy\u00ean ng\u00e0nh ch\u00ednh tr\u1ecb v\u00e0 h\u00e0nh ch\u00ednh \u0111\u1ecba ph\u01b0\u01a1ng (ch\u01b0\u01a1ng tr\u00ecnh Th\u1ea1c s\u0129) Y\u00eau c\u1ea7u ngu\u1ed3n nh\u00e2n l\u1ef1c c\u00f3 nh\u1eadn th\u1ee9c r\u00f5 r\u00e0ng v\u1ec1 vai tr\u00f2 c\u1ee7a m\u00ecnh v\u00e0 quan t\u00e2m \u0111&#8230;","protected":false},"author":1,"featured_media":0,"parent":59,"menu_order":0,"comment_status":"closed","ping_status":"closed","template":"template\/pageTemp3.php","meta":[],"acf":[],"_links":{"self":[{"href":"https:\/\/lang.takushoku-u.ac.jp\/vi\/wp-json\/wp\/v2\/pages\/72"}],"collection":[{"href":"https:\/\/lang.takushoku-u.ac.jp\/vi\/wp-json\/wp\/v2\/pages"}],"about":[{"href":"https:\/\/lang.takushoku-u.ac.jp\/vi\/wp-json\/wp\/v2\/types\/page"}],"author":[{"embeddable":true,"href":"https:\/\/lang.takushoku-u.ac.jp\/vi\/wp-json\/wp\/v2\/users\/1"}],"replies":[{"embeddable":true,"href":"https:\/\/lang.takushoku-u.ac.jp\/vi\/wp-json\/wp\/v2\/comments?post=72"}],"version-history":[{"count":0,"href":"https:\/\/lang.takushoku-u.ac.jp\/vi\/wp-json\/wp\/v2\/pages\/72\/revisions"}],"up":[{"embeddable":true,"href":"https:\/\/lang.takushoku-u.ac.jp\/vi\/wp-json\/wp\/v2\/pages\/59"}],"wp:attachment":[{"href":"https:\/\/lang.takushoku-u.ac.jp\/vi\/wp-json\/wp\/v2\/media?parent=72"}],"curies":[{"name":"wp","href":"https:\/\/api.w.org\/{rel}","templated":true}]}}