{"id":68,"date":"2019-02-17T23:41:46","date_gmt":"2019-02-17T14:41:46","guid":{"rendered":"http:\/\/localhost\/vn\/?page_id=68"},"modified":"2022-04-07T12:21:25","modified_gmt":"2022-04-07T03:21:25","slug":"linguistics","status":"publish","type":"page","link":"https:\/\/lang.takushoku-u.ac.jp\/vi\/graduate-school\/linguistics\/","title":{"rendered":"Ng\u00e0nh Nghi\u00ean c\u1ee9u gi\u00e1o d\u1ee5c ng\u00f4n ng\u1eef"},"content":{"rendered":"\r\n  <div class=\"pageMainContentsBack\">\r\n    <div class=\"pageMainContents\">\r\n\r\n      <!-- \u8a00\u8a9e\u6559\u80b2\u7814\u7a76\u79d1 -->\r\n      <section class=\"pmM\">\r\n        <h3>Ng\u00e0nh Nghi\u00ean c\u1ee9u gi\u00e1o d\u1ee5c ng\u00f4n ng\u1eef<\/h3>\r\n        <h5 class=\"titleLabel\">Chuy\u00ean ng\u00e0nh gi\u00e1o d\u1ee5c ti\u1ebfng Anh (ch\u01b0\u01a1ng tr\u00ecnh Ti\u1ebfn s\u0129 giai \u0111o\u1ea1n sau)<\/h5>\r\n        <p class=\"text pmS\">\r\n          \u0110\u00e0o t\u1ea1o v\u00e0 ph\u00e1t tri\u1ec3n nh\u1eefng chuy\u00ean gia c\u00f3 th\u1ec3 \u0111\u00e1p \u1ee9ng linh ho\u1ea1t v\u1edbi c\u00e1c nhu c\u1ea7u kh\u00e1c nhau v\u00e0 th\u1ef1c h\u00e0nh gi\u00e1o d\u1ee5c ng\u00f4n ng\u1eef ti\u00ean ti\u1ebfn. \u0110\u1ec3 \u0111\u1ea1t \u0111\u01b0\u1ee3c \u0111i\u1ec1u n\u00e0y, Chuy\u00ean ng\u00e0nh gi\u00e1o d\u1ee5c ti\u1ebfng Anh \u0111\u1eb7t m\u1ee5c ti\u00eau nghi\u00ean c\u1ee9u v\u00e0 ph\u00e1t tri\u1ec3n t\u1eeb quan \u0111i\u1ec3m to\u00e0n di\u1ec7n nh\u01b0 ch\u00fa tr\u1ecdng k\u1ef9 n\u0103ng t\u1eadn d\u1ee5ng m\u00e1y t\u00ednh v\u00e0 ph\u00e1t tri\u1ec3n t\u00e0i li\u1ec7u gi\u1ea3ng d\u1ea1y, v.v&#8230; v\u1ed1n l\u00e0 nh\u1eefng y\u00eau c\u1ea7u c\u1ea7n thi\u1ebft trong x\u00e3 h\u1ed9i hi\u1ec7n \u0111\u1ea1i, t\u1eadp trung ch\u1ee7 y\u1ebfu v\u00e0o \u201cGi\u00e1o d\u1ee5c ti\u1ebfng Anh\u201d, \u201cNg\u00f4n ng\u1eef h\u1ecdc v\u00e0 ng\u00f4n ng\u1eef Anh\u201d, \u201cNghi\u00ean c\u1ee9u giao ti\u1ebfp ti\u1ebfng Anh\u201d.\r\n        <\/p>\r\n        <h5 class=\"titleLabel\">Chuy\u00ean ng\u00e0nh gi\u00e1o d\u1ee5c ti\u1ebfng Nh\u1eadt (ch\u01b0\u01a1ng tr\u00ecnh Ti\u1ebfn s\u0129 giai \u0111o\u1ea1n tr\u01b0\u1edbc)<\/h5>\r\n        <p class=\"text pmS\">\r\n          \u0110\u00e0o t\u1ea1o v\u00e0 ph\u00e1t tri\u1ec3n ngu\u1ed3n nh\u00e2n l\u1ef1c kh\u00f4ng ch\u1ec9 nghi\u00ean c\u1ee9u v\u1ec1 ph\u01b0\u01a1ng ph\u00e1p gi\u00e1o d\u1ee5c ti\u1ebfng Nh\u1eadt, m\u00e0 c\u00f2n tr\u1edf th\u00e0nh c\u1ea7u n\u1ed1i gi\u00fap k\u1ebft n\u1ed1i gi\u1eefa Nh\u1eadt B\u1ea3n v\u1edbi c\u00e1c n\u1ec1n v\u0103n h\u00f3a, x\u00e3 h\u1ed9i c\u1ee7a c\u00e1c qu\u1ed1c gia tr\u00ean th\u1ebf gi\u1edbi th\u00f4ng qua nghi\u00ean c\u1ee9u kh\u00e1m ph\u00e1 v\u1ec1 b\u1ea3n ch\u1ea5t c\u1ee7a v\u0103n h\u00f3a Nh\u1eadt B\u1ea3n, so s\u00e1nh v\u0103n h\u00f3a c\u1ee7a Nh\u1eadt B\u1ea3n v\u1edbi ch\u00e2u u, ch\u00e2u M\u1ef9 v\u00e0 c\u00e1c khu v\u1ef1c \u1edf ch\u00e2u \u00c1, nghi\u00ean c\u1ee9u v\u1ec1 gi\u00e1o d\u1ee5c giao ti\u1ebfp gi\u1eefa c\u00e1c n\u1ec1n v\u0103n h\u00f3a, v.v&#8230;\r\n        <\/p>\r\n        <h5 class=\"titleLabel\">Chuy\u00ean ng\u00e0nh gi\u00e1o d\u1ee5c ng\u00f4n ng\u1eef (Ch\u01b0\u01a1ng tr\u00ecnh ti\u1ebfn s\u0129 giai \u0111o\u1ea1n sau)\r\n        <\/h5>\r\n        <p class=\"text pmSS\">\r\n          T\u00edch h\u1ee3p hai chuy\u00ean ng\u00e0nh c\u1ee7a ch\u01b0\u01a1ng tr\u00ecnh Ti\u1ebfn s\u0129 giai \u0111o\u1ea1n tr\u01b0\u1edbc \u0111\u1ec3 t\u1ea1o ra m\u1ed9t ch\u01b0\u01a1ng tr\u00ecnh nghi\u00ean c\u1ee9u khoa h\u1ecdc v\u00e0 gi\u00e1o d\u1ee5c ng\u00f4n ng\u1eef ph\u1ed5 th\u00f4ng ti\u00ean ti\u1ebfn h\u01a1n, nh\u1eb1m \u0111\u00e0o t\u1ea1o nh\u1eefng chuy\u00ean gia c\u00f3 n\u0103ng l\u1ef1c th\u1ef1c h\u00e0nh \u0111\u1ea3m nh\u1eadn vai tr\u00f2 h\u00e0ng \u0111\u1ea7u trong c\u00e1c l\u0129nh v\u1ef1c ng\u00f4n ng\u1eef v\u00e0 gi\u00e1o d\u1ee5c trong x\u00e3 h\u1ed9i ph\u00e1t tri\u1ec3n tin h\u1ecdc h\u00f3a v\u00e0 qu\u1ed1c t\u1ebf h\u00f3a ng\u00e0y nay. \u0110\u00e0o t\u1ea1o v\u00e0 ph\u00e1t tri\u1ec3n c\u00e1c nh\u00e0 thi\u1ebft k\u1ebf, nh\u00e0 nghi\u00ean c\u1ee9u c\u00f3 k\u1ef9 n\u0103ng v\u00e0 n\u0103ng l\u1ef1c \u0111\u01b0a ra quy\u1ebft \u0111\u1ecbnh. <\/p>\r\n      <\/section>\r\n\r\n    <\/div>\r\n\r\n  <\/div>","protected":false},"excerpt":{"rendered":"Ng\u00e0nh Nghi\u00ean c\u1ee9u gi\u00e1o d\u1ee5c ng\u00f4n ng\u1eef Chuy\u00ean ng\u00e0nh gi\u00e1o d\u1ee5c ti\u1ebfng Anh (ch\u01b0\u01a1ng tr\u00ecnh Ti\u1ebfn s\u0129 giai \u0111o\u1ea1n sau) \u0110\u00e0o t\u1ea1o v\u00e0 ph\u00e1t tri\u1ec3n nh\u1eefng chuy\u00ean gia c\u00f3 th\u1ec3 \u0111\u00e1p \u1ee9ng linh ho\u1ea1t v\u1edbi c\u00e1c nhu c\u1ea7u kh\u00e1c nhau v\u00e0 th\u1ef1&#8230;","protected":false},"author":1,"featured_media":0,"parent":59,"menu_order":0,"comment_status":"closed","ping_status":"closed","template":"template\/pageTemp3.php","meta":[],"acf":[],"_links":{"self":[{"href":"https:\/\/lang.takushoku-u.ac.jp\/vi\/wp-json\/wp\/v2\/pages\/68"}],"collection":[{"href":"https:\/\/lang.takushoku-u.ac.jp\/vi\/wp-json\/wp\/v2\/pages"}],"about":[{"href":"https:\/\/lang.takushoku-u.ac.jp\/vi\/wp-json\/wp\/v2\/types\/page"}],"author":[{"embeddable":true,"href":"https:\/\/lang.takushoku-u.ac.jp\/vi\/wp-json\/wp\/v2\/users\/1"}],"replies":[{"embeddable":true,"href":"https:\/\/lang.takushoku-u.ac.jp\/vi\/wp-json\/wp\/v2\/comments?post=68"}],"version-history":[{"count":0,"href":"https:\/\/lang.takushoku-u.ac.jp\/vi\/wp-json\/wp\/v2\/pages\/68\/revisions"}],"up":[{"embeddable":true,"href":"https:\/\/lang.takushoku-u.ac.jp\/vi\/wp-json\/wp\/v2\/pages\/59"}],"wp:attachment":[{"href":"https:\/\/lang.takushoku-u.ac.jp\/vi\/wp-json\/wp\/v2\/media?parent=68"}],"curies":[{"name":"wp","href":"https:\/\/api.w.org\/{rel}","templated":true}]}}