{"id":66,"date":"2019-02-17T23:41:05","date_gmt":"2019-02-17T14:41:05","guid":{"rendered":"http:\/\/localhost\/vn\/?page_id=66"},"modified":"2022-04-07T12:20:40","modified_gmt":"2022-04-07T03:20:40","slug":"engineering","status":"publish","type":"page","link":"https:\/\/lang.takushoku-u.ac.jp\/vi\/graduate-school\/engineering\/","title":{"rendered":"Ng\u00e0nh Nghi\u00ean c\u1ee9u k\u1ef9 thu\u1eadt"},"content":{"rendered":"  <div class=\"pageMainContentsBack\">\r\n    <div class=\"pageMainContents\">\r\n\r\n      <!-- \u5de5\u5b66\u7814\u7a76\u79d1 -->\r\n      <section class=\"pmM\">\r\n        <h3>Ng\u00e0nh Nghi\u00ean c\u1ee9u k\u1ef9 thu\u1eadt<\/h3>\r\n        <h5 class=\"titleLabel\">Chuy\u00ean ng\u00e0nh k\u1ef9 thu\u1eadt h\u1ec7 th\u1ed1ng c\u01a1 kh\u00ed &#8211; \u0111i\u1ec7n t\u1eed (ch\u01b0\u01a1ng tr\u00ecnh Ti\u1ebfn s\u0129 giai \u0111o\u1ea1n \u0111\u1ea7u v\u00e0 Ti\u1ebfn s\u0129 giai \u0111o\u1ea1n sau)<\/h5>\r\n        <p class=\"text\">\r\n          B\u1ed3i d\u01b0\u1ee1ng ngu\u1ed3n nh\u00e2n l\u1ef1c trong c\u00e1c l\u0129nh v\u1ef1c \u201cc\u01a1 h\u1ecdc \u1ee9ng d\u1ee5ng\u201d, \u201ck\u1ef9 thu\u1eadt robot v\u00e0 h\u1ec7 th\u1ed1ng \u0111i\u1ec1u khi\u1ec3n\u201d, \u201ck\u1ef9 thu\u1eadt h\u1ec7 th\u1ed1ng n\u0103ng l\u01b0\u1ee3ng\u201d, \u201ck\u1ef9 thu\u1eadt thi\u1ebft k\u1ebf\u201d, \u201ck\u1ef9 thu\u1eadt x\u1eed l\u00fd t\u00edn hi\u1ec7u v\u00e0 h\u1ec7 th\u1ed1ng m\u1ea1ch\u201d v\u00e0 \u201ck\u1ef9 thu\u1eadt \u1ee9ng d\u1ee5ng truy\u1ec1n th\u00f4ng \u0111i\u1ec7n t\u1eed\u201d v\u1edbi kh\u1ea3 n\u0103ng x\u00e2y d\u1ef1ng c\u00e1c h\u1ec7 th\u1ed1ng t\u1ed1i \u01b0u nh\u1eb1m gi\u1ea3i quy\u1ebft nh\u1eefng th\u00e1ch th\u1ee9c khoa h\u1ecdc v\u00e0 c\u00f4ng ngh\u1ec7 \u0111ang ph\u00e1t tri\u1ec3n nhanh ch\u00f3ng.\r\n        <\/p>\r\n      <\/section>\r\n\r\n      <!-- \u60c5\u5831\u30fb\u30c7\u30b6\u30a4\u30f3\u5de5\u5b66\u5c02\u653b\uff08Master\u2019s Program\u30fb\u5f8c\u671f\u8ab2\u7a0b\uff09 -->\r\n      <section class=\"pmM\">\r\n        <h3>Chuy\u00ean ng\u00e0nh k\u1ef9 thu\u1eadt th\u00f4ng tin &#8211; thi\u1ebft k\u1ebf (ch\u01b0\u01a1ng tr\u00ecnh Ti\u1ebfn s\u0129 giai \u0111o\u1ea1n \u0111\u1ea7u v\u00e0 Ti\u1ebfn s\u0129 giai \u0111o\u1ea1n sau)<\/h3>\r\n        <!-- <h5 class=\"titleLabel\">Mechanical and Electronic Systems Engineering Course (Master\u2019s\/Doctoral Programs)<\/h5> -->\r\n        <p class=\"text pmSS\">\r\n          B\u1ed3i d\u01b0\u1ee1ng ngu\u1ed3n nh\u00e2n l\u1ef1c trong c\u00e1c l\u0129nh v\u1ef1c \u201ckhoa h\u1ecdc th\u00f4ng tin\u201d, \u201ck\u1ef9 thu\u1eadt th\u00f4ng tin\u201d, \u201cthi\u1ebft k\u1ebf h\u1ec7 th\u1ed1ng th\u00f4ng tin c\u1ea3m x\u00fac\u201d, \u201cthi\u1ebft k\u1ebf h\u1ec7 th\u1ed1ng m\u00f4i tr\u01b0\u1eddng s\u1ed1ng\u201d v\u1edbi n\u0103ng l\u1ef1c c\u00f3 th\u1ec3 \u0111\u01b0a ra c\u00e1c gi\u1ea3i ph\u00e1p m\u1edbi b\u1eb1ng ki\u1ebfn \u200b\u200bth\u1ee9c v\u00e0 k\u1ef9 n\u0103ng chuy\u00ean m\u00f4n, \u0111\u1ed3ng th\u1eddi c\u00f3 th\u1ec3 gi\u1ea3i quy\u1ebft c\u00e1c v\u1ea5n \u0111\u1ec1 ph\u00e1t sinh khi th\u1ef1c hi\u1ec7n nh\u1eefng gi\u1ea3i ph\u00e1p \u0111\u00f3 trong x\u00e3 h\u1ed9i ph\u00e1t tri\u1ec3n nhanh ch\u00f3ng.\r\n        <\/p>\r\n\r\n      <\/section>\r\n\r\n    <\/div>\r\n\r\n  <\/div>","protected":false},"excerpt":{"rendered":"Ng\u00e0nh Nghi\u00ean c\u1ee9u k\u1ef9 thu\u1eadt Chuy\u00ean ng\u00e0nh k\u1ef9 thu\u1eadt h\u1ec7 th\u1ed1ng c\u01a1 kh\u00ed &#8211; \u0111i\u1ec7n t\u1eed (ch\u01b0\u01a1ng tr\u00ecnh Ti\u1ebfn s\u0129 giai \u0111o\u1ea1n \u0111\u1ea7u v\u00e0 Ti\u1ebfn s\u0129 giai \u0111o\u1ea1n sau) B\u1ed3i d\u01b0\u1ee1ng ngu\u1ed3n nh\u00e2n l\u1ef1c trong c\u00e1c l\u0129nh v\u1ef1c \u201cc\u01a1 h\u1ecdc \u1ee9ng d\u1ee5&#8230;","protected":false},"author":1,"featured_media":0,"parent":59,"menu_order":0,"comment_status":"closed","ping_status":"closed","template":"template\/pageTemp3.php","meta":[],"acf":[],"_links":{"self":[{"href":"https:\/\/lang.takushoku-u.ac.jp\/vi\/wp-json\/wp\/v2\/pages\/66"}],"collection":[{"href":"https:\/\/lang.takushoku-u.ac.jp\/vi\/wp-json\/wp\/v2\/pages"}],"about":[{"href":"https:\/\/lang.takushoku-u.ac.jp\/vi\/wp-json\/wp\/v2\/types\/page"}],"author":[{"embeddable":true,"href":"https:\/\/lang.takushoku-u.ac.jp\/vi\/wp-json\/wp\/v2\/users\/1"}],"replies":[{"embeddable":true,"href":"https:\/\/lang.takushoku-u.ac.jp\/vi\/wp-json\/wp\/v2\/comments?post=66"}],"version-history":[{"count":0,"href":"https:\/\/lang.takushoku-u.ac.jp\/vi\/wp-json\/wp\/v2\/pages\/66\/revisions"}],"up":[{"embeddable":true,"href":"https:\/\/lang.takushoku-u.ac.jp\/vi\/wp-json\/wp\/v2\/pages\/59"}],"wp:attachment":[{"href":"https:\/\/lang.takushoku-u.ac.jp\/vi\/wp-json\/wp\/v2\/media?parent=66"}],"curies":[{"name":"wp","href":"https:\/\/api.w.org\/{rel}","templated":true}]}}