{"id":64,"date":"2019-02-17T23:40:20","date_gmt":"2019-02-17T14:40:20","guid":{"rendered":"http:\/\/localhost\/vn\/?page_id=64"},"modified":"2022-04-07T12:19:45","modified_gmt":"2022-04-07T03:19:45","slug":"commerce","status":"publish","type":"page","link":"https:\/\/lang.takushoku-u.ac.jp\/vi\/graduate-school\/commerce\/","title":{"rendered":"Ng\u00e0nh Nghi\u00ean c\u1ee9u th\u01b0\u01a1ng m\u1ea1i"},"content":{"rendered":"  <div class=\"pageMainContentsBack\">\r\n    <div class=\"pageMainContents\">\r\n\r\n\r\n      <!-- \u5546\u5b66\u7814\u7a76\u79d1 -->\r\n      <section class=\"pmM\">\r\n        <h3>Ng\u00e0nh Nghi\u00ean c\u1ee9u th\u01b0\u01a1ng m\u1ea1i<\/h3>\r\n        <h5 class=\"titleLabel\">Chuy\u00ean ng\u00e0nh th\u01b0\u01a1ng m\u1ea1i (ch\u01b0\u01a1ng tr\u00ecnh Ti\u1ebfn s\u0129 giai \u0111o\u1ea1n \u0111\u1ea7u v\u00e0 Ti\u1ebfn s\u0129 giai \u0111o\u1ea1n sau)<\/h5>\r\n        <p class=\"text pmSS\">\r\n          Ng\u00e0nh Nghi\u00ean c\u1ee9u th\u01b0\u01a1ng m\u1ea1i h\u01b0\u1edbng \u0111\u1ebfn m\u1ee5c ti\u00eau trang b\u1ecb cho sinh vi\u00ean kh\u1ea3 n\u0103ng n\u1eafm b\u1eaft b\u1ea3n ch\u1ea5t c\u1ee7a th\u01b0\u01a1ng m\u1ea1i, t\u00e0i ch\u00ednh v\u00e0 ph\u00e2n ph\u1ed1i trong x\u00e3 h\u1ed9i hi\u1ec7n \u0111\u1ea1i d\u1ef1a tr\u00ean c\u00e1c nguy\u00ean l\u00fd th\u01b0\u01a1ng m\u1ea1i, \u0111\u1ed3ng th\u1eddi nghi\u00ean c\u1ee9u m\u1ed9t c\u00e1ch c\u00f3 h\u1ec7 th\u1ed1ng v\u1ec1 c\u01a1 ch\u1ebf qu\u1ea3n l\u00fd kinh doanh, t\u00e0i ch\u00ednh, k\u1ebf to\u00e1n qu\u1ea3n l\u00fd, k\u1ebf to\u00e1n ki\u1ec3m to\u00e1n, th\u01b0\u01a1ng m\u1ea1i, thu\u1ebf, v.v&#8230; B\u1ed3i d\u01b0\u1ee1ng c\u00e1c chuy\u00ean gia c\u00f3 ki\u1ebfn \u200b\u200bth\u1ee9c chuy\u00ean m\u00f4n v\u00e0 kh\u1ea3 n\u0103ng th\u00edch \u1ee9ng c\u1ea7n thi\u1ebft cho ho\u1ea1t \u0111\u1ed9ng kinh doanh trong v\u00e0 ngo\u00e0i n\u01b0\u1edbc, v\u00e0 c\u00e1c nh\u00e0 nghi\u00ean c\u1ee9u th\u1ef1c hi\u1ec7n ho\u1ea1t \u0111\u1ed9ng nghi\u00ean c\u1ee9u \u0111\u1ed9c l\u1eadp trong l\u0129nh v\u1ef1c th\u01b0\u01a1ng m\u1ea1i.\r\n        <\/p>\r\n        <!-- <ul class=\"iconList\">\r\n          <li class=\"blank listJpLink\"><a target=\"_blank\" href=\"https:\/\/www.takushoku-u.ac.jp\/academics\/commerce\/\" rel=\"noopener\">Graduate School of Commerce introduction page<\/a><\/li>\r\n          <li class=\"listJpLink\"><a target=\"_blank\" href=\"https:\/\/www.takushoku-u.ac.jp\/academics\/commerce\/about.html\" rel=\"noopener\">Graduate School of Commerce Goals and basic policy of education and research: Goals and the 3 basic policies of developing highly educated individuals\/ education and research<\/a><\/li>\r\n        <\/ul> -->\r\n      <\/section>\r\n\r\n    <\/div>\r\n\r\n\r\n  <\/div>","protected":false},"excerpt":{"rendered":"Ng\u00e0nh Nghi\u00ean c\u1ee9u th\u01b0\u01a1ng m\u1ea1i Chuy\u00ean ng\u00e0nh th\u01b0\u01a1ng m\u1ea1i (ch\u01b0\u01a1ng tr\u00ecnh Ti\u1ebfn s\u0129 giai \u0111o\u1ea1n \u0111\u1ea7u v\u00e0 Ti\u1ebfn s\u0129 giai \u0111o\u1ea1n sau) Ng\u00e0nh Nghi\u00ean c\u1ee9u th\u01b0\u01a1ng m\u1ea1i h\u01b0\u1edbng \u0111\u1ebfn m\u1ee5c ti\u00eau trang b\u1ecb cho sinh vi\u00ean kh\u1ea3 n\u0103ng n\u1eafm b\u1eaft&#8230;","protected":false},"author":1,"featured_media":0,"parent":59,"menu_order":0,"comment_status":"closed","ping_status":"closed","template":"template\/pageTemp3.php","meta":[],"acf":[],"_links":{"self":[{"href":"https:\/\/lang.takushoku-u.ac.jp\/vi\/wp-json\/wp\/v2\/pages\/64"}],"collection":[{"href":"https:\/\/lang.takushoku-u.ac.jp\/vi\/wp-json\/wp\/v2\/pages"}],"about":[{"href":"https:\/\/lang.takushoku-u.ac.jp\/vi\/wp-json\/wp\/v2\/types\/page"}],"author":[{"embeddable":true,"href":"https:\/\/lang.takushoku-u.ac.jp\/vi\/wp-json\/wp\/v2\/users\/1"}],"replies":[{"embeddable":true,"href":"https:\/\/lang.takushoku-u.ac.jp\/vi\/wp-json\/wp\/v2\/comments?post=64"}],"version-history":[{"count":0,"href":"https:\/\/lang.takushoku-u.ac.jp\/vi\/wp-json\/wp\/v2\/pages\/64\/revisions"}],"up":[{"embeddable":true,"href":"https:\/\/lang.takushoku-u.ac.jp\/vi\/wp-json\/wp\/v2\/pages\/59"}],"wp:attachment":[{"href":"https:\/\/lang.takushoku-u.ac.jp\/vi\/wp-json\/wp\/v2\/media?parent=64"}],"curies":[{"name":"wp","href":"https:\/\/api.w.org\/{rel}","templated":true}]}}