{"id":49,"date":"2019-02-17T23:01:54","date_gmt":"2019-02-17T14:01:54","guid":{"rendered":"http:\/\/localhost\/vn\/?page_id=49"},"modified":"2022-04-07T12:17:27","modified_gmt":"2022-04-07T03:17:27","slug":"feng","status":"publish","type":"page","link":"https:\/\/lang.takushoku-u.ac.jp\/vi\/faculties\/feng\/","title":{"rendered":"Khoa K\u1ef9 thu\u1eadt"},"content":{"rendered":"  <div class=\"pageMainContentsBack\">\r\n    <div class=\"pageMainContents\">\r\n      <section class=\"pmL\">\r\n        <h2>i\u00ean phong trong c\u00e1c l\u0129nh v\u1ef1c m\u1edbi &#8211; t\u01b0\u01a1ng lai m\u1edbi\r\n          th\u00f4ng qua h\u1ecdc t\u1eadp li\u00ean ng\u00e0nh.<\/h2>\r\n        <picture class=\"pmS\">\r\n          <source media=\"(min-width: 480px)\" srcset=\"\/vi\/wp-content\/themes\/takushoku\/images\/faculties\/feng_photo_01.jpg 1x, \/vi\/wp-content\/themes\/takushoku\/images\/faculties\/feng_photo_01@2x.jpg 2x\">\r\n          <img src=\"\/vi\/wp-content\/themes\/takushoku\/images\/faculties\/feng_photo_01.jpg\" alt=\"\">\r\n        <\/picture>\r\n        <p class=\"text pmM\">\r\n          T\u1ea1i Khoa K\u1ef9 thu\u1eadt, sinh vi\u00ean s\u1ebd \u0111\u01b0\u1ee3c trang b\u1ecb ki\u1ebfn th\u1ee9c chuy\u00ean m\u00f4n v\u00e0 k\u1ef9 thu\u1eadt th\u1ef1c t\u1ebf li\u00ean quan tr\u1ef1c ti\u1ebfp \u0111\u1ebfn c\u00e1c \u0111\u1ecbnh h\u01b0\u1edbng t\u01b0\u01a1ng lai t\u1eeb nhi\u1ec1u l\u0129nh v\u1ef1c v\u1edbi B\u1ed9 m\u00f4n li\u00ean ng\u00e0nh c\u01a1 kh\u00ed, truy\u1ec1n th\u00f4ng, h\u1ec7 th\u1ed1ng c\u1ee7a ng\u00e0nh K\u1ef9 thu\u1eadt h\u1ec7 th\u1ed1ng c\u01a1 kh\u00ed v\u00e0 ng\u00e0nh K\u1ef9 thu\u1eadt h\u1ec7 th\u1ed1ng \u0111i\u1ec7n t\u1eed, v\u00e0 B\u1ed9 m\u00f4n li\u00ean ng\u00e0nh th\u00f4ng tin, thi\u1ebft k\u1ebf, ph\u01b0\u01a1ng ti\u1ec7n truy\u1ec1n th\u00f4ng \u0111\u1ed1i v\u1edbi ng\u00e0nh K\u1ef9 thu\u1eadt th\u00f4ng tin v\u00e0 ng\u00e0nh Thi\u1ebft k\u1ebf. \u0110\u1ed1i v\u1edbi t\u1ea5t c\u1ea3 ng\u00e0nh h\u1ecdc, sinh vi\u00ean s\u1ebd \u0111\u01b0\u1ee3c h\u1ecdc nh\u1eefng ki\u1ebfn \u200b\u200bth\u1ee9c c\u01a1 b\u1ea3n trong n\u0103m th\u1ee9 1, v\u00e0 t\u1eeb n\u0103m th\u1ee9 2 sinh vi\u00ean s\u1ebd ch\u1ecdn kh\u00f3a h\u1ecdc theo s\u1edf th\u00edch v\u00e0 h\u1ecdc chuy\u00ean ng\u00e0nh. Khoa c\u0169ng \u0111ang t\u00edch c\u1ef1c ti\u00ean phong trong l\u0129nh v\u1ef1c Monozukuri (s\u1ea3n xu\u1ea5t) m\u1edbi k\u1ebft h\u1ee3p ki\u1ebfn \u200b\u200bth\u1ee9c chuy\u00ean m\u00f4n t\u1eeb nhi\u1ec1u ng\u00e0nh nh\u1eb1m mang \u0111\u1ebfn cho sinh vi\u00ean ch\u01b0\u01a1ng tr\u00ecnh h\u1ecdc t\u1eadp linh ho\u1ea1t. <\/p>\r\n\r\n        <section class=\"pmM\">\r\n          <h3>H\u01b0\u1edbng \u0111\u1ebfn Monozukuri \u0111\u1ecbnh h\u01b0\u1edbng t\u01b0\u01a1ng lai d\u1eabn \u0111\u1ea7u th\u1eddi \u0111\u1ea1i.\r\n            Th\u00fac \u0111\u1ea9y \u201cs\u1ef1 k\u1ebft h\u1ee3p\u201d v\u01b0\u1ee3t qua khu\u00f4n kh\u1ed5 chuy\u00ean ng\u00e0nh.<\/h3>\r\n          <p class=\"text\">\r\n            Khoa K\u1ef9 thu\u1eadt g\u1ed3m 4 ng\u00e0nh h\u1ecdc, ngo\u00e0i c\u00e1c m\u00f4n h\u1ecdc chuy\u00ean ng\u00e0nh th\u00ec m\u1ed7i ng\u00e0nh c\u00f2n c\u00f3 B\u1ed9 m\u00f4n li\u00ean ng\u00e0nh c\u01a1 kh\u00ed, truy\u1ec1n tin, h\u1ec7 th\u1ed1ng, v\u00e0 B\u1ed9 m\u00f4n li\u00ean ng\u00e0nh th\u00f4ng tin, thi\u1ebft k\u1ebf, truy\u1ec1n th\u00f4ng, nh\u1eb1m khuy\u1ebfn kh\u00edch s\u1ef1 k\u1ebft h\u1ee3p v\u1ec1 ki\u1ebfn th\u1ee9c v\u00e0 k\u1ef9 n\u0103ng chuy\u00ean m\u00f4n gi\u1eefa c\u00e1c ng\u00e0nh, v\u01b0\u1ee3t qua khu\u00f4n kh\u1ed5 chuy\u00ean ng\u00e0nh c\u0169ng nh\u01b0 h\u1ed7 tr\u1ee3 sinh vi\u00ean h\u1ecdc t\u1eadp li\u00ean ng\u00e0nh. <\/p>\r\n        <\/section>\r\n\r\n        <section class=\"pmM\">\r\n          <h3>Th\u1ecfa s\u1ee9c theo \u0111u\u1ed5i Monozukuri v\u1edbi b\u1ea1n b\u00e8 to\u00e0n c\u1ea7u\r\n            t\u1ea1i C\u01a1 s\u1edf Qu\u1ed1c t\u1ebf Hachioji v\u1edbi \u0111\u1ea7y \u0111\u1ee7 trang thi\u1ebft b\u1ecb.<\/h3>\r\n          <p class=\"text\">C\u01a1 s\u1edf h\u1ecdc t\u1eadp \u0111\u01b0\u1ee3c trang b\u1ecb m\u00f4i tr\u01b0\u1eddng s\u1ea3n xu\u1ea5t Monozukuri th\u1ef1c t\u1ebf gi\u00fap sinh vi\u00ean c\u00f3 th\u1ec3 th\u1ef1c h\u00e0nh v\u00e0 th\u1eed nghi\u1ec7m v\u1ec1 ph\u01b0\u01a1ng ph\u00e1p s\u1ea3n xu\u1ea5t n\u00e0y, \u0111\u1ed3ng th\u1eddi m\u1edf r\u1ed9ng t\u1ea7m nh\u00ecn to\u00e0n c\u1ea7u c\u00f9ng v\u1edbi nhi\u1ec1u sinh vi\u00ean qu\u1ed1c t\u1ebf \u0111ang theo h\u1ecdc. B\u1eaft \u0111\u1ea7u t\u1eeb n\u0103m th\u1ee9 4, sinh vi\u00ean c\u00f3 th\u1ec3 tham gia c\u00e1c ph\u00f2ng th\u1eed nghi\u1ec7m v\u00e0 \u00e1p d\u1ee5ng ki\u1ebfn th\u1ee9c h\u1ecdc li\u00ean ng\u00e0nh v\u00e0o nghi\u00ean c\u1ee9u t\u1ed1t nghi\u1ec7p c\u1ee7a m\u00ecnh.<\/p>\r\n        <\/section>\r\n\r\n        <section class=\"pmM\">\r\n          <h3>4 ng\u00e0nh h\u1ecdc v\u00e0 c\u00e1c kh\u00f3a h\u1ecdc h\u01b0\u1edbng \u0111\u1ebfn s\u1ea3n xu\u1ea5t Monozukuri to\u00e0n di\u1ec7n<\/h3>\r\n          <section class=\"pmS\">\r\n            <h4 class=\"pmS\">Ng\u00e0nh K\u1ef9 thu\u1eadt h\u1ec7 th\u1ed1ng c\u01a1 kh\u00ed<\/h4>\r\n            <ul class=\"shapeSquareBox\">\r\n              <li class=\"shapeSquareOrange\">\r\n                <p class=\"init\">Thi\u1ebft k\u1ebf c\u01a1 kh\u00ed<\/p>\r\n              <\/li>\r\n              <li class=\"shapeSquareOrange\">\r\n                <p class=\"init\">H\u1ec7 th\u1ed1ng v\u1eadt li\u1ec7u<\/p>\r\n              <\/li>\r\n              <li class=\"shapeSquareOrange\">\r\n                <p class=\"init\">Thi\u1ebft k\u1ebf 3D<\/p>\r\n              <\/li>\r\n              <li class=\"shapeSquareOrange\">\r\n                <p class=\"init\">H\u00e0ng kh\u00f4ng<\/p>\r\n              <\/li>\r\n              <li class=\"shapeSquareWhite\">\r\n                <p class=\"init\">Robot<\/p>\r\n              <\/li>\r\n              <li class=\"shapeSquareWhite\">\r\n                <p class=\"init\">M\u00f4i tr\u01b0\u1eddng v\u00e0 n\u0103ng l\u01b0\u1ee3ng<\/p>\r\n              <\/li>\r\n            <\/ul>\r\n            <p class=\"text\">\r\n              Sinh vi\u00ean c\u00f3 th\u1ec3 h\u1ecdc c\u1ea3 \u201cki\u1ebfn th\u1ee9c v\u00e0 k\u1ef9 thu\u1eadt s\u1ea3n xu\u1ea5t\u201d v\u00e0 \u201ch\u1ec7 th\u1ed1ng v\u1eadn h\u00e0nh\u201d trong l\u0129nh v\u1ef1c k\u1ef9 thu\u1eadt h\u1ec7 th\u1ed1ng c\u01a1 kh\u00ed h\u1ed7 tr\u1ee3 ng\u00e0nh c\u00f4ng nghi\u1ec7p Monozukuri \u1edf Nh\u1eadt B\u1ea3n. Trong n\u0103m \u0111\u1ea7u ti\u00ean, sinh vi\u00ean \u0111\u01b0\u1ee3c trang b\u1ecb ki\u1ebfn th\u1ee9c, k\u1ef9 n\u0103ng n\u1ec1n t\u1ea3ng, v\u00e0 t\u1eeb n\u0103m th\u1ee9 2 th\u00ec s\u1ebd ch\u1ecdn kh\u00f3a h\u1ecdc chuy\u00ean ng\u00e0nh t\u1eadp trung v\u00e0o th\u1ef1c h\u00e0nh.\r\n            <\/p>\r\n          <\/section>\r\n          <section class=\"pmS\">\r\n            <h4 class=\"pmS\">Ng\u00e0nh K\u1ef9 thu\u1eadt h\u1ec7 th\u1ed1ng \u0111i\u1ec7n t\u1eed<\/h4>\r\n            <ul class=\"shapeSquareBox\">\r\n              <li class=\"shapeSquareOrange\">\r\n                <p class=\"init\">H\u1ec7 th\u1ed1ng m\u1ea1ng truy\u1ec1n th\u00f4ng<\/p>\r\n              <\/li>\r\n              <li class=\"shapeSquareOrange\">\r\n                <p class=\"init\">H\u1ec7 th\u1ed1ng video v\u00e0 \u00e2m thanh<\/p>\r\n              <\/li>\r\n              <li class=\"shapeSquareOrange\">\r\n                <p class=\"init\">H\u1ec7 th\u1ed1ng sinh h\u1ecdc v\u00e0 sinh v\u1eadt<\/p>\r\n              <\/li>\r\n              <li class=\"shapeSquareOrange\">\r\n                <p class=\"init\">H\u1ec7 th\u1ed1ng k\u1ef9 thu\u1eadt s\u1ed1<\/p>\r\n              <\/li>\r\n              <li class=\"shapeSquareWhite\">\r\n                <p class=\"init\">Robot<\/p>\r\n              <\/li>\r\n              <li class=\"shapeSquareWhite\">\r\n                <p class=\"init\">M\u00f4i tr\u01b0\u1eddng v\u00e0 n\u0103ng l\u01b0\u1ee3ng<\/p>\r\n              <\/li>\r\n            <\/ul>\r\n            <p class=\"text\">\r\n              Sinh vi\u00ean v\u1eadn d\u1ee5ng t\u1ed1i \u0111a c\u1ea3 k\u1ef9 n\u0103ng c\u1ee9ng v\u00e0 k\u1ef9 n\u0103ng m\u1ec1m \u0111\u1ec3 h\u1ecdc t\u1eadp th\u1ef1c t\u1ebf v\u1ec1 Monozukuri trong c\u00e1c l\u0129nh v\u1ef1c ti\u00ean ti\u1ebfn c\u00f3 c\u00f4ng ngh\u1ec7 ph\u00e1t tri\u1ec3n nhanh ch\u00f3ng. Sinh vi\u00ean \u0111\u01b0\u1ee3c \u0111\u00e0o t\u1ea1o theo giai \u0111o\u1ea1n, b\u1eaft \u0111\u1ea7u t\u1eeb c\u01a1 b\u1ea3n, v\u00e0 c\u00f3 th\u1ec3 m\u1edf ra con \u0111\u01b0\u1eddng k\u1ef9 s\u01b0 khi t\u1ed1t nghi\u1ec7p. <\/p>\r\n          <\/section>\r\n          <section class=\"pmS\">\r\n            <h4 class=\"pmS\">Ng\u00e0nh K\u1ef9 thu\u1eadt th\u00f4ng tin<\/h4>\r\n            <ul class=\"shapeSquareBox\">\r\n              <li class=\"shapeSquareOrange\">\r\n                <p class=\"init\">K\u1ef9 thu\u1eadt h\u1ec7 th\u1ed1ng<\/p>\r\n              <\/li>\r\n              <li class=\"shapeSquareOrange\">\r\n                <p class=\"init\">Ph\u1ea7n m\u1ec1m m\u00e1y t\u00ednh<\/p>\r\n              <\/li>\r\n              <li class=\"shapeSquareOrange\">\r\n                <p class=\"init\">D\u1ecbch v\u1ee5 Internet<\/p>\r\n              <\/li>\r\n              <li class=\"shapeSquareOrange\">\r\n                <p class=\"init\">\u0110i\u1ec7n to\u00e1n th\u00f4ng minh<\/p>\r\n              <\/li>\r\n              <li class=\"shapeSquareWhite\">\r\n                <p class=\"init\">\u0110i\u1ec7n to\u00e1n tr\u1ef1c quan<\/p>\r\n              <\/li>\r\n              <li class=\"shapeSquareWhite\">\r\n                <p class=\"init\">Thi\u1ebft k\u1ebf Web<\/p>\r\n              <\/li>\r\n            <\/ul>\r\n            <p class=\"text\">\r\n              Sinh vi\u00ean h\u1ecdc t\u1eadp v\u1edbi m\u1ee5c ti\u00eau tr\u1edf th\u00e0nh m\u1ed9t k\u1ef9 s\u01b0 IT th\u00f4ng th\u1ea1o v\u1ec1 c\u00f4ng ngh\u1ec7 m\u00e1y t\u00ednh v\u00e0 m\u1ea1ng &#8211; y\u1ebfu t\u1ed1 kh\u00f4ng th\u1ec3 thi\u1ebfu trong x\u00e3 h\u1ed9i hi\u1ec7n \u0111\u1ea1i. Th\u00f4ng qua qu\u00e1 tr\u00ecnh l\u00e0m vi\u1ec7c trong c\u00e1c nh\u00f3m nh\u1ecf, sinh vi\u00ean c\u0169ng s\u1ebd \u0111\u01b0\u1ee3c trang b\u1ecb nh\u1eefng k\u1ef9 n\u0103ng giao ti\u1ebfp c\u1ea7n thi\u1ebft trong x\u00e3 h\u1ed9i. <\/p>\r\n          <\/section>\r\n          <section class=\"pmS\">\r\n            <h4 class=\"pmS\">Ng\u00e0nh Thi\u1ebft k\u1ebf<\/h4>\r\n            <ul class=\"shapeSquareBox\">\r\n              <li class=\"shapeSquareOrange\">\r\n                <p class=\"init\">Thi\u1ebft k\u1ebf c\u1ea3m x\u00fac<\/p>\r\n              <\/li>\r\n              <li class=\"shapeSquareOrange\">\r\n                <p class=\"init\">Thi\u1ebft k\u1ebf cu\u1ed9c s\u1ed1ng<\/p>\r\n              <\/li>\r\n              <li class=\"shapeSquareOrange\">\r\n                <p class=\"init\">Thi\u1ebft k\u1ebf s\u1ea3n ph\u1ea9m<\/p>\r\n              <\/li>\r\n              <li class=\"shapeSquareOrange\">\r\n                <p class=\"init\">Thi\u1ebft k\u1ebf ph\u01b0\u01a1ng ti\u1ec7n truy\u1ec1n th\u00f4ng<\/p>\r\n              <\/li>\r\n              <li class=\"shapeSquareWhite\">\r\n                <p class=\"init\">\u0110i\u1ec7n to\u00e1n tr\u1ef1c quan<\/p>\r\n              <\/li>\r\n              <li class=\"shapeSquareWhite\">\r\n                <p class=\"init\">Thi\u1ebft k\u1ebf Web<\/p>\r\n              <\/li>\r\n            <\/ul>\r\n            <p class=\"text\">\r\n              T\u1eadn d\u1ee5ng th\u1ebf m\u1ea1nh v\u1ec1 ng\u00e0nh thi\u1ebft k\u1ebf c\u1ee7a Khoa K\u1ef9 thu\u1eadt, sinh vi\u00ean c\u00f3 th\u1ec3 h\u1ecdc r\u1ea5t nhi\u1ec1u l\u0129nh v\u1ef1c thi\u1ebft k\u1ebf t\u1eeb c\u1ea3 g\u00f3c \u0111\u1ed9 k\u1ef9 thu\u1eadt v\u00e0 g\u00f3c \u0111\u1ed9 ngh\u1ec7 thu\u1eadt &#8211; v\u0103n h\u00f3a. Sinh vi\u00ean s\u1ebd \u0111\u01b0\u1ee3c h\u1ecdc t\u1eeb c\u01a1 b\u1ea3n sau \u0111\u00f3 m\u1edbi quy\u1ebft \u0111\u1ecbnh ch\u1ecdn chuy\u00ean ng\u00e0nh n\u00ean c\u00f3 th\u1ec3 b\u1eaft \u0111\u1ea7u theo h\u1ecdc m\u00e0 kh\u00f4ng c\u1ea7n c\u00f3 ki\u1ebfn th\u1ee9c n\u1ec1n t\u1ea3ng t\u1eeb tr\u01b0\u1edbc. <\/p>\r\n          <\/section>\r\n        <\/section>\r\n\r\n        <section class=\"pmM\">\r\n          <h3>C\u00e1c ch\u01b0\u01a1ng tr\u00ecnh h\u1ecdc t\u1eadp t\u1ea1i Khoa K\u1ef9 thu\u1eadt gi\u00fap n\u00e2ng cao n\u0103ng l\u1ef1c to\u00e0n c\u1ea7u<\/h3>\r\n          <section class=\"pmS\">\r\n            <h4 class=\"pmS\">Ngo\u1ea1i ng\u1eef<\/h4>\r\n            <div class=\"graphListBox pmM\">\r\n              <table>\r\n                <tr>\r\n                  <td class=\"graphGrayLabel\">\r\n                    <p class=\"init\">B\u1eaft bu\u1ed9c<\/p>\r\n                  <\/td>\r\n                  <td>Ti\u1ebfng Anh<\/td>\r\n                <\/tr>\r\n                <tr>\r\n                  <td class=\"graphGrayLabel\">\r\n                    <p class=\"init\">T\u1ef1 ch\u1ecdn<\/p>\r\n                  <\/td>\r\n                  <td>Ti\u1ebfng \u0110\u1ee9c<\/td>\r\n                <\/tr>\r\n              <\/table>\r\n            <\/div>\r\n          <\/section>\r\n          <section class=\"pmS\">\r\n            <h4 class=\"pmS\">Ch\u01b0\u01a1ng tr\u00ecnh du h\u1ecdc c\u1ee7a Khoa K\u1ef9 thu\u1eadt<\/h4>\r\n            <p class=\"text bold\">Ch\u01b0\u01a1ng tr\u00ecnh \u0111\u00e0o t\u1ea1o ng\u1eafn h\u1ea1n<\/p>\r\n            <ul class=\"orangeList pmS\">\r\n              <li>Tr\u01b0\u1eddng Cao \u0111\u1eb3ng Langara [Canada]<\/li>\r\n            <\/ul>\r\n          <\/section>\r\n          <section class=\"pmS\">\r\n            <h4 class=\"pmS\">\r\n              Kh\u00f3a \u0111\u1eb7c bi\u1ec7t \u201cKh\u00f3a h\u1ecdc Qu\u1ed1c t\u1ebf\u201d cho ph\u00e9p sinh vi\u00ean du h\u1ecdc t\u1ea1i Hoa K\u1ef3 t\u1eeb h\u1ecdc k\u1ef3 sau n\u0103m th\u1ee9 2\r\n            <\/h4>\r\n            <p class=\"text\">\r\n              \u0110\u00e2y l\u00e0 kh\u00f3a h\u1ecdc d\u00e0nh cho nh\u1eefng sinh vi\u00ean c\u00f3 nguy\u1ec7n v\u1ecdng tr\u1edf th\u00e0nh k\u1ef9 s\u01b0 to\u00e0n c\u1ea7u. Sinh vi\u1ec7n l\u1ef1a ch\u1ecdn kh\u00f3a h\u1ecdc n\u00e0y s\u1ebd \u0111\u01b0\u1ee3c \u0111\u00e0o t\u1ea1o c\u01a1 b\u1ea3n v\u1ec1 k\u1ef9 thu\u1eadt v\u00e0 t\u1eadp trung n\u00e2ng cao n\u0103ng l\u1ef1c ti\u1ebfng Anh trong 1 n\u0103m r\u01b0\u1ee1i sau nh\u1eadp h\u1ecdc, t\u1ea1o ti\u1ec1n \u0111\u1ec1 \u0111\u1ec3 \u201cDu h\u1ecdc Hoa K\u1ef3 (t\u1ed1i \u0111a 2 n\u0103m)\u201d. <\/p>\r\n          <\/section>\r\n\r\n          <?php get_template_part('\/inc\/_page_fee'); ?>\r\n\r\n        <\/section>\r\n      <\/section>\r\n\r\n\r\n      <section>\r\n        <h2>Khoa K\u1ef9 thu\u1eadt<\/h2>\r\n        <div class=\"centerBox\">\r\n          <div class=\"btnLink blankLink\">\r\n            <a target=\"_blank\" href=\"https:\/\/feng.takushoku-u.ac.jp\/\" rel=\"noopener\">\r\n              <div class=\"pageIcon\"><img src=\"\/vi\/wp-content\/themes\/takushoku\/images\/common\/icon\/blank.svg\" alt=\"\"><\/div>\r\n              <div class=\"naviText\">Nh\u1ea5p v\u00e0o \u0111\u00e2y \u0111\u1ec3 xem Trang web c\u1ee7a Khoa K\u1ef9 thu\u1eadt (Ti\u1ebfng Nh\u1eadt)<\/div>\r\n            <\/a>\r\n          <\/div>\r\n          <div class=\"jpLink\">(B\u1ea5m v\u00e0o \u0111\u00e2y \u0111\u1ec3 xem trang ti\u1ebfng Nh\u1eadt)<\/div>\r\n        <\/div>\r\n      <\/section>\r\n\r\n    <\/div>\r\n  <\/div>","protected":false},"excerpt":{"rendered":"i\u00ean phong trong c\u00e1c l\u0129nh v\u1ef1c m\u1edbi &#8211; t\u01b0\u01a1ng lai m\u1edbi th\u00f4ng qua h\u1ecdc t\u1eadp li\u00ean ng\u00e0nh. T\u1ea1i Khoa K\u1ef9 thu\u1eadt, sinh vi\u00ean s\u1ebd \u0111\u01b0\u1ee3c trang b\u1ecb ki\u1ebfn th\u1ee9c chuy\u00ean m\u00f4n v\u00e0 k\u1ef9 thu\u1eadt th\u1ef1c t\u1ebf li\u00ean quan tr\u1ef1c ti\u1ebfp \u0111\u1ebfn c\u00e1c &#8230;","protected":false},"author":1,"featured_media":0,"parent":38,"menu_order":0,"comment_status":"closed","ping_status":"closed","template":"template\/pageTemp2.php","meta":[],"acf":[],"_links":{"self":[{"href":"https:\/\/lang.takushoku-u.ac.jp\/vi\/wp-json\/wp\/v2\/pages\/49"}],"collection":[{"href":"https:\/\/lang.takushoku-u.ac.jp\/vi\/wp-json\/wp\/v2\/pages"}],"about":[{"href":"https:\/\/lang.takushoku-u.ac.jp\/vi\/wp-json\/wp\/v2\/types\/page"}],"author":[{"embeddable":true,"href":"https:\/\/lang.takushoku-u.ac.jp\/vi\/wp-json\/wp\/v2\/users\/1"}],"replies":[{"embeddable":true,"href":"https:\/\/lang.takushoku-u.ac.jp\/vi\/wp-json\/wp\/v2\/comments?post=49"}],"version-history":[{"count":0,"href":"https:\/\/lang.takushoku-u.ac.jp\/vi\/wp-json\/wp\/v2\/pages\/49\/revisions"}],"up":[{"embeddable":true,"href":"https:\/\/lang.takushoku-u.ac.jp\/vi\/wp-json\/wp\/v2\/pages\/38"}],"wp:attachment":[{"href":"https:\/\/lang.takushoku-u.ac.jp\/vi\/wp-json\/wp\/v2\/media?parent=49"}],"curies":[{"name":"wp","href":"https:\/\/api.w.org\/{rel}","templated":true}]}}