{"id":47,"date":"2019-02-17T23:01:09","date_gmt":"2019-02-17T14:01:09","guid":{"rendered":"http:\/\/localhost\/vn\/?page_id=47"},"modified":"2022-04-07T12:16:31","modified_gmt":"2022-04-07T03:16:31","slug":"fis","status":"publish","type":"page","link":"https:\/\/lang.takushoku-u.ac.jp\/vi\/faculties\/fis\/","title":{"rendered":"Khoa Qu\u1ed1c t\u1ebf"},"content":{"rendered":"  <div class=\"pageMainContentsBack\">\r\n    <div class=\"pageMainContents\">\r\n      <section class=\"pmL\">\r\n\r\n        <h2>\r\n          Ti\u1ebfp c\u1eadn x\u00e3 h\u1ed9i qu\u1ed1c t\u1ebf t\u1eeb nhi\u1ec1u quan \u0111i\u1ec3m kh\u00e1c nhau,\r\n          g\u00f3p ph\u1ea7n gi\u1ea3i quy\u1ebft c\u00e1c v\u1ea5n \u0111\u1ec1.\r\n        <\/h2>\r\n        <picture class=\"pmS\">\r\n          <source media=\"(min-width: 480px)\" srcset=\"\/vi\/wp-content\/themes\/takushoku\/images\/faculties\/fis_photo_01.jpg 1x, \/vi\/wp-content\/themes\/takushoku\/images\/faculties\/fis_photo_01@2x.jpg 2x\">\r\n          <img src=\"\/vi\/wp-content\/themes\/takushoku\/images\/faculties\/fis_photo_01.jpg\" alt=\"\">\r\n        <\/picture>\r\n        <p class=\"text pmM\">\r\n          Khoa Qu\u1ed1c t\u1ebf c\u00f3 m\u1ed9t h\u1ec7 th\u1ed1ng kh\u00f3a h\u1ecdc cho ph\u00e9p sinh vi\u00ean ti\u1ebfp c\u1eadn v\u1edbi c\u00e1c v\u1ea5n \u0111\u1ec1 trong x\u00e3 h\u1ed9i to\u00e0n c\u1ea7u h\u00f3a d\u1ef1a tr\u00ean nhi\u1ec1u quan \u0111i\u1ec3m \u0111a d\u1ea1ng. (T\u1eeb n\u0103m th\u1ee9 2, sinh vi\u00ean s\u1ebd \u0111\u01b0\u1ee3c l\u1ef1a ch\u1ecdn m\u1ed9t trong c\u00e1c kh\u00f3a h\u1ecdc g\u1ed3m H\u1ee3p t\u00e1c qu\u1ed1c t\u1ebf, Kinh t\u1ebf qu\u1ed1c t\u1ebf, Ch\u00ednh tr\u1ecb qu\u1ed1c t\u1ebf, V\u0103n h\u00f3a qu\u1ed1c t\u1ebf, Du l\u1ecbch qu\u1ed1c t\u1ebf, N\u00f4ng nghi\u1ec7p t\u1ed5ng h\u1ee3p)\r\n          Ch\u00fang t\u00f4i c\u00f3 m\u1ed9t ch\u01b0\u01a1ng tr\u00ecnh gi\u1ea3ng d\u1ea1y linh ho\u1ea1t cho ph\u00e9p sinh vi\u00ean kh\u00e1m ph\u00e1 c\u00e1c l\u0129nh v\u1ef1c m\u00e0 h\u1ecd quan t\u00e2m v\u00e0 ph\u00e1t tri\u1ec3n theo t\u1eebng giai \u0111o\u1ea1n, d\u1ef1a tr\u00ean s\u1ef1 hi\u1ec3u bi\u1ebft v\u1ec1 ng\u00f4n ng\u1eef, v\u0103n h\u00f3a, d\u00e2n t\u1ed9c, c\u0169ng nh\u01b0 h\u1ec7 th\u1ed1ng ch\u00ednh tr\u1ecb v\u00e0 kinh t\u1ebf c\u1ee7a c\u00e1c qu\u1ed1c gia kh\u00e1c, th\u00f4ng qua ch\u01b0\u01a1ng tr\u00ecnh n\u00e0y, ch\u00fang t\u00f4i \u0111\u00e0o t\u1ea1o v\u00e0 ph\u00e1t tri\u1ec3n nh\u1eefng c\u00f4ng d\u00e2n qu\u1ed1c t\u1ebf th\u1ef1c th\u1ee5, c\u00f3 kh\u1ea3 n\u0103ng g\u00f3p ph\u1ea7n gi\u1ea3i quy\u1ebft nh\u1eefng v\u1ea5n \u0111\u1ec1 m\u00e0 th\u1ebf gi\u1edbi \u0111ang ph\u1ea3i \u0111\u1ed1i m\u1eb7t.\r\n        <\/p>\r\n\r\n        <section class=\"pmM\">\r\n          <h3>\r\n            V\u1edbi t\u01b0 c\u00e1ch l\u00e0 ng\u01b0\u1eddi Nh\u1eadt B\u1ea3n, c\u0169ng nh\u01b0 t\u01b0 c\u00e1ch l\u00e0 c\u00f4ng d\u00e2n to\u00e0n c\u1ea7u, c\u00e1c sinh vi\u00ean s\u1ebd t\u00ecm hi\u1ec3u s\u00e2u h\u01a1n, c\u00f9ng nhau suy ngh\u0129 v\u00e0 t\u00ecm ki\u1ebfm c\u00e1ch gi\u1ea3i quy\u1ebft\r\n            c\u00e1c v\u1ea5n \u0111\u1ec1 kh\u00e1c nhau tr\u00ean th\u1ebf gi\u1edbi.\r\n          <\/h3>\r\n          <p class=\"text\">\r\n            Khoa Qu\u1ed1c t\u1ebf k\u1ebf th\u1eeba tinh th\u1ea7n s\u00e1ng l\u1eadp c\u1ee7a \u0110\u1ea1i h\u1ecdc Takushoku, \u0111\u00f3 l\u00e0 \u201cb\u1ed3i d\u01b0\u1ee1ng ngu\u1ed3n nh\u00e2n l\u1ef1c \u0111\u00f3ng g\u00f3p cho x\u00e3 h\u1ed9i qu\u1ed1c t\u1ebf\u201d. Ch\u00fang t\u00f4i \u0111ang th\u1ef1c hi\u1ec7n ph\u01b0\u01a1ng ph\u00e1p h\u1ecdc \u201cnguy\u00ean t\u1eafc t\u1ea1i ch\u1ed7\u201d, quan s\u00e1t th\u1ebf gi\u1edbi t\u1eeb g\u00f3c nh\u00ecn r\u1ed9ng m\u1edf v\u00e0 xem x\u00e9t c\u00e1ch gi\u1ea3i quy\u1ebft c\u00e1c v\u1ea5n \u0111\u1ec1 trong khu v\u1ef1c c\u00f9ng v\u1edbi nh\u1eefng ng\u01b0\u1eddi s\u1ed1ng \u1edf \u0111\u00f3.\r\n          <\/p>\r\n        <\/section>\r\n\r\n        <section class=\"pmM\">\r\n          <h3>\r\n            B\u01b0\u1edbc ra th\u1ebf gi\u1edbi v\u1edbi \u201cTi\u1ebfng Anh v\u00e0 12 ng\u00f4n ng\u1eef \u0111\u1ecba ph\u01b0\u01a1ng\u201d.\r\n            C\u00e1c ch\u01b0\u01a1ng tr\u00ecnh \u0111\u00e0o t\u1ea1o \u1edf n\u01b0\u1edbc ngo\u00e0i v\u00e0 c\u00e1c ho\u1ea1t \u0111\u1ed9ng t\u00ecnh nguy\u1ec7n c\u0169ng thu\u1ed9c \u0111\u1ed1i t\u01b0\u1ee3ng \u0111\u00e1nh gi\u00e1.\r\n          <\/h3>\r\n          <p class=\"text\">\r\n            Vi\u1ec7c giao ti\u1ebfp t\u1ea1i \u0111\u1ecba ph\u01b0\u01a1ng l\u00e0 m\u1ed9t y\u1ebfu t\u1ed1 quan trong \u0111\u1ec3 h\u1ecdc t\u1eadp ch\u1ee7 \u0111\u1ed9ng. Ngo\u00e0i vi\u1ec7c gi\u1ea3ng d\u1ea1y ti\u1ebfng Anh, Khoa Qu\u1ed1c t\u1ebf c\u00f2n cung c\u1ea5p 12 kh\u00f3a h\u1ecdc ng\u00f4n ng\u1eef \u0111\u1ecba ph\u01b0\u01a1ng. Ch\u00fang t\u00f4i \u1ee7ng h\u1ed9 v\u00e0 h\u1ed7 tr\u1ee3 cho \u0111am m\u00ea, nhi\u1ec7t huy\u1ebft c\u1ee7a c\u00e1c sinh vi\u00ean b\u1eb1ng c\u00e1ch ch\u1ee9ng nh\u1eadn t\u00edn ch\u1ec9 cho c\u00e1c ho\u1ea1t \u0111\u1ed9ng h\u1ecdc t\u1eadp t\u1ea1i n\u01b0\u1edbc ngo\u00e0i v\u00e0 ho\u1ea1t \u0111\u1ed9ng t\u00ecnh nguy\u1ec7n.\r\n          <\/p>\r\n        <\/section>\r\n\r\n        <section class=\"pmM\">\r\n          <h3>\r\n            6 c\u1eeda ng\u00f5 b\u01b0\u1edbc ra th\u1ebf gi\u1edbi. Tr\u1ea3i nghi\u1ec7m th\u1ef1c t\u1ebf t\u1ea1i \u201c\u0111\u1ecba ph\u01b0\u01a1ng\u201d\r\n\r\n          <\/h3>\r\n          <p class=\"text pmS\">\r\n            Khoa Qu\u1ed1c t\u1ebf \u0111\u01b0\u1ee3c th\u00e0nh l\u1eadp nh\u00e2n d\u1ecbp k\u1ef7 ni\u1ec7m 100 n\u0103m th\u00e0nh l\u1eadp \u0110\u1ea1i h\u1ecdc Takushoku, nh\u1eb1m hi\u1ec7n th\u1ef1c h\u00f3a mong mu\u1ed1n c\u1ee7a ng\u01b0\u1eddi s\u00e1ng l\u1eadp tr\u01b0\u1eddng v\u00e0 ph\u00f9 h\u1ee3p v\u1edbi x\u00e3 h\u1ed9i hi\u1ec7n \u0111\u1ea1i.\r\n            M\u1ee5c ti\u00eau c\u1ee7a Khoa l\u00e0 h\u01b0\u1edbng t\u1edbi \u0111\u00e0o t\u1ea1o v\u00e0 ph\u00e1t tri\u1ec3n c\u00f4ng d\u00e2n qu\u1ed1c t\u1ebf c\u00f3 th\u1ec3 \u0111\u01b0\u01a1ng \u0111\u1ea7u v\u00e0 ch\u1ee7 \u0111\u1ed9ng h\u00e0nh \u0111\u1ed9ng \u0111\u1ec3 gi\u1ea3i quy\u1ebft c\u00e1c v\u1ea5n \u0111\u1ec1 kh\u00e1c nhau m\u00e0 th\u1ebf gi\u1edbi \u0111ang ph\u1ea3i \u0111\u1ed1i m\u1eb7t, theo \u0111\u00f3, c\u00e1c sinh vi\u00ean s\u1ebd \u0111\u01b0\u1ee3c t\u00ecm hi\u1ec3u v\u1ec1 th\u1ebf gi\u1edbi, t\u1eadp trung v\u00e0o c\u00e1c qu\u1ed1c gia m\u1edbi n\u1ed5i v\u00e0 c\u00e1c qu\u1ed1c gia \u0111ang ph\u00e1t tri\u1ec3n \u1edf ch\u00e2u \u00c1, ch\u00e2u M\u1ef9 Latinh, v\u00e0 ch\u00e2u Phi. Ngo\u00e0i vi\u1ec7c h\u1ecdc t\u1eadp tr\u00ean l\u00fd thuy\u1ebft, ch\u00fang t\u00f4i c\u00f2n ti\u1ebfn h\u00e0nh nguy\u00ean t\u1eafc t\u1ea1i ch\u1ed7 \u0111\u1ec3 sinh vi\u00ean c\u00f3 th\u1ec3 h\u1ecdc t\u1eadp k\u1ebft h\u1ee3p tr\u1ea3i nghi\u1ec7m t\u00ecnh h\u00ecnh hi\u1ec7n t\u1ea1i c\u1ee7a th\u1ebf gi\u1edbi v\u00e0 ng\u00f4n ng\u1eef \u0111\u1ecba ph\u01b0\u01a1ng th\u00f4ng qua ho\u1ea1t \u0111\u1ed9ng \u0111\u00e0o t\u1ea1o t\u1ea1i n\u01b0\u1edbc ngo\u00e0i v\u00e0 ho\u1ea1t \u0111\u1ed9ng t\u00ecnh nguy\u1ec7n \u0111a d\u1ea1ng.\r\n          <section class=\"pmS\">\r\n            <h4 class=\"pmS\">\r\n              Ng\u00e0nh Qu\u1ed1c t\u1ebf, Khoa Qu\u1ed1c t\u1ebf\r\n            <\/h4>\r\n            <ul class=\"shapeSquareBox pmSS\">\r\n              <li class=\"shapeSquareWhite\">\r\n                <p class=\"init\">\r\n                  Kh\u00f3a h\u1ecdc v\u1ec1 H\u1ee3p t\u00e1c qu\u1ed1c t\u1ebf\r\n                <\/p>\r\n              <\/li>\r\n              <li class=\"shapeSquareWhite\">\r\n                <p class=\"init\">\r\n                  Kh\u00f3a h\u1ecdc v\u1ec1 Kinh t\u1ebf qu\u1ed1c t\u1ebf\r\n                <\/p>\r\n              <\/li>\r\n              <li class=\"shapeSquareWhite\">\r\n                <p class=\"init\">\r\n                  Kh\u00f3a h\u1ecdc v\u1ec1 Ch\u00ednh tr\u1ecb qu\u1ed1c t\u1ebf\r\n                <\/p>\r\n              <\/li>\r\n              <li class=\"shapeSquareWhite\">\r\n                <p class=\"init\">\r\n                  Kh\u00f3a h\u1ecdc v\u1ec1 V\u0103n h\u00f3a qu\u1ed1c t\u1ebf\r\n                <\/p>\r\n              <\/li>\r\n              <li class=\"shapeSquareWhite\">\r\n                <p class=\"init\">\r\n                  Kh\u00f3a h\u1ecdc v\u1ec1 Du l\u1ecbch qu\u1ed1c t\u1ebf\r\n                <\/p>\r\n              <\/li>\r\n              <li class=\"shapeSquareWhite\">\r\n                <p class=\"init\">\r\n                  Kh\u00f3a hoc v\u1ec1 N\u00f4ng nghi\u1ec7p t\u1ed5ng h\u1ee3p\r\n                <\/p>\r\n              <\/li>\r\n            <\/ul>\r\n          <\/section>\r\n          <section class=\"pmS\">\r\n            <h4 class=\"pmS\">T\u1eeb kh\u00f3a<\/h4>\r\n            <ul class=\"shapeCircleBox\">\r\n              <li>\r\n                <p class=\"init\">Ngu\u1ed3n nh\u00e2n l\u1ef1c to\u00e0n c\u1ea7u<\/p>\r\n              <\/li>\r\n              <li>\r\n                <p class=\"init\">M\u00f4i tr\u01b0\u1eddng, ngh\u00e8o \u0111\u00f3i, l\u01b0\u01a1ng th\u1ef1c v\u00e0 n\u0103ng l\u01b0\u1ee3ng, xung \u0111\u1ed9t<\/p>\r\n              <\/li>\r\n            <\/ul>\r\n            <ul class=\"shapeCircleBox\">\r\n              <li>\r\n                <p class=\"init\">Giao l\u01b0u gi\u1eefa c\u00e1c n\u1ec1n v\u0103n h\u00f3a<\/p>\r\n              <\/li>\r\n              <li>\r\n                <p class=\"init\">H\u1ecdc t\u1eadp ng\u00f4n ng\u1eef v\u00e0 \u0111\u00e0o t\u1ea1o t\u1ea1i n\u01b0\u1edbc ngo\u00e0i\r\n                <\/p>\r\n              <\/li>\r\n              <li>\r\n                <p class=\"init\">\u0110\u00f3ng g\u00f3p cho x\u00e3 h\u1ed9i, \u0111\u00f3ng g\u00f3p cho khu v\u1ef1c<\/p>\r\n              <\/li>\r\n            <\/ul>\r\n          <\/section>\r\n          <section class=\"pmS\">\r\n            <h4 class=\"pmS\">Kh\u00f3a h\u1ecdc v\u1ec1 Th\u1ec3 thao qu\u1ed1c t\u1ebf<\/h4>\r\n            <p class=\"text bold pmSS\">\r\n              Th\u00fac \u0111\u1ea9y vi\u1ec7c giao l\u01b0u v\u1edbi m\u1ecdi ng\u01b0\u1eddi tr\u00ean th\u1ebf gi\u1edbi, \u0111\u00e0o t\u1ea1o v\u00e0 ph\u00e1t tri\u1ec3n nh\u00e2n l\u1ef1c qu\u1ed1c t\u1ebf c\u00f3 th\u1ec3 \u0111\u00f3ng g\u00f3p cho x\u00e3 h\u1ed9i th\u00f4ng qua ho\u1ea1t \u0111\u1ed9ng th\u1ec3 thao!\r\n            <\/p>\r\n            <p class=\"text\">\r\n              Kh\u00f3a h\u1ecdc v\u1ec1 Th\u1ec3 thao qu\u1ed1c t\u1ebf l\u00e0 kh\u00f3a h\u1ecdc d\u00e0nh cho nh\u1eefng sinh vi\u00ean c\u00f3 kh\u1ea3 n\u0103ng c\u1ea1nh tranh v\u1edbi mong mu\u1ed1n giao l\u01b0u qu\u1ed1c t\u1ebf v\u00e0 c\u1ed1ng hi\u1ebfn cho x\u00e3 h\u1ed9i th\u00f4ng qua ho\u1ea1t \u0111\u1ed9ng th\u1ec3 thao trong t\u01b0\u01a1ng lai. Kh\u00f3a h\u1ecdc n\u00e0y ch\u1ec9 d\u00e0nh cho nh\u1eefng sinh vi\u00ean thu\u1ed9c c\u00e2u l\u1ea1c b\u1ed9 th\u1ec3 thao, \u0111\u01b0\u1ee3c c\u00e2u l\u1ea1c b\u1ed9 gi\u1edbi thi\u1ec7u (s\u1ed1 l\u01b0\u1ee3ng c\u00f3 h\u1ea1n) v\u00e0 \u0111\u01b0\u1ee3c Khoa Qu\u1ed1c t\u1ebf ch\u1ea5p thu\u1eadn. <\/p>\r\n          <\/section>\r\n          <section class=\"pmS\">\r\n            <h4 class=\"pmS\">\r\n              Ho\u1ea1t \u0111\u1ed9ng \u0111\u00e0o t\u1ea1o t\u1ea1i n\u01b0\u1edbc ngo\u00e0i \u0111a d\u1ea1ng\r\n            <\/h4>\r\n            <p class=\"text bold pmSS\">\r\n              \u0110\u00e0o t\u1ea1o ng\u1eafn h\u1ea1n\r\n            <\/p>\r\n            <p class=\"text\">\r\n              Ch\u01b0\u01a1ng tr\u00ecnh \u0111\u00e0o t\u1ea1o ng\u1eafn h\u1ea1n c\u1ee7a Khoa c\u00f3 \u0111\u1eb7c tr\u01b0ng l\u00e0 t\u1ea1o c\u01a1 h\u1ed9i cho sinh vi\u00ean ti\u1ebfp x\u00fac v\u1edbi c\u00e1c qu\u1ed1c gia kh\u00e1c th\u00f4ng qua vi\u1ec7c tr\u1ea3i nghi\u1ec7m c\u00e1c n\u1ec1n v\u0103n h\u00f3a kh\u00e1c nhau v\u00e0 h\u1ecdc t\u1eadp ng\u00f4n ng\u1eef, kh\u00f3a \u0111\u00e0o t\u1ea1o s\u1ebd \u0111\u1eb7t tr\u1ecdng t\u00e2m v\u00e0o tr\u1ea3i nghi\u1ec7m ng\u00f4n ng\u1eef \u0111i k\u00e8m v\u1edbi tr\u1ea3i nghi\u1ec7m v\u0103n h\u00f3a v\u00e0 x\u00e3 h\u1ed9i, ch\u1eb3ng h\u1ea1n nh\u01b0 \u0111\u00e0o s\u00e2u h\u01a1n n\u1eefa \u0111\u1ec3 kh\u00e1m ph\u00e1 v\u0103n h\u00f3a \u0111\u1ecba ph\u01b0\u01a1ng hay tham gia c\u00e1c h\u1ed9i th\u1ea3o. <\/p>\r\n          <\/section>\r\n        <\/section>\r\n\r\n        <section class=\"pmM\">\r\n          <h3>\r\n            Ng\u00f4n ng\u1eef l\u00e0 s\u1ee9c m\u1ea1nh, tr\u1ea3i nghi\u1ec7m l\u00e0 d\u01b0\u1ee1ng ch\u1ea5t. Ch\u01b0\u01a1ng tr\u00ecnh h\u1ecdc t\u1eadp to\u00e0n c\u1ea7u c\u1ee7a Khoa Qu\u1ed1c t\u1ebf\r\n          <\/h3>\r\n          <section>\r\n            <h4 class=\"pmS\">Ngo\u1ea1i ng\u1eef<\/h4>\r\n            <div class=\"graphListBox pmM\">\r\n              <table>\r\n                <tr>\r\n                  <td class=\"graphGrayLabel\">\r\n                    <p class=\"init\">B\u1eaft bu\u1ed9c<\/p>\r\n                  <\/td>\r\n                  <td>Ti\u1ebfng Anh (t\u1ea5t c\u1ea3 sinh vi\u00ean), Ti\u1ebfng Nh\u1eadt (ch\u1ec9 du h\u1ecdc sinh ng\u01b0\u1eddi n\u01b0\u1edbc ngo\u00e0i)<\/td>\r\n                <\/tr>\r\n                <tr>\r\n                  <td class=\"graphGrayLabel\">\r\n                    <p class=\"init\">T\u1ef1 ch\u1ecdn<\/p>\r\n                  <\/td>\r\n                  <td>Ti\u1ebfng \u1ea2 R\u1eadp\/Ti\u1ebfng B\u1ed3 \u0110\u00e0o Nha Brazil\/Ti\u1ebfng Trung\/Ti\u1ebfng Hindi\/Ti\u1ebfng Indonesia\/Ti\u1ebfng Malaysia\/Ti\u1ebfng H\u00e0n\/Ti\u1ebfng Philippines\/Ti\u1ebfng T\u00e2y Ban Nha\/Ti\u1ebfng Th\u00e1i\/Ti\u1ebfng Vi\u1ec7t<\/td>\r\n                <\/tr>\r\n              <\/table>\r\n            <\/div>\r\n          <\/section>\r\n        <\/section>\r\n\r\n\r\n        <section class=\"pmM\">\r\n          <h3>Ch\u01b0\u01a1ng tr\u00ecnh du h\u1ecdc n\u01b0\u1edbc ngo\u00e0i c\u1ee7a Khoa Qu\u1ed1c t\u1ebf<\/h3>\r\n          <p class=\"text pmS\">\r\n            Sinh vi\u00ean s\u1ebd c\u00f3 r\u1ea5t nhi\u1ec1u c\u01a1 h\u1ed9i \u0111\u1ec3 tr\u1ea3i nghi\u1ec7m \u201cth\u1ebf gi\u1edbi\u201d th\u00f4ng qua c\u00e1c ch\u01b0\u01a1ng tr\u00ecnh \u0111\u00e0o t\u1ea1o \u1edf n\u01b0\u1edbc ngo\u00e0i v\u00e0 c\u00e1c chuy\u1ebfn h\u1ecdc t\u1eadp h\u1ed9i th\u1ea3o. Ngo\u00e0i ra, Khoa Qu\u1ed1c t\u1ebf c\u00f2n cung c\u1ea5p m\u1ed9t m\u00f4i tr\u01b0\u1eddng h\u1ecdc t\u1eadp to\u00e0n c\u1ea7u, n\u01a1i sinh vi\u00ean c\u00f3 th\u1ec3 h\u1ecdc t\u1eadp c\u00f9ng v\u1edbi c\u00e1c du h\u1ecdc sinh \u0111\u1ebfn t\u1eeb nhi\u1ec1u qu\u1ed1c gia kh\u00e1c nhau. H\u00e3y \u0111\u1ebfn v\u1edbi Khoa Qu\u1ed1c t\u1ebf, c\u00e1c b\u1ea1n s\u1ebd c\u00f3 c\u01a1 h\u1ed9i ti\u1ebfp x\u00fac v\u1edbi th\u1ebf gi\u1edbi, hi\u1ec3u bi\u1ebft v\u1ec1 c\u00e1c n\u1ec1n v\u0103n h\u00f3a kh\u00e1c nhau, c\u0169ng nh\u01b0 c\u00f3 \u0111\u01b0\u1ee3c m\u1ed9t t\u1ea7m nh\u00ecn r\u1ed9ng m\u1edf. <\/p>\r\n          <section class=\"pmS\">\r\n            <h4 Ch\u01b0\u01a1ng tr\u00ecnh \u0111\u00e0o t\u1ea1o ng\u1eafn h\u1ea1n=\"pmS\">\r\n            Ch\u01b0\u01a1ng tr\u00ecnh \u0111\u00e0o t\u1ea1o h\u1ecdc k\u1ef3\r\n            <\/h4>\r\n            <ul class=\"orangeList pmS\">\r\n              <li>\u0110\u1ea1i h\u1ecdc Darma Persada (Indonesia)<\/li>\r\n              <li>\u0110\u1ea1i h\u1ecdc Philippines (Philippines)<\/li>\r\n              <li>Ch\u01b0\u01a1ng tr\u00ecnh \u0111\u00e0o t\u1ea1o nghi\u1ec7p v\u1ee5 du l\u1ecbch (Canada)<\/li>\r\n              <li>Tr\u01b0\u1eddng ICLS Kuala Lumpur (Malaysia)<\/li>\r\n              <li>\u0110\u1ea1i h\u1ecdc Daegu (H\u00e0n Qu\u1ed1c)<\/li>\r\n              <li>\u0110\u1ea1i h\u1ecdc Khon Kaen (Th\u00e1i Lan)<\/li>\r\n              <li>\u0110\u1ea1i h\u1ecdc Khoa h\u1ecdc v\u00e0 C\u00f4ng ngh\u1ec7 Hoa \u0110\u00f4ng (Trung Qu\u1ed1c)<\/li>\r\n            <\/ul>\r\n          <\/section>\r\n\r\n        <\/section>\r\n\r\n      <\/section>\r\n\r\n      <section>\r\n        <h2>Khoa Qu\u1ed1c t\u1ebf<\/h2>\r\n        <div class=\"centerBox\">\r\n          <div class=\"btnLink blankLink\">\r\n            <a target=\"_blank\" href=\"https:\/\/fis.takushoku-u.ac.jp\/\" rel=\"noopener\">\r\n              <div class=\"pageIcon\"><img src=\"\/vi\/wp-content\/themes\/takushoku\/images\/common\/icon\/blank.svg\" alt=\"\"><\/div>\r\n              <div class=\"naviText\">Nh\u1ea5p v\u00e0o \u0111\u00e2y \u0111\u1ec3 xem Trang web c\u1ee7a Khoa Qu\u1ed1c t\u1ebf (Ti\u1ebfng Nh\u1eadt)<\/div>\r\n            <\/a>\r\n          <\/div>\r\n          <div class=\"jpLink\">B\u1ea5m v\u00e0o \u0111\u00e2y \u0111\u1ec3 xem trang g\u1ed1c<\/div>\r\n        <\/div>\r\n      <\/section>\r\n\r\n    <\/div>\r\n  <\/div>\r\n","protected":false},"excerpt":{"rendered":"Ti\u1ebfp c\u1eadn x\u00e3 h\u1ed9i qu\u1ed1c t\u1ebf t\u1eeb nhi\u1ec1u quan \u0111i\u1ec3m kh\u00e1c nhau, g\u00f3p ph\u1ea7n gi\u1ea3i quy\u1ebft c\u00e1c v\u1ea5n \u0111\u1ec1. Khoa Qu\u1ed1c t\u1ebf c\u00f3 m\u1ed9t h\u1ec7 th\u1ed1ng kh\u00f3a h\u1ecdc cho ph\u00e9p sinh vi\u00ean ti\u1ebfp c\u1eadn v\u1edbi c\u00e1c v\u1ea5n \u0111\u1ec1 trong x\u00e3 h\u1ed9i to\u00e0n c\u1ea7u h\u00f3a d\u1ef1a tr\u00ea&#8230;","protected":false},"author":1,"featured_media":0,"parent":38,"menu_order":0,"comment_status":"closed","ping_status":"closed","template":"template\/pageTemp2.php","meta":[],"acf":[],"_links":{"self":[{"href":"https:\/\/lang.takushoku-u.ac.jp\/vi\/wp-json\/wp\/v2\/pages\/47"}],"collection":[{"href":"https:\/\/lang.takushoku-u.ac.jp\/vi\/wp-json\/wp\/v2\/pages"}],"about":[{"href":"https:\/\/lang.takushoku-u.ac.jp\/vi\/wp-json\/wp\/v2\/types\/page"}],"author":[{"embeddable":true,"href":"https:\/\/lang.takushoku-u.ac.jp\/vi\/wp-json\/wp\/v2\/users\/1"}],"replies":[{"embeddable":true,"href":"https:\/\/lang.takushoku-u.ac.jp\/vi\/wp-json\/wp\/v2\/comments?post=47"}],"version-history":[{"count":0,"href":"https:\/\/lang.takushoku-u.ac.jp\/vi\/wp-json\/wp\/v2\/pages\/47\/revisions"}],"up":[{"embeddable":true,"href":"https:\/\/lang.takushoku-u.ac.jp\/vi\/wp-json\/wp\/v2\/pages\/38"}],"wp:attachment":[{"href":"https:\/\/lang.takushoku-u.ac.jp\/vi\/wp-json\/wp\/v2\/media?parent=47"}],"curies":[{"name":"wp","href":"https:\/\/api.w.org\/{rel}","templated":true}]}}