{"id":45,"date":"2019-02-17T23:00:03","date_gmt":"2019-02-17T14:00:03","guid":{"rendered":"http:\/\/localhost\/vn\/?page_id=45"},"modified":"2022-04-07T12:14:10","modified_gmt":"2022-04-07T03:14:10","slug":"ffl","status":"publish","type":"page","link":"https:\/\/lang.takushoku-u.ac.jp\/vi\/faculties\/ffl\/","title":{"rendered":"Khoa Ngo\u1ea1i ng\u1eef"},"content":{"rendered":"  <div class=\"pageMainContentsBack\">\r\n    <div class=\"pageMainContents\">\r\n      <section class=\"pmL\">\r\n        <h2>\r\n          M\u1edf c\u1eeda th\u1ebf gi\u1edbi v\u00e0 t\u01b0\u01a1ng lai\r\n          b\u1eb1ng ti\u1ebfng Anh, ti\u1ebfng Trung, ti\u1ebfng T\u00e2y Ban Nha, ti\u1ebfng Nh\u1eadt\r\n        <\/h2>\r\n        <picture class=\"pmS\">\r\n          <source media=\"(min-width: 480px)\" srcset=\"\/vi\/wp-content\/themes\/takushoku\/images\/faculties\/ffl_photo_01.jpg 1x, \/vi\/wp-content\/themes\/takushoku\/images\/faculties\/ffl_photo_01@2x.jpg 2x\">\r\n          <img src=\"\/vi\/wp-content\/themes\/takushoku\/images\/faculties\/ffl_photo_01.jpg\" alt=\"\">\r\n        <\/picture>\r\n        <p class=\"text pmM\">\r\n          B\u1ea1n c\u00f3 \u01b0\u1edbc m\u01a1 \u201cMong mu\u1ed1n ho\u1ea1t \u0111\u1ed9ng t\u00edch c\u1ef1c tr\u00ean \u0111\u1ea5u tr\u01b0\u1eddng qu\u1ed1c t\u1ebf\u201d? \u0110\u1ec3 l\u00e0m \u0111\u01b0\u1ee3c \u0111i\u1ec1u n\u00e0y, b\u1ea1n c\u1ea7n c\u00f3 kh\u1ea3 n\u0103ng ng\u00f4n ng\u1eef v\u00e0 kh\u1ea3 n\u0103ng th\u1ea5u hi\u1ec3u s\u1ef1 kh\u00e1c bi\u1ec7t v\u1ec1 v\u0103n h\u00f3a. T\u1ea1i Khoa Ngo\u1ea1i ng\u1eef, sinh vi\u00ean c\u00f3 th\u1ec3 h\u1ecdc t\u1eadp chuy\u00ean v\u1ec1 4 ng\u00f4n ng\u1eef l\u00e0 ti\u1ebfng Anh, ti\u1ebfng Trung, ti\u1ebfng T\u00e2y Ban Nha, v\u00e0 ti\u1ebfng Nh\u1eadt. Trong m\u1ed9t x\u00e3 h\u1ed9i qu\u1ed1c t\u1ebf lu\u00f4n thay \u0111\u1ed5i v\u00e0 x\u00e3 h\u1ed9i hi\u1ec7n \u0111\u1ea1i ng\u00e0y c\u00e0ng \u0111a d\u1ea1ng, ch\u00fang t\u00f4i s\u1ebd \u0111\u00e0o t\u1ea1o \u0111\u1ec3 b\u1ea1n tr\u1edf th\u00e0nh ng\u01b0\u1eddi c\u00f3 th\u1ec3 gia nh\u1eadp h\u00e0ng ng\u0169 nh\u1eefng nh\u00e2n t\u00e0i c\u1ea7n thi\u1ebft trong t\u01b0\u01a1ng lai, c\u00f3 kh\u1ea3 n\u0103ng l\u00e0m vi\u1ec7c ngay sau khi t\u1ed1t nghi\u1ec7p. <\/p>\r\n\r\n        <section class=\"pmM\">\r\n          <h3>\r\n            T\u1ed3n t\u1ea1i trong x\u00e3 h\u1ed9i to\u00e0n c\u1ea7u v\u1edbi vai tr\u00f2 l\u00e0 chuy\u00ean gia ngo\u1ea1i ng\u1eef. B\u1ea1n c\u0169ng c\u00f3 th\u1ec3 th\u1ef1c hi\u1ec7n m\u01a1 \u01b0\u1edbc tr\u1edf th\u00e0nh m\u1ed9t sinh vi\u00ean \u201c\u0111a ng\u00f4n ng\u1eef\u201d b\u1eb1ng c\u00e1ch h\u1ecdc chuy\u00ean ng\u00e0nh ch\u00ednh v\u00e0 chuy\u00ean ng\u00e0nh ph\u1ee5.\r\n          <\/h3>\r\n          <p class=\"text\">\r\n            Khoa Ngo\u1ea1i ng\u1eef cung c\u1ea5p ch\u01b0\u01a1ng tr\u00ecnh gi\u00e1o d\u1ee5c ngo\u1ea1i ng\u1eef th\u1ef1c t\u1ebf m\u00e0 \u0110\u1ea1i h\u1ecdc Takushoku \u0111\u00e3 ph\u00e1t tri\u1ec3n v\u1edbi t\u01b0 c\u00e1ch l\u00e0 m\u1ed9t tr\u01b0\u1eddng \u0111\u1ea1i h\u1ecdc qu\u1ed1c t\u1ebf. Ngo\u00e0i c\u00e1c chuy\u00ean ng\u00e0nh ch\u00ednh nh\u01b0 \u201cti\u1ebfng Anh, ti\u1ebfng Trung, ti\u1ebfng T\u00e2y Ban Nha, ti\u1ebfng Nh\u1eadt\u201d, sinh vi\u00ean c\u0169ng c\u00f3 th\u1ec3 h\u1ecdc th\u00eam 1 ng\u00f4n ng\u1eef l\u00e0m chuy\u00ean ng\u00e0nh ph\u1ee5 \u0111\u1ec3 tr\u1edf th\u00e0nh m\u1ed9t ng\u01b0\u1eddi \u0111a ng\u00f4n ng\u1eef s\u1eed d\u1ee5ng th\u00e0nh th\u1ea1o nhi\u1ec1u ng\u00f4n ng\u1eef trong x\u00e3 h\u1ed9i qu\u1ed1c t\u1ebf. <\/p>\r\n        <\/section>\r\n\r\n        <section class=\"pmM\">\r\n          <h3>\r\n            K\u1ebft n\u1ed1i tr\u1ef1c ti\u1ebfp v\u1edbi \u0111\u1ecbnh h\u01b0\u1edbng t\u01b0\u01a1ng lai. \u201cSalon ngo\u1ea1i ng\u1eef\u201d v\u1edbi \u0111\u1ed9i ng\u0169 gi\u00e1o vi\u00ean b\u1ea3n ng\u1eef ch\u00ednh l\u00e0 tr\u1ee3 th\u1ee7 \u0111\u1eafc l\u1ef1c gi\u00fap sinh vi\u00ean ti\u1ebfp thu ngo\u1ea1i ng\u1eef c\u00f3 \u00edch trong c\u00f4ng vi\u1ec7c.\r\n          <\/h3>\r\n          <p class=\"text\">\r\n            B\u00ean c\u1ea1nh c\u00e1c b\u00e0i gi\u1ea3ng, Khoa Ngo\u1ea1i ng\u1eef c\u00f2n th\u00e0nh l\u1eadp m\u1ed9t \u201cSalon ngo\u1ea1i ng\u1eef\u201d \u0111\u1ec3 sinh vi\u00ean trau d\u1ed3i k\u1ef9 n\u0103ng giao ti\u1ebfp ngo\u1ea1i ng\u1eef h\u00e0ng ng\u00e0y v\u1edbi \u0111\u1ed9i ng\u0169 gi\u00e1o vi\u00ean b\u1ea3n ng\u1eef. Ch\u00fang t\u00f4i \u0111\u00e0o t\u1ea1o v\u00e0 ph\u00e1t tri\u1ec3n ngu\u1ed3n nh\u00e2n l\u1ef1c kh\u00f4ng ch\u1ec9 n\u00f3i \u0111\u01b0\u1ee3c ngo\u1ea1i ng\u1eef m\u00e0 c\u00f2n am hi\u1ec3u v\u1ec1 ng\u00f4n ng\u1eef v\u00e0 v\u0103n h\u00f3a, \u0111\u1ed3ng th\u1eddi c\u00f3 th\u1ec3 s\u1eed d\u1ee5ng th\u00e0nh th\u1ea1o ngo\u1ea1i ng\u1eef trong m\u00f4i tr\u01b0\u1eddng kinh doanh.\r\n          <\/p>\r\n        <\/section>\r\n\r\n        <section class=\"pmM\">\r\n          <h3>\r\n            Ti\u1ebfp c\u1eadn th\u1ef1c t\u1ebf \u0111\u1ec3 hi\u1ec3u v\u1ec1 c\u01a1 ch\u1ebf ng\u00f4n ng\u1eef v\u00e0 giao ti\u1ebfp\r\n          <\/h3>\r\n\r\n          <section class=\"pmS\">\r\n            <h4 class=\"pmS\">\r\n              Ng\u00e0nh Ng\u00f4n ng\u1eef Anh\r\n            <\/h4>\r\n            <ul class=\"shapeCircleBox\">\r\n              <li>\r\n                <p class=\"init\">\r\n                  C\u1ea3i thi\u1ec7n 300 \u0111i\u1ec3m TOEIC\r\n                <\/p>\r\n              <\/li>\r\n              <li>\r\n                <p class=\"init\">\r\n                  Du h\u1ecdc 7 th\u00e1ng t\u1ea1i c\u00e1c n\u01b0\u1edbc u M\u1ef9\r\n                <\/p>\r\n              <\/li>\r\n              <li>\r\n                <p class=\"init\">\r\n                  Tr\u00ecnh \u0111\u1ed9 ti\u1ebfng Anh \u1edf m\u1ee9c chuy\u00ean nghi\u1ec7p\r\n                <\/p>\r\n              <\/li>\r\n              <li>\r\n                <p class=\"init\">\r\n                  Ho\u1ea1t \u0111\u1ed9ng kinh doanh \u1edf n\u01b0\u1edbc ngo\u00e0i\r\n                <\/p>\r\n              <\/li>\r\n            <\/ul>\r\n            <p class=\"text\">\r\n              Ng\u00e0nh Ng\u00f4n ng\u1eef Anh cung c\u1ea5p ch\u01b0\u01a1ng tr\u00ecnh h\u1ecdc v\u1edbi m\u1ee5c ti\u00eau gi\u00fap cho sinh vi\u00ean \u0111\u1ea1t \u0111\u01b0\u1ee3c kh\u1ea3 n\u0103ng ti\u1ebfng Anh \u1edf \u201cm\u1ee9c chuy\u00ean nghi\u1ec7p\u201d, c\u00f3 th\u1ec3 s\u1eed d\u1ee5ng trong kinh doanh v\u00e0 giao l\u01b0u qu\u1ed1c t\u1ebf, v\u00e0 sinh vi\u00ean s\u1ebd \u0111\u01b0\u1ee3c \u0111\u1ed9i ng\u0169 gi\u1ea3ng vi\u00ean b\u1ea3n ng\u1eef gi\u1ea3ng d\u1ea1y to\u00e0n di\u1ec7n trong c\u00e1c l\u1edbp h\u1ecdc \u00edt h\u1ecdc vi\u00ean. TOEIC l\u00e0 m\u1ed9t trong nh\u1eefng \u0111i\u1ec1u ki\u1ec7n \u0111\u1ec3 \u0111\u01b0\u1ee3c h\u1ecdc l\u00ean ti\u1ebfp v\u00e0 vi\u1ec7c \u0111\u00e0o t\u1ea1o v\u00e0 du h\u1ecdc \u0111\u01b0\u1ee3c khuy\u1ebfn kh\u00edch.\r\n            <\/p>\r\n          <\/section>\r\n          <section class=\"pmS\">\r\n            <h4 class=\"pmS\">\r\n              Ng\u00e0nh Ng\u00f4n ng\u1eef Trung\r\n            <\/h4>\r\n            <ul class=\"shapeCircleBox\">\r\n              <li>\r\n                <p class=\"init\">\r\n                  Th\u1ecb tr\u01b0\u1eddng kh\u1ed5ng l\u1ed3\r\n                <\/p>\r\n              <\/li>\r\n              <li>\r\n                <p class=\"init\">\r\n                  Ch\u01b0\u01a1ng tr\u00ecnh du h\u1ecdc ng\u1eafn h\u1ea1n\/d\u00e0i h\u1ea1n, ch\u01b0\u01a1ng tr\u00ecnh trao \u0111\u1ed5i t\u1ea1i c\u00e1c qu\u1ed1c gia n\u00f3i ti\u1ebfng Trung\u3000\r\n                <\/p>\r\n              <\/li>\r\n              <li>\r\n                <p class=\"init\">\r\n                  Kh\u00f3a h\u1ecdc kinh doanh\r\n                <\/p>\r\n              <\/li>\r\n              <li>\r\n                <p class=\"init\">\r\n                  Th\u1ef1c t\u1eadp t\u1ea1i n\u01b0\u1edbc ngo\u00e0i\r\n                <\/p>\r\n              <\/li>\r\n            <\/ul>\r\n            <p class=\"text\">\r\n              Th\u00f4ng qua ch\u01b0\u01a1ng tr\u00ecnh gi\u00e1o d\u1ee5c ti\u1ebfng Trung \u0111\u1ed9c \u0111\u00e1o v\u1edbi c\u00e1c b\u00ed quy\u1ebft m\u00e0 ch\u00fang t\u00f4i \u0111\u00e3 t\u00edch l\u0169y \u0111\u01b0\u1ee3c k\u1ec3 t\u1eeb khi \u0110\u1ea1i h\u1ecdc Takushoku th\u00e0nh l\u1eadp, sinh vi\u00ean s\u1ebd \u0111\u01b0\u1ee3c h\u1ecdc ti\u1ebfng Trung Qu\u1ed1c, m\u1ed9t ng\u00f4n ng\u1eef c\u00f3 nhu c\u1ea7u cao trong x\u00e3 h\u1ed9i do th\u1ecb tr\u01b0\u1eddng \u0111ang ph\u00e1t tri\u1ec3n nhanh ch\u00f3ng. Th\u00f4ng qua m\u1ea1ng l\u01b0\u1edbi c\u1ef1u sinh vi\u00ean, sinh vi\u00ean c\u1ee7a ch\u00fang t\u00f4i s\u1ebd c\u00f3 c\u01a1 h\u1ed9i th\u1ef1c t\u1eadp t\u1ea1i c\u00e1c qu\u1ed1c gia n\u00f3i ti\u1ebfng Trung.\r\n            <\/p>\r\n          <\/section>\r\n          <section class=\"pmS\">\r\n            <h4 class=\"pmS\">\r\n              Ng\u00e0nh Ng\u00f4n ng\u1eef T\u00e2y Ban Nha\r\n            <\/h4>\r\n            <ul class=\"shapeCircleBox\">\r\n              <li>\r\n                <p class=\"init\">\r\n                  400 tri\u1ec7u ng\u01b0\u1eddi s\u1eed d\u1ee5ng\r\n                <\/p>\r\n              <\/li>\r\n              <li>\r\n                <p class=\"init\">\r\n                  \u0110\u00e0o t\u1ea1o ng\u00f4n ng\u1eef tr\u1ef1c tuy\u1ebfn\r\n                <\/p>\r\n              <\/li>\r\n              <li>\r\n                <p class=\"init\">\r\n                  SAM (H\u1ecdc t\u1eadp t\u01b0\u01a1ng h\u1ed7 ti\u1ebfng T\u00e2y Ban Nha)\r\n                <\/p>\r\n              <\/li>\r\n              <li>\r\n                <p class=\"init\">\r\n                  Du h\u1ecdc \u1edf T\u00e2y Ban Nha, Mexico\r\n                <\/p>\r\n              <\/li>\r\n            <\/ul>\r\n            <p class=\"text\">\r\n              V\u1edbi ng\u00e0nh Ng\u00f4n ng\u1eef T\u00e2y Ban Nha, sinh vi\u00ean \u0111\u01b0\u1ee3c khuy\u1ebfn kh\u00edch du h\u1ecdc d\u00e0i h\u1ea1n \u0111\u1ec3 b\u01b0\u1edbc ra th\u1ebf gi\u1edbi v\u1edbi t\u01b0 c\u00e1ch l\u00e0 ng\u01b0\u1eddi s\u1eed d\u1ee5ng ng\u00f4n ng\u1eef c\u1ee7a kho\u1ea3ng 400 tri\u1ec7u ng\u01b0\u1eddi. Ch\u00fang t\u00f4i \u0111\u00e3 thi\u1ebft l\u1eadp ch\u01b0\u01a1ng tr\u00ecnh gi\u1ea3ng d\u1ea1y [H\u1ecdc t\u1eadp t\u01b0\u01a1ng h\u1ed7\/\u0111\u00e0o t\u1ea1o ng\u00f4n ng\u1eef tr\u1ef1c tuy\u1ebfn] \u0111\u1ed9c \u0111\u00e1o \u0111\u1ec3 sinh vi\u00ean c\u00f3 th\u1ec3 t\u1eebng b\u01b0\u1edbc hi\u1ec3u bi\u1ebft v\u1ec1 ng\u00f4n ng\u1eef v\u00e0 n\u1ec1n v\u0103n h\u00f3a T\u00e2y Ban Nha.\r\n            <\/p>\r\n          <\/section>\r\n          <section class=\"pmS\">\r\n            <h4 class=\"pmS\">\r\n              \u56fd\u969b\u65e5\u672cNg\u00e0nh Ng\u00f4n ng\u1eef Nh\u1eadt Qu\u1ed1c t\u1ebf\u8a9e\u5b66\u79d1\r\n            <\/h4>\r\n            <p class=\"text textOrange bold\">\u0110i\u1ec3m \u0111\u1eb7c s\u1eafc 1 <br>H\u01b0\u1edbng \u0111\u1ebfn m\u1ee5c ti\u00eau tr\u1edf th\u00e0nh ng\u01b0\u1eddi s\u1eed d\u1ee5ng (ng\u01b0\u1eddi giao ti\u1ebfp) ti\u1ebfng Nh\u1eadt xu\u1ea5t s\u1eafc<\/p>\r\n            <p class=\"text pmSS\">V\u1edbi m\u1ee5c ti\u00eau gi\u1ea3i quy\u1ebft v\u1ea5n \u0111\u1ec1 th\u00f4ng qua giao ti\u1ebfp th\u00e0nh th\u1ea1o, sinh vi\u00ean s\u1ebd \u0111\u01b0\u1ee3c h\u1ecdc t\u1eadp chuy\u00ean s\u00e2u v\u1ec1 ki\u1ebfn \u200b\u200bth\u1ee9c v\u00e0 c\u00e1ch di\u1ec5n \u0111\u1ea1t ti\u1ebfng Nh\u1eadt, \u0111\u1ed3ng th\u1eddi n\u00e2ng cao kh\u1ea3 n\u0103ng v\u1eadn d\u1ee5ng ti\u1ebfng Nh\u1eadt c\u1ee7a m\u00ecnh.<\/p>\r\n            <p class=\"text textOrange bold\">\u0110i\u1ec3m \u0111\u1eb7c s\u1eafc 2<br> H\u01b0\u1edbng \u0111\u1ebfn m\u1ee5c ti\u00eau tr\u1edf th\u00e0nh ng\u01b0\u1eddi chuy\u1ec3n t\u1ea3i ti\u1ebfng Nh\u1eadt v\u00e0 v\u0103n h\u00f3a Nh\u1eadt B\u1ea3n xu\u1ea5t s\u1eafc<\/p>\r\n            <p class=\"text pmSS\">Sinh vi\u00ean s\u1ebd \u0111\u01b0\u1ee3c h\u1ecdc t\u1eadp ti\u1ebfng Nh\u1eadt v\u00e0 v\u0103n h\u00f3a Nh\u1eadt B\u1ea3n t\u1eeb nhi\u1ec1u quan \u0111i\u1ec3m \u0111a d\u1ea1ng \u0111\u1ec3 c\u00f3 th\u1ec3 chuy\u1ec3n t\u1ea3i s\u1ee9c h\u1ea5p d\u1eabn c\u1ee7a Nh\u1eadt B\u1ea3n tr\u00ean c\u01b0\u01a1ng v\u1ecb l\u00e0 m\u1ed9t c\u00f4ng d\u00e2n qu\u1ed1c t\u1ebf. Ch\u00fang t\u00f4i c\u00f3 c\u00e1c gi\u00e1o s\u01b0 gi\u00e0u kinh nghi\u1ec7m trong c\u00e1c ho\u1ea1t \u0111\u1ed9ng truy\u1ec1n th\u00f4ng.<\/p>\r\n            <p class=\"text textOrange bold\">\u0110i\u1ec3m \u0111\u1eb7c s\u1eafc 3<br> Sinh vi\u00ean ng\u01b0\u1eddi Nh\u1eadt v\u00e0 du h\u1ecdc sinh kh\u00edch l\u1ec7 l\u1eabn nhau trong qu\u00e1 tr\u00ecnh h\u1ecdc t\u1eadp<\/p>\r\n            <p class=\"text pmSS\">V\u1edbi s\u1ed1 l\u01b0\u1ee3ng g\u1ea7n nh\u01b0 b\u1eb1ng nhau, c\u00e1c sinh ng\u01b0\u1eddi Nh\u1eadt v\u00e0 c\u00e1c du h\u1ecdc sinh c\u00f3 th\u1ec3 trang b\u1ecb cho b\u1ea3n th\u00e2n nh\u1eadn th\u1ee9c qu\u1ed1c t\u1ebf m\u1ed9t c\u00e1ch t\u1ef1 nhi\u00ean th\u00f4ng qua qu\u00e1 tr\u00ecnh c\u00f9ng nhau h\u1ecdc t\u1eadp h\u1eb1ng ng\u00e0y.<\/p>\r\n            <p class=\"text textOrange bold\">\u0110i\u1ec3m \u0111\u1eb7c s\u1eafc 4<br> Trang b\u1ecb cho b\u1ea3n th\u00e2n kh\u1ea3 n\u0103ng ngo\u1ea1i ng\u1eef (ti\u1ebfng Anh, ti\u1ebfng Trung, ti\u1ebfng T\u00e2y Ban Nha)<\/p>\r\n            <p class=\"text\">Sinh vi\u00ean c\u00f3 th\u1ec3 h\u1ecdc ti\u1ebfng Anh, ti\u1ebfng Trung ho\u1eb7c ti\u1ebfng T\u00e2y Ban Nha nh\u01b0 m\u1ed9t m\u00f4n ngo\u1ea1i ng\u1eef chuy\u00ean ng\u00e0nh ph\u1ee5 \u0111\u1ec3 c\u00f3 th\u1ec3 giao ti\u1ebfp kh\u00f4ng ch\u1ec9 b\u1eb1ng ti\u1ebfng Nh\u1eadt m\u00e0 c\u00f2n b\u1eb1ng c\u00e1c ng\u00f4n ng\u1eef kh\u00e1c.<\/p>\r\n          <\/section>\r\n        <\/section>\r\n\r\n\r\n        <section class=\"pmM\">\r\n          <h3>\r\n            H\u1ecdc t\u1eadp \u0111\u1ecbnh h\u01b0\u1edbng t\u01b0\u01a1ng lai, li\u00ean quan tr\u1ef1c ti\u1ebfp \u0111\u1ebfn l\u1ef1a ch\u1ecdn l\u1ed9 tr\u00ecnh c\u00f4ng vi\u1ec7c mang t\u00ednh to\u00e0n c\u1ea7u\r\n          <\/h3>\r\n          <section class=\"pmS\">\r\n            <h4 class=\"pmS\">\r\n              Ngo\u1ea1i ng\u1eef\r\n            <\/h4>\r\n            <div class=\"graphListBox pmM\">\r\n              <table>\r\n                <tr>\r\n                  <td class=\"graphGrayLabel\">\r\n                    <p class=\"init\">B\u1eaft bu\u1ed9c<\/p>\r\n                  <\/td>\r\n                  <td>\r\n                    Ng\u00f4n ng\u1eef chuy\u00ean ng\u00e0nh\r\n                  <\/td>\r\n                <\/tr>\r\n                <tr>\r\n                  <td class=\"graphGrayLabel\">\r\n                    <p class=\"init\">T\u1ef1 ch\u1ecdn<\/p>\r\n                  <\/td>\r\n                  <td>\r\n                    T\u1ef1 ch\u1ecdn: Ti\u1ebfng Anh\/Ti\u1ebfng Trung\/Ti\u1ebfng T\u00e2y Ban Nha\/Ti\u1ebfng Ph\u00e1p\/Ti\u1ebfng \u0110\u1ee9c\/Ti\u1ebfng H\u00e0n\/Ti\u1ebfng Nh\u1eadt (Ch\u1ec9 du h\u1ecdc sinh ng\u01b0\u1eddi n\u01b0\u1edbc ngo\u00e0i)\r\n                  <\/td>\r\n                <\/tr>\r\n              <\/table>\r\n            <\/div>\r\n          <\/section>\r\n        <\/section>\r\n\r\n\r\n\r\n        <section class=\"pmM\">\r\n          <h3>Ch\u01b0\u01a1ng tr\u00ecnh du h\u1ecdc n\u01b0\u1edbc ngo\u00e0i \u0111\u1ed9c \u0111\u00e1o c\u1ee7a Khoa Ngo\u1ea1i ng\u1eef<\/h3>\r\n          <p class=\"text pmS\">\r\n            H\u1eb1ng n\u0103m, c\u00f3 r\u1ea5t nhi\u1ec1u sinh vi\u00ean c\u1ee7a Khoa Ngo\u1ea1i ng\u1eef c\u00f3 c\u01a1 h\u1ed9i tr\u1ea3i nghi\u1ec7m du h\u1ecdc t\u1ea1i c\u00e1c tr\u01b0\u1eddng h\u1ee3p t\u00e1c v\u1edbi Khoa \u1edf n\u01b0\u1edbc ngo\u00e0i.\r\n            Ngay c\u1ea3 khi b\u1ea1n \u0111i du h\u1ecdc nhi\u1ec1u l\u1ea7n, b\u1ea1n v\u1eabn c\u00f3 th\u1ec3 t\u1ed1t nghi\u1ec7p trong 4 n\u0103m nh\u1edd v\u00e0o vi\u1ec7c c\u00e1c t\u00edn ch\u1ec9 b\u1ea1n \u0111\u1ea1t \u0111\u01b0\u1ee3c t\u1ea1i tr\u01b0\u1eddng n\u01a1i b\u1ea1n du h\u1ecdc s\u1ebd \u0111\u01b0\u1ee3c c\u00f4ng nh\u1eadn l\u00e0 t\u00edn ch\u1ec9 t\u1ed1t nghi\u1ec7p trong ph\u1ea1m vi nh\u1ea5t \u0111\u1ecbnh. Ch\u00fang t\u00f4i c\u00f3 h\u1ec7 th\u1ed1ng h\u1ed7 tr\u1ee3 m\u1ea1nh m\u1ebd cho nh\u1eefng sinh vi\u00ean mong mu\u1ed1n \u0111\u01b0\u1ee3c h\u1ecdc t\u1eadp t\u1ea1i n\u01b0\u1edbc ngo\u00e0i.\r\n          <\/p>\r\n          <section class=\"pmS\">\r\n            <h4 class=\"pmS\">\r\n              Ch\u01b0\u01a1ng tr\u00ecnh \u0111\u00e0o t\u1ea1o ng\u1eafn h\u1ea1n\r\n\r\n            <\/h4>\r\n            <div class=\"graphListBox pmM\">\r\n              <table>\r\n                <tr>\r\n                  <td class=\"graphGrayLabel\">\r\n                    <p class=\"init\">\r\n                      Ng\u00e0nh Ng\u00f4n ng\u1eef Anh\r\n                    <\/p>\r\n                  <\/td>\r\n                  <td>\r\n                    \u0110\u1ea1i h\u1ecdc Winchester [Anh]\/Vi\u1ec7n \u0110\u1ea1i h\u1ecdc New South Wales (Australia)\/Tr\u01b0\u1eddng Cao \u0111\u1eb3ng Langara [Canada]\r\n\r\n                  <\/td>\r\n                <\/tr>\r\n                <tr>\r\n                  <td class=\"graphGrayLabel\">\r\n                    <p class=\"init\">\r\n                      Ng\u00e0nh Ng\u00f4n ng\u1eef Trung\r\n                    <\/p>\r\n                  <\/td>\r\n                  <td>\r\n                    \u0110\u1ea1i h\u1ecdc B\u1eafc Kinh [Trung Qu\u1ed1c] ho\u1eb7c \u0110\u1ea1i h\u1ecdc \u0110\u00f4ng Ng\u00f4 [\u0110\u00e0i Loan]\r\n                  <\/td>\r\n                <\/tr>\r\n                <tr>\r\n                  <td class=\"graphGrayLabel\">\r\n                    <p class=\"init\">\r\n                      Ng\u00e0nh Ng\u00f4n ng\u1eef T\u00e2y Ban Nha\r\n                    <\/p>\r\n                  <\/td>\r\n                  <td>\r\n                    \u0110\u1ea1i h\u1ecdc Salamanca [T\u00e2y Ban Nha]\r\n                  <\/td>\r\n                <\/tr>\r\n              <\/table>\r\n            <\/div>\r\n          <\/section>\r\n\r\n          <?php get_template_part('\/inc\/_page_fee'); ?>\r\n\r\n        <\/section>\r\n      <\/section>\r\n\r\n      <section>\r\n        <h2>\r\n          Khoa Ngo\u1ea1i ng\u1eef<\/h2>\r\n        <div class=\"centerBox\">\r\n          <div class=\"btnLink blankLink\">\r\n            <a target=\"_blank\" href=\"https:\/\/ffl.takushoku-u.ac.jp\/\" rel=\"noopener\">\r\n              <div class=\"pageIcon\"><img src=\"\/vi\/wp-content\/themes\/takushoku\/images\/common\/icon\/blank.svg\" alt=\"\"><\/div>\r\n              <div class=\"naviText\">\r\n                Khoa Ngo\u1ea1i ng\u1eef B\u1ea5m v\u00e0o \u0111\u00e2y \u0111\u1ec3 xem trang g\u1ed1c<\/div>\r\n            <\/a>\r\n          <\/div>\r\n          <div class=\"jpLink\">(B\u1ea5m v\u00e0o \u0111\u00e2y \u0111\u1ec3 xem trang ti\u1ebfng Nh\u1eadt)<\/div>\r\n        <\/div>\r\n      <\/section>\r\n\r\n\r\n    <\/div>\r\n  <\/div>","protected":false},"excerpt":{"rendered":"M\u1edf c\u1eeda th\u1ebf gi\u1edbi v\u00e0 t\u01b0\u01a1ng lai b\u1eb1ng ti\u1ebfng Anh, ti\u1ebfng Trung, ti\u1ebfng T\u00e2y Ban Nha, ti\u1ebfng Nh\u1eadt B\u1ea1n c\u00f3 \u01b0\u1edbc m\u01a1 \u201cMong mu\u1ed1n ho\u1ea1t \u0111\u1ed9ng t\u00edch c\u1ef1c tr\u00ean \u0111\u1ea5u tr\u01b0\u1eddng qu\u1ed1c t\u1ebf\u201d? \u0110\u1ec3 l\u00e0m \u0111\u01b0\u1ee3c \u0111i\u1ec1u n\u00e0y, b\u1ea1n c\u1ea7n c\u00f3 kh\u1ea3 n\u0103ng &#8230;","protected":false},"author":1,"featured_media":0,"parent":38,"menu_order":0,"comment_status":"closed","ping_status":"closed","template":"template\/pageTemp2.php","meta":[],"acf":[],"_links":{"self":[{"href":"https:\/\/lang.takushoku-u.ac.jp\/vi\/wp-json\/wp\/v2\/pages\/45"}],"collection":[{"href":"https:\/\/lang.takushoku-u.ac.jp\/vi\/wp-json\/wp\/v2\/pages"}],"about":[{"href":"https:\/\/lang.takushoku-u.ac.jp\/vi\/wp-json\/wp\/v2\/types\/page"}],"author":[{"embeddable":true,"href":"https:\/\/lang.takushoku-u.ac.jp\/vi\/wp-json\/wp\/v2\/users\/1"}],"replies":[{"embeddable":true,"href":"https:\/\/lang.takushoku-u.ac.jp\/vi\/wp-json\/wp\/v2\/comments?post=45"}],"version-history":[{"count":0,"href":"https:\/\/lang.takushoku-u.ac.jp\/vi\/wp-json\/wp\/v2\/pages\/45\/revisions"}],"up":[{"embeddable":true,"href":"https:\/\/lang.takushoku-u.ac.jp\/vi\/wp-json\/wp\/v2\/pages\/38"}],"wp:attachment":[{"href":"https:\/\/lang.takushoku-u.ac.jp\/vi\/wp-json\/wp\/v2\/media?parent=45"}],"curies":[{"name":"wp","href":"https:\/\/api.w.org\/{rel}","templated":true}]}}