{"id":34,"date":"2019-02-15T23:09:01","date_gmt":"2019-02-15T14:09:01","guid":{"rendered":"http:\/\/localhost\/vn\/?page_id=34"},"modified":"2022-04-07T12:11:45","modified_gmt":"2022-04-07T03:11:45","slug":"movie","status":"publish","type":"page","link":"https:\/\/lang.takushoku-u.ac.jp\/vi\/information\/movie\/","title":{"rendered":"\u0110o\u1ea1n phim gi\u1edbi thi\u1ec7u tr\u01b0\u1eddng \u0111\u1ea1i h\u1ecdc"},"content":{"rendered":"  <div class=\"pageMainContentsBack\">\r\n    <div class=\"pageMainContents\">\r\n      <section class=\"pmM\">\r\n        <h3>V\u01b0\u1ee3t bi\u00ean gi\u1edbi, v\u01b0\u1ee3t qua nhi\u1ec1u th\u1ebf k\u1ef7-L\u1ecbch s\u1eed c\u1ee7a \u0110\u1ea1i h\u1ecdc Takushoku-<\/h3>\r\n        <div class=\"pmS\">\r\n          <div class=\"movieWrap\"><iframe loading=\"lazy\" src=\"https:\/\/www.youtube.com\/embed\/_fWBWdPw4nI\" width=\"560\" height=\"315\" frameborder=\"0\" allowfullscreen=\"allowfullscreen\"><\/iframe><\/div>\r\n        <\/div>\r\n      <\/section>\r\n      <section>\r\n        <h3>\u00dd ch\u00ed m\u1ea1nh m\u1ebd \u0111\u1ec3 \u0111\u1ed1i m\u1eb7t v\u1edbi b\u1ea5t k\u1ef3 th\u1eed th\u00e1ch n\u00e0o-\u0110\u1ea1i h\u1ecdc Takushoku ng\u00e0y nay-<\/h3>\r\n        <div class=\"pmS\">\r\n          <div class=\"movieWrap\"><iframe loading=\"lazy\" src=\"https:\/\/www.youtube.com\/embed\/YZeV74mCy4E\" width=\"854\" height=\"480\" frameborder=\"0\" allowfullscreen=\"allowfullscreen\"><\/iframe><\/div>\r\n        <\/div>\r\n      <\/section>\r\n    <\/div>\r\n    <div class=\"linkSource\">\r\n\r\n      <span class=\"pageIcon\"><img src=\"\/vi\/wp-content\/themes\/takushoku\/images\/common\/icon\/blank.svg\" \/><\/span>\r\n      <p class=\"pageText\">B\u1ea5m v\u00e0o \u0111\u00e2y \u0111\u1ec3 xem trang ti\u1ebfng Nh\u1eadt<a href=\"https:\/\/www.takushoku-u.ac.jp\/summary\/movie.html\" target=\"_blank\" rel=\"noopener noreferrer\">Li\u00ean k\u1ebft<\/a><\/p>\r\n\r\n    <\/div>\r\n  <\/div>","protected":false},"excerpt":{"rendered":"V\u01b0\u1ee3t bi\u00ean gi\u1edbi, v\u01b0\u1ee3t qua nhi\u1ec1u th\u1ebf k\u1ef7-L\u1ecbch s\u1eed c\u1ee7a \u0110\u1ea1i h\u1ecdc Takushoku- \u00dd ch\u00ed m\u1ea1nh m\u1ebd \u0111\u1ec3 \u0111\u1ed1i m\u1eb7t v\u1edbi b\u1ea5t k\u1ef3 th\u1eed th\u00e1ch n\u00e0o-\u0110\u1ea1i h\u1ecdc Takushoku ng\u00e0y nay- B\u1ea5m v\u00e0o \u0111\u00e2y \u0111\u1ec3 xem trang ti\u1ebfng Nh\u1eadtLi\u00ean k\u1ebft","protected":false},"author":1,"featured_media":0,"parent":7,"menu_order":0,"comment_status":"closed","ping_status":"closed","template":"template\/pageTemp1.php","meta":[],"acf":[],"_links":{"self":[{"href":"https:\/\/lang.takushoku-u.ac.jp\/vi\/wp-json\/wp\/v2\/pages\/34"}],"collection":[{"href":"https:\/\/lang.takushoku-u.ac.jp\/vi\/wp-json\/wp\/v2\/pages"}],"about":[{"href":"https:\/\/lang.takushoku-u.ac.jp\/vi\/wp-json\/wp\/v2\/types\/page"}],"author":[{"embeddable":true,"href":"https:\/\/lang.takushoku-u.ac.jp\/vi\/wp-json\/wp\/v2\/users\/1"}],"replies":[{"embeddable":true,"href":"https:\/\/lang.takushoku-u.ac.jp\/vi\/wp-json\/wp\/v2\/comments?post=34"}],"version-history":[{"count":0,"href":"https:\/\/lang.takushoku-u.ac.jp\/vi\/wp-json\/wp\/v2\/pages\/34\/revisions"}],"up":[{"embeddable":true,"href":"https:\/\/lang.takushoku-u.ac.jp\/vi\/wp-json\/wp\/v2\/pages\/7"}],"wp:attachment":[{"href":"https:\/\/lang.takushoku-u.ac.jp\/vi\/wp-json\/wp\/v2\/media?parent=34"}],"curies":[{"name":"wp","href":"https:\/\/api.w.org\/{rel}","templated":true}]}}