{"id":325,"date":"2019-03-19T13:39:31","date_gmt":"2019-03-19T04:39:31","guid":{"rendered":"http:\/\/localhost\/vn\/?page_id=325"},"modified":"2019-04-04T11:19:12","modified_gmt":"2019-04-04T02:19:12","slug":"movie-usa","status":"publish","type":"page","link":"https:\/\/lang.takushoku-u.ac.jp\/vi\/life-movie\/vietnamese\/movie-usa\/","title":{"rendered":"RICHARD DELIK PERKINS (Ti\u1ebfng vi\u1ec7t)"},"content":{"rendered":"<div class=\"mainPage\">\r\n\r\n  <div class=\"lifeMoviePage\">\r\n\r\n\r\n    <!-- \u30bf\u30a4\u30c8\u30eb -->\r\n    <div class=\"lifeMovieTitleBoxDetails movie06\">\r\n      <div class=\"stripeMask\"><\/div>\r\n      <div class=\"lifeMovieTitle\">\r\n        <h2><span class=\"orange\">TAKUSHOKU<\/span><br> LIFE MOVIE<\/h2>\r\n      <\/div>\r\n    <\/div>\r\n\r\n    <!-- \u8a00\u8a9e\u9078\u629e\u30dc\u30bf\u30f3 -->\r\n    <?php get_template_part('\/inc\/_life-movie-languageBt'); ?>\r\n\r\n\r\n    <!-- \u52d5\u753b\u30e1\u30a4\u30f3\u30bf\u30a4\u30c8\u30eb -->\r\n    <div class=\"lifeMovieTitleMain\">\r\n\r\n      <div class=\"movieBox\">\r\n        <div class=\"movieleftBox\">\r\n          <div class=\"playBt\">\r\n            <div class=\"comingVideo\">\r\n              <div class=\"dottLine\"><\/div>\r\n              <div class=\"playIcon\"><\/div>\r\n            <\/div>\r\n            <p class=\"init\">Coming Soon<\/p>\r\n            <!-- <a href=\"https:\/\/www.youtube.com\/embed\/\u3053\u308c?autoplay=1\" class=\"video\">\r\n              <div class=\"dottLine\"><\/div>\r\n              <div class=\"playIcon\"><\/div>\r\n            <\/a>\r\n            <p class=\"init\">PLAY MOVIE<\/p> -->\r\n          <\/div>\r\n          <div class=\"stripeMask\"><\/div>\r\n          <video src=\"<?php url(); ?>\/movie\/movie06.mp4&#8243; poster=&#8221;<?php url(); ?>\/images\/lifemovie\/movie06_sp.jpg&#8221; autoplay playsinline loop mute><\/video>\r\n          <div class=\"spDaitai\"><img src=\"<?php url(); ?>\/images\/lifemovie\/movie06_sp.jpg&#8221;><\/div>\r\n        <\/div>\r\n        <div class=\"gakunenTextSP\">* T\u1ea5t c\u1ea3 n\u1ed9i dung \u0111\u0103ng t\u1ea3i n\u00e0y \u0111\u1ec1u l\u00e0 n\u1ed9i dung v\u00e0o th\u1eddi \u0111i\u1ec3m l\u1ea5y th\u00f4ng tin (th\u00e1ng 1 n\u0103m 2018). C\u00f3 th\u1ec3 c\u00f3 s\u1ef1 kh\u00e1c bi\u1ec7t so v\u1edbi n\u1ed9i dung v\u00e0 t\u00ecnh h\u00ecnh hi\u1ec7n t\u1ea1i.<\/div>\r\n        <h2>B\u1ecb quy\u1ebfn r\u0169 b\u1edfi n\u00e9t \u0111\u1eb9p <br>\r\n          c\u1ee7a Nh\u1eadt B\u1ea3n c\u1ed5 x\u01b0a<\/h2>\r\n        <div class=\"specText\">\r\n          <div class=\"textBox\">\r\n            <div class=\"country\">\r\n              <div class=\"pageIcon\"><img src=\"<?php url(); ?>\/images\/common\/icon\/us.svg&#8221; alt=&#8221;USA&#8221;><\/div>\r\n              <div class=\"naviText\">USA<\/div>\r\n            <\/div>\r\n            <h3>RICHARD DEREK PERKINS<\/h3>\r\n            <p class=\"init\">C\u01a1 s\u1edf qu\u1ed1c t\u1ebf Hachioji<\/p>\r\n            <p class=\"init\">Chuy\u00ean ng\u00e0nh Qu\u1ed1c t\u1ebf,<\/p>\r\n            <p class=\"init\">Khoa qu\u1ed1c t\u1ebf, <\/p>\r\n            <p class=\"init\">n\u0103m th\u1ee9 4<\/p>\r\n          <\/div>\r\n        <\/div>\r\n      <\/div>\r\n      <div class=\"gakunenTextPC\">* T\u1ea5t c\u1ea3 n\u1ed9i dung \u0111\u0103ng t\u1ea3i n\u00e0y \u0111\u1ec1u l\u00e0 n\u1ed9i dung v\u00e0o th\u1eddi \u0111i\u1ec3m l\u1ea5y th\u00f4ng tin (th\u00e1ng 1 n\u0103m 2018). C\u00f3 th\u1ec3 c\u00f3 s\u1ef1 kh\u00e1c bi\u1ec7t so v\u1edbi n\u1ed9i dung v\u00e0 t\u00ecnh h\u00ecnh hi\u1ec7n t\u1ea1i.<\/div>\r\n    <\/div>\r\n\r\n\r\n  <!-- 01-\u767b\u6821 -->\r\n  <div class=\"lifeBoxParent boxHeight01\">\r\n    <div class=\"lifeBox boxShape01\">\r\n\r\n      <!-- \u8aac\u660e -->\r\n      <div class=\"detailsBoxParent01\">\r\n      <div class=\"detailsBox\" id=\"movieText01\">\r\n        <div class=\"dottLineBox\"><\/div>\r\n        <div class=\"watch\">\r\n          <div class=\"icon\"><img src=\"<?php url(); ?>\/images\/common\/icon\/watch.svg&#8221; alt=&#8221;watch&#8221;><\/div>\r\n          <p class=\"init\">9:10<\/p>\r\n          <div class=\"dottLine\"><\/div>\r\n        <\/div>\r\n        <div class=\"textBox\">\r\n          <h3>\u0110i \u0111\u1ebfn tr\u01b0\u1eddng<\/h3>\r\n          <p class=\"init\">T\u00f4i \u0111i \u0111\u1ebfn C\u01a1 s\u1edf qu\u1ed1c t\u1ebf Hachioji t\u1eeb ga Takao g\u1ea7n nh\u1ea5t b\u1eb1ng xe bu\u00fdt (th\u1eddi gian c\u1ea7n thi\u1ebft: kho\u1ea3ng 5 ph\u00fat) ho\u1eb7c c\u0169ng c\u00f3 khi \u0111i b\u1ed9 t\u1eeb ga khi c\u00f3 nhi\u1ec1u th\u1eddi gian. (Th\u1eddi gian c\u1ea7n thi\u1ebft: kho\u1ea3ng 30 ph\u00fat)Ga Takao c\u00f3 hai tuy\u1ebfn \u0111i qua l\u00e0 tuy\u1ebfn JR Chuo v\u00e0 tuy\u1ebfn Keio, \u0111i t\u1eeb trung t\u00e2m th\u1ee7 \u0111\u00f4 t\u1edbi c\u0169ng r\u1ea5t ti\u1ec7n l\u1ee3i.H\u01a1n n\u1eefa c\u00f2n c\u00f3 nhi\u1ec1u c\u1eeda h\u00e0ng \u0103n u\u1ed1ng xung quanh ga, \u0111\u1eb7c bi\u1ec7t t\u00f4i r\u1ea5t th\u00edch c\u1eeda h\u00e0ng m\u00ec Ramen \u1edf tr\u01b0\u1edbc c\u1eeda ga.<\/p>\r\n        <\/div>\r\n      <\/div>\r\n      <!-- \u6b69\u304d -->\r\n      <div class=\"walk\" id=\"movieWakl01\">\r\n        <picture>\r\n          <source media=\"(min-width: 480px)\" srcset=\"<?php url(); ?>\/images\/lifemovie\/movie06_walk01.png 1x, <?php url(); ?>\/images\/lifemovie\/movie06_walk01@2x.png 2x&#8221;>\r\n          <img src=\"\" alt=\"\">\r\n        <\/picture>\r\n      <\/div>\r\n    <\/div>\r\n\r\n      <!-- \u30a4\u30e1\u30fc\u30b8\u5199\u771f -->\r\n      <picture class=\"lifeImg\" id=\"movieImg01\">\r\n        <div class=\"slideMove\"><\/div>\r\n        <source media=\"(min-width: 480px)\" srcset=\"<?php url(); ?>\/images\/lifemovie\/movie06_img01.jpg 1x, <?php url(); ?>\/images\/lifemovie\/movie06_img01@2x.jpg 2x&#8221;>\r\n        <img src=\"<?php url(); ?>\/images\/lifemovie\/movie06_img01_sp.jpg&#8221; alt=&#8221;RICHARD DEREK PERKINS&#8221;>\r\n      <\/picture>\r\n\r\n    <\/div>\r\n  <\/div>\r\n\r\n\r\n\r\n\r\n  <!-- 02-\u81ea\u8a3b\u6642\u9593 -->\r\n  <div class=\"lifeBoxParent\">\r\n    <div class=\"lifeBox boxShape02 boxHeightImg\">\r\n      <!-- \u8aac\u660e -->\r\n      <div class=\"detailsBox\" id=\"movieText02\">\r\n        <div class=\"dottLineBox\"><\/div>\r\n        <div class=\"watch\">\r\n          <div class=\"icon\"><img src=\"<?php url(); ?>\/images\/common\/icon\/watch.svg&#8221; alt=&#8221;watch&#8221;><\/div>\r\n          <p class=\"init\">11:15<\/p>\r\n          <div class=\"dottLine\"><\/div>\r\n        <\/div>\r\n        <div class=\"textBox\">\r\n          <h3>Th\u1eddi gian t\u1ef1 do<\/h3>\r\n          <p class=\"init\">\r\n          N\u01a1i \u0111\u00e2y c\u00f3 ph\u00f2ng h\u1ed7 tr\u1ee3 sinh vi\u00ean v\u1edbi c\u00e1c gi\u00e1o vi\u00ean t\u01b0 v\u1ea5n r\u1ea5t th\u00e2n thi\u1ec7n khi b\u1ea1n g\u1eb7p r\u1eafc r\u1ed1i trong cu\u1ed9c s\u1ed1ng t\u1ea1i Nh\u1eadt B\u1ea3n ho\u1eb7c g\u1eb7p kh\u00f3 kh\u0103n khi t\u00ecm vi\u1ec7c l\u00e0m. T\u00f4i c\u0169ng th\u01b0\u1eddng \u0111\u1ebfn \u0111\u00e2y \u0111\u1ec3 \u0111\u01b0\u1ee3c t\u01b0 v\u1ea5n v\u00e0o gi\u1edd tr\u1ed1ng gi\u1eefa c\u00e1c gi\u1edd h\u1ecdc. C\u00e1c gi\u00e1o vi\u00ean t\u1ed1t b\u1ee5ng nh\u01b0 ng\u01b0\u1eddi trong gia \u0111\u00ecnh, h\u1ecd l\u00e0 ngu\u1ed3n c\u1ed5 v\u0169 l\u1edbn \u0111\u1ed1i v\u1edbi t\u00f4i v\u00e0 t\u00f4i \u0111\u01b0\u1ee3c h\u1ecd gi\u00fap \u0111\u1ee1 r\u1ea5t nhi\u1ec1u. Ph\u00f2ng h\u1ed7 tr\u1ee3 sinh vi\u00ean c\u00f2n th\u00fac \u0111\u1ea9y c\u00e1c ho\u1ea1t \u0111\u1ed9ng t\u00ecnh nguy\u1ec7n c\u1ee7a sinh vi\u00ean v\u00e0 vi\u1ec7c tham gia ho\u1ea1t \u0111\u1ed9ng t\u00ecnh nguy\u1ec7n v\u1edbi c\u00e1c gi\u00e1o vi\u00ean l\u00e0 m\u1ed9t t\u00e0i s\u1ea3n l\u1edbn \u0111\u1ed1i v\u1edbi t\u00f4i.\r\n          <\/p>\r\n        <\/div>\r\n      <\/div>\r\n\r\n      <!-- \u30a4\u30e1\u30fc\u30b8\u5199\u771f -->\r\n      <picture class=\"lifeImg\" id=\"movieImg02\">\r\n        <div class=\"slideMove\"><\/div>\r\n        <source media=\"(min-width: 480px)\" srcset=\"<?php url(); ?>\/images\/lifemovie\/movie06_img02.jpg 1x, <?php url(); ?>\/images\/lifemovie\/movie06_img02@2x.jpg 2x&#8221;>\r\n        <img src=\"<?php url(); ?>\/images\/lifemovie\/movie06_img02_sp.jpg&#8221; alt=&#8221;RICHARD DEREK PERKINS&#8221;>\r\n      <\/picture>\r\n\r\n      <!-- \u6b69\u304d -->\r\n      <div class=\"walk\" id=\"movieWakl02\">\r\n        <picture>\r\n          <source media=\"(min-width: 480px)\" srcset=\"<?php url(); ?>\/images\/lifemovie\/movie06_walk02.png 1x, <?php url(); ?>\/images\/lifemovie\/movie06_walk02@2x.png 2x&#8221;>\r\n          <img src=\"\" alt=\"\">\r\n        <\/picture>\r\n      <\/div>\r\n\r\n    <\/div>\r\n  <\/div>\r\n\r\n  <!-- 03-\u30e9\u30f3\u30c1 -->\r\n  <div class=\"lifeBoxParent boxHeight01\">\r\n    <div class=\"lifeBox boxShape01\">\r\n\r\n      <!-- \u8aac\u660e -->\r\n      <div class=\"detailsBoxParent01\">\r\n      <div class=\"detailsBox\" id=\"movieText03\">\r\n        <div class=\"dottLineBox\"><\/div>\r\n        <div class=\"watch\">\r\n          <div class=\"icon\"><img src=\"<?php url(); ?>\/images\/common\/icon\/watch.svg&#8221; alt=&#8221;watch&#8221;><\/div>\r\n          <p class=\"init\">12:30<\/p>\r\n          <div class=\"dottLine\"><\/div>\r\n        <\/div>\r\n        <div class=\"textBox\">\r\n          <h3>B\u1eefa tr\u01b0a<\/h3>\r\n          <p class=\"init\">\r\n          B\u00e2y gi\u1edd t\u00f4i \u0111\u00e3 quen v\u1edbi c\u00e1c m\u00f3n \u0103n c\u1ee7a Nh\u1eadt B\u1ea3n v\u00e0 t\u00f4i c\u0169ng r\u1ea5t th\u00edch m\u00f3n m\u00ec Soba. M\u00ec Soba l\u00e0 m\u00f3n m\u00ec ri\u00eang c\u00f3 c\u1ee7a Nh\u1eadt B\u1ea3n, c\u00f3 l\u1ecbch s\u1eed l\u00e2u \u0111\u1eddi v\u00e0 \u0111\u01b0\u1ee3c coi l\u00e0 m\u1ed9t m\u00f3n \u0103n \u0111\u1eb7c tr\u01b0ng c\u1ee7a Nh\u1eadt B\u1ea3n c\u00f9ng v\u1edbi c\u00e1c m\u00f3n g\u1ecfi c\u00e1 Sushi v\u00e0 m\u00f3n chi\u00ean Tempura. C\u00f3 th\u1ec3 th\u01b0\u1edfng th\u1ee9c nhi\u1ec1u h\u01b0\u01a1ng v\u1ecb kh\u00e1c nhau r\u1ea5t ngon nh\u01b0 \u0103n n\u00f3ng, \u0103n ngu\u1ed9i, ho\u1eb7c c\u00e1c h\u01b0\u01a1ng v\u1ecb t\u00f9y thu\u1ed9c v\u00e0o c\u00e1c m\u00f3n \u0111i k\u00e8m.\r\n          <\/p>\r\n        <\/div>\r\n      <\/div>\r\n      <!-- \u6b69\u304d -->\r\n      <div class=\"walk\" id=\"movieWakl03\">\r\n        <picture>\r\n          <source media=\"(min-width: 480px)\" srcset=\"<?php url(); ?>\/images\/lifemovie\/movie06_walk03.png 1x, <?php url(); ?>\/images\/lifemovie\/movie06_walk03@2x.png 2x&#8221;>\r\n          <img src=\"\" alt=\"\">\r\n        <\/picture>\r\n      <\/div>\r\n\r\n    <\/div>\r\n\r\n      <!-- \u30a4\u30e1\u30fc\u30b8\u5199\u771f -->\r\n      <picture class=\"lifeImg\" id=\"movieImg03\">\r\n        <div class=\"slideMove\"><\/div>\r\n        <source media=\"(min-width: 480px)\" srcset=\"<?php url(); ?>\/images\/lifemovie\/movie06_img03.jpg 1x, <?php url(); ?>\/images\/lifemovie\/movie06_img03@2x.jpg 2x&#8221;>\r\n        <img src=\"<?php url(); ?>\/images\/lifemovie\/movie06_img03_sp.jpg&#8221; alt=&#8221;RICHARD DEREK PERKINS&#8221;>\r\n      <\/picture>\r\n\r\n    <\/div>\r\n  <\/div>\r\n\r\n  <!-- 04-\u52c9\u5f37 -->\r\n  <div class=\"lifeBoxParent\">\r\n    <div class=\"lifeBox boxShape02 boxHeightImg\">\r\n\r\n      <!-- \u8aac\u660e -->\r\n      <div class=\"detailsBox\" id=\"movieText04\">\r\n        <div class=\"dottLineBox\"><\/div>\r\n        <div class=\"watch\">\r\n          <div class=\"icon\"><img src=\"<?php url(); ?>\/images\/common\/icon\/watch.svg&#8221; alt=&#8221;watch&#8221;><\/div>\r\n          <p class=\"init\">14:10<\/p>\r\n          <div class=\"dottLine\"><\/div>\r\n        <\/div>\r\n        <div class=\"textBox\">\r\n          <h3>H\u1ecdc t\u1eadp<\/h3>\r\n          <p class=\"init\">\r\n          T\u00f4i \u0111\u00e3 ho\u00e0n th\u00e0nh g\u1ea7n h\u1ebft c\u00e1c \u0111\u01a1n v\u1ecb h\u1ecdc tr\u00ecnh tr\u01b0\u1edbc khi sang n\u0103m th\u1ee9 4 n\u00ean b\u00e2y gi\u1edd t\u00f4i \u0111ang t\u1eadp trung l\u00e0m lu\u1eadn \u00e1n t\u1ed1t nghi\u1ec7p. T\u00f4i \u0111\u1ebfn Nh\u1eadt B\u1ea3n du h\u1ecdc v\u00ec b\u1ecb quy\u1ebfn r\u0169 b\u1edfi n\u00e9t \u0111\u1eb9p trong v\u0103n h\u00f3a c\u1ed5 x\u01b0a v\u00e0 l\u00f2ng hi\u1ebfu kh\u00e1ch c\u1ee7a Nh\u1eadt B\u1ea3n. T\u00f4i d\u1ef1 \u0111\u1ecbnh s\u1ebd ti\u1ebfp t\u1ee5c s\u1ed1ng \u1edf Nh\u1eadt B\u1ea3n v\u00e0 tham gia ng\u00e0nh d\u1ecbch thu\u1eadt sau khi t\u1ed1t nghi\u1ec7p.\r\n          <\/p>\r\n        <\/div>\r\n      <\/div>\r\n\r\n      <!-- \u30a4\u30e1\u30fc\u30b8\u5199\u771f -->\r\n      <picture class=\"lifeImg\" id=\"movieImg04\">\r\n        <div class=\"slideMove\"><\/div>\r\n        <source media=\"(min-width: 480px)\" srcset=\"<?php url(); ?>\/images\/lifemovie\/movie06_img04.jpg 1x, <?php url(); ?>\/images\/lifemovie\/movie06_img04@2x.jpg 2x&#8221;>\r\n        <img src=\"<?php url(); ?>\/images\/lifemovie\/movie06_img04_sp.jpg&#8221; alt=&#8221;RICHARD DEREK PERKINS&#8221;>\r\n      <\/picture>\r\n\r\n      <!-- \u6b69\u304d -->\r\n      <div class=\"walk\" id=\"movieWakl04\">\r\n        <picture>\r\n          <source media=\"(min-width: 480px)\" srcset=\"<?php url(); ?>\/images\/lifemovie\/movie06_walk04.png 1x, <?php url(); ?>\/images\/lifemovie\/movie06_walk04@2x.png 2x&#8221;>\r\n          <img src=\"\" alt=\"\">\r\n        <\/picture>\r\n      <\/div>\r\n\r\n    <\/div>\r\n  <\/div>\r\n\r\n  <!-- 05-\u653e\u8ab2\u5f8c -->\r\n  <div class=\"lifeBoxParent boxHeight01 lifeBoxParentLast\">\r\n    <div class=\"lifeBox boxShape01\">\r\n\r\n      <!-- \u8aac\u660e -->\r\n      <div class=\"detailsBoxParent01\">\r\n      <div class=\"detailsBox\" id=\"movieText05\">\r\n        <div class=\"dottLineBox\"><\/div>\r\n        <div class=\"watch\">\r\n          <div class=\"icon\"><img src=\"<?php url(); ?>\/images\/common\/icon\/watch.svg&#8221; alt=&#8221;watch&#8221;><\/div>\r\n          <p class=\"init\">16:30<\/p>\r\n          <div class=\"dottLine\"><\/div>\r\n        <\/div>\r\n        <div class=\"textBox\">\r\n          <h3>Sau bu\u1ed5i h\u1ecdc<\/h3>\r\n          <p class=\"init\">\r\n          \u1edf th\u00edch c\u1ee7a t\u00f4i l\u00e0 \u0111i t\u00ecm hi\u1ec3u c\u00e1c \u0111\u1ec1n th\u1edd, ch\u00f9a chi\u1ec1n v\u00e0 t\u00f4i c\u0169ng nghi\u1ec7n s\u01b0u t\u1eadp Goshuin. Nh\u1eadt B\u1ea3n l\u00e0 \u0111\u1ea5t n\u01b0\u1edbc \u0111a th\u1ea7n n\u00ean \u1edf kh\u1eafp m\u1ecdi n\u01a1i \u0111\u1ec1u c\u00f3 c\u00e1c ng\u00f4i \u0111\u1ec1n th\u1edd c\u00e1c v\u1ecb th\u1ea7n v\u00e0 g\u1ea7n ga Takao Yamaguchi g\u1ea7n C\u01a1 s\u1edf qu\u1ed1c t\u1ebf Hachioji c\u0169ng c\u00f3 ng\u00f4i \u0111\u1ec1n mang t\u00ean Hikawa-jinja. Ng\u00f4i \u0111\u1ec1n \u0111\u01b0\u1ee3c bao quanh b\u1edfi nhi\u1ec1u c\u00e2y xanh v\u00e0 kh\u00f4ng gian linh thi\u00eang \u0111em l\u1ea1i c\u1ea3m gi\u00e1c b\u00ecnh y\u00ean.\r\n           <br>\u203b Goshuin l\u00e0 con d\u1ea5u m\u00e0 c\u00e1c \u0111\u1ec1n ch\u00f9a \u0111\u00f3ng d\u1ea5u t\u1eb7ng cho nh\u1eefng ng\u01b0\u1eddi \u0111\u1ebfn vi\u1ebfng \u0111\u1ec1n ch\u00f9a. Ph\u1ea7n l\u1edbn c\u00e1c con d\u1ea5u n\u00e0y th\u01b0\u1eddng c\u00f3 t\u00ean \u0111\u1ec1n ch\u00f9a, t\u00ean th\u1ea7n th\u1edd, ng\u00e0y th\u00e1ng,v.v&#8230; \u0111\u00f3ng k\u00e8m v\u1edbi c\u00e1c d\u00f2ng ch\u1eef vi\u1ebft b\u1eb1ng m\u1ef1c than.\r\n          <\/p>\r\n        <\/div>\r\n      <\/div>\r\n\r\n    <\/div>\r\n\r\n      <!-- \u30a4\u30e1\u30fc\u30b8\u5199\u771f -->\r\n      <picture class=\"lifeImg\" id=\"movieImg05\">\r\n        <div class=\"slideMove\"><\/div>\r\n        <source media=\"(min-width: 480px)\" srcset=\"<?php url(); ?>\/images\/lifemovie\/movie06_img05.jpg 1x, <?php url(); ?>\/images\/lifemovie\/movie06_img05@2x.jpg 2x&#8221;>\r\n        <img src=\"<?php url(); ?>\/images\/lifemovie\/movie06_img05_sp.jpg&#8221; alt=&#8221;RICHARD DEREK PERKINS&#8221;>\r\n      <\/picture>\r\n\r\n    <\/div>\r\n  <\/div>\r\n\r\n\r\n  <!-- \u6ce8\u91c8 -->\r\n  <?php get_template_part('\/inc\/_life-movie-etcDetails03'); ?>\r\n\r\n  <!-- \u30e0\u30fc\u30d3\u30fc\u9078\u629e -->\r\n  <div class=\"mb\">\r\n  <?php get_template_part('\/inc\/_life-movie-movieNavi'); ?>\r\n  <\/div>\r\n\r\n  <!-- \u5352\u696d\u751f\u30a4\u30f3\u30bf\u30d3\u30e5\u30fc -->\r\n  <div class=\"mb2\">\r\n  <?php get_template_part('\/inc\/_life-movie-interviewNavi'); ?>\r\n  <\/div>\r\n\r\n  <!-- \u8a00\u8a9e\u9078\u629e\u30dc\u30bf\u30f3 -->\r\n  <?php get_template_part('\/inc\/_life-movie-languageBt'); ?>\r\n\r\n  <\/div>\r\n\r\n","protected":false},"excerpt":{"rendered":"TAKUSHOKU LIFE MOVIE Coming Soon","protected":false},"author":1,"featured_media":0,"parent":203,"menu_order":0,"comment_status":"closed","ping_status":"closed","template":"page-life_movie\/03_movie06_usa_vi.php","meta":[],"acf":[],"_links":{"self":[{"href":"https:\/\/lang.takushoku-u.ac.jp\/vi\/wp-json\/wp\/v2\/pages\/325"}],"collection":[{"href":"https:\/\/lang.takushoku-u.ac.jp\/vi\/wp-json\/wp\/v2\/pages"}],"about":[{"href":"https:\/\/lang.takushoku-u.ac.jp\/vi\/wp-json\/wp\/v2\/types\/page"}],"author":[{"embeddable":true,"href":"https:\/\/lang.takushoku-u.ac.jp\/vi\/wp-json\/wp\/v2\/users\/1"}],"replies":[{"embeddable":true,"href":"https:\/\/lang.takushoku-u.ac.jp\/vi\/wp-json\/wp\/v2\/comments?post=325"}],"version-history":[{"count":0,"href":"https:\/\/lang.takushoku-u.ac.jp\/vi\/wp-json\/wp\/v2\/pages\/325\/revisions"}],"up":[{"embeddable":true,"href":"https:\/\/lang.takushoku-u.ac.jp\/vi\/wp-json\/wp\/v2\/pages\/203"}],"wp:attachment":[{"href":"https:\/\/lang.takushoku-u.ac.jp\/vi\/wp-json\/wp\/v2\/media?parent=325"}],"curies":[{"name":"wp","href":"https:\/\/api.w.org\/{rel}","templated":true}]}}