{"id":323,"date":"2019-03-19T13:38:46","date_gmt":"2019-03-19T04:38:46","guid":{"rendered":"http:\/\/localhost\/vn\/?page_id=323"},"modified":"2019-04-04T11:18:53","modified_gmt":"2019-04-04T02:18:53","slug":"movie-indonesia","status":"publish","type":"page","link":"https:\/\/lang.takushoku-u.ac.jp\/vi\/life-movie\/vietnamese\/movie-indonesia\/","title":{"rendered":"JOSEP ADICIA SALIM (Ti\u1ebfng vi\u1ec7t)"},"content":{"rendered":"<div class=\"mainPage\">\r\n\r\n  <div class=\"lifeMoviePage\">\r\n\r\n\r\n    <!-- \u30bf\u30a4\u30c8\u30eb -->\r\n    <div class=\"lifeMovieTitleBoxDetails movie05\">\r\n      <div class=\"stripeMask\"><\/div>\r\n      <div class=\"lifeMovieTitle\">\r\n        <h2><span class=\"orange\">TAKUSHOKU<\/span><br> LIFE MOVIE<\/h2>\r\n      <\/div>\r\n    <\/div>\r\n\r\n    <!-- \u8a00\u8a9e\u9078\u629e\u30dc\u30bf\u30f3 -->\r\n    <?php get_template_part('\/inc\/_life-movie-languageBt'); ?>\r\n\r\n\r\n    <!-- \u52d5\u753b\u30e1\u30a4\u30f3\u30bf\u30a4\u30c8\u30eb -->\r\n    <div class=\"lifeMovieTitleMain\">\r\n\r\n      <div class=\"movieBox\">\r\n        <div class=\"movieleftBox\">\r\n          <div class=\"playBt\">\r\n            <a href=\"https:\/\/www.youtube.com\/embed\/GBf4HNBzpnI?autoplay=1\" class=\"video\">\r\n              <div class=\"dottLine\"><\/div>\r\n              <div class=\"playIcon\"><\/div>\r\n            <\/a>\r\n            <p class=\"init\">PLAY MOVIE<\/p>\r\n          <\/div>\r\n          <div class=\"stripeMask\"><\/div>\r\n          <video src=\"<?php url(); ?>\/movie\/movie05.mp4&#8243; poster=&#8221;<?php url(); ?>\/images\/lifemovie\/movie05_sp.jpg&#8221; autoplay playsinline loop mute><\/video>\r\n          <div class=\"spDaitai\"><img src=\"<?php url(); ?>\/images\/lifemovie\/movie05_sp.jpg&#8221;><\/div>\r\n        <\/div>\r\n        <div class=\"gakunenTextSP\">* T\u1ea5t c\u1ea3 n\u1ed9i dung \u0111\u0103ng t\u1ea3i n\u00e0y \u0111\u1ec1u l\u00e0 n\u1ed9i dung v\u00e0o th\u1eddi \u0111i\u1ec3m l\u1ea5y th\u00f4ng tin (th\u00e1ng 1 n\u0103m 2018). C\u00f3 th\u1ec3 c\u00f3 s\u1ef1 kh\u00e1c bi\u1ec7t so v\u1edbi n\u1ed9i dung v\u00e0 t\u00ecnh h\u00ecnh hi\u1ec7n t\u1ea1i.<\/div>\r\n        <h2>Cu\u1ed9c s\u1ed1ng h\u00e0ng ng\u00e0y tho\u1ea3i m\u00e1i v\u00e0 phong <br>\r\n            ph\u00fa t\u1ecfa r\u1ed9ng t\u1eeb cu\u1ed9c s\u1ed1ng k\u00fd t\u00fac x\u00e1<\/h2>\r\n        <div class=\"specText\">\r\n          <div class=\"textBox\">\r\n            <div class=\"country\">\r\n              <div class=\"pageIcon\"><img src=\"<?php url(); ?>\/images\/common\/icon\/id.svg&#8221; alt=&#8221;INDONESIA&#8221;><\/div>\r\n              <div class=\"naviText\">INDONESIA<\/div>\r\n            <\/div>\r\n            <h3>YOSEPH ADITYA SALIM<\/h3>\r\n            <p class=\"init\">C\u01a1 s\u1edf qu\u1ed1c t\u1ebf Hachioji<\/p>\r\n            <p class=\"init\">Chuy\u00ean ng\u00e0nh K\u1ef9 thu\u1eadt h\u1ec7 th\u1ed1ng c\u01a1 kh\u00ed, <\/p>\r\n            <p class=\"init\">Khoa K\u1ef9 thu\u1eadt,<\/p>\r\n            <p class=\"init\">n\u0103m th\u1ee9 3<\/p>\r\n          <\/div>\r\n        <\/div>\r\n      <\/div>\r\n      <div class=\"gakunenTextPC\">* T\u1ea5t c\u1ea3 n\u1ed9i dung \u0111\u0103ng t\u1ea3i n\u00e0y \u0111\u1ec1u l\u00e0 n\u1ed9i dung v\u00e0o th\u1eddi \u0111i\u1ec3m l\u1ea5y th\u00f4ng tin (th\u00e1ng 1 n\u0103m 2018). C\u00f3 th\u1ec3 c\u00f3 s\u1ef1 kh\u00e1c bi\u1ec7t so v\u1edbi n\u1ed9i dung v\u00e0 t\u00ecnh h\u00ecnh hi\u1ec7n t\u1ea1i.<\/div>\r\n    <\/div>\r\n\r\n\r\n  <!-- 01-\u767b\u6821 -->\r\n  <div class=\"lifeBoxParent boxHeight01\">\r\n    <div class=\"lifeBox boxShape01\">\r\n\r\n      <!-- \u8aac\u660e -->\r\n      <div class=\"detailsBoxParent01\">\r\n      <div class=\"detailsBox\" id=\"movieText01\">\r\n        <div class=\"dottLineBox\"><\/div>\r\n        <div class=\"watch\">\r\n          <div class=\"icon\"><img src=\"<?php url(); ?>\/images\/common\/icon\/watch.svg&#8221; alt=&#8221;watch&#8221;><\/div>\r\n          <p class=\"init\">9:10<\/p>\r\n          <div class=\"dottLine\"><\/div>\r\n        <\/div>\r\n        <div class=\"textBox\">\r\n          <h3>\u0110i \u0111\u1ebfn tr\u01b0\u1eddng<\/h3>\r\n          <p class=\"init\">T\u00f4i s\u1ed1ng trong k\u00fd t\u00fac x\u00e1 d\u00e0nh cho sinh vi\u00ean n\u01b0\u1edbc ngo\u00e0i c\u1ee7a tr\u01b0\u1eddng \u0111\u1ea1i h\u1ecdc (K\u00fd t\u00fac x\u00e1 sinh vi\u00ean n\u01b0\u1edbc ngo\u00e0i Hachioji) n\u1eb1m ngay trong khu\u00f4n vi\u00ean tr\u01b0\u1eddng.M\u1eb7c d\u00f9 c\u00f3 th\u1ec3 \u0111i b\u1ed9 t\u1eeb k\u00fd t\u00fac x\u00e1 \u0111\u1ebfn l\u1edbp h\u1ecdc nh\u01b0ng v\u00ec khu\u00f4n vi\u00ean tr\u01b0\u1eddng r\u1ed9ng n\u00ean \u0111\u1ec3 ti\u1ebft ki\u1ec7m th\u1eddi gian t\u00f4i th\u01b0\u1eddng \u0111i xe \u0111\u1ea1p \u0111\u1ebfn b\u00e3i \u0111\u1ec3 xe \u0111\u1ea1p. T\u00f4i ch\u1ee7 y\u1ebfu mua b\u1eefa s\u00e1ng t\u1ea1i c\u1eeda h\u00e0ng ti\u1ec7n l\u1ee3i ho\u1eb7c c\u1eeda h\u00e0ng t\u1ea1p ph\u1ea9m Kobai trong khu\u00f4n vi\u00ean tr\u01b0\u1eddng \u0111\u1ec3 \u0103n s\u00e1ng.<\/p>\r\n        <\/div>\r\n      <\/div>\r\n      <!-- \u6b69\u304d -->\r\n      <div class=\"walk\" id=\"movieWakl01\">\r\n        <picture>\r\n          <source media=\"(min-width: 480px)\" srcset=\"<?php url(); ?>\/images\/lifemovie\/movie05_walk01.png 1x, <?php url(); ?>\/images\/lifemovie\/movie05_walk01@2x.png 2x&#8221;>\r\n          <img src=\"\" alt=\"\">\r\n        <\/picture>\r\n      <\/div>\r\n    <\/div>\r\n\r\n      <!-- \u30a4\u30e1\u30fc\u30b8\u5199\u771f -->\r\n      <picture class=\"lifeImg\" id=\"movieImg01\">\r\n        <div class=\"slideMove\"><\/div>\r\n        <source media=\"(min-width: 480px)\" srcset=\"<?php url(); ?>\/images\/lifemovie\/movie05_img01.jpg 1x, <?php url(); ?>\/images\/lifemovie\/movie05_img01@2x.jpg 2x&#8221;>\r\n        <img src=\"<?php url(); ?>\/images\/lifemovie\/movie05_img01_sp.jpg&#8221; alt=&#8221;YOSEPH ADITYA SALIM&#8221;>\r\n      <\/picture>\r\n\r\n    <\/div>\r\n  <\/div>\r\n\r\n\r\n\r\n\r\n  <!-- 02-\u30e9\u30f3\u30c1 -->\r\n  <div class=\"lifeBoxParent\">\r\n\r\n    <div class=\"lifeBox boxShape02 boxHeightImg\">\r\n      <!-- \u8aac\u660e -->\r\n      <div class=\"detailsBox\" id=\"movieText02\">\r\n        <div class=\"dottLineBox\"><\/div>\r\n        <div class=\"watch\">\r\n          <div class=\"icon\"><img src=\"<?php url(); ?>\/images\/common\/icon\/watch.svg&#8221; alt=&#8221;watch&#8221;><\/div>\r\n          <p class=\"init\">12:00<\/p>\r\n          <div class=\"dottLine\"><\/div>\r\n        <\/div>\r\n        <div class=\"textBox\">\r\n          <h3>B\u1eefa tr\u01b0a<\/h3>\r\n          <p class=\"init\">C\u00f3 ba nh\u00e0 \u0103n trong C\u01a1 s\u1edf qu\u1ed1c t\u1ebf Hachioji. Nh\u00e0 \u0103n t\u00f4i th\u01b0\u1eddng \u0111\u1ebfn c\u00f3 t\u00ean l\u00e0 &#8220;Grand E&#8217;terna Caf &#8216;e&#8221;, kh\u00f4ng ch\u1ec9 r\u1ebb v\u00e0 ngon m\u00e0 c\u00f2n trang tr\u00ed \u0111\u1eb9p v\u00e0 c\u00f3 kh\u00f4ng gian y\u00ean b\u00ecnh n\u00ean t\u00f4i r\u1ea5t th\u00edch. T\u00f4i th\u00edch m\u00f3n c\u01a1m g\u00e0 Teriyaki.<\/p>\r\n\r\n          <div class=\"btnLinkWhite centerBox btTopM\">\r\n            <a href=\"#lunch\" class=\"modal\">\r\n              <div class=\"pageIcon\"><img src=\"<?php url(); ?>\/images\/common\/icon\/lunch.svg&#8221; alt=&#8221;lunch&#8221;><\/div>\r\n              <div class=\"naviText\">Th\u1ef1c \u0111\u01a1n mu\u1ed1n gi\u1edbi thi\u1ec7u c\u1ee7a nh\u00e0 \u0103n<\/div>\r\n            <\/a>\r\n          <\/div>\r\n        <\/div>\r\n      <\/div>\r\n\r\n      <!-- \u30a4\u30e1\u30fc\u30b8\u5199\u771f -->\r\n      <picture class=\"lifeImg\" id=\"movieImg02\">\r\n        <div class=\"slideMove\"><\/div>\r\n        <source media=\"(min-width: 480px)\" srcset=\"<?php url(); ?>\/images\/lifemovie\/movie05_img02.jpg 1x, <?php url(); ?>\/images\/lifemovie\/movie05_img02@2x.jpg 2x&#8221;>\r\n        <img src=\"<?php url(); ?>\/images\/lifemovie\/movie05_img02_sp.jpg&#8221; alt=&#8221;YOSEPH ADITYA SALIM&#8221;>\r\n      <\/picture>\r\n\r\n      <!-- \u6b69\u304d -->\r\n      <div class=\"walk\" id=\"movieWakl02\">\r\n        <picture>\r\n          <source media=\"(min-width: 480px)\" srcset=\"<?php url(); ?>\/images\/lifemovie\/movie05_walk02.png 1x, <?php url(); ?>\/images\/lifemovie\/movie05_walk02@2x.png 2x&#8221;>\r\n          <img src=\"\" alt=\"\">\r\n        <\/picture>\r\n      <\/div>\r\n\r\n    <\/div>\r\n  <\/div>\r\n\r\n  <!-- 03-\u6388\u696d -->\r\n  <div class=\"lifeBoxParent boxHeight01\">\r\n    <div class=\"lifeBox boxShape01\">\r\n\r\n      <!-- \u8aac\u660e -->\r\n      <div class=\"detailsBoxParent01\">\r\n      <div class=\"detailsBox\" id=\"movieText03\">\r\n        <div class=\"dottLineBox\"><\/div>\r\n        <div class=\"watch\">\r\n          <div class=\"icon\"><img src=\"<?php url(); ?>\/images\/common\/icon\/watch.svg&#8221; alt=&#8221;watch&#8221;><\/div>\r\n          <p class=\"init\">13:20<\/p>\r\n          <div class=\"dottLine\"><\/div>\r\n        <\/div>\r\n        <div class=\"textBox\">\r\n          <h3>Gi\u1edd h\u1ecdc<\/h3>\r\n          <p class=\"init\">T\u00f4i \u0111ang h\u1ecdc chuy\u00ean s\u00e2u v\u1ec1 \u0111\u1ed9ng c\u01a1 t\u1ea1i Khoa K\u1ef9 thu\u1eadt. C\u00f3 c\u1ea3 nh\u1eefng gi\u1edd h\u1ecdc s\u1eed d\u1ee5ng nh\u00e0 m\u00e1y th\u1ef1c t\u1eadp th\u1eed nghi\u1ec7m n\u00ean t\u00f4i c\u1ea3m th\u1ea5y r\u1ea5t th\u00fa v\u1ecb. T\u1eeb nh\u1ecf t\u00f4i \u0111\u00e3 c\u00f3 \u00fd ngh\u0129 mu\u1ed1n l\u00e0m c\u00f4ng vi\u1ec7c li\u00ean quan \u0111\u1ebfn \u00f4 t\u00f4 t\u1ea1i Nh\u1eadt B\u1ea3n n\u00ean ngo\u00e0i c\u00e1c gi\u1edd h\u1ecdc t\u00f4i c\u00f2n t\u1ef1 s\u1eed d\u1ee5ng Internet \u0111\u1ec3 h\u1ecdc h\u1ecfi th\u00eam v\u1ec1 \u00f4 t\u00f4.<\/p>\r\n        <\/div>\r\n      <\/div>\r\n      <!-- \u6b69\u304d -->\r\n      <div class=\"walk\" id=\"movieWakl03\">\r\n        <picture>\r\n          <source media=\"(min-width: 480px)\" srcset=\"<?php url(); ?>\/images\/lifemovie\/movie05_walk03.png 1x, <?php url(); ?>\/images\/lifemovie\/movie05_walk03@2x.png 2x&#8221;>\r\n          <img src=\"\" alt=\"\">\r\n        <\/picture>\r\n      <\/div>\r\n\r\n    <\/div>\r\n\r\n      <!-- \u30a4\u30e1\u30fc\u30b8\u5199\u771f -->\r\n      <picture class=\"lifeImg\" id=\"movieImg03\">\r\n        <div class=\"slideMove\"><\/div>\r\n        <source media=\"(min-width: 480px)\" srcset=\"<?php url(); ?>\/images\/lifemovie\/movie05_img03.jpg 1x, <?php url(); ?>\/images\/lifemovie\/movie05_img03@2x.jpg 2x&#8221;>\r\n        <img src=\"<?php url(); ?>\/images\/lifemovie\/movie05_img03_sp.jpg&#8221; alt=&#8221;YOSEPH ADITYA SALIM&#8221;>\r\n      <\/picture>\r\n\r\n    <\/div>\r\n  <\/div>\r\n\r\n  <!-- 04-\u653e\u8ab2\u5f8c -->\r\n  <div class=\"lifeBoxParent\">\r\n    <div class=\"lifeBox boxShape02 boxHeightImg\">\r\n\r\n      <!-- \u8aac\u660e -->\r\n      <div class=\"detailsBox\" id=\"movieText04\">\r\n        <div class=\"dottLineBox\"><\/div>\r\n        <div class=\"watch\">\r\n          <div class=\"icon\"><img src=\"<?php url(); ?>\/images\/common\/icon\/watch.svg&#8221; alt=&#8221;watch&#8221;><\/div>\r\n          <p class=\"init\">16:00<\/p>\r\n          <div class=\"dottLine\"><\/div>\r\n        <\/div>\r\n        <div class=\"textBox\">\r\n          <h3>Sau bu\u1ed5i h\u1ecdc<\/h3>\r\n          <p class=\"init\">Sau khi gi\u1edd h\u1ecdc k\u1ebft th\u00fac l\u00e0 th\u1eddi gian t\u1ef1 do cho ch\u00ednh t\u00f4i, t\u00f4i th\u01b0\u1eddng l\u00e1i xe \u0111i ch\u01a1i theo s\u1edf th\u00edch v\u00e0 m\u1ed7i th\u00e1ng 1 l\u1ea7n tham gia nh\u00f3m ngo\u1ea1i kh\u00f3a mang t\u00ean &#8220;H\u1ed9i h\u1eefu ngh\u1ecb Malaysia&#8221;. T\u00f4i khuy\u00ean c\u00e1c b\u1ea1n n\u00ean giao ti\u1ebfp v\u1edbi nhi\u1ec1u ng\u01b0\u1eddi \u1edf nhi\u1ec1u n\u01a1i nh\u01b0 gi\u1edd h\u1ecdc, nh\u00f3m ngo\u1ea1i kh\u00f3a, k\u00fd t\u00fac x\u00e1,v.v&#8230;\u0111\u1ec3 m\u1edf r\u1ed9ng t\u1ea7m nh\u00ecn c\u1ee7a m\u00ecnh.<\/p>\r\n        <\/div>\r\n      <\/div>\r\n\r\n      <!-- \u30a4\u30e1\u30fc\u30b8\u5199\u771f -->\r\n      <picture class=\"lifeImg\" id=\"movieImg04\">\r\n        <div class=\"slideMove\"><\/div>\r\n        <source media=\"(min-width: 480px)\" srcset=\"<?php url(); ?>\/images\/lifemovie\/movie05_img04.jpg 1x, <?php url(); ?>\/images\/lifemovie\/movie05_img04@2x.jpg 2x&#8221;>\r\n        <img src=\"<?php url(); ?>\/images\/lifemovie\/movie05_img04_sp.jpg&#8221; alt=&#8221;YOSEPH ADITYA SALIM&#8221;>\r\n      <\/picture>\r\n\r\n      <!-- \u6b69\u304d -->\r\n      <div class=\"walk\" id=\"movieWakl04\">\r\n        <picture>\r\n          <source media=\"(min-width: 480px)\" srcset=\"<?php url(); ?>\/images\/lifemovie\/movie05_walk04.png 1x, <?php url(); ?>\/images\/lifemovie\/movie05_walk04@2x.png 2x&#8221;>\r\n          <img src=\"\" alt=\"\">\r\n        <\/picture>\r\n      <\/div>\r\n\r\n    <\/div>\r\n  <\/div>\r\n\r\n  <!-- 05-\u5e30\u5b85 -->\r\n  <div class=\"lifeBoxParent boxHeight01 lifeBoxParentLast\">\r\n    <div class=\"lifeBox boxShape01\">\r\n\r\n      <!-- \u8aac\u660e -->\r\n      <div class=\"detailsBoxParent01\">\r\n      <div class=\"detailsBox\" id=\"movieText05\">\r\n        <div class=\"dottLineBox\"><\/div>\r\n        <div class=\"watch\">\r\n          <div class=\"icon\"><img src=\"<?php url(); ?>\/images\/common\/icon\/watch.svg&#8221; alt=&#8221;watch&#8221;><\/div>\r\n          <p class=\"init\">19:00<\/p>\r\n          <div class=\"dottLine\"><\/div>\r\n        <\/div>\r\n        <div class=\"textBox\">\r\n          <h3>V\u1ec1 nh\u00e0<\/h3>\r\n          <p class=\"init\">T\u00f4i t\u1ef1 n\u1ea5u b\u1eefa t\u1ed1i ho\u1eb7c \u0111i \u0103n v\u1edbi c\u00e1c b\u1ea1n trong c\u00f9ng k\u00fd t\u00fac x\u00e1 t\u1ea1i trung t\u00e2m mua s\u1eafm g\u1ea7n tr\u01b0\u1eddng. Trong k\u00fd t\u00fac x\u00e1 d\u00e0nh cho sinh vi\u00ean n\u01b0\u1edbc ngo\u00e0i n\u01a1i t\u00f4i \u0111ang \u1edf c\u00f3 c\u00e1c b\u1ea1n sinh vi\u00ean \u0111\u1ebfn t\u1eeb h\u01a1n 10 qu\u1ed1c gia kh\u00e1c nhau \u0111ang sinh ho\u1ea1t t\u1ea1i \u0111\u00e2y v\u00e0 t\u00f4i ngh\u0129 r\u1eb1ng vi\u1ec7c n\u00f3i chuy\u1ec7n b\u1eb1ng ti\u1ebfng Nh\u1eadt l\u00e0 ng\u00f4n ng\u1eef chung c\u1ee7a m\u1ecdi ng\u01b0\u1eddi gi\u00fap ch\u00fang t\u00f4i luy\u1ec7n n\u00f3i ti\u1ebfng Nh\u1eadt. M\u1ecdi ng\u01b0\u1eddi \u0111\u1ec1u \u0111o\u00e0n k\u1ebft, b\u00e1c qu\u1ea3n l\u00fd k\u00fd t\u00fac x\u00e1 t\u1ed1t b\u1ee5ng v\u00e0 th\u00e2n thi\u1ec7n n\u00ean t\u00f4i c\u00f3 nh\u1eefng kho\u1ea3ng th\u1eddi gian r\u1ea5t vui v\u1ebb h\u00e0ng ng\u00e0y.<\/p>\r\n        <\/div>\r\n      <\/div>\r\n    <\/div>\r\n\r\n      <!-- \u30a4\u30e1\u30fc\u30b8\u5199\u771f -->\r\n      <picture class=\"lifeImg\" id=\"movieImg05\">\r\n        <div class=\"slideMove\"><\/div>\r\n        <source media=\"(min-width: 480px)\" srcset=\"<?php url(); ?>\/images\/lifemovie\/movie05_img05.jpg 1x, <?php url(); ?>\/images\/lifemovie\/movie05_img05@2x.jpg 2x&#8221;>\r\n        <img src=\"<?php url(); ?>\/images\/lifemovie\/movie05_img05_sp.jpg&#8221; alt=&#8221;YOSEPH ADITYA SALIM&#8221;>\r\n      <\/picture>\r\n\r\n    <\/div>\r\n  <\/div>\r\n\r\n\r\n  <!-- \u6ce8\u91c8 -->\r\n  <?php get_template_part('\/inc\/_life-movie-etcDetails03'); ?>\r\n\r\n  <!-- \u30e0\u30fc\u30d3\u30fc\u9078\u629e -->\r\n  <div class=\"mb\">\r\n  <?php get_template_part('\/inc\/_life-movie-movieNavi'); ?>\r\n  <\/div>\r\n\r\n  <!-- \u5352\u696d\u751f\u30a4\u30f3\u30bf\u30d3\u30e5\u30fc -->\r\n  <div class=\"mb2\">\r\n  <?php get_template_part('\/inc\/_life-movie-interviewNavi'); ?>\r\n  <\/div>\r\n\r\n  <!-- \u8a00\u8a9e\u9078\u629e\u30dc\u30bf\u30f3 -->\r\n  <?php get_template_part('\/inc\/_life-movie-languageBt'); ?>\r\n\r\n  <\/div>\r\n\r\n\r\n<!--\r\n\r\n  \u30e9\u30f3\u30c1\u3000\u30e2\u30fc\u30c0\u30eb\u30a6\u30a3\u30f3\u30c9\u30a6\r\n\r\n-->\r\n\r\n<div id=\"lunch\" style=\"display:none;\">\r\n  <div class=\"lunchBox\">\r\n    <h3>\r\n      <div class=\"pageIcon\"><img src=\"<?php url(); ?>\/images\/common\/icon\/lunch.svg&#8221; alt=&#8221;lunch&#8221;><\/div>\r\n      <div class=\"textBox\">\r\n        <div class=\"subCopy\">C\u00e1c th\u1ef1c \u0111\u01a1n mu\u1ed1n gi\u1edbi thi\u1ec7u c\u1ee7a nh\u00e0 \u0103n C\u01a1 s\u1edf qu\u1ed1c t\u1ebf Hachioji (Grand E&#8217;terna Caf &#8216;e)<\/div>\r\n        <div class=\"mainCopy\">Th\u1ef1c \u0111\u01a1n mu\u1ed1n gi\u1edbi thi\u1ec7u c\u1ee7a nh\u00e0 \u0103n<\/div>\r\n      <\/div>\r\n    <\/h3>\r\n    <ul>\r\n      <li>\r\n        <picture>\r\n          <source media=\"(min-width: 480px)\" srcset=\"<?php url(); ?>\/images\/lifemovie\/movie05_lunch01.jpg 1x, <?php url(); ?>\/images\/lifemovie\/movie05_lunch01@2x.jpg 2x&#8221;>\r\n          <img src=\"<?php url(); ?>\/images\/lifemovie\/movie05_lunch01.jpg&#8221; alt=&#8221;YOSEPH ADITYA SALIM&#8221;>\r\n        <\/picture>\r\n        <div class=\"details\">\r\n          <h4>C\u01a1m g\u00e0 Teriyaki: 450 y\u00ean<\/h4>\r\n          <p class=\"init\">C\u01a1m g\u00e0 Teriyaki v\u1edbi v\u1ecb ng\u1ecdt m\u1eb7n v\u00e0 th\u01a1m. Th\u1ecbt g\u00e0 m\u1ec1m, r\u1ea5t h\u1ee3p v\u1edbi c\u1ea3m gi\u00e1c \u0103n c\u1ee7a b\u00ed ng\u00f4 v\u00e0 c\u00e0 t\u00edm.<\/p>\r\n        <\/div>\r\n      <\/li>\r\n      <li>\r\n        <picture>\r\n          <source media=\"(min-width: 480px)\" srcset=\"<?php url(); ?>\/images\/lifemovie\/movie05_lunch02.jpg 1x, <?php url(); ?>\/images\/lifemovie\/movie05_lunch02@2x.jpg 2x&#8221;>\r\n          <img src=\"<?php url(); ?>\/images\/lifemovie\/movie05_lunch02.jpg&#8221; alt=&#8221;YOSEPH ADITYA SALIM&#8221;>\r\n        <\/picture>\r\n        <div class=\"details\">\r\n          <h4>C\u00e0 ri v\u00e0 th\u1ecbt g\u00e0 r\u00e1n: 360 y\u00ean<\/h4>\r\n          <p class=\"init\">N\u00f3i \u0111\u1ebfn nh\u00e0 \u0103n sinh vi\u00ean l\u00e0 ph\u1ea3i n\u00f3i \u0111\u1ebfn m\u00f3n C\u00e0 ri. Trong \u1ea3nh l\u00e0 m\u00f3n C\u00e0 ri v\u00e0 th\u1ecbt g\u00e0 r\u00e1n nh\u01b0ng ngo\u00e0i ra c\u00f2n c\u00f3 m\u00f3n C\u00e0 ri v\u00e0 khoai t\u00e2y nghi\u1ec1n t\u1ea9m b\u1ed9t ho\u1eb7c m\u00f3n C\u00e0 ri v\u00e0 th\u1ecbt l\u1ee3n chi\u00ean x\u00f9 \u0111\u1ea1t \u0111i\u1ec3m tuy\u1ec7t \u0111\u1ed1i v\u1ec1 l\u01b0\u1ee3ng nhi\u1ec1u c\u0169ng r\u1ea5t ngon \u0111\u1ea5y.<\/p>\r\n        <\/div>\r\n      <\/li>\r\n      <li>\r\n        <picture>\r\n          <source media=\"(min-width: 480px)\" srcset=\"<?php url(); ?>\/images\/lifemovie\/movie05_lunch03.jpg 1x, <?php url(); ?>\/images\/lifemovie\/movie05_lunch03@2x.jpg 2x&#8221;>\r\n          <img src=\"<?php url(); ?>\/images\/lifemovie\/movie05_lunch03.jpg&#8221; alt=&#8221;YOSEPH ADITYA SALIM&#8221;>\r\n        <\/picture>\r\n        <div class=\"details\">\r\n          <h4>M\u00ec \u00dd tr\u1ee9ng c\u00e1 Mentaiko: 320 y\u00ean<\/h4>\r\n          <p class=\"init\">\u0110\u00e2y l\u00e0 th\u1ef1c \u0111\u01a1n \u0111\u01b0\u1ee3c y\u00eau chu\u1ed9ng nh\u1ea5t trong 3 lo\u1ea1i th\u1ef1c \u0111\u01a1n m\u00ec \u00dd c\u1ee7a Grand E&#8217;terna Caf &#8216;e. C\u1eeda h\u00e0ng s\u1eed d\u1ee5ng s\u1ee3i m\u00ec Linguine l\u00e0 s\u1ee3i m\u00ec c\u00f3 ti\u1ebft di\u1ec7n h\u00ecnh elip n\u00ean c\u00f3 th\u1ec3 th\u01b0\u1edfng th\u1ee9c c\u1ea3m gi\u00e1c s\u1ee3i m\u00ec m\u1ec1m m\u1ea1i. G\u1ecdi su\u1ea5t l\u01b0\u1ee3ng nhi\u1ec1u v\u1edbi gi\u00e1 370 y\u00ean c\u0169ng c\u00f3 th\u1ec3 \u0103n v\u00e8o h\u1ebft ngay.<\/p>\r\n        <\/div>\r\n      <\/li>\r\n    <\/ul>\r\n\r\n  <div class=\"centerBox\">\r\n    <div class=\"btnLink btTopM\">\r\n      <a href=\"https:\/\/www.takushoku-u.ac.jp\/campus_life\/student-cafeteria\/\" target=\"_blank\" rel=\"noopener noreferrer\">\r\n        <div class=\"pageIcon\"><img src=\"<?php url(); ?>\/images\/common\/icon\/lunch.svg&#8221; alt=&#8221;lunch&#8221;><\/div>\r\n        <div class=\"naviText\">gi\u1edbi thi\u1ec7u c\u1ee7a nh\u00e0 \u0103n<\/div>\r\n      <\/a>\r\n    <\/div>\r\n    <div class=\"jpLink\">(Link to Japanese page)<\/div>\r\n  <\/div>\r\n\r\n  <\/div>\r\n<\/div>\r\n\r\n","protected":false},"excerpt":{"rendered":"TAKUSHOKU LIFE MOVIE PLAY MOVIE","protected":false},"author":1,"featured_media":0,"parent":203,"menu_order":0,"comment_status":"closed","ping_status":"closed","template":"page-life_movie\/03_movie05_indonesia_vi.php","meta":[],"acf":[],"_links":{"self":[{"href":"https:\/\/lang.takushoku-u.ac.jp\/vi\/wp-json\/wp\/v2\/pages\/323"}],"collection":[{"href":"https:\/\/lang.takushoku-u.ac.jp\/vi\/wp-json\/wp\/v2\/pages"}],"about":[{"href":"https:\/\/lang.takushoku-u.ac.jp\/vi\/wp-json\/wp\/v2\/types\/page"}],"author":[{"embeddable":true,"href":"https:\/\/lang.takushoku-u.ac.jp\/vi\/wp-json\/wp\/v2\/users\/1"}],"replies":[{"embeddable":true,"href":"https:\/\/lang.takushoku-u.ac.jp\/vi\/wp-json\/wp\/v2\/comments?post=323"}],"version-history":[{"count":0,"href":"https:\/\/lang.takushoku-u.ac.jp\/vi\/wp-json\/wp\/v2\/pages\/323\/revisions"}],"up":[{"embeddable":true,"href":"https:\/\/lang.takushoku-u.ac.jp\/vi\/wp-json\/wp\/v2\/pages\/203"}],"wp:attachment":[{"href":"https:\/\/lang.takushoku-u.ac.jp\/vi\/wp-json\/wp\/v2\/media?parent=323"}],"curies":[{"name":"wp","href":"https:\/\/api.w.org\/{rel}","templated":true}]}}