{"id":321,"date":"2019-03-19T13:37:42","date_gmt":"2019-03-19T04:37:42","guid":{"rendered":"http:\/\/localhost\/vn\/?page_id=321"},"modified":"2019-04-04T11:19:20","modified_gmt":"2019-04-04T02:19:20","slug":"movie-china","status":"publish","type":"page","link":"https:\/\/lang.takushoku-u.ac.jp\/vi\/life-movie\/vietnamese\/movie-china\/","title":{"rendered":"RIU SHIYANG (Ti\u1ebfng vi\u1ec7t)"},"content":{"rendered":"<div class=\"mainPage\">\r\n\r\n  <div class=\"lifeMoviePage\">\r\n\r\n\r\n    <!-- \u30bf\u30a4\u30c8\u30eb -->\r\n    <div class=\"lifeMovieTitleBoxDetails movie04\">\r\n      <div class=\"stripeMask\"><\/div>\r\n      <div class=\"lifeMovieTitle\">\r\n        <h2><span class=\"orange\">TAKUSHOKU<\/span><br> LIFE MOVIE<\/h2>\r\n      <\/div>\r\n    <\/div>\r\n\r\n    <!-- \u8a00\u8a9e\u9078\u629e\u30dc\u30bf\u30f3 -->\r\n    <?php get_template_part('\/inc\/_life-movie-languageBt'); ?>\r\n\r\n\r\n    <!-- \u52d5\u753b\u30e1\u30a4\u30f3\u30bf\u30a4\u30c8\u30eb -->\r\n    <div class=\"lifeMovieTitleMain\">\r\n\r\n      <div class=\"movieBox\">\r\n        <div class=\"movieleftBox\">\r\n          <div class=\"playBt\">\r\n            <a href=\"https:\/\/www.youtube.com\/embed\/h51wq4v3XjQ?autoplay=1\" class=\"video\">\r\n              <div class=\"dottLine\"><\/div>\r\n              <div class=\"playIcon\"><\/div>\r\n            <\/a>\r\n            <p class=\"init\">PLAY MOVIE<\/p>\r\n          <\/div>\r\n          <div class=\"stripeMask\"><\/div>\r\n          <video src=\"<?php url(); ?>\/movie\/movie04.mp4&#8243; poster=&#8221;<?php url(); ?>\/images\/lifemovie\/movie04_sp.jpg&#8221; autoplay playsinline loop mute><\/video>\r\n          <div class=\"spDaitai\"><img src=\"<?php url(); ?>\/images\/lifemovie\/movie04_sp.jpg&#8221;><\/div>\r\n        <\/div>\r\n        <div class=\"gakunenTextSP\">* T\u1ea5t c\u1ea3 n\u1ed9i dung \u0111\u0103ng t\u1ea3i n\u00e0y \u0111\u1ec1u l\u00e0 n\u1ed9i dung v\u00e0o th\u1eddi \u0111i\u1ec3m l\u1ea5y th\u00f4ng tin (th\u00e1ng 1 n\u0103m 2018). C\u00f3 th\u1ec3 c\u00f3 s\u1ef1 kh\u00e1c bi\u1ec7t so v\u1edbi n\u1ed9i dung v\u00e0 t\u00ecnh h\u00ecnh hi\u1ec7n t\u1ea1i.<\/div>\r\n        <h2>Lu\u00f4n \u0111\u1ea7y <br>tr\u00ed t\u00f2 m\u00f2<\/h2>\r\n        <div class=\"specText\">\r\n          <div class=\"textBox\">\r\n            <div class=\"country\">\r\n              <div class=\"pageIcon\"><img src=\"<?php url(); ?>\/images\/common\/icon\/cn.svg&#8221; alt=&#8221;CHINA&#8221;><\/div>\r\n              <div class=\"naviText\">CHINA<\/div>\r\n            <\/div>\r\n            <h3>LIU SHUYAN<\/h3>\r\n            <p class=\"init\">C\u01a1 s\u1edf Bunkyo<\/p>\r\n            <p class=\"init\">Chuy\u00ean ng\u00e0nh Kinh doanh qu\u1ed1c t\u1ebf,<\/p>\r\n            <p class=\"init\">Khoa th\u01b0\u01a1ng m\u1ea1i,<\/p>\r\n            <p class=\"init\">n\u0103m th\u1ee9 2<\/p>\r\n          <\/div>\r\n        <\/div>\r\n      <\/div>\r\n      <div class=\"gakunenTextPC\">* T\u1ea5t c\u1ea3 n\u1ed9i dung \u0111\u0103ng t\u1ea3i n\u00e0y \u0111\u1ec1u l\u00e0 n\u1ed9i dung v\u00e0o th\u1eddi \u0111i\u1ec3m l\u1ea5y th\u00f4ng tin (th\u00e1ng 1 n\u0103m 2018). C\u00f3 th\u1ec3 c\u00f3 s\u1ef1 kh\u00e1c bi\u1ec7t so v\u1edbi n\u1ed9i dung v\u00e0 t\u00ecnh h\u00ecnh hi\u1ec7n t\u1ea1i.<\/div>\r\n    <\/div>\r\n\r\n\r\n  <!-- 01-\u767b\u6821 -->\r\n  <div class=\"lifeBoxParent boxHeight01\">\r\n    <div class=\"lifeBox boxShape01\">\r\n\r\n      <!-- \u8aac\u660e -->\r\n      <div class=\"detailsBoxParent01\">\r\n      <div class=\"detailsBox\" id=\"movieText01\">\r\n        <div class=\"dottLineBox\"><\/div>\r\n        <div class=\"watch\">\r\n          <div class=\"icon\"><img src=\"<?php url(); ?>\/images\/common\/icon\/watch.svg&#8221; alt=&#8221;watch&#8221;><\/div>\r\n          <p class=\"init\">9:10<\/p>\r\n          <div class=\"dottLine\"><\/div>\r\n        <\/div>\r\n        <div class=\"textBox\">\r\n          <h3>\u0110i \u0111\u1ebfn tr\u01b0\u1eddng<\/h3>\r\n          <p class=\"init\">T\u1eeb ga Myogadani g\u1ea7n nh\u1ea5t (tuy\u1ebfn Marunouchi) \u0111\u1ebfn C\u01a1 s\u1edf Bunkyo r\u1ea5t thu\u1eadn ti\u1ec7n v\u00ec C\u01a1 s\u1edf n\u1eb1m g\u1ea7n ga ch\u1ec9 m\u1ea5t kho\u1ea3ng 3 ph\u00fat \u0111i b\u1ed9. H\u01a1n n\u1eefa c\u00f2n c\u00f3 th\u1ec3 \u0111i t\u00e0u t\u1eeb ga Myogadani \u0111\u1ebfn Ikebukuro m\u1ea5t 5 ph\u00fat, \u0111\u1ebfn Shibuya v\u00e0 Shinjuku ch\u1ec9 trong v\u00f2ng 25 ph\u00fat, r\u1ea5t ti\u1ec7n l\u1ee3i \u0111\u1ec3 \u0111i \u0111\u1ebfn ba trung t\u00e2m l\u1edbn nh\u1ea5t n\u00e0y c\u1ee7a Tokyo. \u0110\u1eb7c bi\u1ec7t, t\u00f4i th\u01b0\u1eddng \u0111i mua s\u1eafm t\u1ea1i Ikebukuro.<\/p>\r\n        <\/div>\r\n      <\/div>\r\n      <!-- \u6b69\u304d -->\r\n      <div class=\"walk\" id=\"movieWakl01\">\r\n        <picture>\r\n          <source media=\"(min-width: 480px)\" srcset=\"<?php url(); ?>\/images\/lifemovie\/movie04_walk01.png 1x, <?php url(); ?>\/images\/lifemovie\/movie04_walk01@2x.png 2x&#8221;>\r\n          <img src=\"\" alt=\"\">\r\n        <\/picture>\r\n      <\/div>\r\n    <\/div>\r\n\r\n      <!-- \u30a4\u30e1\u30fc\u30b8\u5199\u771f -->\r\n      <picture class=\"lifeImg\" id=\"movieImg01\">\r\n        <div class=\"slideMove\"><\/div>\r\n        <source media=\"(min-width: 480px)\" srcset=\"<?php url(); ?>\/images\/lifemovie\/movie04_img01.jpg 1x, <?php url(); ?>\/images\/lifemovie\/movie04_img01@2x.jpg 2x&#8221;>\r\n        <img src=\"<?php url(); ?>\/images\/lifemovie\/movie04_img01_sp.jpg&#8221; alt=&#8221;LIU SHUYAN&#8221;>\r\n      <\/picture>\r\n\r\n    <\/div>\r\n  <\/div>\r\n\r\n\r\n\r\n\r\n  <!-- 02-\u6388\u696d -->\r\n  <div class=\"lifeBoxParent\">\r\n\r\n    <div class=\"lifeBox boxShape02 boxHeightImg\">\r\n      <!-- \u8aac\u660e -->\r\n      <div class=\"detailsBox\" id=\"movieText02\">\r\n        <div class=\"dottLineBox\"><\/div>\r\n        <div class=\"watch\">\r\n          <div class=\"icon\"><img src=\"<?php url(); ?>\/images\/common\/icon\/watch.svg&#8221; alt=&#8221;watch&#8221;><\/div>\r\n          <p class=\"init\">9:20<\/p>\r\n          <div class=\"dottLine\"><\/div>\r\n        <\/div>\r\n        <div class=\"textBox\">\r\n          <h3>Gi\u1edd h\u1ecdc<\/h3>\r\n          <p class=\"init\">T\u00f4i \u0111ang h\u1ecdc v\u1ec1 k\u1ebf to\u00e1n. T\u1eeb nh\u1ecf t\u00f4i \u0111\u00e3 quan t\u00e2m \u0111\u1ebfn s\u1ed1 li\u1ec7u v\u00e0 trong t\u01b0\u01a1ng lai t\u00f4i mu\u1ed1n l\u00e0m c\u00f4ng vi\u1ec7c c\u00f3 th\u1ec3 t\u1eadn d\u1ee5ng c\u00e1c ki\u1ebfn th\u1ee9c v\u1ec1 k\u1ebf to\u00e1n. Ngo\u00e0i ra, l\u1edbp h\u1ecdc ti\u1ebfng Nh\u1eadt c\u00f3 gi\u00e1o vi\u00ean th\u00e2n thi\u1ec7n, b\u1ea1n b\u00e8 c\u00f9ng l\u1edbp c\u0169ng r\u1ea5t \u0111o\u00e0n k\u1ebft n\u00ean \u0111\u00e2y l\u00e0 m\u1ed9t trong nh\u1eefng gi\u1edd h\u1ecdc y\u00eau th\u00edch c\u1ee7a t\u00f4i.<\/p>\r\n        <\/div>\r\n      <\/div>\r\n\r\n      <!-- \u30a4\u30e1\u30fc\u30b8\u5199\u771f -->\r\n      <picture class=\"lifeImg\" id=\"movieImg02\">\r\n        <div class=\"slideMove\"><\/div>\r\n        <source media=\"(min-width: 480px)\" srcset=\"<?php url(); ?>\/images\/lifemovie\/movie04_img02.jpg 1x, <?php url(); ?>\/images\/lifemovie\/movie04_img02@2x.jpg 2x&#8221;>\r\n        <img src=\"<?php url(); ?>\/images\/lifemovie\/movie04_img02_sp.jpg&#8221; alt=&#8221;LIU SHUYAN&#8221;>\r\n      <\/picture>\r\n\r\n      <!-- \u6b69\u304d -->\r\n      <div class=\"walk\" id=\"movieWakl02\">\r\n        <picture>\r\n          <source media=\"(min-width: 480px)\" srcset=\"<?php url(); ?>\/images\/lifemovie\/movie04_walk02.png 1x, <?php url(); ?>\/images\/lifemovie\/movie04_walk02@2x.png 2x&#8221;>\r\n          <img src=\"\" alt=\"\">\r\n        <\/picture>\r\n      <\/div>\r\n\r\n    <\/div>\r\n  <\/div>\r\n\r\n  <!-- 03-\u30e9\u30f3\u30c1 -->\r\n  <div class=\"lifeBoxParent boxHeight01\">\r\n    <div class=\"lifeBox boxShape01\">\r\n\r\n      <!-- \u8aac\u660e -->\r\n      <div class=\"detailsBoxParent01\">\r\n      <div class=\"detailsBox\" id=\"movieText03\">\r\n        <div class=\"dottLineBox\"><\/div>\r\n        <div class=\"watch\">\r\n          <div class=\"icon\"><img src=\"<?php url(); ?>\/images\/common\/icon\/watch.svg&#8221; alt=&#8221;watch&#8221;><\/div>\r\n          <p class=\"init\">12:35<\/p>\r\n          <div class=\"dottLine\"><\/div>\r\n        <\/div>\r\n        <div class=\"textBox\">\r\n          <h3>B\u1eefa tr\u01b0a<\/h3>\r\n          <p class=\"init\">B\u1eefa tr\u01b0a c\u1ee7a t\u00f4i kh\u00f4ng nh\u1ea5t qu\u00e1n, l\u00fac th\u00ec \u0103n t\u1ea1i nh\u00e0 \u0103n c\u1ee7a tr\u01b0\u1eddng, l\u00fac th\u00ec mua t\u1ea1i c\u1eeda h\u00e0ng ti\u1ec7n l\u1ee3i g\u1ea7n tr\u01b0\u1eddng. Nh\u00e0 \u0103n c\u1ee7a C\u01a1 s\u1edf Bunkyo r\u1ea5t r\u1ebb v\u00e0 th\u1ef1c \u0111\u01a1n phong ph\u00fa n\u00ean r\u1ea5t \u00edch l\u1ee3i cho t\u00f4i. Th\u1ef1c \u0111\u01a1n y\u00eau th\u00edch c\u1ee7a t\u00f4i l\u00e0 m\u00ec Udon v\u00e0 t\u00f4m chi\u00ean ki\u1ec3u Tempura. Udon l\u00e0 m\u1ed9t lo\u1ea1i m\u00ec c\u1ee7a Nh\u1eadt l\u00e0m t\u1eeb l\u00faa m\u00ec, s\u1ee3i m\u00ec r\u1ea5t to l\u00e0 \u0111\u1eb7c tr\u01b0ng c\u1ee7a m\u00f3n \u0103n qu\u1ed1c d\u00e2n Nh\u1eadt B\u1ea3n n\u00e0y.<\/p>\r\n\r\n          <div class=\"btnLinkWhite centerBox btTopM\">\r\n            <a href=\"#lunch\" class=\"modal\">\r\n              <div class=\"pageIcon\"><img src=\"<?php url(); ?>\/images\/common\/icon\/lunch.svg&#8221; alt=&#8221;lunch&#8221;><\/div>\r\n              <div class=\"naviText\">Th\u1ef1c \u0111\u01a1n mu\u1ed1n gi\u1edbi thi\u1ec7u c\u1ee7a nh\u00e0 \u0103n<\/div>\r\n            <\/a>\r\n          <\/div>\r\n        <\/div>\r\n      <\/div>\r\n      <!-- \u6b69\u304d -->\r\n      <div class=\"walk\" id=\"movieWakl03\">\r\n        <picture>\r\n          <source media=\"(min-width: 480px)\" srcset=\"<?php url(); ?>\/images\/lifemovie\/movie04_walk03.png 1x, <?php url(); ?>\/images\/lifemovie\/movie04_walk03@2x.png 2x&#8221;>\r\n          <img src=\"\" alt=\"\">\r\n        <\/picture>\r\n      <\/div>\r\n\r\n    <\/div>\r\n\r\n      <!-- \u30a4\u30e1\u30fc\u30b8\u5199\u771f -->\r\n      <picture class=\"lifeImg\" id=\"movieImg03\">\r\n        <div class=\"slideMove\"><\/div>\r\n        <source media=\"(min-width: 480px)\" srcset=\"<?php url(); ?>\/images\/lifemovie\/movie04_img03.jpg 1x, <?php url(); ?>\/images\/lifemovie\/movie04_img03@2x.jpg 2x&#8221;>\r\n        <img src=\"<?php url(); ?>\/images\/lifemovie\/movie04_img03_sp.jpg&#8221; alt=&#8221;LIU SHUYAN&#8221;>\r\n      <\/picture>\r\n\r\n    <\/div>\r\n  <\/div>\r\n\r\n  <!-- 04-\u81ea\u7531\u6642\u9593 -->\r\n  <div class=\"lifeBoxParent\">\r\n    <div class=\"lifeBox boxShape02 boxHeightImg\">\r\n\r\n      <!-- \u8aac\u660e -->\r\n      <div class=\"detailsBox\" id=\"movieText04\">\r\n        <div class=\"dottLineBox\"><\/div>\r\n        <div class=\"watch\">\r\n          <div class=\"icon\"><img src=\"<?php url(); ?>\/images\/common\/icon\/watch.svg&#8221; alt=&#8221;watch&#8221;><\/div>\r\n          <p class=\"init\">14:00<\/p>\r\n          <div class=\"dottLine\"><\/div>\r\n        <\/div>\r\n        <div class=\"textBox\">\r\n          <h3>Th\u1eddi gian t\u1ef1 do<\/h3>\r\n          <p class=\"init\">Sau khi \u0111\u1ebfn Nh\u1eadt B\u1ea3n t\u00f4i \u0111\u00e3 c\u00f3 s\u1edf th\u00edch ch\u1ee5p \u1ea3nh v\u00e0 t\u00f4i th\u01b0\u1eddng ch\u1ee5p phong c\u1ea3nh khu\u00f4n vi\u00ean tr\u01b0\u1eddng,v.v&#8230; T\u00f2a nh\u00e0 c\u1ee7a C\u01a1 s\u1edf Bunkyo c\u00f2n m\u1edbi, c\u00f3 t\u00ednh l\u1ecbch s\u1eed, c\u00f3 c\u00e2y xanh v\u00e0 c\u00f3 m\u00f4i tr\u01b0\u1eddng y\u00ean b\u00ecnh. \u0110\u1ea1i h\u1ecdc Takushoku l\u00e0 tr\u01b0\u1eddng \u0111\u1ea1i h\u1ecdc c\u00f3 sinh vi\u00ean xu\u1ea5t th\u00e2n t\u1eeb Trung Qu\u1ed1c r\u1ea5t \u0111\u00f4ng, chi\u1ebfm h\u01a1n m\u1ed9t n\u1eeda s\u1ed1 sinh vi\u00ean n\u01b0\u1edbc ngo\u00e0i. T\u00f4i tham gia \u0111\u1ecbnh k\u1ef3 v\u00e0o nh\u00f3m ngo\u1ea1i kh\u00f3a mang t\u00ean H\u1ed9i sinh vi\u00ean ng\u01b0\u1eddi Trung Qu\u1ed1c nh\u1eb1m h\u1ed7 tr\u1ee3 ho\u1ea1t \u0111\u1ed9ng giao l\u01b0u gi\u1eefa c\u00e1c sinh vi\u00ean xu\u1ea5t th\u00e2n t\u1eeb Trung Qu\u1ed1c n\u00e0y.<\/p>\r\n        <\/div>\r\n      <\/div>\r\n\r\n      <!-- \u30a4\u30e1\u30fc\u30b8\u5199\u771f -->\r\n      <picture class=\"lifeImg\" id=\"movieImg04\">\r\n        <div class=\"slideMove\"><\/div>\r\n        <source media=\"(min-width: 480px)\" srcset=\"<?php url(); ?>\/images\/lifemovie\/movie04_img04.jpg 1x, <?php url(); ?>\/images\/lifemovie\/movie04_img04@2x.jpg 2x&#8221;>\r\n        <img src=\"<?php url(); ?>\/images\/lifemovie\/movie04_img04_sp.jpg&#8221; alt=&#8221;LIU SHUYAN&#8221;>\r\n      <\/picture>\r\n\r\n      <!-- \u6b69\u304d -->\r\n      <div class=\"walk\" id=\"movieWakl04\">\r\n        <picture>\r\n          <source media=\"(min-width: 480px)\" srcset=\"<?php url(); ?>\/images\/lifemovie\/movie04_walk04.png 1x, <?php url(); ?>\/images\/lifemovie\/movie04_walk04@2x.png 2x&#8221;>\r\n          <img src=\"\" alt=\"\">\r\n        <\/picture>\r\n      <\/div>\r\n\r\n    <\/div>\r\n  <\/div>\r\n\r\n  <!-- 05-\u30b5\u30fc\u30af\u30eb\u6d3b\u52d5 -->\r\n  <div class=\"lifeBoxParent boxHeight01 lifeBoxParentLast\">\r\n    <div class=\"lifeBox boxShape01\">\r\n\r\n      <!-- \u8aac\u660e -->\r\n      <div class=\"detailsBoxParent01\">\r\n      <div class=\"detailsBox\" id=\"movieText05\">\r\n        <div class=\"dottLineBox\"><\/div>\r\n        <div class=\"watch\">\r\n          <div class=\"icon\"><img src=\"<?php url(); ?>\/images\/common\/icon\/watch.svg&#8221; alt=&#8221;watch&#8221;><\/div>\r\n          <p class=\"init\">17:00<\/p>\r\n          <div class=\"dottLine\"><\/div>\r\n        <\/div>\r\n        <div class=\"textBox\">\r\n          <h3>C\u00f4ng vi\u1ec7c b\u00e1n th\u1eddi gian<\/h3>\r\n          <p class=\"init\">T\u1ea1i n\u01a1i l\u00e0m vi\u1ec7c b\u00e1n th\u1eddi gian, t\u00f4i \u0111\u00e3 k\u1ebft b\u1ea1n v\u1edbi ng\u01b0\u1eddi Nh\u1eadt v\u00e0 ng\u01b0\u1eddi Trung Qu\u1ed1c. L\u00fac \u0111\u1ea7u t\u00f4i \u0111\u00e3 r\u1ea5t lo l\u1eafng, nh\u01b0ng c\u00e1c nh\u00e2n vi\u00ean v\u00e0o tr\u01b0\u1edbc \u0111\u00e3 d\u1ea1y t\u00f4i nhi\u1ec7t t\u00ecnh n\u00ean t\u00f4i c\u1ea3m th\u1ea5y r\u1ea5t tho\u1ea3i m\u00e1i. N\u00f3i chuy\u1ec7n v\u1edbi c\u00e1c b\u1ea1n t\u1eeb c\u00e1c tr\u01b0\u1eddng kh\u00e1c khi\u1ebfn t\u00f4i c\u00f3 th\u00eam nh\u1eefng kh\u00e1m ph\u00e1 v\u00e0 \u0111\u1ed9ng l\u1ef1c m\u1edbi. T\u00f4i ngh\u0129 r\u1eb1ng \u00fd th\u1ee9c k\u1ebft b\u1ea1n kh\u00f4ng ch\u1ec9 trong tr\u01b0\u1eddng \u0111\u1ea1i h\u1ecdc c\u1ee7a m\u00ecnh m\u00e0 c\u1ea3 \u1edf ngo\u00e0i tr\u01b0\u1eddng \u0111\u1ea1i h\u1ecdc v\u00e0 vi\u1ec7c lao v\u00e0o c\u00e1c th\u1ebf gi\u1edbi kh\u00e1c nhau v\u1edbi tr\u00ed t\u00f2 m\u00f2 l\u00e0 r\u1ea5t quan tr\u1ecdng.<\/p>\r\n        <\/div>\r\n      <\/div>\r\n    <\/div>\r\n\r\n      <!-- \u30a4\u30e1\u30fc\u30b8\u5199\u771f -->\r\n      <picture class=\"lifeImg\" id=\"movieImg05\">\r\n        <div class=\"slideMove\"><\/div>\r\n        <source media=\"(min-width: 480px)\" srcset=\"<?php url(); ?>\/images\/lifemovie\/movie04_img05.jpg 1x, <?php url(); ?>\/images\/lifemovie\/movie04_img05@2x.jpg 2x&#8221;>\r\n        <img src=\"<?php url(); ?>\/images\/lifemovie\/movie04_img05_sp.jpg&#8221; alt=&#8221;LIU SHUYAN&#8221;>\r\n      <\/picture>\r\n\r\n    <\/div>\r\n  <\/div>\r\n\r\n  <!-- \u6ce8\u91c8 -->\r\n  <?php get_template_part('\/inc\/_life-movie-etcDetails03'); ?>\r\n\r\n  <!-- \u30e0\u30fc\u30d3\u30fc\u9078\u629e -->\r\n  <div class=\"mb\">\r\n  <?php get_template_part('\/inc\/_life-movie-movieNavi'); ?>\r\n  <\/div>\r\n\r\n  <!-- \u5352\u696d\u751f\u30a4\u30f3\u30bf\u30d3\u30e5\u30fc -->\r\n  <div class=\"mb2\">\r\n  <?php get_template_part('\/inc\/_life-movie-interviewNavi'); ?>\r\n  <\/div>\r\n\r\n  <!-- \u8a00\u8a9e\u9078\u629e\u30dc\u30bf\u30f3 -->\r\n  <?php get_template_part('\/inc\/_life-movie-languageBt'); ?>\r\n\r\n  <\/div>\r\n\r\n\r\n<!--\r\n\r\n  \u30e9\u30f3\u30c1\u3000\u30e2\u30fc\u30c0\u30eb\u30a6\u30a3\u30f3\u30c9\u30a6\r\n\r\n-->\r\n\r\n<div id=\"lunch\" style=\"display:none;\">\r\n  <div class=\"lunchBox\">\r\n    <h3>\r\n      <div class=\"pageIcon\"><img src=\"<?php url(); ?>\/images\/common\/icon\/lunch.svg&#8221; alt=&#8221;lunch&#8221;><\/div>\r\n      <div class=\"textBox\">\r\n        <div class=\"subCopy\">C\u00e1c th\u1ef1c \u0111\u01a1n mu\u1ed1n gi\u1edbi thi\u1ec7u c\u1ee7a nh\u00e0 \u0103n C\u01a1 s\u1edf Bunkyo<\/div>\r\n        <div class=\"mainCopy\">Th\u1ef1c \u0111\u01a1n mu\u1ed1n gi\u1edbi thi\u1ec7u c\u1ee7a nh\u00e0 \u0103n<\/div>\r\n      <\/div>\r\n    <\/h3>\r\n    <ul>\r\n      <li>\r\n        <picture>\r\n          <source media=\"(min-width: 480px)\" srcset=\"<?php url(); ?>\/images\/lifemovie\/movie04_lunch01.jpg 1x, <?php url(); ?>\/images\/lifemovie\/movie04_lunch01@2x.jpg 2x&#8221;>\r\n          <img src=\"<?php url(); ?>\/images\/lifemovie\/movie04_lunch01.jpg&#8221; alt=&#8221;LIU SHUYAN&#8221;>\r\n        <\/picture>\r\n        <div class=\"details\">\r\n          <h4>Bunkyo-don: 420 y\u00ean<\/h4>\r\n          <p class=\"init\">M\u00f3n th\u1ecbt l\u1ee3n \u01b0\u1edbp v\u1ecb c\u00f3 r\u1eafc l\u00e1t t\u1ecfi v\u00e0 \u1edbt chu\u00f4ng. S\u1ed1t Mayonnaise r\u1ea5t h\u1ee3p v\u1ecb v\u00e0 l\u00e0 m\u00f3n \u0103n \u0111\u01b0\u1ee3c c\u00e1c sinh vi\u00ean r\u1ea5t y\u00eau chu\u1ed9ng! Sinh vi\u00ean n\u01b0\u1edbc ngo\u00e0i h\u00ecnh nh\u01b0 th\u00edch tr\u1ed9n l\u00ean khi \u0103n.<\/p>\r\n        <\/div>\r\n      <\/li>\r\n      <li>\r\n        <picture>\r\n          <source media=\"(min-width: 480px)\" srcset=\"<?php url(); ?>\/images\/lifemovie\/movie04_lunch02.jpg 1x, <?php url(); ?>\/images\/lifemovie\/movie04_lunch02@2x.jpg 2x&#8221;>\r\n          <img src=\"<?php url(); ?>\/images\/lifemovie\/movie04_lunch02.jpg&#8221; alt=&#8221;LIU SHUYAN&#8221;>\r\n        <\/picture>\r\n        <div class=\"details\">\r\n          <h4>Taku-dai Giga-don: 650 y\u00ean <\/h4>\r\n          <p class=\"init\">T\u1ed5ng l\u01b0\u1ee3ng l\u00ean \u0111\u1ebfn h\u01a1n 1 kg! Giga v\u01b0\u1ee3t l\u00ean tr\u00ean c\u1ea3 Mega! C\u00f3 \u0111\u1ee7 c\u1ea3 ba m\u00f3n l\u00e0 G\u00e0 r\u00e1n &#8211; Th\u1ecbt l\u1ee3n chi\u00ean x\u00f9 &#8211; Th\u1ecbt l\u1ee3n x\u00e0o v\u1ecb g\u1eebng, v\u1eady m\u00e0 ch\u1ec9 v\u1edbi gi\u00e1 n\u00e0y! C\u00e1c sinh vi\u00ean n\u1eef c\u00f3 khi g\u1ecdi m\u00f3n n\u00e0y v\u00e0 chia v\u1edbi hai, ba b\u1ea1n kh\u00e1c.<\/p>\r\n        <\/div>\r\n      <\/li>\r\n      <li>\r\n        <picture>\r\n          <source media=\"(min-width: 480px)\" srcset=\"<?php url(); ?>\/images\/lifemovie\/movie04_lunch03.jpg 1x, <?php url(); ?>\/images\/lifemovie\/movie04_lunch03@2x.jpg 2x&#8221;>\r\n          <img src=\"<?php url(); ?>\/images\/lifemovie\/movie04_lunch03.jpg&#8221; alt=&#8221;LIU SHUYAN&#8221;>\r\n        <\/picture>\r\n        <div class=\"details\">\r\n          <h4>M\u00ec Ramen: 280 y\u00ean<\/h4>\r\n          <p class=\"init\">C\u00f3 2 lo\u1ea1i l\u00e0 Ramen v\u1ecb x\u00ec d\u1ea7u Tokyo v\u00e0 Ramen v\u1ecb x\u01b0\u01a1ng l\u1ee3n Hakata! C\u1ea3 hai lo\u1ea1i \u0111\u1ec1u c\u00f3 gi\u00e1 r\u1ebb l\u00e0 280 y\u00ean!M\u00f3n n\u00e0y s\u1eed d\u1ee5ng s\u1ee3i m\u00ec t\u01b0\u01a1i n\u00ean m\u1ea5t m\u1ed9t ch\u00fat th\u1eddi gian ch\u1edd \u0111\u1ee3i \u0111\u1ec3 lu\u1ed9c m\u00ec l\u00e0 1 ph\u00fat 30 gi\u00e2y nh\u01b0ng r\u1ea5t b\u00f5 c\u00f4ng ch\u1edd \u0111\u1ee3i! C\u00f3 th\u1ec3 g\u1ecdi c\u00e1c m\u00f3n k\u00e8m v\u00ed d\u1ee5 nh\u01b0 th\u00eam th\u1ecbt x\u00e1 x\u00edu ho\u1eb7c m\u00f3n tr\u1ee9ng l\u00f2ng \u0111\u00e0o,v.v&#8230;<br>\u203b Trong \u1ea3nh l\u00e0 su\u1ea5t m\u00ec \u0111\u00e3 c\u00f3 th\u00eam th\u1ecbt x\u00e1 x\u00edu\r\n          <\/p>\r\n        <\/div>\r\n      <\/li>\r\n    <\/ul>\r\n\r\n  <div class=\"centerBox\">\r\n    <div class=\"btnLink btTopM\">\r\n      <a href=\"https:\/\/www.takushoku-u.ac.jp\/campus_life\/student-cafeteria\/\" target=\"_blank\" rel=\"noopener noreferrer\">\r\n        <div class=\"pageIcon\"><img src=\"<?php url(); ?>\/images\/common\/icon\/lunch.svg&#8221; alt=&#8221;lunch&#8221;><\/div>\r\n        <div class=\"naviText\">gi\u1edbi thi\u1ec7u c\u1ee7a nh\u00e0 \u0103n<\/div>\r\n      <\/a>\r\n    <\/div>\r\n    <div class=\"jpLink\">(Link to Japanese page)<\/div>\r\n  <\/div>\r\n\r\n  <\/div>\r\n<\/div>\r\n\r\n\r\n\r\n","protected":false},"excerpt":{"rendered":"TAKUSHOKU LIFE MOVIE PLAY MOVIE","protected":false},"author":1,"featured_media":0,"parent":203,"menu_order":0,"comment_status":"closed","ping_status":"closed","template":"page-life_movie\/03_movie04_china_vi.php","meta":[],"acf":[],"_links":{"self":[{"href":"https:\/\/lang.takushoku-u.ac.jp\/vi\/wp-json\/wp\/v2\/pages\/321"}],"collection":[{"href":"https:\/\/lang.takushoku-u.ac.jp\/vi\/wp-json\/wp\/v2\/pages"}],"about":[{"href":"https:\/\/lang.takushoku-u.ac.jp\/vi\/wp-json\/wp\/v2\/types\/page"}],"author":[{"embeddable":true,"href":"https:\/\/lang.takushoku-u.ac.jp\/vi\/wp-json\/wp\/v2\/users\/1"}],"replies":[{"embeddable":true,"href":"https:\/\/lang.takushoku-u.ac.jp\/vi\/wp-json\/wp\/v2\/comments?post=321"}],"version-history":[{"count":0,"href":"https:\/\/lang.takushoku-u.ac.jp\/vi\/wp-json\/wp\/v2\/pages\/321\/revisions"}],"up":[{"embeddable":true,"href":"https:\/\/lang.takushoku-u.ac.jp\/vi\/wp-json\/wp\/v2\/pages\/203"}],"wp:attachment":[{"href":"https:\/\/lang.takushoku-u.ac.jp\/vi\/wp-json\/wp\/v2\/media?parent=321"}],"curies":[{"name":"wp","href":"https:\/\/api.w.org\/{rel}","templated":true}]}}