{"id":29,"date":"2019-02-15T23:07:35","date_gmt":"2019-02-15T14:07:35","guid":{"rendered":"http:\/\/localhost\/vn\/?page_id=29"},"modified":"2022-04-07T12:11:10","modified_gmt":"2022-04-07T03:11:10","slug":"international","status":"publish","type":"page","link":"https:\/\/lang.takushoku-u.ac.jp\/vi\/information\/international\/","title":{"rendered":"Giao l\u01b0u qu\u1ed1c t\u1ebf"},"content":{"rendered":"  <div class=\"pageMainContentsBack\">\r\n    <div class=\"pageMainContents\">\r\n      <h2 class=\"pmS\">Tr\u01b0\u1eddng\/C\u01a1 quan h\u1ee3p t\u00e1c \u1edf n\u01b0\u1edbc ngo\u00e0i<\/h2>\r\n      <h3>Tr\u1edf th\u00e0nh tr\u01b0\u1eddng \u0111\u1ea1i h\u1ecdc g\u1ea7n nh\u1ea5t v\u1edbi th\u1ebf gi\u1edbi<\/h3>\r\n      <p class=\"text pmS\">Tr\u01b0\u1eddng \u0111\u1ea1i h\u1ecdc Takushoku hi\u1ec7n \u0111ang giao l\u01b0u v\u00e0 h\u1ee3p t\u00e1c v\u1edbi 53 tr\u01b0\u1eddng \u0111\u1ea1i h\u1ecdc, c\u01a1 quan c\u1ee7a 21 qu\u1ed1c gia, khu v\u1ef1c. Ch\u00fang t\u00f4i t\u00edch c\u1ef1c ti\u1ebfn h\u00e0nh c\u00e1c ho\u1ea1t \u0111\u1ed9ng giao l\u01b0u qu\u1ed1c t\u1ebf nh\u01b0 ph\u00e1i c\u1eed v\u00e0 ti\u1ebfp nh\u1eadn sinh vi\u00ean v\u00e0 gi\u1ea3ng vi\u00ean, v.v&#8230;, gi\u00fap m\u1edf r\u1ed9ng c\u01a1 h\u1ed9i du h\u1ecdc tr\u00ean kh\u1eafp th\u1ebf gi\u1edbi.<\/p>\r\n      <picture class=\"pmS\">\r\n        <source media=\"(min-width: 480px)\" srcset=\"\/vi\/wp-content\/themes\/takushoku\/images\/infomation\/international_exchange.jpg 1x, \/vi\/wp-content\/themes\/takushoku\/images\/infomation\/international_exchange@2x.jpg 2x\">\r\n        <img src=\"\/vi\/wp-content\/themes\/takushoku\/images\/infomation\/international_exchange.jpg\" alt=\"world map\">\r\n      <\/picture>\r\n      <h3>T\u1eeb Tr\u01b0\u1eddng \u0111\u1ea1i h\u1ecdc Takushoku ra th\u1ebf gi\u1edbi \u2013 H\u1ec7 th\u1ed1ng du h\u1ecdc n\u01b0\u1edbc ngo\u00e0i \u2013<\/h3>\r\n      <p class=\"text pmS\">T\u1ea1i Tr\u01b0\u1eddng \u0111\u1ea1i h\u1ecdc Takushoku, to\u00e0n th\u1ec3 tr\u01b0\u1eddng \u0111\u1ea1i h\u1ecdc t\u00edch c\u1ef1c h\u1ed7 tr\u1ee3 cho c\u00e1c kinh nghi\u1ec7m v\u00e0 tr\u1ea3i nghi\u1ec7m t\u1ea1i n\u01b0\u1edbc ngo\u00e0i. \u0110i\u1ec1u n\u00e0y \u0111\u01b0\u1ee3c th\u00fac \u0111\u1ea9y m\u1ea1nh m\u1ebd v\u1edbi ch\u01b0\u01a1ng tr\u00ecnh du h\u1ecdc n\u01b0\u1edbc ngo\u00e0i c\u1ee7a Tr\u01b0\u1eddng \u0111\u1ea1i h\u1ecdc Takushoku \u2013 \u201cTUSAP\u201d. Th\u00f4ng qua ch\u01b0\u01a1ng tr\u00ecnh n\u00e0y, m\u1ed7i n\u0103m, kho\u1ea3ng 80% ng\u01b0\u1eddi c\u00f3 nguy\u1ec7n v\u1ecdng du h\u1ecdc \u0111\u00e3 th\u1ef1c s\u1ef1 c\u00f3 th\u1ec3 h\u1ecdc t\u1eadp t\u1ea1i n\u01b0\u1edbc ngo\u00e0i. Ngo\u00e0i ra, tr\u01b0\u1eddng c\u00f2n c\u00f3 nhi\u1ec1u h\u1ec7 th\u1ed1ng \u0111a d\u1ea1ng ph\u00f9 h\u1ee3p v\u1edbi nhu c\u1ea7u c\u1ee7a ng\u01b0\u1eddi c\u00f3 nguy\u1ec7n v\u1ecdng du h\u1ecdc, ch\u1eb3ng h\u1ea1n nh\u01b0 h\u1ec7 th\u1ed1ng ph\u00e1i c\u1eed n\u01b0\u1edbc ngo\u00e0i \u0111\u1ed9c \u0111\u00e1o \u0111\u01b0\u1ee3c th\u1ef1c hi\u1ec7n b\u1edfi \u201cReitakukai\u201d \u2013 T\u1ed5 ch\u1ee9c quy m\u00f4 to\u00e0n b\u1ed9 tr\u01b0\u1eddng, bao g\u1ed3m sinh vi\u00ean v\u00e0 \u0111\u1ed9i ng\u0169 gi\u00e1o vi\u00ean, v\u00e0 h\u1ecdc b\u1ed5ng th\u1ef1c t\u1eadp c\u00e1 nh\u00e2n h\u1ed7 tr\u1ee3 ch\u01b0\u01a1ng tr\u00ecnh du h\u1ecdc do sinh vi\u00ean t\u1ef1 l\u1eadp k\u1ebf ho\u1ea1ch, v.v\u2026<\/p>\r\n\r\n    <\/div>\r\n    <div class=\"linkSource\">\r\n      <span class=\"pageIcon\"><img src=\"\/vi\/wp-content\/themes\/takushoku\/images\/common\/icon\/blank.svg\"><\/span>\r\n      <p class=\"pageText\">B\u1ea5m v\u00e0o \u0111\u00e2y \u0111\u1ec3 xem trang ti\u1ebfng Nh\u1eadt<a target=\"_blank\" href=\"https:\/\/www.takushoku-u.ac.jp\/international\/affiliated-schools.html\" rel=\"noopener noreferrer\">Li\u00ean k\u1ebft<\/a><\/p>\r\n    <\/div>\r\n  <\/div>","protected":false},"excerpt":{"rendered":"Tr\u01b0\u1eddng\/C\u01a1 quan h\u1ee3p t\u00e1c \u1edf n\u01b0\u1edbc ngo\u00e0i Tr\u1edf th\u00e0nh tr\u01b0\u1eddng \u0111\u1ea1i h\u1ecdc g\u1ea7n nh\u1ea5t v\u1edbi th\u1ebf gi\u1edbi Tr\u01b0\u1eddng \u0111\u1ea1i h\u1ecdc Takushoku hi\u1ec7n \u0111ang giao l\u01b0u v\u00e0 h\u1ee3p t\u00e1c v\u1edbi 53 tr\u01b0\u1eddng \u0111\u1ea1i h\u1ecdc, c\u01a1 quan c\u1ee7a 21 qu\u1ed1c gia, khu v\u1ef1c. Ch\u00fang&#8230;","protected":false},"author":1,"featured_media":0,"parent":7,"menu_order":0,"comment_status":"closed","ping_status":"closed","template":"template\/pageTemp1.php","meta":[],"acf":[],"_links":{"self":[{"href":"https:\/\/lang.takushoku-u.ac.jp\/vi\/wp-json\/wp\/v2\/pages\/29"}],"collection":[{"href":"https:\/\/lang.takushoku-u.ac.jp\/vi\/wp-json\/wp\/v2\/pages"}],"about":[{"href":"https:\/\/lang.takushoku-u.ac.jp\/vi\/wp-json\/wp\/v2\/types\/page"}],"author":[{"embeddable":true,"href":"https:\/\/lang.takushoku-u.ac.jp\/vi\/wp-json\/wp\/v2\/users\/1"}],"replies":[{"embeddable":true,"href":"https:\/\/lang.takushoku-u.ac.jp\/vi\/wp-json\/wp\/v2\/comments?post=29"}],"version-history":[{"count":0,"href":"https:\/\/lang.takushoku-u.ac.jp\/vi\/wp-json\/wp\/v2\/pages\/29\/revisions"}],"up":[{"embeddable":true,"href":"https:\/\/lang.takushoku-u.ac.jp\/vi\/wp-json\/wp\/v2\/pages\/7"}],"wp:attachment":[{"href":"https:\/\/lang.takushoku-u.ac.jp\/vi\/wp-json\/wp\/v2\/media?parent=29"}],"curies":[{"name":"wp","href":"https:\/\/api.w.org\/{rel}","templated":true}]}}