{"id":258,"date":"2019-03-13T14:26:36","date_gmt":"2019-03-13T05:26:36","guid":{"rendered":"http:\/\/localhost\/vn\/?page_id=258"},"modified":"2019-04-04T11:18:49","modified_gmt":"2019-04-04T02:18:49","slug":"interview-indonesia","status":"publish","type":"page","link":"https:\/\/lang.takushoku-u.ac.jp\/vi\/life-movie\/vietnamese\/interview-indonesia\/","title":{"rendered":"AHMAD SYAHRONI (Ti\u1ebfng vi\u1ec7t)"},"content":{"rendered":"<div class=\"mainPage\">\r\n\r\n  <div class=\"lifeMoviePage\">\r\n\r\n\r\n    <!-- \u30bf\u30a4\u30c8\u30eb -->\r\n    <div class=\"lifeMovieTitleBoxDetails interviewTitle01\">\r\n      <div class=\"stripeMask\"><\/div>\r\n      <div class=\"lifeMovieTitle\">\r\n        <h2>INTERVIEW WITH GRADUATES<\/h2>\r\n      <\/div>\r\n    <\/div>\r\n\r\n    <!-- \u8a00\u8a9e\u9078\u629e\u30dc\u30bf\u30f3 -->\r\n    <?php get_template_part('\/inc\/_life-movie-languageBt'); ?>\r\n\r\n\r\n    <div class=\"pageMainContentsBack interviewDetailsBox\">\r\n      <div class=\"titleImg\">\r\n        <picture class=\"\">\r\n          <source media=\"(min-width: 480px)\" srcset=\"<?php url(); ?>\/images\/lifemovie\/interview05_img01.jpg 1x, <?php url(); ?>\/images\/lifemovie\/interview05_img01@2x.jpg 2x&#8221;>\r\n          <img src=\"<?php url(); ?>\/images\/lifemovie\/interview05_img01.jpg&#8221; alt=&#8221;AHMAD SYAHRONI&#8221;>\r\n        <\/picture>\r\n        <h2>H\u00e0ng ng\u00e0y b\u1eadn r\u1ed9n chu\u1ea9n b\u1ecb kh\u1edfi nghi\u1ec7p<br>t\u1ea1i Indonesia<\/h2>\r\n      <\/div>\r\n      <div class=\"pageMainContents\">\r\n\r\n        <div class=\"profileBox\">\r\n          <h2>PROFILE<\/h2>\r\n          <div class=\"contry\">\r\n            <div class=\"pageIcon\"><img src=\"<?php url(); ?>\/images\/common\/icon\/id.svg&#8221; alt=&#8221;Indonesia&#8221;><\/div>\r\n            <div class=\"naviText\">INDONESIA<\/div>\r\n          <\/div>\r\n          <div class=\"name\">AHMAD SYAHRONI<\/div>\r\n          <p class=\"text\">Kh\u00f3a \u0111\u00e0o t\u1ea1o ti\u1ebfng Nh\u1eadt \u2013 Bekka d\u00e0nh cho sinh vi\u00ean n\u01b0\u1edbc ngo\u00e0i n\u0103m 2011, Chuy\u00ean ng\u00e0nh Qu\u1ea3n l\u00fd kinh doanh, Khoa Th\u01b0\u01a1ng m\u1ea1i n\u0103m 2012, Ch\u01b0\u01a1ng tr\u00ecnh ti\u1ebfn s\u0129 ti\u1ec1n k\u1ef3, Kh\u00f3a Nghi\u00ean c\u1ee9u, Khoa Th\u01b0\u01a1ng m\u1ea1i n\u0103m 2016, k\u1ebft th\u00fac Ch\u01b0\u01a1ng tr\u00ecnh ti\u1ebfn s\u0129 ti\u1ec1n k\u1ef3, Chuy\u00ean ng\u00e0nh ph\u00e1t tri\u1ec3n quan h\u1ec7 qu\u1ed1c t\u1ebf, Kh\u00f3a nghi\u00ean c\u1ee9u, Khoa H\u1ee3p t\u00e1c qu\u1ed1c t\u1ebf n\u0103m 2018<\/p>\r\n          <p class=\"text\">Xu\u1ea5t th\u00e2n:Indonesia<\/p>\r\n          <p class=\"text\">Sau khi t\u1ed1t nghi\u1ec7p v\u00e0o l\u00e0m vi\u1ec7c t\u1ea1i Nh\u00e0 xu\u1ea5t b\u1ea3n Ohzora v\u00e0 hi\u1ec7n \u0111ang chu\u1ea9n b\u1ecb kh\u1edfi nghi\u1ec7p t\u1ea1i Indonesia.<\/p>\r\n        <\/div>\r\n\r\n        <section class=\"pmM\">\r\n          <h2>K\u1ef9 n\u0103ng gi\u1ea3i quy\u1ebft v\u1ea5n \u0111\u1ec1 c\u00f3 \u00edch cho hi\u1ec7n t\u1ea1i<\/h2>\r\n          <picture class=\"pmSS\">\r\n            <source media=\"(min-width: 480px)\" srcset=\"<?php url(); ?>\/images\/lifemovie\/interview05_img02.jpg 1x, <?php url(); ?>\/images\/lifemovie\/interview05_img02@2x.jpg 2x&#8221;>\r\n            <img src=\"<?php url(); ?>\/images\/lifemovie\/interview05_img02.jpg&#8221; alt=&#8221;AHMAD SYAHRONI&#8221;>\r\n          <\/picture>\r\n          <p class=\"text\">Hi\u1ec7n t\u1ea1i t\u00f4i \u0111ang chu\u1ea9n b\u1ecb th\u00e0nh l\u1eadp Nh\u00e0 xu\u1ea5t b\u1ea3n t\u1ea1i Indonesia. C\u1ee5 th\u1ec3 t\u00f4i \u0111ang l\u00ean k\u1ebf ho\u1ea1ch kinh doanh cho c\u00f4ng ty \u0111\u1ec3 kh\u1edfi nghi\u1ec7p v\u00e0 h\u00e0ng ng\u00e0y nghi\u00ean c\u1ee9u lu\u1eadt \u0111\u1ec3 th\u00e0nh l\u1eadp c\u00f4ng ty. T\u00f4i v\u1ed1n c\u00f3 suy ngh\u0129 mu\u1ed1n kh\u1edfi nghi\u1ec7p \u0111\u1ec3 \u0111\u00f3ng g\u00f3p cho x\u00e3 h\u1ed9i n\u00ean t\u00f4i c\u0169ng mu\u1ed1n g\u00f3p ph\u1ea7n gi\u1ea3i quy\u1ebft c\u00e1c v\u1ea5n \u0111\u1ec3 c\u1ee7a Indonesia nh\u01b0 v\u1ea5n \u0111\u1ec1 ngh\u00e8o \u0111\u00f3i,v.v\u2026 b\u1eb1ng c\u00e1ch th\u00e0nh l\u1eadp c\u00f4ng ty t\u1ea1i Indonesia. T\u00f4i nh\u1eadn th\u1ea5y nh\u1eefng g\u00ec \u0111\u00e3 h\u1ecdc t\u1ea1i tr\u01b0\u1eddng \u0110\u1ea1i h\u1ecdc Takushoku r\u1ea5t c\u00f3 \u00edch cho c\u00f4ng vi\u1ec7c hi\u1ec7n t\u1ea1i c\u1ee7a t\u00f4i. V\u00ed d\u1ee5 nh\u01b0 trong c\u00e1ch thu th\u1eadp th\u00f4ng tin t\u00f4i \u0111\u00e3 hi\u1ec3u \u0111\u01b0\u1ee3c kh\u00f4ng ch\u1ec9 thu th\u1eadp s\u1ef1 th\u1eadt m\u1ed9t c\u00e1ch m\u00f4ng lung m\u00e0 \u0111i\u1ec1u quan tr\u1ecdng l\u00e0 ph\u1ea3i n\u1eafm b\u1eaft \u0111\u01b0\u1ee3c c\u00e1c c\u0103n c\u1ee9 c\u1ee7a th\u00f4ng tin v\u00e0 t\u00f4i lu\u00f4n th\u1ef1c hi\u1ec7n \u0111i\u1ec1u \u0111\u00f3. H\u01a1n n\u1eefa \u0111\u00fang nh\u01b0 c\u00e1c th\u1ea7y c\u00f4 gi\u00e1o th\u01b0\u1eddng n\u00f3i \u201cSai c\u0169ng \u0111\u01b0\u1ee3c nh\u01b0ng nh\u1ea5t thi\u1ebft ph\u1ea3i c\u00f3 c\u0103n c\u1ee9\u201d n\u00ean th\u00f4ng qua nh\u00f3m nghi\u00ean c\u1ee9u t\u00f4i \u0111\u00e3 c\u00f3 \u0111\u01b0\u1ee3c th\u00f3i quen lu\u00f4n ch\u1eafc ch\u1eafn c\u00f3 c\u0103n c\u1ee9 khi \u0111\u01b0a ra \u00fd ki\u1ebfn. Th\u1ea7y c\u00f4 gi\u00e1o \u0111\u00e3 kh\u00f4ng cho t\u00f4i \u201cc\u00e2u tr\u1ea3 l\u1eddi\u201d nh\u01b0ng ch\u00ednh nh\u1edd \u0111\u00f3 t\u00f4i \u0111\u00e3 r\u00e8n luy\u1ec7n \u0111\u01b0\u1ee3c c\u00e1ch t\u1ef1 suy ngh\u0129 b\u1eb1ng ch\u00ednh c\u00e1i \u0111\u1ea7u c\u1ee7a m\u00ecnh. \u0110\u01b0\u01a1ng nhi\u00ean vi\u1ec7c h\u1ecdc c\u00e1c ki\u1ebfn th\u1ee9c c\u01a1 b\u1ea3n v\u1ec1 qu\u1ea3n l\u00fd kinh doanh l\u00e0 r\u1ea5t c\u00f3 \u00edch nh\u01b0ng h\u1ecdc h\u1ecfi \u0111\u01b0\u1ee3c k\u1ef9 n\u0103ng t\u1ef1 s\u1eafp x\u1ebfp th\u1ee9 t\u1ef1 trong \u0111\u1ea7u \u0111\u1ec3 gi\u1ea3i quy\u1ebft v\u1ea5n \u0111\u1ec1 ch\u00ednh l\u00e0 th\u00e0nh qu\u1ea3 l\u1edbn cho cu\u1ed9c \u0111\u1eddi t\u00f4i.\r\n<\/p>\r\n        <\/section>\r\n\r\n        <section class=\"pmM\">\r\n          <h2>Bu\u1ed5i bi\u1ec3u di\u1ec5n trong \u201cLi\u00ean hoan k\u1ecbch ngo\u1ea1i ng\u1eef\u201d m\u00e0 t\u00f4i \u0111\u00e3 t\u1eadp trung nhi\u1ec1u s\u1ee9c l\u1ef1c nh\u1ea5t<\/h2>\r\n          <picture class=\"pmS\">\r\n            <source media=\"(min-width: 480px)\" srcset=\"<?php url(); ?>\/images\/lifemovie\/interview05_img03.jpg 1x, <?php url(); ?>\/images\/lifemovie\/interview05_img03@2x.jpg 2x&#8221;>\r\n            <img src=\"<?php url(); ?>\/images\/lifemovie\/interview05_img03.jpg&#8221; alt=&#8221;AHMAD SYAHRONI&#8221;>\r\n          <\/picture>\r\n          <p class=\"text\">T\u00f4i kh\u00f4ng \u0111\u01b0\u1ee3c gia \u0111\u00ecnh chu c\u1ea5p h\u1ecdc ph\u00ed v\u00e0 chi ph\u00ed sinh ho\u1ea1t m\u00e0 ph\u1ea3i t\u1ef1 trang tr\u1ea3i b\u1eb1ng vi\u1ec7c l\u00e0m b\u00e1n th\u1eddi gian n\u00ean r\u1ea5t v\u1ea5t v\u1ea3. Do qu\u00e1 b\u1eadn r\u1ed9n nh\u01b0 v\u1eady, t\u00f4i \u0111\u00e3 kh\u00f4ng c\u00f3 c\u01a1 h\u1ed9i \u0111\u1ec3 n\u00f3i chuy\u1ec7n v\u1edbi ng\u01b0\u1eddi kh\u00e1c n\u00ean t\u00f4i \u0111\u00e3 tham gia nh\u00f3m ngo\u1ea1i kh\u00f3a mang t\u00ean H\u1ed9i nghi\u00ean c\u1ee9u Indonesia \u0111\u1ec3 t\u0103ng c\u01a1 h\u1ed9i giao ti\u1ebfp v\u1edbi c\u00e1c sinh vi\u00ean kh\u00e1c. \u0110\u1eb7c bi\u1ec7t ch\u00fang t\u00f4i \u0111\u00e3 t\u1ed5 ch\u1ee9c bu\u1ed5i di\u1ec5n k\u1ecbch ho\u00e0n to\u00e0n b\u1eb1ng ti\u1ebfng Indonesia t\u1ea1i \u201cLi\u00ean hoan k\u1ecbch ngo\u1ea1i ng\u1eef\u201d \u0111\u01b0\u1ee3c t\u1ed5 ch\u1ee9c m\u1ed7i n\u0103m m\u1ed9t l\u1ea7n v\u00e0 nh\u1eefng vi\u1ec7c h\u1ecdc \u0111\u01b0\u1ee3c t\u1eeb ho\u1ea1t \u0111\u1ed9ng \u0111\u00f3 ch\u00ednh l\u00e0 \u0111i\u1ec1u l\u1edbn lao nh\u1ea5t trong nh\u1eefng n\u0103m th\u00e1ng \u0111\u1ea1i h\u1ecdc c\u1ee7a t\u00f4i. T\u00f4i ph\u1ee5 tr\u00e1ch ph\u1ea7n k\u1ecbch b\u1ea3n ti\u1ebfng Indonesia v\u00e0 h\u01b0\u1edbng d\u1eabn di\u1ec5n xu\u1ea5t. H\u1ea7u h\u1ebft di\u1ec5n vi\u00ean l\u00e0 sinh vi\u00ean ng\u01b0\u1eddi Nh\u1eadt n\u00ean t\u00f4i \u0111\u00e3 r\u1ea5t v\u1ea5t v\u1ea3 khi d\u1ea1y c\u00e1c b\u1ea1n n\u00f3i ti\u1ebfng Indonesia t\u1eeb \u0111\u1ea7u nh\u01b0ng trong l\u00fac \u0111\u00f3 t\u00f4i \u0111\u00e3 c\u1ed1 g\u1eafng g\u00e2y \u0111\u1ed9ng l\u1ef1c cho c\u00e1c b\u1ea1n v\u00e0 trong qu\u00e1 tr\u00ecnh ch\u1ec9 \u0111\u1ea1o \u0111\u1ec3 ho\u00e0n th\u00e0nh v\u1edf k\u1ecbch c\u0169ng nh\u01b0 qu\u1ea3n l\u00fd ti\u1ebfn \u0111\u1ed9, t\u00f4i \u0111\u00e3 t\u1ef1 nhi\u00ean ph\u00e1t tri\u1ec3n \u0111\u01b0\u1ee3c kh\u1ea3 n\u0103ng l\u00e3nh \u0111\u1ea1o v\u00e0 \u0111\u00e3 tr\u01b0\u1edfng th\u00e0nh nhi\u1ec1u c\u1ea3 v\u1ec1 m\u1eb7t con ng\u01b0\u1eddi. \u0110\u1ebfn t\u1eadn b\u00e2y gi\u1edd t\u00f4i v\u1eabn kh\u00f4ng qu\u00ean c\u1ea3m gi\u00e1c to\u1ea1i nguy\u1ec7n v\u00e0 m\u00e3n nguy\u1ec7n khi v\u1edf k\u1ecbch k\u1ebft th\u00fac th\u00e0nh c\u00f4ng.\r\n<\/p>\r\n        <\/section>\r\n\r\n        <section>\r\n          <h2>Th\u1eddi \u0111\u1ea1i h\u1ecdc l\u00e0 th\u1eddi k\u1ef3 chu\u1ea9n b\u1ecb \u0111\u1ec3 ra ngo\u00e0i x\u00e3 h\u1ed9i<\/h2>\r\n          <p class=\"text\">T\u00f4i ngh\u0129 r\u1eb1ng th\u1eddi \u0111\u1ea1i h\u1ecdc l\u00e0 qu\u00e3ng th\u1eddi gian \u0111\u1ec3 r\u00e8n luy\u1ec7n tr\u01b0\u1edbc khi ra ngo\u00e0i x\u00e3 h\u1ed9i. Do \u0111\u00f3 c\u1ea7n ph\u1ea3i h\u1ecdc h\u1ecfi \u0111\u01b0\u1ee3c c\u00e1c \u0111i\u1ec1u ki\u1ec7n \u0111\u1ec3 s\u1ed1ng trong x\u00e3 h\u1ed9i. M\u1ed9t trong nh\u1eefng \u0111i\u1ec1u ki\u1ec7n \u0111\u00f3 l\u00e0 kh\u1ea3 n\u0103ng l\u00e3nh \u0111\u1ea1o v\u00e0 giao ti\u1ebfp nh\u01b0ng nh\u1eefng \u0111i\u1ec1u n\u00e0y kh\u00f4ng th\u1ec3 c\u00f3 \u0111\u01b0\u1ee3c n\u1ebfu ch\u1ec9 \u1edf trong ph\u00f2ng h\u1ecdc. T\u00f4i ngh\u0129 n\u00ean h\u1ecdc h\u1ecfi nh\u1eefng \u0111i\u1ec1u n\u00e0y th\u00f4ng qua c\u00e1c ho\u1ea1t \u0111\u1ed9ng ngo\u1ea1i kh\u00f3a,v.v\u2026\u0111\u1ec3 c\u00f3 cu\u1ed9c s\u1ed1ng sinh vi\u00ean sao cho c\u00f3 th\u1ec3 c\u00f3 \u00fd th\u1ee9c ti\u1ebfp thu nh\u1eefng \u0111i\u1ec1u n\u00e0y. Ngo\u00e0i ra khi m\u1edbi nh\u1eadp h\u1ecdc t\u00f4i \u0111\u00e3 kh\u00f4ng th\u1ec3 k\u1ebft b\u1ea1n v\u1edbi ng\u01b0\u1eddi Nh\u1eadt v\u00e0 do ch\u01b0a quen n\u00ean c\u0169ng c\u00f3 khi b\u1ed1i r\u1ed1i trong cu\u1ed9c s\u1ed1ng t\u1ea1i Nh\u1eadt B\u1ea3n nh\u01b0ng m\u1ed7i khi nh\u01b0 v\u1eady t\u00f4i \u0111\u1ec1u h\u1ecfi \u00fd ki\u1ebfn gi\u00e1o vi\u00ean v\u00e0 nh\u1eadn \u0111\u01b0\u1ee3c l\u1eddi khuy\u00ean \u0111\u1ec3 v\u01b0\u1ee3t qua nh\u1eefng kh\u00f3 kh\u0103n \u0111\u00f3. T\u00f4i mong c\u00e1c b\u1ea1n h\u1ecdc \u0111\u01b0\u1ee3c th\u00eam nhi\u1ec1u \u0111i\u1ec1u t\u1ea1i tr\u01b0\u1eddng \u0110\u1ea1i h\u1ecdc Takushoku \u0111\u1ec3 c\u00f3 th\u1ec3 v\u1ed7 c\u00e1nh bay cao v\u00e0o x\u00e3 h\u1ed9i.<\/p>\r\n        <\/section>\r\n\r\n      <\/div>\r\n    <\/div>\r\n\r\n\r\n  <!-- \u5352\u696d\u751f\u30a4\u30f3\u30bf\u30d3\u30e5\u30fc -->\r\n  <div class=\"mb\">\r\n    <?php get_template_part('\/inc\/_life-movie-interviewNavi'); ?>\r\n  <\/div>\r\n\r\n  <!-- \u30e0\u30fc\u30d3\u30fc\u9078\u629e -->\r\n  <div class=\"mb2\">\r\n  <?php get_template_part('\/inc\/_life-movie-movieNavi'); ?>\r\n  <\/div>\r\n\r\n\r\n  <!-- \u8a00\u8a9e\u9078\u629e\u30dc\u30bf\u30f3 -->\r\n  <?php get_template_part('\/inc\/_life-movie-languageBt'); ?>\r\n\r\n  <\/div>\r\n\r\n\r\n","protected":false},"excerpt":{"rendered":"INTERVIEW WITH GRADUATES","protected":false},"author":1,"featured_media":0,"parent":203,"menu_order":0,"comment_status":"closed","ping_status":"closed","template":"page-life_movie\/03_interview05_indonesia_vi.php","meta":[],"acf":[],"_links":{"self":[{"href":"https:\/\/lang.takushoku-u.ac.jp\/vi\/wp-json\/wp\/v2\/pages\/258"}],"collection":[{"href":"https:\/\/lang.takushoku-u.ac.jp\/vi\/wp-json\/wp\/v2\/pages"}],"about":[{"href":"https:\/\/lang.takushoku-u.ac.jp\/vi\/wp-json\/wp\/v2\/types\/page"}],"author":[{"embeddable":true,"href":"https:\/\/lang.takushoku-u.ac.jp\/vi\/wp-json\/wp\/v2\/users\/1"}],"replies":[{"embeddable":true,"href":"https:\/\/lang.takushoku-u.ac.jp\/vi\/wp-json\/wp\/v2\/comments?post=258"}],"version-history":[{"count":0,"href":"https:\/\/lang.takushoku-u.ac.jp\/vi\/wp-json\/wp\/v2\/pages\/258\/revisions"}],"up":[{"embeddable":true,"href":"https:\/\/lang.takushoku-u.ac.jp\/vi\/wp-json\/wp\/v2\/pages\/203"}],"wp:attachment":[{"href":"https:\/\/lang.takushoku-u.ac.jp\/vi\/wp-json\/wp\/v2\/media?parent=258"}],"curies":[{"name":"wp","href":"https:\/\/api.w.org\/{rel}","templated":true}]}}