{"id":256,"date":"2019-03-13T14:25:52","date_gmt":"2019-03-13T05:25:52","guid":{"rendered":"http:\/\/localhost\/vn\/?page_id=256"},"modified":"2019-04-04T11:19:31","modified_gmt":"2019-04-04T02:19:31","slug":"interview-china","status":"publish","type":"page","link":"https:\/\/lang.takushoku-u.ac.jp\/vi\/life-movie\/vietnamese\/interview-china\/","title":{"rendered":"YEN MENG (Ti\u1ebfng vi\u1ec7t)"},"content":{"rendered":"<div class=\"mainPage\">\r\n\r\n  <div class=\"lifeMoviePage\">\r\n\r\n\r\n    <!-- \u30bf\u30a4\u30c8\u30eb -->\r\n    <div class=\"lifeMovieTitleBoxDetails interviewTitle01\">\r\n      <div class=\"stripeMask\"><\/div>\r\n      <div class=\"lifeMovieTitle\">\r\n        <h2>INTERVIEW WITH GRADUATES<\/h2>\r\n      <\/div>\r\n    <\/div>\r\n\r\n    <!-- \u8a00\u8a9e\u9078\u629e\u30dc\u30bf\u30f3 -->\r\n    <?php get_template_part('\/inc\/_life-movie-languageBt'); ?>\r\n\r\n\r\n    <div class=\"pageMainContentsBack interviewDetailsBox\">\r\n      <div class=\"titleImg\">\r\n        <picture class=\"\">\r\n          <source media=\"(min-width: 480px)\" srcset=\"<?php url(); ?>\/images\/lifemovie\/interview04_img01.jpg 1x, <?php url(); ?>\/images\/lifemovie\/interview04_img01@2x.jpg 2x&#8221;>\r\n          <img src=\"<?php url(); ?>\/images\/lifemovie\/interview04_img01.jpg&#8221; alt=&#8221;YEN MENG&#8221;>\r\n        <\/picture>\r\n        <h2>T\u1ea1o d\u1ef1ng n\u1ec1n m\u00f3ng<br>\u0111\u1ec3 l\u00e0m vi\u1ec7c v\u1edbi t\u01b0 c\u00e1ch l\u00e0 ng\u01b0\u1eddi qu\u1ed1c t\u1ebf<\/h2>\r\n      <\/div>\r\n      <div class=\"pageMainContents\">\r\n\r\n        <div class=\"profileBox\">\r\n          <h2>PROFILE<\/h2>\r\n          <div class=\"contry\">\r\n            <div class=\"pageIcon\"><img src=\"<?php url(); ?>\/images\/common\/icon\/cn.svg&#8221; alt=&#8221;CHINA&#8221;><\/div>\r\n            <div class=\"naviText\">CHINA<\/div>\r\n          <\/div>\r\n          <div class=\"name\">YAN MENG<\/div>\r\n          <p class=\"text\">T\u1ed1t nghi\u1ec7p Chuy\u00ean ng\u00e0nh Ph\u00e1p lu\u1eadt v\u00e0 Ch\u00ednh tr\u1ecb, Khoa Kinh t\u1ebf v\u00e0 Ch\u00ednh tr\u1ecb n\u0103m 2013<\/p>\r\n          <p class=\"text\">Xu\u1ea5t th\u00e2n: C\u1ed9ng h\u00f2a Nh\u00e2n d\u00e2n Trung Hoa<\/p>\r\n          <p class=\"text\">Sau khi t\u1ed1t nghi\u1ec7p v\u00e0o l\u00e0m t\u1ea1i c\u00f4ng ty \u0110i\u1ec7n c\u01a1 Foster<\/p>\r\n        <\/div>\r\n\r\n        <section class=\"pmM\">\r\n          <h2>T\u01b0 t\u01b0\u1edfng to\u00e0n c\u1ea7u \u0111\u01b0\u1ee3c nu\u00f4i d\u01b0\u1ee1ng trong 4 n\u0103m \u0111\u1ea1i h\u1ecdc<\/h2>\r\n          <picture class=\"pmSS\">\r\n            <source media=\"(min-width: 480px)\" srcset=\"<?php url(); ?>\/images\/lifemovie\/interview04_img02.jpg 1x, <?php url(); ?>\/images\/lifemovie\/interview04_img02@2x.jpg 2x&#8221;>\r\n            <img src=\"<?php url(); ?>\/images\/lifemovie\/interview04_img02.jpg&#8221; alt=&#8221;YEN MENG&#8221;>\r\n          <\/picture>\r\n          <p class=\"text\">Hi\u1ec7n t\u1ea1i t\u00f4i \u0111ang l\u00e0m vi\u1ec7c t\u1ea1i h\u00e3ng s\u1ea3n xu\u1ea5t loa v\u00e0 tai nghe. T\u00f4i tr\u1ef1c thu\u1ed9c b\u1ed9 ph\u1eadn v\u1eadt t\u01b0, ti\u1ebfn h\u00e0nh t\u00ecm hi\u1ec3u v\u00e0 \u0111\u00e0m ph\u00e1n xem n\u00ean mua nguy\u00ean v\u1eadt li\u1ec7u t\u1eeb \u0111\u00e2u, mua bao nhi\u00eau, v\u1edbi gi\u00e1 c\u1ea3 nh\u01b0 th\u1ebf n\u00e0o v\u00e0 ti\u1ebfn h\u00e0nh mua.<br>T\u00f4i \u0111i \u0111\u1ebfn nhi\u1ec1u n\u01a1i, v\u01b0\u1ee3t qua bi\u00ean gi\u1edbi qu\u1ed1c gia \u0111\u1ec3 khai th\u00e1c \u0111\u1ed1i t\u00e1c kinh doanh t\u1ed1i \u01b0u nh\u1eb1m \u0111\u1ea3m b\u1ea3o cung c\u1ea5p \u1ed5n \u0111\u1ecbnh v\u1eadt t\u01b0 v\u00e0 nguy\u00ean li\u1ec7u cho c\u00e1c c\u01a1 s\u1edf s\u1ea3n xu\u1ea5t \u1edf n\u01b0\u1edbc ngo\u00e0i v\u00e0 t\u00f4i lu\u00f4n c\u1ea3m th\u1ea5y m\u00e3n nguy\u1ec7n khi h\u00e0ng ng\u00e0y c\u1ed1 g\u1eafng trong c\u00f4ng vi\u1ec7c n\u00e0y. T\u1ea1i tr\u01b0\u1eddng \u0110\u1ea1i h\u1ecdc Takushoku n\u01a1i c\u00f3 m\u00f4i tr\u01b0\u1eddng qu\u1ed1c t\u1ebf \u0111\u01b0\u1ee3c thi\u1ebft l\u1eadp \u0111\u1ea7y \u0111\u1ee7, ch\u00fang t\u00f4i \u0111\u01b0\u01a1ng nhi\u00ean \u0111\u01b0\u1ee3c h\u1ecdc nh\u1eefng ki\u1ebfn th\u1ee9c tr\u00ean di\u1ec7n r\u1ed9ng v\u00e0 c\u00f2n \u0111\u01b0\u1ee3c nu\u00f4i d\u01b0\u1ee1ng c\u1ea3 t\u01b0 t\u01b0\u1edfng to\u00e0n c\u1ea7u ch\u1ea5p nh\u1eadn t\u00ednh \u0111a d\u1ea1ng. T\u00f4i c\u1ea3m th\u1ea5y r\u1eb1ng kinh nghi\u1ec7m x\u00e2y d\u1ef1ng m\u1ed1i quan h\u1ec7 h\u1eefu ngh\u1ecb v\u00e0 m\u1ed1i quan h\u1ec7 tin c\u1eady c\u00f3 l\u01b0u \u00fd \u0111\u1ebfn l\u1ecbch s\u1eed, v\u0103n h\u00f3a v\u00e0 phong t\u1ee5c c\u1ee7a qu\u1ed1c gia \u0111\u1ed1i ph\u01b0\u01a1ng \u0111\u00e3 r\u1ea5t c\u00f3 \u00edch trong c\u00f4ng vi\u1ec7c hi\u1ec7n t\u1ea1i c\u1ee7a t\u00f4i khi ti\u1ebfp x\u00fac v\u1edbi c\u00e1c c\u01a1 s\u1edf v\u00e0 \u0111\u1ed1i t\u00e1c kinh doanh \u1edf n\u01b0\u1edbc ngo\u00e0i. Hi\u1ec7n t\u1ea1i t\u00f4i ch\u1ee7 y\u1ebfu \u0111\u1ea3m nhi\u1ec7m c\u00f4ng vi\u1ec7c \u1edf \u0110\u00f4ng \u00c1 v\u00e0 \u0110\u00f4ng Nam \u00c1 v\u1edbi tr\u1ee5 s\u1edf ch\u00ednh l\u00e0 Nh\u1eadt B\u1ea3n nh\u01b0ng sau n\u00e0y t\u00f4i s\u1ebd m\u1edf r\u1ed9ng l\u0129nh v\u1ef1c ho\u1ea1t \u0111\u1ed9ng \u0111\u1ec3 h\u01b0\u1edbng \u0111\u1ebfn vi\u1ec7c tr\u1edf th\u00e0nh ng\u01b0\u1eddi qu\u1ed1c t\u1ebf l\u00e0m vi\u1ec7c tr\u00ean to\u00e0n th\u1ebf gi\u1edbi.<\/p>\r\n        <\/section>\r\n\r\n        <section class=\"pmM\">\r\n          <h2>Du h\u1ecdc ng\u1eafn h\u1ea1n \u0111\u1ec3 \u0111\u00e0o s\u00e2u th\u00eam ki\u1ebfn th\u1ee9c v\u00e0 c\u00f3 \u0111\u01b0\u1ee3c b\u1ea1n b\u00e8 g\u1eafn b\u00f3 c\u1ea3 \u0111\u1eddi<\/h2>\r\n          <picture class=\"pmS\">\r\n            <source media=\"(min-width: 480px)\" srcset=\"<?php url(); ?>\/images\/lifemovie\/interview04_img03.jpg 1x, <?php url(); ?>\/images\/lifemovie\/interview04_img03@2x.jpg 2x&#8221;>\r\n            <img src=\"<?php url(); ?>\/images\/lifemovie\/interview04_img03.jpg&#8221; alt=&#8221;YEN MENG&#8221;>\r\n          <\/picture>\r\n          <p class=\"text\">L\u00fd do t\u00f4i quy\u1ebft \u0111\u1ecbnh v\u00e0o h\u1ecdc t\u1ea1i tr\u01b0\u1eddng \u0110\u1ea1i h\u1ecdc Takushoku l\u00e0 v\u00ec n\u01a1i \u0111\u00e2y c\u00f3 r\u1ea5t nhi\u1ec1u sinh vi\u00ean n\u01b0\u1edbc ngo\u00e0i \u0111ang theo h\u1ecdc v\u00e0 c\u00f3 c\u1ea3 nhi\u1ec1u sinh vi\u00ean theo ch\u01b0\u01a1ng tr\u00ecnh trao \u0111\u1ed5i sinh vi\u00ean t\u1eeb c\u00e1c tr\u01b0\u1eddng li\u00ean k\u1ebft c\u1ee7a nhi\u1ec1u khu v\u1ef1c ng\u00f4n ng\u1eef kh\u00e1c nhau n\u00ean t\u00f4i ngh\u0129 t\u00f4i s\u1ebd c\u00f3 th\u1ec3 th\u01b0\u1eddng xuy\u00ean h\u1ecdc t\u1eadp chuy\u00ean ng\u00e0nh trong m\u00f4i tr\u01b0\u1eddng to\u00e0n c\u1ea7u.<br>T\u00f4i \u0111\u00e3 h\u1ecdc v\u1ec1 ph\u00e1p lu\u1eadt v\u00e0 ch\u00ednh tr\u1ecb t\u1ea1i Chuy\u00ean ng\u00e0nh Kinh t\u1ebf, Khoa Kinh t\u1ebf v\u00e0 Ch\u00ednh tr\u1ecb m\u00e0 t\u00f4i tr\u1ef1c thu\u1ed9c. T\u00f4i \u0111\u00e3 \u0111\u01b0\u1ee3c h\u1ecdc t\u1eadp tr\u00ean di\u1ec7n r\u1ed9ng t\u1eeb Hi\u1ebfn ph\u00e1p Nh\u1eadt B\u1ea3n \u0111\u1ebfn Lu\u1eadt qu\u1ed1c t\u1ebf, t\u1eeb L\u1ecbch s\u1eed ch\u00ednh tr\u1ecb \u0111\u1ebfn L\u00fd lu\u1eadn ch\u00ednh tr\u1ecb hi\u1ec7n \u0111\u1ea1i v\u00e0 t\u00f4i \u0111\u00e3 c\u00f3 \u0111\u01b0\u1ee3c quan \u0111i\u1ec3m m\u1edbi trong vi\u1ec7c n\u1eafm b\u1eaft th\u1ebf gi\u1edbi. T\u1ea1i nh\u00f3m nghi\u00ean c\u1ee9u, t\u00f4i \u0111\u00e3 nghi\u00ean c\u1ee9u N\u1ec1n d\u00e2n ch\u1ee7 hi\u1ec7n \u0111\u1ea1i.<br>V\u00e0o n\u0103m th\u1ee9 4 \u0111\u1ea1i h\u1ecdc, t\u00f4i \u0111\u01b0\u1ee3c nh\u1eadn h\u1ecdc b\u1ed5ng du h\u1ecdc ng\u1eafn h\u1ea1n v\u00e0 t\u00f4i \u0111\u00e3 \u0111i du h\u1ecdc 3 tu\u1ea7n t\u1ea1i Ph\u00e1p l\u00e0 qu\u1ed1c gia \u0111i \u0111\u1ea7u v\u1ec1 &#8220;N\u1ec1n d\u00e2n ch\u1ee7&#8221; m\u00e0 t\u00f4i \u0111\u00e3 nghi\u00ean c\u1ee9u t\u1ea1i nh\u00f3m nghi\u00ean c\u1ee9u.<br>Ban ng\u00e0y t\u00f4i h\u1ecdc t\u1ea1i tr\u01b0\u1eddng ti\u1ebfng Ph\u00e1p, bu\u1ed5i t\u1ed1i t\u00f4i sinh ho\u1ea1t c\u00f9ng gia \u0111\u00ecnh n\u01a1i t\u00f4i \u1edf homestay v\u00e0 trong nh\u1eefng ng\u00e0y th\u00e1ng \u0111\u00f3 t\u00f4i \u0111\u00e3 ch\u1ee7 \u0111\u1ed9ng giao ti\u1ebfp v\u1edbi m\u1ecdi ng\u01b0\u1eddi xung quanh n\u00ean \u0111\u00e3 k\u1ebft b\u1ea1n \u0111\u01b0\u1ee3c v\u1edbi nhi\u1ec1u ng\u01b0\u1eddi \u0111\u1ecba ph\u01b0\u01a1ng. Ngay c\u1ea3 b\u00e2y gi\u1edd khi \u0111\u00e3 6 n\u0103m tr\u00f4i qua k\u1ec3 t\u1eeb khi t\u1ed1t nghi\u1ec7p, t\u00f4i v\u1eabn th\u01b0\u1eddng gi\u1eef li\u00ean l\u1ea1c qua \u0111\u01b0\u1eddng b\u01b0u \u0111i\u1ec7n qu\u1ed1c t\u1ebf. Tr\u1ea3i nghi\u1ec7m du h\u1ecdc ng\u1eafn h\u1ea1n n\u00e0y \u0111\u00e3 cho t\u00f4i kinh nghi\u1ec7m qu\u00fd gi\u00e1 m\u00e0 t\u00f4i kh\u00f4ng th\u1ec3 qu\u00ean trong cu\u1ed9c \u0111\u1eddi m\u00ecnh.<\/p>\r\n        <\/section>\r\n\r\n        <section>\r\n          <h2>Ho\u1ea1t \u0111\u1ed9ng t\u00ecm vi\u1ec7c l\u00e0m t\u1eadn d\u1ee5ng s\u1ef1 gi\u00fap \u0111\u1ee1 c\u1ee7a nh\u1eefng ng\u01b0\u1eddi xung quanh<\/h2>\r\n          <p class=\"text\">\u0110i\u1ec1u t\u00f4i \u0111\u1eb7c bi\u1ec7t v\u1ea5t v\u1ea3 l\u00e0 t\u00ecm ki\u1ebfm vi\u1ec7c l\u00e0m. Khi b\u1eaft \u0111\u1ea7u t\u00ecm vi\u1ec7c t\u00f4i kh\u00f4ng th\u1ec3 ph\u1ecfng v\u1ea5n nh\u01b0 b\u1ea3n th\u00e2n mong \u0111\u1ee3i, li\u00ean t\u1ee5c th\u1ea5t b\u1ea1i l\u00e0m t\u00f4i nhi\u1ec1u l\u1ea7n m\u1ea5t t\u1ef1 tin. L\u00fac \u0111\u00f3, t\u00f4i \u0111\u00e3 tham kh\u1ea3o \u00fd ki\u1ebfn c\u1ee7a gia \u0111\u00ecnh, b\u1ea1n b\u00e8, c\u00e1c nh\u00e2n vi\u00ean ph\u00f2ng Vi\u1ec7c l\u00e0m c\u1ee7a tr\u01b0\u1eddng \u0111\u1ea1i h\u1ecdc v\u00e0 ti\u1ebfn l\u00ean t\u1eebng b\u01b0\u1edbc. C\u00e1c nh\u00e2n vi\u00ean ph\u00f2ng Vi\u1ec7c l\u00e0m \u0111\u00e3 kh\u00f4ng nh\u1eefng cho t\u00f4i r\u1ea5t nhi\u1ec1u l\u1eddi khuy\u00ean khi ph\u1ecfng v\u1ea5n m\u00e0 c\u00f2n an \u1ee7i, kh\u00edch l\u1ec7 t\u00f4i v\u00e0 tr\u1edf th\u00e0nh ch\u1ed7 d\u1ef1a tinh th\u1ea7n cho t\u00f4i n\u00ean t\u00f4i \u0111\u00e3 r\u1ea5t v\u1eefng tin. Nh\u00e2n vi\u00ean n\u01a1i \u0111\u00e2y th\u01b0\u1eddng xuy\u00ean ti\u1ebfp x\u00fac v\u1edbi c\u00e1c sinh vi\u00ean mang nhi\u1ec1u qu\u1ed1c t\u1ecbch kh\u00e1c nhau n\u00ean b\u1ea1n c\u00f3 th\u1ec3 nh\u1eadn \u0111\u01b0\u1ee3c s\u1ef1 h\u1ed7 tr\u1ee3 nhi\u1ec7t t\u00ecnh v\u00e0 chu \u0111\u00e1o t\u1eeb h\u1ecd v\u00e0 t\u00f4i ngh\u0129 r\u1eb1ng \u0111\u00f3 ch\u00ednh l\u00e0 \u0111i\u1ec3m h\u1ea5p d\u1eabn c\u1ee7a tr\u01b0\u1eddng \u0110\u1ea1i h\u1ecdc Takushoku. H\u00e3y d\u1ef1a v\u00e0o s\u1ef1 gi\u00fap \u0111\u1ee1 kh\u00f4ng ch\u1ec9 c\u1ee7a b\u1ea1n b\u00e8 m\u00e0 c\u1ea3 c\u1ee7a nhi\u1ec1u ng\u01b0\u1eddi \u1edf tr\u01b0\u1eddng \u0110\u1ea1i h\u1ecdc Takushoku \u0111\u1ec3 c\u00f3 \u0111\u01b0\u1ee3c cu\u1ed9c s\u1ed1ng sinh vi\u00ean c\u00f3 hi\u1ec7u qu\u1ea3.<\/p>\r\n        <\/section>\r\n\r\n      <\/div>\r\n    <\/div>\r\n\r\n\r\n  <!-- \u5352\u696d\u751f\u30a4\u30f3\u30bf\u30d3\u30e5\u30fc -->\r\n  <div class=\"mb\">\r\n    <?php get_template_part('\/inc\/_life-movie-interviewNavi'); ?>\r\n  <\/div>\r\n\r\n  <!-- \u30e0\u30fc\u30d3\u30fc\u9078\u629e -->\r\n  <div class=\"mb2\">\r\n  <?php get_template_part('\/inc\/_life-movie-movieNavi'); ?>\r\n  <\/div>\r\n\r\n\r\n  <!-- \u8a00\u8a9e\u9078\u629e\u30dc\u30bf\u30f3 -->\r\n  <?php get_template_part('\/inc\/_life-movie-languageBt'); ?>\r\n\r\n  <\/div>\r\n\r\n\r\n\r\n","protected":false},"excerpt":{"rendered":"INTERVIEW WITH GRADUATES","protected":false},"author":1,"featured_media":0,"parent":203,"menu_order":0,"comment_status":"closed","ping_status":"closed","template":"page-life_movie\/03_interview04_china_vi.php","meta":[],"acf":[],"_links":{"self":[{"href":"https:\/\/lang.takushoku-u.ac.jp\/vi\/wp-json\/wp\/v2\/pages\/256"}],"collection":[{"href":"https:\/\/lang.takushoku-u.ac.jp\/vi\/wp-json\/wp\/v2\/pages"}],"about":[{"href":"https:\/\/lang.takushoku-u.ac.jp\/vi\/wp-json\/wp\/v2\/types\/page"}],"author":[{"embeddable":true,"href":"https:\/\/lang.takushoku-u.ac.jp\/vi\/wp-json\/wp\/v2\/users\/1"}],"replies":[{"embeddable":true,"href":"https:\/\/lang.takushoku-u.ac.jp\/vi\/wp-json\/wp\/v2\/comments?post=256"}],"version-history":[{"count":0,"href":"https:\/\/lang.takushoku-u.ac.jp\/vi\/wp-json\/wp\/v2\/pages\/256\/revisions"}],"up":[{"embeddable":true,"href":"https:\/\/lang.takushoku-u.ac.jp\/vi\/wp-json\/wp\/v2\/pages\/203"}],"wp:attachment":[{"href":"https:\/\/lang.takushoku-u.ac.jp\/vi\/wp-json\/wp\/v2\/media?parent=256"}],"curies":[{"name":"wp","href":"https:\/\/api.w.org\/{rel}","templated":true}]}}