{"id":254,"date":"2019-03-13T14:25:13","date_gmt":"2019-03-13T05:25:13","guid":{"rendered":"http:\/\/localhost\/vn\/?page_id=254"},"modified":"2019-04-04T11:19:01","modified_gmt":"2019-04-04T02:19:01","slug":"interview-taiwan","status":"publish","type":"page","link":"https:\/\/lang.takushoku-u.ac.jp\/vi\/life-movie\/vietnamese\/interview-taiwan\/","title":{"rendered":"LIU YUNG YEN (Ti\u1ebfng vi\u1ec7t)"},"content":{"rendered":"<div class=\"mainPage\">\r\n\r\n  <div class=\"lifeMoviePage\">\r\n\r\n\r\n    <!-- \u30bf\u30a4\u30c8\u30eb -->\r\n    <div class=\"lifeMovieTitleBoxDetails interviewTitle01\">\r\n      <div class=\"stripeMask\"><\/div>\r\n      <div class=\"lifeMovieTitle\">\r\n        <h2>INTERVIEW WITH GRADUATES<\/h2>\r\n      <\/div>\r\n    <\/div>\r\n\r\n    <!-- \u8a00\u8a9e\u9078\u629e\u30dc\u30bf\u30f3 -->\r\n    <?php get_template_part('\/inc\/_life-movie-languageBt'); ?>\r\n\r\n\r\n    <div class=\"pageMainContentsBack interviewDetailsBox\">\r\n      <div class=\"titleImg\">\r\n        <picture class=\"\">\r\n          <source media=\"(min-width: 480px)\" srcset=\"<?php url(); ?>\/images\/lifemovie\/interview03_img01.jpg 1x, <?php url(); ?>\/images\/lifemovie\/interview03_img01@2x.jpg 2x&#8221;>\r\n          <img src=\"<?php url(); ?>\/images\/lifemovie\/interview03_img01.jpg&#8221; alt=&#8221;MOON JIWON&#8221;>\r\n        <\/picture>\r\n        <h2>T\u1eadn d\u1ee5ng c\u01a1 h\u1ed9i tr\u01b0\u1edfng th\u00e0nh,<br>v\u1eeba t\u1eadn h\u01b0\u1edfng v\u1eeba r\u00e8n luy\u1ec7n b\u1ea3n th\u00e2n<\/h2>\r\n      <\/div>\r\n      <div class=\"pageMainContents\">\r\n\r\n        <div class=\"profileBox\">\r\n          <h2>PROFILE<\/h2>\r\n          <div class=\"contry\">\r\n            <div class=\"pageIcon\"><img src=\"<?php url(); ?>\/images\/common\/icon\/tw.svg&#8221; alt=&#8221;Taiwan&#8221;><\/div>\r\n            <div class=\"naviText\">TAIWAN<\/div>\r\n          <\/div>\r\n          <div class=\"name\">LIU YING YEN<\/div>\r\n          <p class=\"text\">T\u1ed1t nghi\u1ec7p Chuy\u00ean ng\u00e0nh Ti\u1ebfng Anh-M\u1ef9, Khoa ngo\u1ea1i ng\u1eef n\u0103m 2016 Xu\u1ea5t th\u00e2n: D\u00e2n ch\u1ee7 \u0110\u00e0i Loan<\/p>\r\n          <p class=\"text\">Xu\u1ea5t th\u00e2n: D\u00e2n ch\u1ee7 \u0110\u00e0i Loan<\/p>\r\n          <p class=\"text\">Sau khi t\u1ed1t nghi\u1ec7p v\u00e0o l\u00e0m t\u1ea1i C\u00f4ng ty c\u1ed5 ph\u1ea7n MARUMIYA sau \u0111\u00f3 chuy\u1ec3n sang C\u00f4ng ty c\u1ed5 ph\u1ea7n NARUMIYA INTERNATIONAL<\/p>\r\n        <\/div>\r\n\r\n        <section class=\"pmM\">\r\n          <h2>T\u1eadn d\u1ee5ng ki\u1ebfn th\u1ee9c \u0111\u00e3 h\u1ecdc t\u1ea1i nh\u00f3m nghi\u00ean c\u1ee9u v\u00e0o c\u00f4ng t\u00e1c \u0111\u00e0o t\u1ea1o nh\u00e2n vi\u00ean<\/h2>\r\n          <picture class=\"pmSS\">\r\n            <source media=\"(min-width: 480px)\" srcset=\"<?php url(); ?>\/images\/lifemovie\/interview03_img02.jpg 1x, <?php url(); ?>\/images\/lifemovie\/interview03_img02@2x.jpg 2x&#8221;>\r\n            <img src=\"<?php url(); ?>\/images\/lifemovie\/interview03_img02.jpg&#8221; alt=&#8221;MOON JIWON&#8221;>\r\n          <\/picture>\r\n          <p class=\"text\">Ti\u1ec7m \u201cKimono Me !!\u201d n\u01a1i t\u00f4i \u0111ang l\u00e0m vi\u1ec7c l\u00e0 m\u1ed9t Studio \u1ea3nh Kimono d\u00e0nh cho kh\u00e1ch du l\u1ecbch n\u01b0\u1edbc ngo\u00e0i. T\u00f4i ch\u1ee7 y\u1ebfu bi\u00ean d\u1ecbch gi\u1eefa ti\u1ebfng Anh v\u00e0 ti\u1ebfng Trung khi t\u1ea1o c\u00e1c c\u00f4ng c\u1ee5 x\u00fac ti\u1ebfn b\u00e1n h\u00e0ng nh\u01b0 T\u1edd qu\u1ea3ng c\u00e1o ho\u1eb7c Trang web d\u00e0nh cho ng\u01b0\u1eddi n\u01b0\u1edbc ngo\u00e0i, v.v&#8230; v\u00e0 phi\u00ean d\u1ecbch khi \u0111\u00e0m ph\u00e1n v\u1edbi c\u00e1c \u0111\u1ea1i l\u00fd \u1edf n\u01b0\u1edbc ngo\u00e0i.T\u00f4i \u0111\u00e3 h\u1ecdc v\u1ec1 ti\u1ebfng Anh v\u00e0 \u0111\u00e0o t\u1ea1o ti\u1ebfng Anh t\u1ea1i Khoa Ngo\u1ea1i ng\u1eef nh\u01b0ng k\u1ef9 n\u0103ng \u201cTeaching Knowledge Test\u201d m\u00e0 t\u00f4i \u0111\u00e3 h\u1ecdc \u0111\u01b0\u1ee3c \u1edf nh\u00f3m nghi\u00ean c\u1ee9u \u0111ang r\u1ea5t c\u00f3 \u00edch cho c\u00f4ng vi\u1ec7c hi\u1ec7n t\u1ea1i c\u1ee7a t\u00f4i. T\u00f4i t\u1eadn d\u1ee5ng nh\u1eefng \u0111i\u1ec1u n\u00e0y v\u00e0o c\u00f4ng t\u00e1c \u0111\u00e0o t\u1ea1o nh\u00e2n vi\u00ean m\u1edbi th\u00f4ng qua vi\u1ec7c th\u1ef1c hi\u1ec7n c\u00e1c ph\u01b0\u01a1ng ph\u00e1p h\u01b0\u1edbng d\u1eabn kh\u00e1c nhau t\u00f9y theo m\u1ee9c \u0111\u1ed9 hi\u1ec3u c\u1ee7a m\u1ed7i ng\u01b0\u1eddi h\u1ecdc. T\u00f4i mong mu\u1ed1n trong t\u01b0\u01a1ng lai s\u1ebd c\u00f3 nhi\u1ec1u ng\u01b0\u1eddi bi\u1ebft \u0111\u1ebfn Kimono Me !! h\u01a1n n\u1eefa v\u00e0 mong c\u00f3 nhi\u1ec1u kh\u00e1ch du l\u1ecbch \u0111\u01b0\u1ee3c vui v\u1ebb tr\u1ea3i nghi\u1ec7m Kimono. H\u01a1n n\u1eefa t\u00f4i c\u00f2n mong mu\u1ed1n trong v\u00e0i n\u0103m n\u1eefa s\u1ebd \u0111\u01b0\u1ee3c n\u00e2ng b\u1eadc trong c\u00f4ng ty \u0111\u1ec3 c\u00f3 th\u1ec3 mua nh\u00e0 cho b\u1ea3n th\u00e2n v\u00e0 \u0111\u01b0a b\u1ed1 m\u1eb9 \u0111i du l\u1ecbch th\u1ebf gi\u1edbi.\r\n<\/p>\r\n        <\/section>\r\n\r\n        <section class=\"pmM\">\r\n          <h2>Nh\u1eefng kh\u1ea3 n\u0103ng \u0111\u01b0\u1ee3c m\u1edf ra t\u1eeb vi\u1ec7c \u0111\u1ed1i m\u1eb7t v\u1edbi kh\u00f3 kh\u0103n<\/h2>\r\n          <picture class=\"pmS\">\r\n            <source media=\"(min-width: 480px)\" srcset=\"<?php url(); ?>\/images\/lifemovie\/interview03_img03.jpg 1x, <?php url(); ?>\/images\/lifemovie\/interview03_img03@2x.jpg 2x&#8221;>\r\n            <img src=\"<?php url(); ?>\/images\/lifemovie\/interview03_img03.jpg&#8221; alt=&#8221;MOON JIWON&#8221;>\r\n          <\/picture>\r\n          <p class=\"text\">\u0110i\u1ec1u t\u00f4i g\u1eb7p kh\u00f3 kh\u0103n nh\u1ea5t trong 4 n\u0103m \u0111\u1ea1i h\u1ecdc l\u00e0 vi\u1ec7c h\u1ecdc ti\u1ebfng Nh\u1eadt.\r\nT\u00f4i h\u1ecdc t\u1ea1i Chuy\u00ean ng\u00e0nh ti\u1ebfng Anh nh\u01b0ng khi l\u00e0 sinh vi\u00ean n\u0103m th\u1ee9 nh\u1ea5t v\u00e0 2, v\u1ed1n t\u1eeb v\u1ef1ng ti\u1ebfng Nh\u1eadt c\u1ee7a t\u00f4i kh\u00f4ng \u0111\u1ee7 n\u00ean khi nghe gi\u1ea3i th\u00edch v\u1ec1 ti\u1ebfng Anh b\u1eb1ng ti\u1ebfng Nh\u1eadt, c\u00f3 nh\u1eefng l\u00fac t\u00f4i c\u00f2n kh\u00f4ng hi\u1ec3u nhi\u1ec1u h\u01a1n. Nh\u1eefng l\u00fac \u0111\u00f3 t\u00f4i \u0111\u00e3 ghi l\u1ea1i nh\u1eefng t\u1eeb ti\u1ebfng Nh\u1eadt kh\u00f4ng hi\u1ec3u b\u1eb1ng ch\u1eef Katakana v\u00e0 sau gi\u1edd h\u1ecdc t\u00f4i h\u1ecfi gi\u00e1o vi\u00ean v\u00e0 b\u1ea1n b\u00e8 ng\u01b0\u1eddi Nh\u1eadt. Ngo\u00e0i ra th\u00f4ng th\u01b0\u1eddng t\u00f4i kh\u00f4ng bao gi\u1edd b\u1ecf qua vi\u1ec7c chu\u1ea9n b\u1ecb b\u00e0i tr\u01b0\u1edbc v\u00e0 trong gi\u1edd h\u1ecdc khi c\u00f3 ph\u1ea7n n\u00e0o kh\u00f4ng hi\u1ec3u t\u00f4i kh\u00f4ng b\u1ecf qua c\u01a1 h\u1ed9i \u0111\u1ec3 c\u00f3 th\u1ec3 h\u1ecfi ngay gi\u00e1o vi\u00ean t\u1ea1i ch\u1ed7 n\u00ean t\u00f4i \u0111\u00e3 h\u1ecdc \u0111\u01b0\u1ee3c ti\u1ebfng Nh\u1eadt v\u00e0 ti\u1ebfng Anh m\u1ed9t c\u00e1ch ch\u1eafc ch\u1eafn nh\u01b0 v\u1eady.Ngo\u00e0i vi\u1ec7c h\u1ecdc, t\u00f4i \u1ea5n t\u01b0\u1ee3ng nh\u1ea5t l\u00e0 vi\u1ec7c l\u00e0m Video gi\u1edbi thi\u1ec7u v\u1ec1 \u0110\u00e0i Loan theo y\u00eau c\u1ea7u c\u1ee7a tr\u01b0\u1eddng \u0111\u1ea1i h\u1ecdc khi t\u00f4i sang n\u0103m th\u1ee9 2. T\u00f4i kh\u00f4ng c\u00f3 chuy\u00ean m\u00f4n v\u1ec1 l\u00e0m clip m\u00e0 th\u1eddi gian \u0111\u1ec3 l\u00e0m ch\u1ec9 c\u00f3 1 tu\u1ea7n nh\u01b0ng t\u00f4i \u0111\u00e3 ngh\u0129 r\u1eb1ng c\u00f3 c\u01a1 h\u1ed9i th\u00ec ph\u1ea3i th\u1eed th\u00e1ch n\u00ean t\u00f4i \u0111\u00e3 nh\u1edd em g\u00e1i v\u00e0 b\u1ea1n b\u00e8 h\u1ee3p t\u00e1c v\u1edbi t\u00f4i trong vi\u1ec7c quay c\u1ea3nh \u0111\u1ed3ng th\u1eddi t\u00f4i \u0111\u00e3 t\u1ef1 h\u1ecdc v\u1ec1 c\u00e1c \u1ee9ng d\u1ee5ng tr\u00ean Internet v\u00e0 t\u00f4i \u0111\u00e3 ho\u00e0n th\u00e0nh \u0111\u01b0\u1ee3c Video n\u00e0y. S\u1ea3n ph\u1ea9m c\u1ee7a t\u00f4i c\u00f2n xa so v\u1edbi tr\u00ecnh \u0111\u1ed9 c\u1ee7a c\u00e1c nh\u00e0 chuy\u00ean nghi\u1ec7p nh\u01b0ng t\u00f4i \u0111\u00e3 r\u1ea5t c\u1ea3m \u0111\u1ed9ng khi ho\u00e0n th\u00e0nh v\u00e0 \u0111\u00f3 l\u00e0 m\u1ed9t kinh nghi\u1ec7m qu\u00fd b\u00e1u \u0111\u00e1nh d\u1ea5u b\u01b0\u1edbc tr\u01b0\u1edfng th\u00e0nh c\u1ee7a b\u1ea3n th\u00e2n t\u00f4i. T\u1eeb kinh nghi\u1ec7m n\u00e0y, t\u00f4i \u0111\u00e3 nh\u1eadn ra r\u1eb1ng d\u00f9 g\u1eb7p vi\u1ec7c kh\u00f3 kh\u0103n \u0111\u1ebfn \u0111\u00e2u c\u0169ng kh\u00f4ng \u0111\u01b0\u1ee3c tr\u1ed1n tr\u00e1nh, t\u1ef1 tin v\u00e0o b\u1ea3n th\u00e2n s\u1ebd \u0111\u00e1nh th\u1ee9c c\u00e1c kh\u1ea3 n\u0103ng \u0111ang ng\u1ee7 qu\u00ean trong b\u1ea3n th\u00e2n m\u00ecnh. Tr\u01b0\u1eddng \u0111\u1ea1i h\u1ecdc Takushoku c\u00f3 nhi\u1ec1u c\u01a1 h\u1ed9i \u0111\u1ec3 tr\u01b0\u1edfng th\u00e0nh nh\u01b0ng t\u00f4i ngh\u0129 quan tr\u1ecdng l\u00e0 ph\u1ea3i t\u1ef1 m\u00ecnh lao \u0111i v\u00e0 can \u0111\u1ea3m d\u1ea5n b\u01b0\u1edbc \u0111\u1ea7u ti\u00ean .\r\n<\/p>\r\n        <\/section>\r\n\r\n        <section>\r\n          <h2>M\u00f4i tr\u01b0\u1eddng mang l\u1ea1i cu\u1ed9c s\u1ed1ng sinh vi\u00ean tr\u1ecdn v\u1eb9n<\/h2>\r\n          <p class=\"text\">C\u01a1 s\u1edf Bunkyo v\u00e0 C\u01a1 s\u1edf qu\u1ed1c t\u1ebf Hachioji c\u1ee7a tr\u01b0\u1eddng \u0110\u1ea1i h\u1ecdc Takushoku \u0111\u1ec1u c\u00f3 v\u1ebb \u0111\u1eb9p ri\u00eang. C\u00f3 th\u1ec3 ch\u1ecdn nh\u1eefng m\u00f4n mu\u1ed1n h\u1ecdc t\u1eeb r\u1ea5t nhi\u1ec1u khoa v\u00e0 kh\u00f3a h\u1ecdc \u0111\u1ed3ng th\u1eddi c\u00f2n c\u00f3 \u0111\u1ea7y \u0111\u1ee7 c\u1ea3 c\u00e1c ch\u01b0\u01a1ng tr\u00ecnh du h\u1ecdc n\u01b0\u1edbc ngo\u00e0i gi\u00fap m\u1edf r\u1ed9ng t\u1ea7m nh\u00ecn c\u1ee7a b\u1ea3n th\u00e2n. H\u01a1n n\u1eefa n\u1ebfu b\u1ea1n g\u1eb7p kh\u00f3 kh\u0103n, c\u00e1c gi\u00e1o vi\u00ean v\u00e0 nh\u00e2n vi\u00ean s\u1ebd h\u1ed7 tr\u1ee3 b\u1ea1n h\u1ebft s\u1ee9c cho \u0111\u1ebfn t\u1eadn khi b\u1ea1n kh\u00f4ng c\u00f2n c\u1ea3m th\u1ea5y b\u1ea5t an n\u1eefa. Th\u00eam v\u00e0o \u0111\u00f3 tr\u01b0\u1eddng c\u00f2n c\u00f3 \u0111\u1ea7y \u0111\u1ee7 ch\u1ebf \u0111\u1ed9 h\u1ecdc b\u1ed5ng, ho\u1ea1t \u0111\u1ed9ng ngo\u1ea1i kh\u00f3a v\u00e0 c\u00e1c s\u1ef1 ki\u1ec7n gi\u00fap b\u1ea1n c\u00f3 \u0111\u01b0\u1ee3c cu\u1ed9c s\u1ed1ng vui v\u1ebb t\u1ea1i tr\u01b0\u1eddng \u0111\u1ea1i h\u1ecdc. H\u00e3y t\u1eadn h\u01b0\u1edfng h\u1ebft m\u00ecnh cu\u1ed9c s\u1ed1ng sinh vi\u00ean ch\u1ec9 c\u00f3 m\u1ed9t l\u1ea7n c\u1ee7a b\u1ea1n t\u1ea1i tr\u01b0\u1eddng \u0110\u1ea1i h\u1ecdc Takushoku.<\/p>\r\n        <\/section>\r\n\r\n      <\/div>\r\n    <\/div>\r\n\r\n\r\n  <!-- \u5352\u696d\u751f\u30a4\u30f3\u30bf\u30d3\u30e5\u30fc -->\r\n  <div class=\"mb\">\r\n    <?php get_template_part('\/inc\/_life-movie-interviewNavi'); ?>\r\n  <\/div>\r\n\r\n  <!-- \u30e0\u30fc\u30d3\u30fc\u9078\u629e -->\r\n  <div class=\"mb2\">\r\n  <?php get_template_part('\/inc\/_life-movie-movieNavi'); ?>\r\n  <\/div>\r\n\r\n\r\n  <!-- \u8a00\u8a9e\u9078\u629e\u30dc\u30bf\u30f3 -->\r\n  <?php get_template_part('\/inc\/_life-movie-languageBt'); ?>\r\n\r\n  <\/div>\r\n","protected":false},"excerpt":{"rendered":"INTERVIEW WITH GRADUATES","protected":false},"author":1,"featured_media":0,"parent":203,"menu_order":0,"comment_status":"closed","ping_status":"closed","template":"page-life_movie\/03_interview03_taiwan_vi.php","meta":[],"acf":[],"_links":{"self":[{"href":"https:\/\/lang.takushoku-u.ac.jp\/vi\/wp-json\/wp\/v2\/pages\/254"}],"collection":[{"href":"https:\/\/lang.takushoku-u.ac.jp\/vi\/wp-json\/wp\/v2\/pages"}],"about":[{"href":"https:\/\/lang.takushoku-u.ac.jp\/vi\/wp-json\/wp\/v2\/types\/page"}],"author":[{"embeddable":true,"href":"https:\/\/lang.takushoku-u.ac.jp\/vi\/wp-json\/wp\/v2\/users\/1"}],"replies":[{"embeddable":true,"href":"https:\/\/lang.takushoku-u.ac.jp\/vi\/wp-json\/wp\/v2\/comments?post=254"}],"version-history":[{"count":0,"href":"https:\/\/lang.takushoku-u.ac.jp\/vi\/wp-json\/wp\/v2\/pages\/254\/revisions"}],"up":[{"embeddable":true,"href":"https:\/\/lang.takushoku-u.ac.jp\/vi\/wp-json\/wp\/v2\/pages\/203"}],"wp:attachment":[{"href":"https:\/\/lang.takushoku-u.ac.jp\/vi\/wp-json\/wp\/v2\/media?parent=254"}],"curies":[{"name":"wp","href":"https:\/\/api.w.org\/{rel}","templated":true}]}}