{"id":252,"date":"2019-03-13T14:24:38","date_gmt":"2019-03-13T05:24:38","guid":{"rendered":"http:\/\/localhost\/vn\/?page_id=252"},"modified":"2019-04-04T11:19:28","modified_gmt":"2019-04-04T02:19:28","slug":"interview-vietnam","status":"publish","type":"page","link":"https:\/\/lang.takushoku-u.ac.jp\/vi\/life-movie\/vietnamese\/interview-vietnam\/","title":{"rendered":"VU NHAT HA (Ti\u1ebfng vi\u1ec7t)"},"content":{"rendered":"<div class=\"mainPage\">\r\n\r\n  <div class=\"lifeMoviePage\">\r\n\r\n\r\n    <!-- \u30bf\u30a4\u30c8\u30eb -->\r\n    <div class=\"lifeMovieTitleBoxDetails interviewTitle01\">\r\n      <div class=\"stripeMask\"><\/div>\r\n      <div class=\"lifeMovieTitle\">\r\n        <h2>INTERVIEW WITH GRADUATES<\/h2>\r\n      <\/div>\r\n    <\/div>\r\n\r\n    <!-- \u8a00\u8a9e\u9078\u629e\u30dc\u30bf\u30f3 -->\r\n    <?php get_template_part('\/inc\/_life-movie-languageBt'); ?>\r\n\r\n\r\n    <div class=\"pageMainContentsBack interviewDetailsBox\">\r\n      <div class=\"titleImg\">\r\n        <picture class=\"\">\r\n          <source media=\"(min-width: 480px)\" srcset=\"<?php url(); ?>\/images\/lifemovie\/interview02_img01.jpg 1x, <?php url(); ?>\/images\/lifemovie\/interview02_img01@2x.jpg 2x&#8221;>\r\n          <img src=\"<?php url(); ?>\/images\/lifemovie\/interview02_img01.jpg&#8221; alt=&#8221;MOON JIWON&#8221;>\r\n        <\/picture>\r\n        <h2>S\u1ef1 c\u00f3 m\u1eb7t c\u1ee7a nh\u1eefng ng\u01b0\u1eddi b\u1ea1n<br>gi\u00fap t\u00f4i m\u1edf r\u1ed9ng th\u1ebf gi\u1edbi c\u1ee7a m\u00ecnh<\/h2>\r\n      <\/div>\r\n      <div class=\"pageMainContents\">\r\n\r\n        <div class=\"profileBox\">\r\n          <h2>PROFILE<\/h2>\r\n          <div class=\"contry\">\r\n            <div class=\"pageIcon\"><img src=\"<?php url(); ?>\/images\/common\/icon\/vn.svg&#8221; alt=&#8221;Vietnam&#8221;><\/div>\r\n            <div class=\"naviText\">VIETNAM<\/div>\r\n          <\/div>\r\n          <div class=\"name\">VU NHAT HA<\/div>\r\n          <p class=\"text\">H\u1ecdc xong Kh\u00f3a \u0111\u00e0o t\u1ea1o ti\u1ebfng Nh\u1eadt \u2013 Bekka d\u00e0nh cho sinh vi\u00ean n\u01b0\u1edbc ngo\u00e0i n\u0103m 2002, t\u1ed1t nghi\u1ec7p Chuy\u00ean ng\u00e0nh Kinh doanh qu\u1ed1c t\u1ebf, Khoa Th\u01b0\u01a1ng m\u1ea1i n\u0103m 2007<\/p>\r\n          <p class=\"text\">Xu\u1ea5t th\u00e2n: Vi\u1ec7t nam<\/p>\r\n          <p class=\"text\">Sau khi t\u1ed1t nghi\u1ec7p, v\u00e0o l\u00e0m t\u1ea1i B\u1ed9 K\u1ebf ho\u1ea1ch v\u00e0 \u0110\u1ea7u t\u01b0 Vi\u1ec7t Nam. (ph\u1ee5 tr\u00e1ch v\u1ec1 Nh\u1eadt B\u1ea3n, Ph\u00f2ng X\u00fac ti\u1ebfn \u0111\u1ea7u t\u01b0, C\u1ee5c \u0111\u1ea7u t\u01b0 n\u01b0\u1edbc ngo\u00e0i)<\/p>\r\n        <\/div>\r\n\r\n        <section class=\"pmM\">\r\n          <h2>K\u1ebft n\u1ed1i Vi\u1ec7t Nam v\u00e0 Nh\u1eadt B\u1ea3n \u0111\u1ec3 g\u00f3p ph\u1ea7n cho s\u1ef1 ph\u00e1t tri\u1ec3n c\u1ee7a \u0111\u1ea5t n\u01b0\u1edbc<\/h2>\r\n          <picture class=\"pmSS\">\r\n            <source media=\"(min-width: 480px)\" srcset=\"<?php url(); ?>\/images\/lifemovie\/interview02_img02.jpg 1x, <?php url(); ?>\/images\/lifemovie\/interview02_img02@2x.jpg 2x&#8221;>\r\n            <img src=\"<?php url(); ?>\/images\/lifemovie\/interview02_img02.jpg&#8221; alt=&#8221;MOON JIWON&#8221;>\r\n          <\/picture>\r\n          <p class=\"text\">Hi\u1ec7n t\u1ea1i t\u00f4i \u0111ang ph\u1ee5 tr\u00e1ch v\u1ec1 Nh\u1eadt B\u1ea3n t\u1ea1i Ph\u00f2ng X\u00fac ti\u1ebfn \u0111\u1ea7u t\u01b0 thu\u1ed9c B\u1ed9 K\u1ebf ho\u1ea1ch v\u00e0 \u0110\u1ea7u t\u01b0 Vi\u1ec7t Nam. B\u1ed9 K\u1ebf ho\u1ea1ch v\u00e0 \u0110\u1ea7u t\u01b0 Vi\u1ec7t Nam t\u01b0\u01a1ng \u0111\u01b0\u01a1ng v\u1edbi B\u1ed9 Kinh t\u1ebf, Th\u01b0\u01a1ng m\u1ea1i v\u00e0 C\u00f4ng nghi\u1ec7p Nh\u1eadt B\u1ea3n v\u00e0 l\u00e0 n\u01a1i thi\u1ebft l\u1eadp v\u00e0 th\u1ef1c hi\u1ec7n c\u00e1c chi\u1ebfn l\u01b0\u1ee3c v\u00e0 d\u1ef1 \u00e1n nh\u1eb1m thu h\u00fat n\u01b0\u1edbc ngo\u00e0i \u0111\u1ea7u t\u01b0 nhi\u1ec1u v\u00e0o Vi\u1ec7t Nam. T\u00f4i gi\u1edbi thi\u1ec7u m\u00f4i tr\u01b0\u1eddng kinh t\u1ebf v\u00e0 \u0111\u1ea7u t\u01b0 c\u1ee7a Vi\u1ec7t Nam cho ch\u00ednh ph\u1ee7, ch\u00ednh quy\u1ec1n \u0111\u1ecba ph\u01b0\u01a1ng v\u00e0 c\u00e1c c\u00f4ng ty c\u1ee7a Nh\u1eadt B\u1ea3n \u0111\u1ed3ng th\u1eddi \u0111\u1ec1 xu\u1ea5t \u0111\u1ea7u t\u01b0 v\u00e0 c\u00f2n h\u1ed7 tr\u1ee3 c\u1ea3 c\u00e1c c\u00f4ng ty Vi\u1ec7t Nam.\r\nTrong t\u01b0\u01a1ng lai, t\u00f4i d\u1ef1 \u0111\u1ecbnh s\u1ebd d\u1ed3n s\u1ee9c nhi\u1ec1u h\u01a1n n\u1eefa \u0111\u1eb7c bi\u1ec7t th\u00f4ng qua vi\u1ec7c h\u1ed7 tr\u1ee3 cho c\u00e1c c\u00f4ng ty Nh\u1eadt B\u1ea3n. T\u00f4i mong mu\u1ed1n m\u1ed1i quan h\u1ec7 gi\u1eefa hai n\u01b0\u1edbc s\u1ebd ph\u00e1t tri\u1ec3n h\u01a1n n\u1eefa khi \u0111\u1ea7u t\u01b0 t\u1eeb Nh\u1eadt B\u1ea3n v\u00e0o Vi\u1ec7t Nam t\u0103ng l\u00ean ng\u00e0y c\u00e0ng nhi\u1ec1u. H\u00e0ng ng\u00e0y t\u00f4i c\u1ea3m nh\u1eadn \u0111\u01b0\u1ee3c \u00fd ngh\u0129a to l\u1edbn v\u00e0 lu\u00f4n c\u1ed1 g\u1eafng trong c\u00f4ng vi\u1ec7c l\u00e0 c\u1ea7u n\u1ed1i gi\u1eefa Nh\u1eadt B\u1ea3n v\u00e0 Vi\u1ec7t Nam \u0111\u1ec3 g\u00f3p ph\u1ea7n k\u00edch ho\u1ea1t n\u1ec1n kinh t\u1ebf Vi\u1ec7t Nam n\u00e0y.\r\n<\/p>\r\n        <\/section>\r\n\r\n        <section class=\"pmM\">\r\n          <h2>Nh\u1eefng ng\u01b0\u1eddi b\u1ea1n \u0111\u00e3 d\u1ea1y cho t\u00f4i v\u1ec1 n\u1ec1n v\u0103n h\u00f3a Nh\u1eadt B\u1ea3n m\u00e0 t\u00f4i ch\u01b0a t\u1eebng bi\u1ebft \u0111\u1ebfn<\/h2>\r\n          <picture class=\"pmS\">\r\n            <source media=\"(min-width: 480px)\" srcset=\"<?php url(); ?>\/images\/lifemovie\/interview02_img03.jpg 1x, <?php url(); ?>\/images\/lifemovie\/interview02_img03@2x.jpg 2x&#8221;>\r\n            <img src=\"<?php url(); ?>\/images\/lifemovie\/interview02_img03.jpg&#8221; alt=&#8221;MOON JIWON&#8221;>\r\n          <\/picture>\r\n          <p class=\"text\">T\u00f4i \u0111\u00e3 r\u1ea5t th\u00edch v\u0103n h\u00f3a Nh\u1eadt B\u1ea3n su\u1ed1t t\u1eeb th\u1eddi ti\u1ec3u h\u1ecdc. \u0110i\u1ec1u \u0111\u00f3 l\u00e0 do \u1ea3nh h\u01b0\u1edfng c\u1ee7a cha m\u1eb9, t\u00f4i \u0111\u00e3 l\u1edbn l\u00ean v\u1edbi nh\u1eefng ng\u00e0y xem ho\u1ea1t h\u00ecnh, \u0111\u1ecdc truy\u1ec7n tranh, nghe c\u00e1c b\u00e0i h\u00e1t c\u1ee7a Nh\u1eadt B\u1ea3n. Do \u0111\u00f3, ngay c\u1ea3 khi m\u1edbi b\u1eaft \u0111\u1ea7u cu\u1ed9c s\u1ed1ng sinh vi\u00ean t\u1ea1i Nh\u1eadt B\u1ea3n, t\u00f4i \u0111\u00e3 c\u00f3 th\u1ec3 s\u1ed1ng m\u00e0 kh\u00f4ng c\u1ea3m th\u1ea5y s\u1ef1 kh\u00e1c bi\u1ec7t qu\u00e1 nhi\u1ec1u so v\u1edbi v\u0103n h\u00f3a c\u1ee7a qu\u00ea h\u01b0\u01a1ng m\u00ecnh. T\u1ea1i tr\u01b0\u1eddng \u0110\u1ea1i h\u1ecdc Takushoku t\u00f4i \u0111\u00e3 c\u00f3 k\u1ef7 ni\u1ec7m \u0111\u1eb7c bi\u1ec7t s\u00e2u s\u1eafc v\u1ec1 nh\u1eefng th\u00e1ng ng\u00e0y s\u1ed1ng v\u1edbi b\u1ea1n b\u00e8. Th\u00f4ng qua b\u1ea1n b\u00e8, t\u00f4i \u0111\u00e3 c\u00f3 th\u1ec3 h\u1ecdc h\u1ecfi r\u1ea5t nhi\u1ec1u v\u1ec1 v\u0103n h\u00f3a Nh\u1eadt B\u1ea3n m\u00e0 t\u00f4i ch\u01b0a t\u1eebng bi\u1ebft \u0111\u1ebfn v\u00e0 vi\u1ec7c h\u1ecdc h\u1ecfi v\u1ec1 n\u00ean v\u0103n h\u00f3a c\u0169ng nh\u01b0 quan \u0111i\u1ec3m v\u1ec1 gi\u00e1 tr\u1ecb c\u1ee7a c\u00e1c sinh vi\u00ean \u0111\u1ebfn t\u1eeb nhi\u1ec1u qu\u1ed1c gia kh\u00e1c c\u0169ng \u0111\u00e3 gi\u00fap t\u00f4i m\u1edf r\u1ed9ng t\u1ea7m nh\u00ecn. T\u00f4i \u0111\u00e3 r\u1ea5t v\u1ea5t v\u1ea3 trong vi\u1ec7c h\u1ecdc ti\u1ebfng Nh\u1eadt nh\u01b0ng ngay c\u1ea3 vi\u1ec7c n\u00e0y t\u00f4i c\u0169ng \u0111\u00e3 gi\u1ecfi l\u00ean nhanh ch\u00f3ng qua vi\u1ec7c n\u00f3i chuy\u1ec7n v\u1edbi c\u00e1c b\u1ea1n ng\u01b0\u1eddi Nh\u1eadt.\r\n<\/p>\r\n        <\/section>\r\n\r\n        <section>\r\n          <h2>Quan tr\u1ecdng l\u00e0 \u1edf \u00fd th\u1ee9c ch\u1ee7 \u0111\u1ed9ng m\u1edf r\u1ed9ng quan h\u1ec7<\/h2>\r\n          <p class=\"text\">Trong cu\u1ed9c s\u1ed1ng t\u1ea1i tr\u01b0\u1eddng \u0111\u1ea1i h\u1ecdc, c\u00e1c b\u1ea1n h\u00e3y th\u1eed th\u1ef1c hi\u1ec7n h\u1ebft s\u1ee9c trong kh\u1ea3 n\u0103ng c\u00f3 th\u1ec3 nh\u1eefng \u0111i\u1ec1u b\u1ea3n th\u00e2n mu\u1ed1n l\u00e0m. D\u00f9 c\u00f3 kh\u00f3 kh\u0103n v\u1ea5t v\u1ea3 \u0111\u1ebfn \u0111\u00e2u, nh\u1eefng vi\u1ec7c \u0111\u00f3 c\u0169ng l\u00e0 nh\u1eefng tr\u1ea3i nghi\u1ec7m ch\u1ec9 c\u00f3 th\u1ec3 l\u00e0m \u0111\u01b0\u1ee3c v\u00e0o th\u1eddi \u0111i\u1ec3m \u0111\u00f3. T\u00f4i mong mu\u1ed1n c\u00e1c b\u1ea1n h\u00e3y t\u1eadn h\u01b0\u1edfng t\u1eebng kho\u1ea3nh kh\u1eafc v\u00e0 coi tr\u1ecdng vi\u1ec7c c\u1ed1 g\u1eafng h\u1ebft s\u1ee9c m\u00ecnh. Nh\u00ecn l\u1ea1i t\u00f4i th\u1ea5y tr\u1ea3i nghi\u1ec7m n\u00e0o c\u0169ng tr\u1edf th\u00e0nh t\u00e0i s\u1ea3n cho b\u1ea3n th\u00e2n. V\u00e0 t\u00f4i ngh\u0129 r\u1eb1ng tr\u00ean h\u1ebft l\u00e0 c\u01a1 h\u1ed9i g\u1eb7p g\u1ee1 v\u1edbi ng\u01b0\u1eddi kh\u00e1c c\u00f3 \u1ea3nh h\u01b0\u1edfng nhi\u1ec1u nh\u1ea5t \u0111\u1ebfn cu\u1ed9c s\u1ed1ng t\u1ea1i tr\u01b0\u1eddng \u0111\u1ea1i h\u1ecdc. T\u00f4i \u0111\u00e3 c\u00f3 \u0111\u01b0\u1ee3c c\u00e1c th\u00f4ng tin v\u1ec1 vi\u1ec7c l\u00e0m t\u1eeb c\u00e1c b\u1ea1n kh\u00f3a tr\u00ean trong nh\u00f3m nghi\u00ean c\u1ee9u v\u00e0 vi\u1ec7c k\u1ebft b\u1ea1n \u0111\u00e3 gi\u00fap t\u00f4i kh\u00f4ng c\u1ea3m th\u1ea5y c\u00f3 g\u00ec bu\u1ed3n khi s\u1ed1ng m\u1ed9t m\u00ecnh. L\u00fac \u0111\u1ea7u c\u1ea7n ph\u1ea3i c\u00f3 can \u0111\u1ea3m \u0111\u1ec3 c\u00f3 th\u1ec3 ch\u1ee7 \u0111\u1ed9ng t\u1ef1 m\u00ecnh t\u00edch c\u1ef1c b\u1eaft chuy\u1ec7n nh\u01b0ng t\u00f4i ngh\u0129 n\u00ean tham gia nhi\u1ec1u nh\u00f3m ho\u1ea1t \u0111\u1ed9ng nh\u01b0 nh\u00f3m nghi\u00ean c\u1ee9u hay nh\u00f3m ngo\u1ea1i kh\u00f3a,v.v\u2026v\u00e0 c\u00f3 \u00fd th\u1ee9c c\u1ed1 g\u1eafng m\u1edf r\u1ed9ng quan h\u1ec7 t\u1eebng ch\u00fat m\u1ed9t. T\u00f4i ngh\u0129 nhi\u1ec1u khi ch\u00fang ta s\u1ebd \u0111\u01b0\u1ee3c gi\u00fap \u0111\u1ee1 b\u1edfi c\u00e1c m\u1ed1i quan h\u1ec7 \u0111\u00f3 ngay c\u1ea3 sau khi \u0111\u00e3 t\u1ed1t nghi\u1ec7p.<\/p>\r\n        <\/section>\r\n\r\n      <\/div>\r\n    <\/div>\r\n\r\n\r\n  <!-- \u5352\u696d\u751f\u30a4\u30f3\u30bf\u30d3\u30e5\u30fc -->\r\n  <div class=\"mb\">\r\n    <?php get_template_part('\/inc\/_life-movie-interviewNavi'); ?>\r\n  <\/div>\r\n\r\n  <!-- \u30e0\u30fc\u30d3\u30fc\u9078\u629e -->\r\n  <div class=\"mb2\">\r\n  <?php get_template_part('\/inc\/_life-movie-movieNavi'); ?>\r\n  <\/div>\r\n\r\n\r\n  <!-- \u8a00\u8a9e\u9078\u629e\u30dc\u30bf\u30f3 -->\r\n  <?php get_template_part('\/inc\/_life-movie-languageBt'); ?>\r\n\r\n  <\/div>","protected":false},"excerpt":{"rendered":"INTERVIEW WITH GRADUATES","protected":false},"author":1,"featured_media":0,"parent":203,"menu_order":0,"comment_status":"closed","ping_status":"closed","template":"page-life_movie\/03_interview02_vietnam_vi.php","meta":[],"acf":[],"_links":{"self":[{"href":"https:\/\/lang.takushoku-u.ac.jp\/vi\/wp-json\/wp\/v2\/pages\/252"}],"collection":[{"href":"https:\/\/lang.takushoku-u.ac.jp\/vi\/wp-json\/wp\/v2\/pages"}],"about":[{"href":"https:\/\/lang.takushoku-u.ac.jp\/vi\/wp-json\/wp\/v2\/types\/page"}],"author":[{"embeddable":true,"href":"https:\/\/lang.takushoku-u.ac.jp\/vi\/wp-json\/wp\/v2\/users\/1"}],"replies":[{"embeddable":true,"href":"https:\/\/lang.takushoku-u.ac.jp\/vi\/wp-json\/wp\/v2\/comments?post=252"}],"version-history":[{"count":0,"href":"https:\/\/lang.takushoku-u.ac.jp\/vi\/wp-json\/wp\/v2\/pages\/252\/revisions"}],"up":[{"embeddable":true,"href":"https:\/\/lang.takushoku-u.ac.jp\/vi\/wp-json\/wp\/v2\/pages\/203"}],"wp:attachment":[{"href":"https:\/\/lang.takushoku-u.ac.jp\/vi\/wp-json\/wp\/v2\/media?parent=252"}],"curies":[{"name":"wp","href":"https:\/\/api.w.org\/{rel}","templated":true}]}}