{"id":25,"date":"2019-02-15T23:05:48","date_gmt":"2019-02-15T14:05:48","guid":{"rendered":"http:\/\/localhost\/vn\/?page_id=25"},"modified":"2022-04-07T12:10:22","modified_gmt":"2022-04-07T03:10:22","slug":"educational-policy","status":"publish","type":"page","link":"https:\/\/lang.takushoku-u.ac.jp\/vi\/information\/educational-policy\/","title":{"rendered":"Ph\u01b0\u01a1ng ch\u00e2m gi\u00e1o d\u1ee5c"},"content":{"rendered":"  <div class=\"pageMainContentsBack\">\r\n    <div class=\"pageMainContents\">\r\n\r\n      <h2>M\u1ee5c ti\u00eau gi\u00e1o d\u1ee5c v\u00e0 3 ph\u01b0\u01a1ng ch\u00e2m c\u01a1 b\u1ea3n<\/h2>\r\n      <p class=\"text pmM\">\r\n        V\u1edbi m\u1ee5c ti\u00eau gi\u00e1o d\u1ee5c d\u1ef1a tr\u00ean tinh th\u1ea7n s\u00e1ng l\u1eadp, Tr\u01b0\u1eddng \u0111\u1ea1i h\u1ecdc Takushoku \u0111\u00e3 x\u00e1c \u0111\u1ecbnh 3 ph\u01b0\u01a1ng ch\u00e2m c\u01a1 b\u1ea3n nh\u1eb1m n\u00e2ng cao ch\u1ea5t l\u01b0\u1ee3ng gi\u00e1o d\u1ee5c v\u00e0 \u0111\u1ea3m b\u1ea3o s\u1ef1 c\u00f4ng nh\u1eadn qu\u1ed1c t\u1ebf, th\u00f4ng qua vi\u1ec7c n\u1ed7 l\u1ef1c \u0111\u00e0o t\u1ea1o v\u00e0 ph\u00e1t tri\u1ec3n ngu\u1ed3n nh\u00e2n l\u1ef1c c\u00f3 t\u00ednh qu\u1ed1c t\u1ebf, chuy\u00ean m\u00f4n, v\u00e0 ph\u1ea9m ch\u1ea5t. <\/p>\r\n\r\n      <section class=\"pmM\" id=\"title01\">\r\n        <h3>M\u1ee5c ti\u00eau gi\u00e1o d\u1ee5c<\/h3>\r\n        <ul class=\"orangeList\">\r\n          <li>\u0110\u00e0o t\u1ea1o v\u00e0 ph\u00e1t tri\u1ec3n ngu\u1ed3n nh\u00e2n l\u1ef1c c\u00f3 kh\u1ea3 n\u0103ng l\u0129nh h\u1ed9i linh ho\u1ea1t, kh\u1ea3 n\u0103ng ti\u1ebfp thu s\u00e2u s\u1eafc \u0111\u1ec3 th\u1ef1c hi\u1ec7n vi\u1ec7c c\u00f9ng chung s\u1ed1ng, \u0111\u1ed3ng th\u1eddi tin c\u1eady l\u1eabn nhau v\u1edbi t\u1ea5t c\u1ea3 c\u00e1c d\u00e2n t\u1ed9c, ch\u1ee7ng t\u1ed9c tr\u00ean th\u1ebf gi\u1edbi<\/li>\r\n          <li>\u0110\u00e0o t\u1ea1o v\u00e0 ph\u00e1t tri\u1ec3n ngu\u1ed3n nh\u00e2n l\u1ef1c c\u00f3 kh\u1ea3 n\u0103ng nh\u1eadn th\u1ee9c \u0111\u01b0\u1ee3c v\u1ea5n \u0111\u1ec1 v\u00e0 kh\u1ea3 n\u0103ng \u0111\u01b0a ra quy\u1ebft \u0111\u1ecbnh, \u0111\u1ec3 n\u1eafm b\u1eaft b\u1ea3n ch\u1ea5t c\u1ee7a s\u1ef1 vi\u1ec7c m\u1ed9t c\u00e1ch b\u00ecnh t\u0129nh v\u00e0 ch\u00ednh x\u00e1c, h\u00e0nh \u0111\u1ed9ng v\u1eefng v\u00e0ng, t\u1ef1 tin tr\u01b0\u1edbc t\u00ecnh h\u00ecnh \u0111ang thay \u0111\u1ed5i nhanh ch\u00f3ng \u1edf Nh\u1eadt B\u1ea3n v\u00e0 n\u01b0\u1edbc ngo\u00e0i<\/li>\r\n          <li>\u0110\u00e0o t\u1ea1o v\u00e0 ph\u00e1t tri\u1ec3n ngu\u1ed3n nh\u00e2n l\u1ef1c lu\u00f4n s\u1eb5n s\u00e0ng h\u00e0nh \u0111\u1ed9ng, tr\u00e0n \u0111\u1ea7y tinh th\u1ea7n ti\u00ean phong \u0111\u1ec3 ch\u1ee7 \u0111\u1ed9ng \u0111\u01b0\u01a1ng \u0111\u1ea7u v\u1edbi vi\u1ec7c gi\u1ea3i quy\u1ebft c\u00e1c v\u1ea5n \u0111\u1ec1 m\u00e0 x\u00e3 h\u1ed9i lo\u00e0i ng\u01b0\u1eddi ph\u1ea3i \u0111\u1ed1i m\u1eb7t, \u0111\u1ed3ng th\u1eddi c\u00f3 tr\u00ed tu\u1ec7 v\u00e0 th\u1ec3 l\u1ef1c c\u1ea7n thi\u1ebft cho \u0111i\u1ec1u \u0111\u00f3<\/li>\r\n        <\/ul>\r\n      <\/section>\r\n\r\n      <h3 class=\"pmS\" id=\"title02\">Ba ph\u01b0\u01a1ng ch\u00e2m c\u01a1 b\u1ea3n v\u1ec1 gi\u00e1o d\u1ee5c kh\u00f3a h\u1ecdc c\u1eed nh\u00e2n<\/h3>\r\n      <section class=\"pmM\">\r\n        <h4 class=\"pmS\">1. Ph\u01b0\u01a1ng ch\u00e2m ch\u1ee9ng nh\u1eadn t\u1ed1t nghi\u1ec7p, trao t\u1eb7ng v\u0103n b\u1eb1ng (Ch\u00ednh s\u00e1ch v\u1ec1 b\u1eb1ng c\u1ea5p)<\/h4>\r\n        <p class=\"text pmSS\">\r\n          D\u1ef1a tr\u00ean tinh th\u1ea7n s\u00e1ng l\u1eadp v\u00e0 m\u1ee5c ti\u00eau gi\u00e1o d\u1ee5c, Tr\u01b0\u1eddng \u0111\u1ea1i h\u1ecdc Takushoku h\u01b0\u1edbng \u0111\u1ebfn vi\u1ec7c \u0111\u00e0o t\u1ea1o v\u00e0 ph\u00e1t tri\u1ec3n ngu\u1ed3n nh\u00e2n l\u1ef1c c\u00f3 t\u00ednh qu\u1ed1c t\u1ebf, chuy\u00ean m\u00f4n, v\u00e0 ph\u1ea9m ch\u1ea5t.\r\n          B\u1eb1ng c\u1eed nh\u00e2n s\u1ebd \u0111\u01b0\u1ee3c trao cho nh\u1eefng sinh vi\u00ean l\u0129nh h\u1ed9i \u0111\u01b0\u1ee3c 3 ph\u1ea9m ch\u1ea5t v\u00e0 n\u0103ng l\u1ef1c c\u1ea7n c\u00f3 sau \u0111\u00e2y, \u0111\u1ed3ng th\u1eddi \u0111\u00e1p \u1ee9ng \u0111\u01b0\u1ee3c ch\u00ednh s\u00e1ch trao b\u1eb1ng c\u1ee7a c\u00e1c ng\u00e0nh.\r\n        <\/p>\r\n        <ul class=\"orangeList\">\r\n          <li>\r\n            <p class=\"textOrange text bold\">T\u00ednh qu\u1ed1c t\u1ebf<\/p>\r\n            <p class=\"text\">\r\n              C\u00f3 th\u00e1i \u0111\u1ed9 linh ho\u1ea1t \u0111\u1ec3 hi\u1ec3u r\u00f5 v\u00e0 t\u00f4n tr\u1ecdng c\u00e1c d\u00e2n t\u1ed9c \u0111a d\u1ea1ng tr\u00ean th\u1ebf gi\u1edbi v\u00e0 x\u00e3 h\u1ed9i c\u1ee7a ch\u00ednh m\u00ecnh, c\u00f3 th\u1ec3 h\u1ee3p t\u00e1c v\u1edbi m\u1ecdi ng\u01b0\u1eddi tr\u00ean th\u1ebf gi\u1edbi v\u00e0 nh\u1eefng ng\u01b0\u1eddi \u1edf qu\u00ea nh\u00e0 \u0111\u1ec3 ph\u00e1t hi\u1ec7n c\u00e1c v\u1ea5n \u0111\u1ec1 v\u00e0 v\u01b0\u1ee3t qua th\u1eed th\u00e1ch.\r\n            <\/p>\r\n          <\/li>\r\n          <li>\r\n            <p class=\"textOrange text bold\">Chuy\u00ean m\u00f4n<\/p>\r\n            <p class=\"text\">\r\n              C\u00f3 kh\u1ea3 n\u0103ng ti\u1ebfp thu ki\u1ebfn th\u1ee9c c\u01a1 b\u1ea3n trong t\u1eebng l\u0129nh v\u1ef1c chuy\u00ean m\u00f4n, c\u00f3 th\u1ec3 ph\u00e1t hi\u1ec7n v\u00e0 gi\u1ea3i quy\u1ebft v\u1ea5n \u0111\u1ec1 b\u1eb1ng c\u00e1ch s\u1eed d\u1ee5ng c\u00e1c ki\u1ebfn th\u1ee9c n\u00e0y t\u1ea1i n\u01a1i l\u00e0m vi\u1ec7c th\u1ef1c t\u1ebf.\r\n            <\/p>\r\n          <\/li>\r\n          <li>\r\n            <p class=\"textOrange text bold\">Ph\u1ea9m ch\u1ea5t<\/p>\r\n            <p class=\"text\">\r\n              C\u00f3 th\u1ec3 \u0111\u1eb7t m\u1ee5c ti\u00eau c\u1ee7a ri\u00eang m\u00ecnh v\u00e0 h\u00e0nh \u0111\u1ed9ng t\u00edch c\u1ef1c \u0111\u1ec3 th\u1ef1c hi\u1ec7n, \u0111\u1ed3ng th\u1eddi c\u00f3 th\u1ec3 ti\u1ebfp nh\u1eadn v\u00e0 hi\u1ec3u r\u00f5 mong mu\u1ed1n v\u00e0 suy ngh\u0129 c\u1ee7a ng\u01b0\u1eddi kh\u00e1c, di\u1ec5n \u0111\u1ea1t ch\u00ednh x\u00e1c mong mu\u1ed1n v\u00e0 suy ngh\u0129 c\u1ee7a b\u1ea3n th\u00e2n, c\u0169ng nh\u01b0 trao \u0111\u1ed5i \u00fd ki\u1ebfn.\r\n            <\/p>\r\n          <\/li>\r\n        <\/ul>\r\n      <\/section>\r\n\r\n\r\n      <section class=\"pmM\">\r\n        <h4 class=\"pmS\">\uff12\uff0ePh\u01b0\u01a1ng ch\u00e2m t\u1ed5 ch\u1ee9c, th\u1ef1c hi\u1ec7n kh\u00f3a h\u1ecdc gi\u00e1o d\u1ee5c (Ch\u00ednh s\u00e1ch v\u1ec1 ch\u01b0\u01a1ng tr\u00ecnh gi\u1ea3ng d\u1ea1y)<\/h4>\r\n        <p class=\"text pmSS\">\r\n          Tr\u01b0\u1eddng \u0111\u1ea1i h\u1ecdc Takushoku t\u1ed5 ch\u1ee9c ch\u01b0\u01a1ng tr\u00ecnh gi\u1ea3ng d\u1ea1y c\u00f3 t\u00ednh tu\u1ea7n t\u1ef1 v\u00e0 h\u1ec7 th\u1ed1ng, \u0111\u1ec3 sinh vi\u00ean c\u00f3 th\u1ec3 ti\u1ebfp nh\u1eadn ki\u1ebfn th\u1ee9c, k\u1ef9 n\u0103ng, v.v\u2026 d\u1ef1a tr\u00ean 3 ph\u1ea9m ch\u1ea5t v\u00e0 n\u0103ng l\u1ef1c (t\u00ednh qu\u1ed1c t\u1ebf, chuy\u00ean m\u00f4n, v\u00e0 ph\u1ea9m c\u00e1ch) \u0111\u01b0\u1ee3c n\u00eau trong ph\u01b0\u01a1ng ch\u00e2m ch\u1ee9ng nh\u1eadn t\u1ed1t nghi\u1ec7p v\u00e0 trao t\u1eb7ng v\u0103n b\u1eb1ng.\r\n        <\/p>\r\n        <ul class=\"numOrangeList\">\r\n          <li>\r\n            <p class=\"textOrange text bold\">N\u1ed9i dung ch\u01b0\u01a1ng tr\u00ecnh gi\u1ea3ng d\u1ea1y<\/p>\r\n            <p class=\"text\">\r\n              Ch\u01b0\u01a1ng tr\u00ecnh gi\u1ea3ng d\u1ea1y \u0111\u01b0\u1ee3c t\u1ed5 ch\u1ee9c m\u1ed9t c\u00e1ch c\u00f3 h\u1ec7 th\u1ed1ng v\u1edbi m\u00f4n gi\u00e1o d\u1ee5c khai ph\u00f3ng, m\u00f4n chuy\u00ean ng\u00e0nh, v\u00e0 c\u00e1c m\u00f4n kh\u00e1c, v\u00e0 s\u1ebd \u0111\u01b0\u1ee3c k\u1ebft h\u1ee3p ph\u00f9 h\u1ee3p gi\u1eefa b\u00e0i gi\u1ea3ng, th\u1ef1c h\u00e0nh, v\u00e0 t\u1ef1 h\u1ecdc.\r\n              Tr\u01b0\u1eddng s\u1ebd th\u1ef1c hi\u1ec7n gi\u00e1o d\u1ee5c n\u0103m \u0111\u1ea7u ti\u00ean, gi\u00e1o d\u1ee5c ngh\u1ec1 nghi\u1ec7p \u0111\u1ec3 gi\u00fap sinh vi\u00ean th\u00edch nghi v\u1edbi tr\u01b0\u1eddng \u0111\u1ea1i h\u1ecdc v\u00e0 ti\u1ebfp thu k\u1ef9 n\u0103ng h\u1ecdc t\u1eadp, x\u00e2y d\u1ef1ng k\u1ebf ho\u1ea1ch h\u1ecdc t\u1eadp h\u01b0\u1edbng \u0111\u1ebfn t\u01b0\u01a1ng lai. Ngo\u00e0i ra, tr\u01b0\u1eddng c\u0169ng chu\u1ea9n b\u1ecb ch\u01b0\u01a1ng tr\u00ecnh gi\u1ea3ng d\u1ea1y \u0111\u1ec3 n\u00e2ng cao k\u1ef9 n\u0103ng giao ti\u1ebfp.\r\n            <\/p>\r\n          <\/li>\r\n          <li>\r\n            <p class=\"textOrange text bold\">Ph\u01b0\u01a1ng ch\u00e2m gi\u00e1o d\u1ee5c<\/p>\r\n            <p class=\"text\">\r\n              T\u00f9y thu\u1ed9c v\u00e0o m\u00f4n h\u1ecdc, ch\u00fang t\u00f4i s\u1ebd t\u00edch c\u1ef1c \u00e1p d\u1ee5ng vi\u1ec7c h\u1ecdc ch\u1ee7 \u0111\u1ed9ng nh\u01b0 PBL, v.v\u2026 \u0111\u1ec3 ch\u1ee7 \u0111\u1ed9ng th\u00fac \u0111\u1ea9y s\u1ef1 tham gia c\u1ee7a sinh vi\u00ean.\r\n            <\/p>\r\n          <\/li>\r\n          <li>\r\n            <p class=\"textOrange text bold\">\u0110\u00e1nh gi\u00e1<\/p>\r\n            <p class=\"text\">\r\n              Ti\u00eau ch\u00ed \u0111\u00e1nh gi\u00e1 c\u00e1c m\u00f4n h\u1ecdc s\u1ebd \u0111\u01b0\u1ee3c tr\u00ecnh b\u00e0y r\u00f5 r\u00e0ng trong c\u00e1c m\u1ee5c h\u01b0\u1edbng d\u1eabn c\u1ee7a b\u00e0i gi\u1ea3ng. Ngo\u00e0i ra, nh\u00e0 tr\u01b0\u1eddng c\u0169ng lu\u00f4n n\u1ed7 l\u1ef1c c\u1ea3i thi\u1ec7n ch\u01b0\u01a1ng tr\u00ecnh gi\u1ea3ng d\u1ea1y th\u00f4ng qua s\u1ef1 k\u1ebft h\u1ee3p \u0111i \u0111\u00f4i gi\u1eefa \u0111\u00e1nh gi\u00e1 v\u1ec1 gi\u1edd h\u1ecdc b\u1edfi sinh vi\u00ean, v\u00e0 \u0111\u00e1nh gi\u00e1 th\u00e0nh t\u00edch nghi\u00ean c\u1ee9u gi\u00e1o d\u1ee5c c\u1ee7a gi\u00e1o vi\u00ean. <\/p>\r\n          <\/li>\r\n        <\/ul>\r\n      <\/section>\r\n\r\n      <section class=\"pmM\">\r\n        <h4 class=\"pmS\">\uff13\uff0ePh\u01b0\u01a1ng ch\u00e2m ti\u1ebfp nh\u1eadn ng\u01b0\u1eddi nh\u1eadp h\u1ecdc (Ch\u00ednh s\u00e1ch v\u1ec1 tuy\u1ec3n sinh)<\/h4>\r\n        <p class=\"text pmSS\">\r\n          Tr\u01b0\u1eddng \u0111\u1ea1i h\u1ecdc Takushoku h\u01b0\u1edbng \u0111\u1ebfn \u0111\u00e0o t\u1ea1o v\u00e0 ph\u00e1t tri\u1ec3n \u201cNgu\u1ed3n nh\u00e2n l\u1ef1c to\u00e0n c\u1ea7u (\u201cNgu\u1ed3n nh\u00e2n l\u1ef1c Takushoku\u201d) &#8211; nh\u1eefng ng\u01b0\u1eddi \u0111\u01b0\u1ee3c trang b\u1ecb c\u00e1c k\u1ef9 n\u0103ng con ng\u01b0\u1eddi ki\u00ean c\u01b0\u1eddng v\u00e0 t\u1ea7m nh\u00ecn qu\u1ed1c t\u1ebf, s\u1eb5n s\u00e0ng h\u1ee3p t\u00e1c v\u1edbi m\u1ecdi ng\u01b0\u1eddi trong n\u01b0\u1edbc v\u00e0 qu\u1ed1c t\u1ebf v\u1edbi m\u1ee5c ti\u00eau ph\u00e1t hi\u1ec7n v\u00e0 ch\u1ee7 \u0111\u1ed9ng gi\u1ea3i quy\u1ebft c\u00e1c th\u00e1ch th\u1ee9c\u201d.\r\n          \u0110\u1ec3 \u0111\u00e0o t\u1ea1o v\u00e0 ph\u00e1t tri\u1ec3n ngu\u1ed3n nh\u00e2n l\u1ef1c nh\u01b0 v\u1eady, ch\u00fang t\u00f4i ti\u1ebfp nh\u1eadn nh\u1eefng c\u00e1 nh\u00e2n c\u00f3 c\u00e1 t\u00ednh m\u1ea1nh m\u1ebd, c\u00f3 \u00fd th\u1ee9c v\u1ec1 m\u1ee5c \u0111\u00edch v\u00e0 \u0111\u1ed9ng l\u1ef1c \u0111\u1ec3 h\u1ecdc t\u1eadp t\u1ea1i tr\u01b0\u1eddng. Khi \u0111\u0103ng k\u00fd h\u1ecdc t\u1ea1i \u0110\u1ea1i h\u1ecdc Takushoku, ch\u00fang t\u00f4i mong mu\u1ed1n sinh vi\u00ean c\u00f3 nh\u1eefng k\u1ef9 n\u0103ng sau \u0111\u00e2y.\r\n        <\/p>\r\n      <\/section>\r\n\r\n\r\n    <\/div>\r\n    <div class=\"linkSource\">\r\n      <span class=\"pageIcon\"><img src=\"\/vi\/wp-content\/themes\/takushoku\/images\/common\/icon\/blank.svg\"><\/span>\r\n      <p class=\"pageText\">B\u1ea5m v\u00e0o \u0111\u00e2y \u0111\u1ec3 xem trang ti\u1ebfng Nh\u1eadt<a target=\"_blank\" href=\"https:\/\/www.takushoku-u.ac.jp\/summary\/educational-policy.html\" rel=\"noopener noreferrer\">Li\u00ean k\u1ebft<\/a><\/p>\r\n    <\/div>\r\n  <\/div>","protected":false},"excerpt":{"rendered":"M\u1ee5c ti\u00eau gi\u00e1o d\u1ee5c v\u00e0 3 ph\u01b0\u01a1ng ch\u00e2m c\u01a1 b\u1ea3n V\u1edbi m\u1ee5c ti\u00eau gi\u00e1o d\u1ee5c d\u1ef1a tr\u00ean tinh th\u1ea7n s\u00e1ng l\u1eadp, Tr\u01b0\u1eddng \u0111\u1ea1i h\u1ecdc Takushoku \u0111\u00e3 x\u00e1c \u0111\u1ecbnh 3 ph\u01b0\u01a1ng ch\u00e2m c\u01a1 b\u1ea3n nh\u1eb1m n\u00e2ng cao ch\u1ea5t l\u01b0\u1ee3ng gi\u00e1o d\u1ee5c v\u00e0 \u0111\u1ea3m b\u1ea3o s\u1ef1 c&#8230;","protected":false},"author":1,"featured_media":0,"parent":7,"menu_order":0,"comment_status":"closed","ping_status":"closed","template":"template\/pageTemp1.php","meta":[],"acf":[],"_links":{"self":[{"href":"https:\/\/lang.takushoku-u.ac.jp\/vi\/wp-json\/wp\/v2\/pages\/25"}],"collection":[{"href":"https:\/\/lang.takushoku-u.ac.jp\/vi\/wp-json\/wp\/v2\/pages"}],"about":[{"href":"https:\/\/lang.takushoku-u.ac.jp\/vi\/wp-json\/wp\/v2\/types\/page"}],"author":[{"embeddable":true,"href":"https:\/\/lang.takushoku-u.ac.jp\/vi\/wp-json\/wp\/v2\/users\/1"}],"replies":[{"embeddable":true,"href":"https:\/\/lang.takushoku-u.ac.jp\/vi\/wp-json\/wp\/v2\/comments?post=25"}],"version-history":[{"count":0,"href":"https:\/\/lang.takushoku-u.ac.jp\/vi\/wp-json\/wp\/v2\/pages\/25\/revisions"}],"up":[{"embeddable":true,"href":"https:\/\/lang.takushoku-u.ac.jp\/vi\/wp-json\/wp\/v2\/pages\/7"}],"wp:attachment":[{"href":"https:\/\/lang.takushoku-u.ac.jp\/vi\/wp-json\/wp\/v2\/media?parent=25"}],"curies":[{"name":"wp","href":"https:\/\/api.w.org\/{rel}","templated":true}]}}