{"id":105,"date":"2019-02-18T00:55:30","date_gmt":"2019-02-17T15:55:30","guid":{"rendered":"http:\/\/localhost\/vn\/?page_id=105"},"modified":"2022-04-07T12:34:40","modified_gmt":"2022-04-07T03:34:40","slug":"scholarship","status":"publish","type":"page","link":"https:\/\/lang.takushoku-u.ac.jp\/vi\/admission\/scholarship\/","title":{"rendered":"H\u1ecdc b\u1ed5ng"},"content":{"rendered":"  <div class=\"pageMainContentsBack\">\r\n    <div class=\"pageMainContents\">\r\n      <h2>Ch\u1ebf \u0111\u1ed9 h\u1ecdc b\u1ed5ng<\/h2>\r\n      <p class=\"text pmM\">\r\n        C\u00f3 3 lo\u1ea1i h\u1ecdc b\u1ed5ng d\u00e0nh cho du h\u1ecdc sinh n\u01b0\u1edbc ngo\u00e0i.<br>\r\n        (1) H\u1ecdc b\u1ed5ng c\u1ee7a \u0110\u1ea1i h\u1ecdc Takushoku (2) H\u1ecdc b\u1ed5ng c\u1ee7a t\u1ed5 ch\u1ee9c c\u00f4ng (3) H\u1ecdc b\u1ed5ng c\u1ee7a t\u1ed5 ch\u1ee9c t\u01b0 nh\u00e2n.<br>\r\n        M\u1ed7i lo\u1ea1i h\u1ecdc b\u1ed5ng \u0111\u1ec1u c\u00f3 ph\u01b0\u01a1ng ph\u00e1p \u0111\u0103ng k\u00fd, y\u00eau c\u1ea7u \u0111\u0103ng k\u00fd v\u00e0 gi\u1edbi h\u1ea1n s\u1ed1 l\u01b0\u1ee3ng sinh vi\u00ean nh\u1eadn h\u1ecdc b\u1ed5ng. Vui l\u00f2ng x\u00e1c nh\u1eadn v\u1edbi Ban Qu\u1ed1c t\u1ebf t\u1ea1i m\u1ed7i C\u01a1 s\u1edf \u0111\u1ec3 bi\u1ebft th\u00f4ng tin chi ti\u1ebft.\r\n      <\/p>\r\n\r\n      <!-- \u62d3\u6b96\u5927\u5b66\u5968\u5b66\u91d1\u4e00\u89a7 -->\r\n      <section class=\"pmM\">\r\n        <h3>Danh s\u00e1ch h\u1ecdc b\u1ed5ng \u0110\u1ea1i h\u1ecdc Takushoku<\/h3>\r\n        <p class=\"text pmS\">\r\n          Tr\u01b0\u1eddng c\u00f3 thi\u1ebft l\u1eadp ch\u1ebf \u0111\u1ed9 h\u1ecdc b\u1ed5ng sau \u0111\u00e2y nh\u1eb1m m\u1ee5c \u0111\u00edch h\u1ed7 tr\u1ee3 v\u00e0 gi\u1ea3m b\u1edbt g\u00e1nh n\u1eb7ng cho sinh vi\u00ean qu\u1ed1c t\u1ebf du h\u1ecdc t\u1ef1 t\u00fac g\u1eb7p kh\u00f3 kh\u0103n h\u1ecdc t\u1eadp v\u1ec1 t\u00e0i ch\u00ednh. Ngo\u00e0i ra, s\u1ed1 ti\u1ec1n v\u00e0 th\u1eddi \u0111i\u1ec3m \u0111\u0103ng k\u00fd c\u00f3 th\u1ec3 thay \u0111\u1ed5i.\r\n        <\/p>\r\n        <div class=\"graphListBoxMin pmS graph1\">\r\n          <table class=\"pmSS\">\r\n            <tr class=\"graphOrangeLabel\">\r\n              <th>\r\n                <p class=\"init\">T\u00ean h\u1ecdc b\u1ed5ng<\/p>\r\n              <\/th>\r\n              <th>\r\n                <p class=\"init\">\u0110\u1ed1i t\u01b0\u1ee3ng<\/p>\r\n              <\/th>\r\n              <th class=\"tableWithNum\">\r\n                <p class=\"init\">S\u1ed1 ti\u1ec1n nh\u1eadn \u0111\u01b0\u1ee3c<\/p>\r\n              <\/th>\r\n              <th class=\"tableWithNum\">\r\n                <p class=\"init\">Th\u1eddi h\u1ea1n<\/p>\r\n              <\/th>\r\n              <th class=\"tableWithNum\">\r\n                <p class=\"init\">Th\u1eddi \u0111i\u1ec3m \u0111\u0103ng k\u00fd<\/p>\r\n              <\/th>\r\n              <th>\r\n                <p class=\"init\">S\u1ed1 l\u01b0\u1ee3ng sinh vi\u00ean nh\u1eadn h\u1ecdc b\u1ed5ng<\/p>\r\n              <\/th>\r\n            <\/tr>\r\n\r\n            <tr>\r\n              <td>H\u1ecdc b\u1ed5ng \u0110\u1ea1i h\u1ecdc Takushoku d\u00e0nh cho sinh vi\u00ean l\u00e0 du h\u1ecdc sinh n\u01b0\u1edbc ngo\u00e0i<\/td>\r\n              <td>Sinh vi\u00ean n\u0103m 2, n\u0103m 3 v\u00e0 n\u0103m 4 c\u1ee7a c\u00e1c Khoa ng\u00e0nh<\/td>\r\n              <td class=\"tableWithNum\">200.000 y\u00ean\/n\u0103m<\/td>\r\n              <td class=\"tableWithNum\">1 n\u0103m<\/td>\r\n              <td class=\"tableWithNum\">Th\u00e1ng 10<\/td>\r\n              <td>6 sinh vi\u00ean<\/td>\r\n            <\/tr>\r\n            <tr>\r\n              <td>H\u1ecdc b\u1ed5ng tuy\u00ean d\u01b0\u01a1ng v\u00e0 t\u01b0\u1edfng ni\u1ec7m Saigo Takahide d\u00e0nh cho sinh vi\u00ean l\u00e0 du h\u1ecdc sinh n\u01b0\u1edbc ngo\u00e0i<\/td>\r\n              <td>Sinh vi\u00ean n\u0103m 2, n\u0103m 3 v\u00e0 n\u0103m 4 c\u1ee7a c\u00e1c Khoa ng\u00e0nh<\/td>\r\n              <td class=\"tableWithNum\">200.000 y\u00ean\/n\u0103m<\/td>\r\n              <td class=\"tableWithNum\">1 n\u0103m<\/td>\r\n              <td class=\"tableWithNum\">Th\u00e1ng 10<\/td>\r\n              <td>1 sinh vi\u00ean<\/td>\r\n            <\/tr>\r\n            <tr>\r\n              <td>H\u1ecdc b\u1ed5ng c\u1ee7a Hi\u1ec7p h\u1ed9i h\u1ed7 tr\u1ee3 \u0110\u1ea1i h\u1ecdc Takushoku d\u00e0nh cho sinh vi\u00ean l\u00e0 du h\u1ecdc sinh n\u01b0\u1edbc ngo\u00e0i<\/td>\r\n              <td>Sinh vi\u00ean n\u0103m 2, n\u0103m 3 v\u00e0 n\u0103m 4 c\u1ee7a c\u00e1c Khoa ng\u00e0nh<\/td>\r\n              <td class=\"tableWithNum\">200.000 y\u00ean\/n\u0103m<\/td>\r\n              <td class=\"tableWithNum\">1 n\u0103m<\/td>\r\n              <td class=\"tableWithNum\">Th\u00e1ng 10<\/td>\r\n              <td>30 sinh vi\u00ean<\/td>\r\n            <\/tr>\r\n            <tr>\r\n              <td>H\u1ecdc b\u1ed5ng Khoa Qu\u1ed1c t\u1ebf H\u1ed9i h\u1ed7 tr\u1ee3 \u0110\u1ea1i h\u1ecdc Takushoku d\u00e0nh cho sinh vi\u00ean l\u00e0 du h\u1ecdc sinh n\u01b0\u1edbc ngo\u00e0i<\/td>\r\n              <td>Sinh vi\u00ean n\u0103m 1, n\u0103m 2 v\u00e0 n\u0103m 3 c\u1ee7a Khoa Qu\u1ed1c t\u1ebf<\/td>\r\n              <td class=\"tableWithNum\">200.000 y\u00ean\/n\u0103m<\/td>\r\n              <td class=\"tableWithNum\">1 n\u0103m<\/td>\r\n              <td class=\"tableWithNum\">Th\u00e1ng 10<\/td>\r\n              <td>5 sinh vi\u00ean cho m\u1ed7i n\u0103m<\/td>\r\n            <\/tr>\r\n            <tr>\r\n              <td rowspan=\"16\">H\u1ecdc b\u1ed5ng mi\u1ec5n gi\u1ea3m ph\u00ed bu\u1ed5i h\u1ecdc c\u1ee7a \u0110\u1ea1i h\u1ecdc Takushoku d\u00e0nh cho sinh vi\u00ean qu\u1ed1c t\u1ebf du h\u1ecdc t\u1ef1 t\u00fac<\/td>\r\n              <td>Sinh vi\u00ean n\u0103m 1 Khoa Th\u01b0\u01a1ng m\u1ea1i<\/td>\r\n              <td class=\"tableWithNum\">210.000 y\u00ean\/n\u0103m<\/td>\r\n              <td class=\"tableWithNum\" rowspan=\"16\">1 year<\/td>\r\n              <td class=\"tableWithNum\" rowspan=\"16\">June<\/td>\r\n              <td rowspan=\"10\">Record in 2017: 464 Undergraduate Faculties students<\/td>\r\n            <\/tr>\r\n            <tr>\r\n              <td>Sinh vi\u00ean n\u0103m 2, n\u0103m 3 v\u00e0 n\u0103m 4 c\u1ee7a Khoa Th\u01b0\u01a1ng m\u1ea1i<\/td>\r\n              <td class=\"tableWithNum\">90.000 y\u00ean\/n\u0103m<\/td>\r\n            <\/tr>\r\n            <tr>\r\n              <td>Sinh vi\u00ean n\u0103m 1 Khoa Ch\u00ednh tr\u1ecb v\u00e0 Kinh t\u1ebf<\/td>\r\n              <td class=\"tableWithNum\">210.000 y\u00ean\/n\u0103m<\/td>\r\n            <\/tr>\r\n            <tr>\r\n              <td>Sinh vi\u00ean n\u0103m 2, n\u0103m 3 v\u00e0 n\u0103m 4 c\u1ee7a Khoa Ch\u00ednh tr\u1ecb v\u00e0 Kinh t\u1ebf<\/td>\r\n              <td class=\"tableWithNum\">90.000 y\u00ean\/n\u0103m<\/td>\r\n            <\/tr>\r\n            <tr>\r\n              <td>Sinh vi\u00ean n\u0103m 1 Khoa Ngo\u1ea1i ng\u1eef<\/td>\r\n              <td class=\"tableWithNum\">270.000 y\u00ean\/n\u0103m<\/td>\r\n            <\/tr>\r\n            <tr>\r\n              <td>Sinh vi\u00ean n\u0103m 2, n\u0103m 3 v\u00e0 n\u0103m 4 c\u1ee7a Khoa Ngo\u1ea1i ng\u1eef<\/td>\r\n              <td class=\"tableWithNum\">90.000 y\u00ean\/n\u0103m<\/td>\r\n            <\/tr>\r\n            <tr>\r\n              <td>Sinh vi\u00ean n\u0103m 1 Khoa Qu\u1ed1c t\u1ebf<\/td>\r\n              <td class=\"tableWithNum\">270.000 y\u00ean\/n\u0103m<\/td>\r\n            <\/tr>\r\n            <tr>\r\n              <td>Sinh vi\u00ean n\u0103m 2, n\u0103m 3 v\u00e0 n\u0103m 4 c\u1ee7a Khoa Qu\u1ed1c t\u1ebf<\/td>\r\n              <td class=\"tableWithNum\">90.000 y\u00ean\/n\u0103m<\/td>\r\n            <\/tr>\r\n            <tr>\r\n              <td>Sinh vi\u00ean n\u0103m 1 Khoa K\u1ef9 thu\u1eadt<\/td>\r\n              <td class=\"tableWithNum\">300.000 y\u00ean\/n\u0103m<\/td>\r\n            <\/tr>\r\n            <tr>\r\n              <td>Sinh vi\u00ean n\u0103m 2, n\u0103m 3 v\u00e0 n\u0103m 4 c\u1ee7a Khoa K\u1ef9 thu\u1eadt<\/td>\r\n              <td class=\"tableWithNum\">100.000 y\u00ean\/n\u0103m<\/td>\r\n            <\/tr>\r\n            <tr>\r\n              <td>Ng\u00e0nh Nghi\u00ean c\u1ee9u kinh t\u1ebf h\u1ecdc<\/td>\r\n              <td class=\"tableWithNum\">60.000 y\u00ean\/n\u0103m<\/td>\r\n              <td rowspan=\"6\">75 sinh vi\u00ean Khoa sau \u0111\u1ea1i h\u1ecdc<\/td>\r\n            <\/tr>\r\n            <tr>\r\n              <td>Ng\u00e0nh Nghi\u00ean c\u1ee9u th\u01b0\u01a1ng m\u1ea1i<\/td>\r\n              <td class=\"tableWithNum\">60.000 y\u00ean\/n\u0103m<\/td>\r\n            <\/tr>\r\n            <tr>\r\n              <td>Ng\u00e0nh Nghi\u00ean c\u1ee9u k\u1ef9 thu\u1eadt<\/td>\r\n              <td class=\"tableWithNum\">80.000 y\u00ean\/n\u0103m<\/td>\r\n            <\/tr>\r\n            <tr>\r\n              <td>Ng\u00e0nh Nghi\u00ean c\u1ee9u \u0111\u00e0o t\u1ea1o ng\u00f4n ng\u1eef<\/td>\r\n              <td class=\"tableWithNum\">60.000 y\u00ean\/n\u0103m<\/td>\r\n            <\/tr>\r\n            <tr>\r\n              <td>Ng\u00e0nh Nghi\u00ean c\u1ee9u h\u1ee3p t\u00e1c qu\u1ed1c t\u1ebf<\/td>\r\n              <td class=\"tableWithNum\">80.000 y\u00ean\/n\u0103m<\/td>\r\n            <\/tr>\r\n            <tr>\r\n              <td>Ng\u00e0nh Nghi\u00ean c\u1ee9u ch\u00ednh tr\u1ecb v\u00e0 h\u00e0nh ch\u00ednh \u0111\u1ecba ph\u01b0\u01a1ng<\/td>\r\n              <td class=\"tableWithNum\">80.000 y\u00ean\/n\u0103m<\/td>\r\n            <\/tr>\r\n          <\/table>\r\n\r\n          <table class=\"pmSS\">\r\n            <tr>\r\n              <td>Takushoku University Undergraduate Faculties Scholarships (for each undergraduate faculty)<\/td>\r\n              <td>Contact: Academic Affairs Division of each campus<\/td>\r\n            <\/tr>\r\n            <tr>\r\n              <td>Takushoku University Graduate Schools Scholarship A\/ Scholarship B<\/td>\r\n              <td>Contact: Academic Affairs Division (Graduate Schools)<\/td>\r\n            <\/tr>\r\n          <\/table>\r\n        <\/div>\r\n      <\/section>\r\n      <!-- \/\u62d3\u6b96\u5927\u5b66\u5968\u5b66\u91d1\u4e00\u89a7 -->\r\n\r\n\r\n      <!-- \u516c\u7684\u6a5f\u95a2\u5968\u5b66\u91d1\u4e00\u89a7 -->\r\n      <section class=\"pmM\">\r\n        <h3>Danh s\u00e1ch h\u1ecdc b\u1ed5ng \u0110\u1ea1i h\u1ecdc Takushoku<\/h3>\r\n        <p class=\"text pmS\">\r\n          C\u00f3 2 lo\u1ea1i ch\u1ebf \u0111\u1ed9 h\u1ecdc b\u1ed5ng do c\u00e1c t\u1ed5 ch\u1ee9c c\u00f4ng cung c\u1ea5p. \u0110\u1ed1i v\u1edbi h\u1ecdc b\u1ed5ng c\u1ee7a B\u1ed9 Gi\u00e1o d\u1ee5c, V\u0103n h\u00f3a, Th\u1ec3 thao, Khoa h\u1ecdc v\u00e0 C\u00f4ng ngh\u1ec7 Nh\u1eadt B\u1ea3n, tr\u01b0\u1eddng \u0111\u1ea1i h\u1ecdc s\u1ebd l\u00e0 n\u01a1i ti\u1ebfp nh\u1eadn, v\u00e0 nh\u1eefng ng\u01b0\u1eddi ti\u1ebfn c\u1eed s\u1ebd \u0111\u01b0\u1ee3c quy\u1ebft \u0111\u1ecbnh th\u00f4ng qua tuy\u1ec3n ch\u1ecdn trong tr\u01b0\u1eddng.\r\n        <\/p>\r\n        <div class=\"graphListBoxMin pmSS graph2\">\r\n          <table>\r\n            <tr class=\"graphOrangeLabel\">\r\n              <th>\r\n                <p class=\"init\">Scholarship name<\/p>\r\n              <\/th>\r\n              <th>\r\n                <p class=\"init\">Eligible applicants<\/p>\r\n              <\/th>\r\n              <th>\r\n                <p class=\"init\">Amount Duration<\/p>\r\n              <\/th>\r\n              <th>\r\n                <p class=\"init\">Application period<\/p>\r\n              <\/th>\r\n              <th>\r\n                <p class=\"init\">Number of accepted students<\/p>\r\n              <\/th>\r\n            <\/tr>\r\n            <tr>\r\n              <td rowspan=\"3\">Chi ph\u00ed qu\u1ed1c gia c\u1ee7a B\u1ed9 Gi\u00e1o d\u1ee5c, V\u0103n h\u00f3a, Th\u1ec3 thao, Khoa h\u1ecdc v\u00e0 C\u00f4ng ngh\u1ec7 Nh\u1eadt B\u1ea3n d\u00e0nh cho du h\u1ecdc sinh n\u01b0\u1edbc ngo\u00e0i<\/td>\r\n              <td rowspan=\"3\">Sinh vi\u00ean s\u1ebd h\u1ecdc t\u1ea1i Khoa sau \u0111\u1ea1i h\u1ecdc v\u00e0o n\u0103m t\u00e0i ch\u00ednh ti\u1ebfp theo<\/td>\r\n              <td>Ch\u01b0\u01a1ng tr\u00ecnh th\u1ea1c s\u0129: 147.000 y\u00ean\/th\u00e1ng * D\u1ef1 ki\u1ebfn<\/td>\r\n              <td rowspan=\"3\">\u0110\u1ebfn khi ho\u00e0n th\u00e0nh ch\u01b0\u01a1ng tr\u00ecnh theo h\u1ecdc<\/td>\r\n              <td rowspan=\"3\">Th\u00e1ng 11<\/td>\r\n            <\/tr>\r\n            <tr>\r\n              <td>Ch\u01b0\u01a1ng tr\u00ecnh ti\u1ebfn s\u0129: 148.000 y\u00ean\/th\u00e1ng <\/td>\r\n            <\/tr>\r\n            <tr>\r\n              <td>Ph\u00ed bu\u1ed5i h\u1ecdc: B\u1ed9 Gi\u00e1o d\u1ee5c, V\u0103n h\u00f3a, Th\u1ec3 thao, Khoa h\u1ecdc v\u00e0 C\u00f4ng ngh\u1ec7 Nh\u1eadt B\u1ea3n s\u1ebd chi tr\u1ea3<\/td>\r\n            <\/tr>\r\n            <tr>\r\n              <td>Ti\u1ec1n khuy\u1ebfn h\u1ecdc d\u00e0nh cho du h\u1ecdc sinh ng\u01b0\u1eddi n\u01b0\u1edbc ngo\u00e0i c\u1ee7a B\u1ed9 Gi\u00e1o d\u1ee5c, V\u0103n h\u00f3a, Th\u1ec3 thao, Khoa h\u1ecdc v\u00e0 C\u00f4ng ngh\u1ec7 Nh\u1eadt B\u1ea3n<\/td>\r\n              <td rowspan=\"2\">48.000 y\u00ean\/th\u00e1ng<\/td>\r\n              <td rowspan=\"2\">1 n\u0103m<\/td>\r\n              <td rowspan=\"2\">Th\u00e1ng 4<\/td>\r\n              <td>Sinh vi\u00ean c\u00e1c khoa \u0111\u1ea1i h\u1ecdc * Kh\u00f4ng bao g\u1ed3m sinh vi\u00ean m\u1edbi v\u00e0 sinh vi\u00ean m\u1edbi chuy\u1ec3n tr\u01b0\u1eddng<\/td>\r\n            <\/tr>\r\n            <tr>\r\n              <td>Sinh vi\u00ean c\u00e1c khoa sau \u0111\u1ea1i h\u1ecdc * Kh\u00f4ng bao g\u1ed3m sinh vi\u00ean m\u1edbi v\u00e0 sinh vi\u00ean m\u1edbi chuy\u1ec3n tr\u01b0\u1eddng<\/td>\r\n              <td><\/td>\r\n            <\/tr>\r\n            <tr>\r\n              <td>Hachioji City Foreign Student Scholarship<\/td>\r\n              <td>Students that are enrolled at the Hachioji International Campus and residing in Hachioji City<\/td>\r\n              <td>10,000 yen per month<\/td>\r\n              <td>1 year<\/td>\r\n              <td>May<\/td>\r\n            <\/tr>\r\n          <\/table>\r\n        <\/div>\r\n        <p class=\"text\">\r\n          * Vi\u1ec7c \u0111\u0103ng k\u00fd trong tr\u01b0\u1eddng s\u1ebd \u0111\u01b0\u1ee3c th\u1ef1c hi\u1ec7n d\u1ef1a tr\u00ean s\u1ef1 h\u01b0\u1edbng d\u1eabn c\u1ee7a c\u00e1c t\u1ed5 ch\u1ee9c c\u00f4ng. Do \u0111\u00f3, th\u1eddi h\u1ea1n \u0111\u0103ng k\u00fd c\u00f3 th\u1ec3 \u0111\u01b0\u1ee3c thay \u0111\u1ed5i ho\u1eb7c c\u00f3 th\u1ec3 kh\u00f4ng t\u1ed5 ch\u1ee9c \u0111\u0103ng k\u00fd t\u00f9y theo n\u0103m t\u00e0i ch\u00ednh.\r\n        <\/p>\r\n      <\/section>\r\n      <!-- \/\u516c\u7684\u6a5f\u95a2\u5968\u5b66\u91d1\u4e00\u89a7 -->\r\n\r\n      <!-- \u6c11\u9593\u5968\u5b66\u91d1\u4e00\u89a7 -->\r\n      <section>\r\n        <h3>Danh s\u00e1ch h\u1ecdc b\u1ed5ng t\u1ed5 ch\u1ee9c t\u01b0 nh\u00e2n<\/h3>\r\n        <p class=\"text pmS\">C\u00f3 2 lo\u1ea1i h\u1ecdc b\u1ed5ng ch\u00ednh do c\u00e1c t\u1ed5 ch\u1ee9c t\u01b0 nh\u00e2n, v.v&#8230; cung c\u1ea5p cho sinh vi\u00ean qu\u1ed1c t\u1ebf du h\u1ecdc t\u1ef1 t\u00fac.<\/p>\r\n        <h6>1. Gi\u1edbi thi\u1ec7u t\u1eeb tr\u01b0\u1eddng \u0111\u1ea1i h\u1ecdc<\/h6>\r\n        <p class=\"text pmSS\">Tr\u01b0\u1eddng \u0111\u1ea1i h\u1ecdc n\u00e0y s\u1ebd l\u00e0 n\u01a1i ti\u1ebfp nh\u1eadn, v\u00e0 gi\u1edbi thi\u1ec7u c\u00e1c \u1ee9ng vi\u00ean \u0111\u01b0\u1ee3c l\u1ef1a ch\u1ecdn th\u00f4ng qua tuy\u1ec3n ch\u1ecdn trong tr\u01b0\u1eddng cho t\u1ed5 ch\u1ee9c c\u1ea5p h\u1ecdc b\u1ed5ng.<\/p>\r\n        <h6>2. \u0110\u0103ng k\u00fd r\u1ed9ng r\u00e3i<\/h6>\r\n        <p class=\"text pmM\">\u1ee8ng vi\u00ean n\u1ed9p \u0111\u01a1n \u0111\u0103ng k\u00fd tr\u1ef1c ti\u1ebfp cho t\u1ed5 ch\u1ee9c c\u1ea5p h\u1ecdc b\u1ed5ng, kh\u00f4ng c\u1ea7n th\u00f4ng qua tr\u01b0\u1eddng \u0111\u1ea1i h\u1ecdc.<\/p>\r\n\r\n      <\/section>\r\n      <!-- \/\u6c11\u9593\u5968\u5b66\u91d1\u4e00\u89a7 -->\r\n    <\/div>\r\n\r\n\r\n    <div class=\"linkSource\">\r\n      <span class=\"pageIcon\"><img src=\"\/vi\/wp-content\/themes\/takushoku\/images\/common\/icon\/blank.svg\"><\/span>\r\n      <p class=\"pageText\">B\u1ea5m v\u00e0o \u0111\u00e2y \u0111\u1ec3 xem trang ti\u1ebfng Nh\u1eadt <a target=\"_blank\" href=\"https:\/\/www.takushoku-u.ac.jp\/international\/foreign_support\/\" rel=\"noopener\">Li\u00ean k\u1ebft<\/a>\u3001<a target=\"_blank\" href=\"https:\/\/www.takushoku-u.ac.jp\/international\/foreign_support\/takushoku-scholarship.html\" rel=\"noopener\">Li\u00ean k\u1ebft<\/a>\u3001<a target=\"_blank\" href=\"https:\/\/www.takushoku-u.ac.jp\/international\/foreign_support\/public-scholarship.html\" rel=\"noopener\">Li\u00ean k\u1ebft<\/a>\u3001<a target=\"_blank\" href=\"https:\/\/www.takushoku-u.ac.jp\/international\/foreign_support\/private-scholarship.html\" rel=\"noopener\">Li\u00ean k\u1ebft<\/a><\/p>\r\n    <\/div>\r\n  <\/div>","protected":false},"excerpt":{"rendered":"Ch\u1ebf \u0111\u1ed9 h\u1ecdc b\u1ed5ng C\u00f3 3 lo\u1ea1i h\u1ecdc b\u1ed5ng d\u00e0nh cho du h\u1ecdc sinh n\u01b0\u1edbc ngo\u00e0i. (1) H\u1ecdc b\u1ed5ng c\u1ee7a \u0110\u1ea1i h\u1ecdc Takushoku (2) H\u1ecdc b\u1ed5ng c\u1ee7a t\u1ed5 ch\u1ee9c c\u00f4ng (3) H\u1ecdc b\u1ed5ng c\u1ee7a t\u1ed5 ch\u1ee9c t\u01b0 nh\u00e2n. M\u1ed7i lo\u1ea1i h\u1ecdc b\u1ed5ng \u0111\u1ec1u c\u00f3 ph\u01b0\u01a1ng p&#8230;","protected":false},"author":1,"featured_media":0,"parent":99,"menu_order":0,"comment_status":"closed","ping_status":"closed","template":"template\/pageTemp6.php","meta":[],"acf":[],"_links":{"self":[{"href":"https:\/\/lang.takushoku-u.ac.jp\/vi\/wp-json\/wp\/v2\/pages\/105"}],"collection":[{"href":"https:\/\/lang.takushoku-u.ac.jp\/vi\/wp-json\/wp\/v2\/pages"}],"about":[{"href":"https:\/\/lang.takushoku-u.ac.jp\/vi\/wp-json\/wp\/v2\/types\/page"}],"author":[{"embeddable":true,"href":"https:\/\/lang.takushoku-u.ac.jp\/vi\/wp-json\/wp\/v2\/users\/1"}],"replies":[{"embeddable":true,"href":"https:\/\/lang.takushoku-u.ac.jp\/vi\/wp-json\/wp\/v2\/comments?post=105"}],"version-history":[{"count":0,"href":"https:\/\/lang.takushoku-u.ac.jp\/vi\/wp-json\/wp\/v2\/pages\/105\/revisions"}],"up":[{"embeddable":true,"href":"https:\/\/lang.takushoku-u.ac.jp\/vi\/wp-json\/wp\/v2\/pages\/99"}],"wp:attachment":[{"href":"https:\/\/lang.takushoku-u.ac.jp\/vi\/wp-json\/wp\/v2\/media?parent=105"}],"curies":[{"name":"wp","href":"https:\/\/api.w.org\/{rel}","templated":true}]}}