{"id":319,"date":"2019-03-19T13:36:43","date_gmt":"2019-03-19T04:36:43","guid":{"rendered":"https:\/\/lang.takushoku-u.ac.jp\/en\/?page_id=319"},"modified":"2019-04-04T11:18:57","modified_gmt":"2019-04-04T02:18:57","slug":"movie-taiwan","status":"publish","type":"page","link":"https:\/\/lang.takushoku-u.ac.jp\/en\/life-movie\/vietnamese\/movie-taiwan\/","title":{"rendered":"KU BENSON (Ti\u1ebfng vi\u1ec7t)"},"content":{"rendered":"<div class=\"mainPage\">\r\n\r\n  <div class=\"lifeMoviePage\">\r\n\r\n\r\n    <!-- \u30bf\u30a4\u30c8\u30eb -->\r\n    <div class=\"lifeMovieTitleBoxDetails movie03\">\r\n      <div class=\"stripeMask\"><\/div>\r\n      <div class=\"lifeMovieTitle\">\r\n        <h2><span class=\"orange\">TAKUSHOKU<\/span><br> LIFE MOVIE<\/h2>\r\n      <\/div>\r\n    <\/div>\r\n\r\n    <!-- \u8a00\u8a9e\u9078\u629e\u30dc\u30bf\u30f3 -->\r\n    <?php get_template_part('\/inc\/_life-movie-languageBt'); ?>\r\n\r\n\r\n    <!-- \u52d5\u753b\u30e1\u30a4\u30f3\u30bf\u30a4\u30c8\u30eb -->\r\n    <div class=\"lifeMovieTitleMain\">\r\n\r\n      <div class=\"movieBox\">\r\n        <div class=\"movieleftBox\">\r\n          <div class=\"playBt\">\r\n            <a href=\"https:\/\/www.youtube.com\/embed\/kTXLl0BqUsQ?autoplay=1\" class=\"video\">\r\n              <div class=\"dottLine\"><\/div>\r\n              <div class=\"playIcon\"><\/div>\r\n            <\/a>\r\n            <p class=\"init\">PLAY MOVIE<\/p>\r\n          <\/div>\r\n          <div class=\"stripeMask\"><\/div>\r\n          <video src=\"<?php url(); ?>\/movie\/movie03.mp4&#8243; poster=&#8221;<?php url(); ?>\/images\/lifemovie\/movie03_sp.jpg&#8221; autoplay playsinline loop mute><\/video>\r\n          <div class=\"spDaitai\"><img src=\"<?php url(); ?>\/images\/lifemovie\/movie03_sp.jpg&#8221;><\/div>\r\n        <\/div>\r\n        <div class=\"gakunenTextSP\">* T\u1ea5t c\u1ea3 n\u1ed9i dung \u0111\u0103ng t\u1ea3i n\u00e0y \u0111\u1ec1u l\u00e0 n\u1ed9i dung v\u00e0o th\u1eddi \u0111i\u1ec3m l\u1ea5y th\u00f4ng tin (th\u00e1ng 1 n\u0103m 2018). C\u00f3 th\u1ec3 c\u00f3 s\u1ef1 kh\u00e1c bi\u1ec7t so v\u1edbi n\u1ed9i dung v\u00e0 t\u00ecnh h\u00ecnh hi\u1ec7n t\u1ea1i.<\/div>\r\n        <h2>Cu\u1ed9c s\u1ed1ng sinh vi\u00ean \u0111\u00e3 thay <br>\r\n          \u0111\u1ed5i khi c\u00f3 nh\u1eefng ng\u01b0\u1eddi b\u1ea1n Nh\u1eadt<\/h2>\r\n        <div class=\"specText\">\r\n          <div class=\"textBox\">\r\n            <div class=\"country\">\r\n              <div class=\"pageIcon\"><img src=\"<?php url(); ?>\/images\/common\/icon\/tw.svg&#8221; alt=&#8221;TAIWAN&#8221;><\/div>\r\n              <div class=\"naviText\">TAIWAN<\/div>\r\n            <\/div>\r\n            <h3>KU BENSON<\/h3>\r\n            <p class=\"init\">C\u01a1 s\u1edf Bunkyo<\/p>\r\n            <p class=\"init\">Chuy\u00ean ng\u00e0nh Kinh doanh qu\u1ed1c t\u1ebf,<\/p>\r\n            <p class=\"init\">Khoa th\u01b0\u01a1ng m\u1ea1i,<\/p>\r\n            <p class=\"init\">n\u0103m th\u1ee9 2<\/p>\r\n          <\/div>\r\n        <\/div>\r\n      <\/div>\r\n      <div class=\"gakunenTextPC\">* T\u1ea5t c\u1ea3 n\u1ed9i dung \u0111\u0103ng t\u1ea3i n\u00e0y \u0111\u1ec1u l\u00e0 n\u1ed9i dung v\u00e0o th\u1eddi \u0111i\u1ec3m l\u1ea5y th\u00f4ng tin (th\u00e1ng 1 n\u0103m 2018). C\u00f3 th\u1ec3 c\u00f3 s\u1ef1 kh\u00e1c bi\u1ec7t so v\u1edbi n\u1ed9i dung v\u00e0 t\u00ecnh h\u00ecnh hi\u1ec7n t\u1ea1i.<\/div>\r\n    <\/div>\r\n\r\n\r\n  <!-- 01-\u767b\u6821 -->\r\n  <div class=\"lifeBoxParent boxHeight01\">\r\n    <div class=\"lifeBox boxShape01\">\r\n\r\n      <!-- \u8aac\u660e -->\r\n      <div class=\"detailsBoxParent01\">\r\n      <div class=\"detailsBox\" id=\"movieText01\">\r\n        <div class=\"dottLineBox\"><\/div>\r\n        <div class=\"watch\">\r\n          <div class=\"icon\"><img src=\"<?php url(); ?>\/images\/common\/icon\/watch.svg&#8221; alt=&#8221;watch&#8221;><\/div>\r\n          <p class=\"init\">9:10<\/p>\r\n          <div class=\"dottLine\"><\/div>\r\n        <\/div>\r\n        <div class=\"textBox\">\r\n          <h3>\u0110i \u0111\u1ebfn tr\u01b0\u1eddng<\/h3>\r\n          <p class=\"init\">T\u00f4i s\u1ed1ng \u1edf n\u01a1i c\u00f3 th\u1ec3 \u0111i b\u1ed9 t\u1eeb C\u01a1 s\u1edf Bunkyo n\u00ean bu\u1ed5i s\u00e1ng t\u00f4i \u0111i b\u1ed9 \u0111\u1ebfn tr\u01b0\u1eddng. B\u1eefa s\u00e1ng t\u00f4i mua t\u1ea1i c\u1eeda h\u00e0ng ti\u1ec7n l\u1ee3i g\u1ea7n nh\u00e0. Khu Myogadani n\u01a1i c\u00f3 C\u01a1 s\u1edf Bunkyo l\u00e0 khu d\u00e2n c\u01b0 y\u00ean b\u00ecnh v\u00e0 y\u00ean t\u0129nh, c\u00f3 c\u00e2y xanh n\u00ean kho\u1ea3ng th\u1eddi gian \u0111i \u0111\u1ebfn tr\u01b0\u1eddng th\u1eadt tho\u1ea3i m\u00e1i.<\/p>\r\n        <\/div>\r\n      <\/div>\r\n      <!-- \u6b69\u304d -->\r\n      <div class=\"walk\" id=\"movieWakl01\">\r\n        <picture>\r\n          <source media=\"(min-width: 480px)\" srcset=\"<?php url(); ?>\/images\/lifemovie\/movie03_walk01.png 1x, <?php url(); ?>\/images\/lifemovie\/movie03_walk01@2x.png 2x&#8221;>\r\n          <img src=\"\" alt=\"\">\r\n        <\/picture>\r\n      <\/div>\r\n    <\/div>\r\n\r\n      <!-- \u30a4\u30e1\u30fc\u30b8\u5199\u771f -->\r\n      <picture class=\"lifeImg\" id=\"movieImg01\">\r\n        <div class=\"slideMove\"><\/div>\r\n        <source media=\"(min-width: 480px)\" srcset=\"<?php url(); ?>\/images\/lifemovie\/movie03_img01.jpg 1x, <?php url(); ?>\/images\/lifemovie\/movie03_img01@2x.jpg 2x&#8221;>\r\n        <img src=\"<?php url(); ?>\/images\/lifemovie\/movie03_img01_sp.jpg&#8221; alt=&#8221;NGUYEN DIEU LINH&#8221;>\r\n      <\/picture>\r\n\r\n    <\/div>\r\n  <\/div>\r\n\r\n\r\n\r\n\r\n  <!-- 02-\u81ea\u7fd2 -->\r\n  <div class=\"lifeBoxParent\">\r\n\r\n    <div class=\"lifeBox boxShape02 boxHeightImg\">\r\n      <!-- \u8aac\u660e -->\r\n      <div class=\"detailsBox\" id=\"movieText02\">\r\n        <div class=\"dottLineBox\"><\/div>\r\n        <div class=\"watch\">\r\n          <div class=\"icon\"><img src=\"<?php url(); ?>\/images\/common\/icon\/watch.svg&#8221; alt=&#8221;watch&#8221;><\/div>\r\n          <p class=\"init\">9:20<\/p>\r\n          <div class=\"dottLine\"><\/div>\r\n        <\/div>\r\n        <div class=\"textBox\">\r\n          <h3>T\u1ef1 h\u1ecdc<\/h3>\r\n          <p class=\"init\">Hi\u1ec7n t\u1ea1i t\u00f4i l\u00e0 sinh vi\u00ean n\u0103m th\u1ee9 2 n\u00ean t\u00f4i \u0111ang h\u1ecdc l\u00fd thuy\u1ebft chung v\u1ec1 th\u01b0\u01a1ng m\u1ea1i.T\u00f4i quan t\u00e2m \u0111\u1ebfn vi\u1ec7c kh\u1edfi nghi\u1ec7p trong t\u01b0\u01a1ng lai n\u00ean t\u00f4i c\u1ed1 g\u1eafng trong c\u00e1c gi\u1edd h\u1ecdc h\u00e0ng ng\u00e0y v\u1edbi \u00fd th\u1ee9c r\u1eb1ng ki\u1ebfn th\u1ee9c h\u1ecdc \u0111\u01b0\u1ee3c \u1edf tr\u01b0\u1eddng \u0111\u1ea1i h\u1ecdc ch\u1eafc ch\u1eafn s\u1ebd c\u00f3 \u00edch trong t\u01b0\u01a1ng lai.H\u01a1n n\u1eefa, C\u01a1 s\u1edf Bunkyo c\u00f3 \u0111\u1ea7y \u0111\u1ee7 ch\u1ed7 \u0111\u1ec3 t\u1ef1 h\u1ecdc. C\u00f3 c\u1ea3 \u201cPh\u00f2ng t\u1ef1 h\u1ecdc PC&#8221; \u0111\u01b0\u1ee3c trang b\u1ecb \u0111\u1ea7y \u0111\u1ee7 m\u00e1y t\u00ednh, v.v&#8230; do \u0111\u00f3 t\u00f4i th\u01b0\u1eddng s\u1eed d\u1ee5ng ph\u00f2ng n\u00e0y khi mu\u1ed1n t\u1eadp trung l\u00e0m b\u00e0i t\u1eadp c\u1ee7a c\u00e1c m\u00f4n h\u1ecdc.<\/p>\r\n        <\/div>\r\n      <\/div>\r\n\r\n      <!-- \u30a4\u30e1\u30fc\u30b8\u5199\u771f -->\r\n      <picture class=\"lifeImg\" id=\"movieImg02\">\r\n        <div class=\"slideMove\"><\/div>\r\n        <source media=\"(min-width: 480px)\" srcset=\"<?php url(); ?>\/images\/lifemovie\/movie03_img02.jpg 1x, <?php url(); ?>\/images\/lifemovie\/movie03_img02@2x.jpg 2x&#8221;>\r\n        <img src=\"<?php url(); ?>\/images\/lifemovie\/movie03_img02_sp.jpg&#8221; alt=&#8221;NGUYEN DIEU LINH&#8221;>\r\n      <\/picture>\r\n\r\n      <!-- \u6b69\u304d -->\r\n      <div class=\"walk\" id=\"movieWakl02\">\r\n        <picture>\r\n          <source media=\"(min-width: 480px)\" srcset=\"<?php url(); ?>\/images\/lifemovie\/dott_line.png 1x, <?php url(); ?>\/images\/lifemovie\/dott_line@2x.png 2x&#8221;>\r\n          <img src=\"\" alt=\"\">\r\n        <\/picture>\r\n      <\/div>\r\n\r\n    <\/div>\r\n  <\/div>\r\n\r\n  <!-- 03-\u30e9\u30f3\u30c1 -->\r\n  <div class=\"lifeBoxParent boxHeight01\">\r\n    <div class=\"lifeBox boxShape01\">\r\n\r\n      <!-- \u8aac\u660e -->\r\n      <div class=\"detailsBoxParent01\">\r\n      <div class=\"detailsBox\" id=\"movieText03\">\r\n        <div class=\"dottLineBox\"><\/div>\r\n        <div class=\"watch\">\r\n          <div class=\"icon\"><img src=\"<?php url(); ?>\/images\/common\/icon\/watch.svg&#8221; alt=&#8221;watch&#8221;><\/div>\r\n          <p class=\"init\">12:35<\/p>\r\n          <div class=\"dottLine\"><\/div>\r\n        <\/div>\r\n        <div class=\"textBox\">\r\n          <h3>B\u1eefa tr\u01b0a<\/h3>\r\n          <p class=\"init\">T\u00f4i th\u01b0\u1eddng mua b\u1eefa tr\u01b0a t\u1ea1i c\u1eeda h\u00e0ng ti\u1ec7n l\u1ee3i g\u1ea7n tr\u01b0\u1eddng ho\u1eb7c \u0103n tr\u01b0a mu\u1ed9n b\u00ean ngo\u00e0i khu\u00f4n vi\u00ean tr\u01b0\u1eddng. Khu v\u1ef1c quanh ga Myogadani c\u00e1ch C\u01a1 s\u1edf Bunkyo v\u00e0i ph\u00fat \u0111i b\u1ed9 c\u00f3 nhi\u1ec1u c\u1eeda h\u00e0ng \u0103n u\u1ed1ng nh\u01b0 c\u1eeda h\u00e0ng \u0111\u1ed3 \u0103n nhanh, nh\u00e0 h\u00e0ng gia \u0111\u00ecnh, c\u1eeda h\u00e0ng \u0103n theo su\u1ea5t, qu\u00e1n c\u00e0 ph\u00ea,v.v&#8230;r\u1ea5t nhi\u1ec1u sinh vi\u00ean s\u1eed d\u1ee5ng c\u00e1c c\u1eeda h\u00e0ng n\u00e0y trong th\u1eddi gian tr\u1ed1ng gi\u1eefa c\u00e1c gi\u1edd h\u1ecdc.<\/p>\r\n        <\/div>\r\n      <\/div>\r\n      <!-- \u6b69\u304d -->\r\n      <div class=\"walk\" id=\"movieWakl03\">\r\n        <picture>\r\n          <source media=\"(min-width: 480px)\" srcset=\"<?php url(); ?>\/images\/lifemovie\/movie03_walk02.png 1x, <?php url(); ?>\/images\/lifemovie\/movie03_walk02@2x.png 2x&#8221;>\r\n          <img src=\"\" alt=\"\">\r\n        <\/picture>\r\n      <\/div>\r\n\r\n    <\/div>\r\n\r\n      <!-- \u30a4\u30e1\u30fc\u30b8\u5199\u771f -->\r\n      <picture class=\"lifeImg\" id=\"movieImg03\">\r\n        <div class=\"slideMove\"><\/div>\r\n        <source media=\"(min-width: 480px)\" srcset=\"<?php url(); ?>\/images\/lifemovie\/movie03_img03.jpg 1x, <?php url(); ?>\/images\/lifemovie\/movie03_img03@2x.jpg 2x&#8221;>\r\n        <img src=\"<?php url(); ?>\/images\/lifemovie\/movie03_img03_sp.jpg&#8221; alt=&#8221;NGUYEN DIEU LINH&#8221;>\r\n      <\/picture>\r\n\r\n    <\/div>\r\n  <\/div>\r\n\r\n  <!-- 04-\u81ea\u8a3b\u6642\u9593 -->\r\n  <div class=\"lifeBoxParent\">\r\n    <div class=\"lifeBox boxShape02 boxHeightImg\">\r\n\r\n      <!-- \u8aac\u660e -->\r\n      <div class=\"detailsBox\" id=\"movieText04\">\r\n        <div class=\"dottLineBox\"><\/div>\r\n        <div class=\"watch\">\r\n          <div class=\"icon\"><img src=\"<?php url(); ?>\/images\/common\/icon\/watch.svg&#8221; alt=&#8221;watch&#8221;><\/div>\r\n          <p class=\"init\">14:00<\/p>\r\n          <div class=\"dottLine\"><\/div>\r\n        <\/div>\r\n        <div class=\"textBox\">\r\n          <h3>Th\u1eddi gian t\u1ef1 do<\/h3>\r\n          <p class=\"init\">Khi l\u00e0 sinh vi\u00ean n\u0103m th\u1ee9 2, t\u00f4i \u0111\u00e3 c\u00f3 th\u1ec3 k\u1ebft b\u1ea1n v\u1edbi ng\u01b0\u1eddi Nh\u1eadt nh\u1edd tham gia ch\u01b0\u01a1ng tr\u00ecnh mang t\u00ean &#8221; Miss &#038; Mister Contest&#8221; trong l\u1ec5 h\u1ed9i c\u1ee7a tr\u01b0\u1eddng. Th\u01b0\u1eddng ch\u00fang ta c\u00f3 khuynh h\u01b0\u1edbng k\u1ebft b\u1ea1n xu\u1ea5t th\u00e2n c\u00f9ng \u0111\u1ea5t n\u01b0\u1edbc, n\u00f3i c\u00f9ng ng\u00f4n ng\u1eef, nh\u01b0ng t\u00f4i khuy\u00ean c\u00e1c b\u1ea1n \u0111\u00e3 c\u00f3 c\u01a1 h\u1ed9i \u0111\u1ebfn Nh\u1eadt B\u1ea3n th\u00ec n\u00ean k\u1ebft b\u1ea1n v\u1edbi ng\u01b0\u1eddi Nh\u1eadt. Th\u1ef1c t\u1ebf cu\u1ed9c s\u1ed1ng sinh vi\u00ean c\u1ee7a t\u00f4i \u0111\u00e3 thay \u0111\u1ed5i t\u1eeb \u0111\u00f3, v\u00e0 t\u00f4i \u0111\u00e3 nh\u1eadn \u0111\u01b0\u1ee3c nhi\u1ec1u \u0111\u1ed9ng l\u1ef1c. H\u00e3y t\u1ef1 m\u00ecnh t\u00ecm c\u01a1 h\u1ed9i v\u00e0 th\u1eed lao v\u00e0o \u0111\u00f3.<\/p>\r\n        <\/div>\r\n      <\/div>\r\n\r\n      <!-- \u30a4\u30e1\u30fc\u30b8\u5199\u771f -->\r\n      <picture class=\"lifeImg\" id=\"movieImg04\">\r\n        <div class=\"slideMove\"><\/div>\r\n        <source media=\"(min-width: 480px)\" srcset=\"<?php url(); ?>\/images\/lifemovie\/movie03_img04.jpg 1x, <?php url(); ?>\/images\/lifemovie\/movie03_img04@2x.jpg 2x&#8221;>\r\n        <img src=\"<?php url(); ?>\/images\/lifemovie\/movie03_img04_sp.jpg&#8221; alt=&#8221;NGUYEN DIEU LINH&#8221;>\r\n      <\/picture>\r\n\r\n      <!-- \u6b69\u304d -->\r\n      <div class=\"walk\" id=\"movieWakl04\">\r\n        <picture>\r\n          <source media=\"(min-width: 480px)\" srcset=\"<?php url(); ?>\/images\/lifemovie\/movie03_walk03.png 1x, <?php url(); ?>\/images\/lifemovie\/movie03_walk03@2x.png 2x&#8221;>\r\n          <img src=\"\" alt=\"\">\r\n        <\/picture>\r\n      <\/div>\r\n\r\n    <\/div>\r\n  <\/div>\r\n\r\n  <!-- 05-\u30a2\u30eb\u30d0\u30a4\u30c8 -->\r\n  <div class=\"lifeBoxParent boxHeight01\">\r\n    <div class=\"lifeBox boxShape01\">\r\n\r\n      <!-- \u8aac\u660e -->\r\n      <div class=\"detailsBoxParent01\">\r\n      <div class=\"detailsBox\" id=\"movieText05\">\r\n        <div class=\"dottLineBox\"><\/div>\r\n        <div class=\"watch\">\r\n          <div class=\"icon\"><img src=\"<?php url(); ?>\/images\/common\/icon\/watch.svg&#8221; alt=&#8221;watch&#8221;><\/div>\r\n          <p class=\"init\">15:00<\/p>\r\n          <div class=\"dottLine\"><\/div>\r\n        <\/div>\r\n        <div class=\"textBox\">\r\n          <h3>C\u00f4ng vi\u1ec7c b\u00e1n th\u1eddi gian<\/h3>\r\n          <p class=\"init\">T\u00f4i mu\u1ed1n m\u1edf c\u1eeda h\u00e0ng Tr\u00e0 s\u1eefa tr\u00e2n ch\u00e2u n\u00ean t\u00f4i \u0111\u00e3 b\u1eaft \u0111\u1ea7u c\u00f4ng vi\u1ec7c b\u00e1n th\u1eddi gian t\u1ea1i m\u1ed9t c\u1eeda h\u00e0ng n\u01a1i t\u00f4i th\u01b0\u1eddng \u0111\u1ebfn \u0111\u1ec3 h\u1ecdc h\u1ecfi. C\u00f4ng vi\u1ec7c ph\u1ee5c v\u1ee5 kh\u00e1ch h\u00e0ng c\u0169ng r\u1ea5t t\u1ed1t cho vi\u1ec7c h\u1ecdc ti\u1ebfng Nh\u1eadt. T\u00f4i ngh\u0129 r\u1eb1ng vi\u1ec7c ti\u1ebfp thu m\u1ed9t c\u00e1ch ch\u1eafc ch\u1eafn c\u00e1c ki\u1ebfn th\u1ee9c \u1edf tr\u01b0\u1eddng \u0111\u1ea1i h\u1ecdc \u0111\u01b0\u01a1ng nhi\u00ean l\u00e0 r\u1ea5t quan tr\u1ecdng nh\u01b0ng vi\u1ec7c t\u1eadn d\u1ee5ng th\u1eddi gian \u0111\u1ec3 l\u00e0m c\u00e1c vi\u1ec7c ch\u1ec9 c\u00f3 th\u1ec3 th\u1ef1c hi\u1ec7n \u0111\u01b0\u1ee3c \u1edf b\u00ean ngo\u00e0i khu\u00f4n vi\u00ean tr\u01b0\u1eddng v\u00e0o cu\u1ed9c s\u1ed1ng sinh vi\u00ean c\u0169ng r\u1ea5t quan tr\u1ecdng.<\/p>\r\n        <\/div>\r\n      <\/div>\r\n      <!-- \u6b69\u304d -->\r\n      <div class=\"walk\" id=\"movieWakl05\">\r\n        <picture>\r\n          <source media=\"(min-width: 480px)\" srcset=\"<?php url(); ?>\/images\/lifemovie\/movie03_walk04.png 1x, <?php url(); ?>\/images\/lifemovie\/movie03_walk04@2x.png 2x&#8221;>\r\n          <img src=\"\" alt=\"\">\r\n        <\/picture>\r\n      <\/div>\r\n    <\/div>\r\n\r\n      <!-- \u30a4\u30e1\u30fc\u30b8\u5199\u771f -->\r\n      <picture class=\"lifeImg\" id=\"movieImg05\">\r\n        <div class=\"slideMove\"><\/div>\r\n        <source media=\"(min-width: 480px)\" srcset=\"<?php url(); ?>\/images\/lifemovie\/movie03_img05.jpg 1x, <?php url(); ?>\/images\/lifemovie\/movie03_img05@2x.jpg 2x&#8221;>\r\n        <img src=\"<?php url(); ?>\/images\/lifemovie\/movie03_img05_sp.jpg&#8221; alt=&#8221;NGUYEN DIEU LINH&#8221;>\r\n      <\/picture>\r\n\r\n    <\/div>\r\n  <\/div>\r\n\r\n\r\n  <!-- 06-\u5915\u98df -->\r\n  <div class=\"lifeBoxParent boxHeight04 lifeBoxParentLast\">\r\n    <div class=\"lifeBox boxShape04 boxHeightImg\">\r\n\r\n      <!-- \u8aac\u660e -->\r\n      <div class=\"detailsBox\" id=\"movieText04\">\r\n        <div class=\"dottLineBox\"><\/div>\r\n        <div class=\"watch\">\r\n          <div class=\"icon\"><img src=\"<?php url(); ?>\/images\/common\/icon\/watch.svg&#8221; alt=&#8221;watch&#8221;><\/div>\r\n          <p class=\"init\">20:00<\/p>\r\n          <div class=\"dottLine\"><\/div>\r\n        <\/div>\r\n        <div class=\"textBox\">\r\n          <h3>B\u1eefa t\u1ed1i<\/h3>\r\n          <p class=\"init\">\u0110\u00fang l\u00e0 ai c\u0169ng nh\u1edb h\u01b0\u01a1ng v\u1ecb c\u1ee7a qu\u00ea h\u01b0\u01a1ng. C\u00f3 nhi\u1ec1u nh\u00e0 h\u00e0ng m\u00f3n \u0103n \u0110\u00e0i Loan \u1edf Ikebukuro, c\u00e1ch ga Myogadani l\u00e0 ga g\u1ea7n C\u01a1 s\u1edf Bunkyo nh\u1ea5t, 5 ph\u00fat \u0111i t\u00e0u. Sau khi \u0111\u1ebfn Nh\u1eadt B\u1ea3n, t\u00f4i \u0111\u00e3 t\u00ecm nh\u00e0 h\u00e0ng m\u00f3n \u0103n \u0110\u00e0i Loan g\u1ea7n v\u1edbi h\u01b0\u01a1ng v\u1ecb \u0111\u00edch th\u1ef1c v\u00e0 \u0111\u00e3 t\u00ecm th\u1ea5y \u1edf Ikebukuro. T\u00f4i c\u0169ng th\u01b0\u1eddng hay \u0111\u01b0a b\u1ea1n b\u00e8 c\u1ee7a t\u00f4i \u0111\u1ebfn \u0111\u00f3.<\/p>\r\n        <\/div>\r\n      <\/div>\r\n\r\n      <!-- \u30a4\u30e1\u30fc\u30b8\u5199\u771f -->\r\n      <picture class=\"lifeImg\" id=\"movieImg06\">\r\n        <div class=\"slideMove\"><\/div>\r\n        <source media=\"(min-width: 480px)\" srcset=\"<?php url(); ?>\/images\/lifemovie\/movie03_img06.jpg 1x, <?php url(); ?>\/images\/lifemovie\/movie03_img06@2x.jpg 2x&#8221;>\r\n        <img src=\"<?php url(); ?>\/images\/lifemovie\/movie03_img06_sp.jpg&#8221; alt=&#8221;NGUYEN DIEU LINH&#8221;>\r\n      <\/picture>\r\n\r\n    <\/div>\r\n  <\/div>\r\n\r\n  <!-- \u6ce8\u91c8 -->\r\n  <?php get_template_part('\/inc\/_life-movie-etcDetails03'); ?>\r\n\r\n  <!-- \u30e0\u30fc\u30d3\u30fc\u9078\u629e -->\r\n  <div class=\"mb\">\r\n  <?php get_template_part('\/inc\/_life-movie-movieNavi'); ?>\r\n  <\/div>\r\n\r\n  <!-- \u5352\u696d\u751f\u30a4\u30f3\u30bf\u30d3\u30e5\u30fc -->\r\n  <div class=\"mb2\">\r\n  <?php get_template_part('\/inc\/_life-movie-interviewNavi'); ?>\r\n  <\/div>\r\n\r\n  <!-- \u8a00\u8a9e\u9078\u629e\u30dc\u30bf\u30f3 -->\r\n  <?php get_template_part('\/inc\/_life-movie-languageBt'); ?>\r\n\r\n  <\/div>\r\n\r\n","protected":false},"excerpt":{"rendered":"TAKUSHOKU LIFE MOVIE PLAY MOVIE","protected":false},"author":1,"featured_media":0,"parent":203,"menu_order":0,"comment_status":"closed","ping_status":"closed","template":"page-life_movie\/03_movie03_taiwan_vi.php","meta":[],"acf":[],"_links":{"self":[{"href":"https:\/\/lang.takushoku-u.ac.jp\/en\/wp-json\/wp\/v2\/pages\/319"}],"collection":[{"href":"https:\/\/lang.takushoku-u.ac.jp\/en\/wp-json\/wp\/v2\/pages"}],"about":[{"href":"https:\/\/lang.takushoku-u.ac.jp\/en\/wp-json\/wp\/v2\/types\/page"}],"author":[{"embeddable":true,"href":"https:\/\/lang.takushoku-u.ac.jp\/en\/wp-json\/wp\/v2\/users\/1"}],"replies":[{"embeddable":true,"href":"https:\/\/lang.takushoku-u.ac.jp\/en\/wp-json\/wp\/v2\/comments?post=319"}],"version-history":[{"count":4,"href":"https:\/\/lang.takushoku-u.ac.jp\/en\/wp-json\/wp\/v2\/pages\/319\/revisions"}],"predecessor-version":[{"id":739,"href":"https:\/\/lang.takushoku-u.ac.jp\/en\/wp-json\/wp\/v2\/pages\/319\/revisions\/739"}],"up":[{"embeddable":true,"href":"https:\/\/lang.takushoku-u.ac.jp\/en\/wp-json\/wp\/v2\/pages\/203"}],"wp:attachment":[{"href":"https:\/\/lang.takushoku-u.ac.jp\/en\/wp-json\/wp\/v2\/media?parent=319"}],"curies":[{"name":"wp","href":"https:\/\/api.w.org\/{rel}","templated":true}]}}