{"id":315,"date":"2019-03-19T13:35:10","date_gmt":"2019-03-19T04:35:10","guid":{"rendered":"https:\/\/lang.takushoku-u.ac.jp\/en\/?page_id=315"},"modified":"2019-04-04T11:19:23","modified_gmt":"2019-04-04T02:19:23","slug":"movie-korea","status":"publish","type":"page","link":"https:\/\/lang.takushoku-u.ac.jp\/en\/life-movie\/vietnamese\/movie-korea\/","title":{"rendered":"SEO JIMIN (Ti\u1ebfng vi\u1ec7t)"},"content":{"rendered":"<div class=\"mainPage\">\r\n\r\n  <div class=\"lifeMoviePage\">\r\n\r\n\r\n    <!-- \u30bf\u30a4\u30c8\u30eb -->\r\n    <div class=\"lifeMovieTitleBoxDetails movie01\">\r\n      <div class=\"stripeMask\"><\/div>\r\n      <div class=\"lifeMovieTitle\">\r\n        <h2><span class=\"orange\">TAKUSHOKU<\/span><br> LIFE MOVIE<\/h2>\r\n      <\/div>\r\n    <\/div>\r\n\r\n    <!-- \u8a00\u8a9e\u9078\u629e\u30dc\u30bf\u30f3 -->\r\n    <?php get_template_part('\/inc\/_life-movie-languageBt'); ?>\r\n\r\n\r\n    <!-- \u52d5\u753b\u30e1\u30a4\u30f3\u30bf\u30a4\u30c8\u30eb -->\r\n    <div class=\"lifeMovieTitleMain\">\r\n\r\n      <div class=\"movieBox\">\r\n        <div class=\"movieleftBox\">\r\n          <div class=\"playBt\">\r\n            <div class=\"comingVideo\">\r\n              <div class=\"dottLine\"><\/div>\r\n              <div class=\"playIcon\"><\/div>\r\n            <\/div>\r\n            <p class=\"init\">Coming Soon<\/p>\r\n            <!-- <a href=\"https:\/\/www.youtube.com\/embed\/\u3053\u308c?autoplay=1\" class=\"video\">\r\n              <div class=\"dottLine\"><\/div>\r\n              <div class=\"playIcon\"><\/div>\r\n            <\/a>\r\n            <p class=\"init\">PLAY MOVIE<\/p> -->\r\n          <\/div>\r\n          <div class=\"stripeMask\"><\/div>\r\n          <video src=\"<?php url(); ?>\/movie\/movie01.mp4&#8243; poster=&#8221;<?php url(); ?>\/images\/lifemovie\/movie01_sp.jpg&#8221; autoplay playsinline loop mute><\/video>\r\n          <div class=\"spDaitai\"><img src=\"<?php url(); ?>\/images\/lifemovie\/movie01_sp.jpg&#8221;><\/div>\r\n        <\/div>\r\n        <div class=\"gakunenTextSP\">* T\u1ea5t c\u1ea3 n\u1ed9i dung \u0111\u0103ng t\u1ea3i n\u00e0y \u0111\u1ec1u l\u00e0 n\u1ed9i dung v\u00e0o th\u1eddi \u0111i\u1ec3m l\u1ea5y th\u00f4ng tin (th\u00e1ng 1 n\u0103m 2018). C\u00f3 th\u1ec3 c\u00f3 s\u1ef1 kh\u00e1c bi\u1ec7t so v\u1edbi n\u1ed9i dung v\u00e0 t\u00ecnh h\u00ecnh hi\u1ec7n t\u1ea1i.<\/div>\r\n        <h2>H\u00e0ng ng\u00e0y h\u1ecdc v\u1ec1 c\u00f4ng ngh\u1ec7 \u00f4 t\u00f4 <br>\r\n          v\u1ed1n l\u00e0 ni\u1ec1m t\u1ef1 h\u00e0o c\u1ee7a Nh\u1eadt B\u1ea3n<\/h2>\r\n        <div class=\"specText\">\r\n          <div class=\"textBox\">\r\n            <div class=\"country\">\r\n              <div class=\"pageIcon\"><img src=\"<?php url(); ?>\/images\/common\/icon\/kr.svg&#8221; alt=&#8221;\ud55c\uad6d&#8221;><\/div>\r\n              <div class=\"naviText\">KOREA<\/div>\r\n            <\/div>\r\n            <h3>SEO JI-MIN<\/h3>\r\n            <p class=\"init\">C\u01a1 s\u1edf qu\u1ed1c t\u1ebf Hachioji<\/p>\r\n            <p class=\"init\">Faculty of Engineering<\/p>\r\n            <p class=\"init\">Department of Mechanical System Engineering<\/p>\r\n            <p class=\"init\">3rd-year student<\/p>\r\n          <\/div>\r\n        <\/div>\r\n      <\/div>\r\n      <div class=\"gakunenTextPC\">* T\u1ea5t c\u1ea3 n\u1ed9i dung \u0111\u0103ng t\u1ea3i n\u00e0y \u0111\u1ec1u l\u00e0 n\u1ed9i dung v\u00e0o th\u1eddi \u0111i\u1ec3m l\u1ea5y th\u00f4ng tin (th\u00e1ng 1 n\u0103m 2018). C\u00f3 th\u1ec3 c\u00f3 s\u1ef1 kh\u00e1c bi\u1ec7t so v\u1edbi n\u1ed9i dung v\u00e0 t\u00ecnh h\u00ecnh hi\u1ec7n t\u1ea1i.<\/div>\r\n    <\/div>\r\n\r\n\r\n  <!-- 01-\u767b\u6821 -->\r\n  <div class=\"lifeBoxParent boxHeight01\">\r\n    <div class=\"lifeBox boxShape01\">\r\n\r\n      <!-- \u8aac\u660e -->\r\n      <div class=\"detailsBoxParent01\">\r\n      <div class=\"detailsBox\" id=\"movieText01\">\r\n        <div class=\"dottLineBox\"><\/div>\r\n        <div class=\"watch\">\r\n          <div class=\"icon\"><img src=\"<?php url(); ?>\/images\/common\/icon\/watch.svg&#8221; alt=&#8221;watch&#8221;><\/div>\r\n          <p class=\"init\">9:10<\/p>\r\n          <div class=\"dottLine\"><\/div>\r\n        <\/div>\r\n        <div class=\"textBox\">\r\n          <h3>\u0110i \u0111\u1ebfn tr\u01b0\u1eddng<\/h3>\r\n          <p class=\"init\">T\u00f4i \u0111i \u0111\u1ebfn tr\u01b0\u1eddng \u0111\u1ea1i h\u1ecdc b\u1eb1ng xe bu\u00fdt t\u1eeb nh\u00e0 ga. \u0110i xe bu\u00fdt tr\u1ef1c tuy\u1ebfn t\u1eeb ga Takao g\u1ea7n nh\u1ea5t (tuy\u1ebfn JR Chuo, tuy\u1ebfn Keio) v\u00e0o \u0111\u1ebfn b\u00ean trong C\u01a1 s\u1edf qu\u1ed1c t\u1ebf Hachioji h\u1ebft kho\u1ea3ng 5 ph\u00fat. (Gi\u00e1 v\u00e9: 180 y\u00ean (Gi\u00e1 v\u00e9 thanh to\u00e1n b\u1eb1ng th\u1ebb IC: 175 y\u00ean))G\u1ea7n ga Takao c\u00f3 si\u00eau th\u1ecb v\u00e0 trung t\u00e2m mua s\u1eafm n\u00ean c\u00f3 th\u1ec3 mua t\u1ea5t c\u1ea3 nh\u1eefng \u0111\u1ed3 c\u1ea7n thi\u1ebft cho cu\u1ed9c s\u1ed1ng.<\/p>\r\n        <\/div>\r\n      <\/div>\r\n      <!-- \u6b69\u304d -->\r\n      <div class=\"walk\" id=\"movieWakl01\">\r\n        <picture>\r\n          <source media=\"(min-width: 480px)\" srcset=\"<?php url(); ?>\/images\/lifemovie\/movie01_walk01.png 1x, <?php url(); ?>\/images\/lifemovie\/movie01_walk01@2x.png 2x&#8221;>\r\n          <img src=\"\" alt=\"\">\r\n        <\/picture>\r\n      <\/div>\r\n    <\/div>\r\n\r\n      <!-- \u30a4\u30e1\u30fc\u30b8\u5199\u771f -->\r\n      <picture class=\"lifeImg\" id=\"movieImg01\">\r\n        <div class=\"slideMove\"><\/div>\r\n        <source media=\"(min-width: 480px)\" srcset=\"<?php url(); ?>\/images\/lifemovie\/movie01_img01.jpg 1x, <?php url(); ?>\/images\/lifemovie\/movie01_img01@2x.jpg 2x&#8221;>\r\n        <img src=\"<?php url(); ?>\/images\/lifemovie\/movie01_img01_sp.jpg&#8221; alt=&#8221;SEO JI-MIN&#8221;>\r\n      <\/picture>\r\n\r\n    <\/div>\r\n  <\/div>\r\n\r\n\r\n\r\n\r\n  <!-- 02-\u81ea\u7fd2 -->\r\n  <div class=\"lifeBoxParent\">\r\n\r\n    <div class=\"lifeBox boxShape02 boxHeightImg\">\r\n      <!-- \u8aac\u660e -->\r\n      <div class=\"detailsBox\" id=\"movieText02\">\r\n        <div class=\"dottLineBox\"><\/div>\r\n        <div class=\"watch\">\r\n          <div class=\"icon\"><img src=\"<?php url(); ?>\/images\/common\/icon\/watch.svg&#8221; alt=&#8221;watch&#8221;><\/div>\r\n          <p class=\"init\">9:20<\/p>\r\n          <div class=\"dottLine\"><\/div>\r\n        <\/div>\r\n        <div class=\"textBox\">\r\n          <h3>T\u1ef1 h\u1ecdc<\/h3>\r\n          <p class=\"init\">Trong C\u01a1 s\u1edf qu\u1ed1c t\u1ebf Hachioji r\u1ed9ng l\u1edbn, c\u00f3 r\u1ea5t nhi\u1ec1u n\u01a1i c\u00f3 th\u1ec3 t\u1ef1 h\u1ecdc v\u00ed d\u1ee5 nh\u01b0 H\u1ed9i tr\u01b0\u1eddng sinh vi\u00ean. (C\u00f3 s\u1eb5n c\u1ea3 m\u00e1y t\u00ednh)H\u01a1n n\u1eefa b\u00ean ngo\u00e0i c\u00f2n c\u00f3 gh\u1ebf d\u00e0i \u1edf kh\u1eafp m\u1ecdi n\u01a1i n\u00ean v\u00e0o nh\u1eefng ng\u00e0y tr\u1eddi \u0111\u1eb9p t\u00f4i th\u01b0\u1eddng \u0111\u1ecdc s\u00e1ch r\u1ea5t tho\u1ea3i m\u00e1i \u1edf \u0111\u00f3.<\/p>\r\n        <\/div>\r\n      <\/div>\r\n\r\n      <!-- \u30a4\u30e1\u30fc\u30b8\u5199\u771f -->\r\n      <picture class=\"lifeImg\" id=\"movieImg02\">\r\n        <div class=\"slideMove\"><\/div>\r\n        <source media=\"(min-width: 480px)\" srcset=\"<?php url(); ?>\/images\/lifemovie\/movie01_img02.jpg 1x, <?php url(); ?>\/images\/lifemovie\/movie01_img02@2x.jpg 2x&#8221;>\r\n        <img src=\"<?php url(); ?>\/images\/lifemovie\/movie01_img02_sp.jpg&#8221; alt=&#8221;SEO JI-MIN&#8221;>\r\n      <\/picture>\r\n\r\n      <!-- \u6b69\u304d -->\r\n      <div class=\"walk\" id=\"movieWakl02\">\r\n        <picture>\r\n          <source media=\"(min-width: 480px)\" srcset=\"<?php url(); ?>\/images\/lifemovie\/dott_line.png 1x, <?php url(); ?>\/images\/lifemovie\/dott_line@2x.png 2x&#8221;>\r\n          <img src=\"\" alt=\"\">\r\n        <\/picture>\r\n      <\/div>\r\n\r\n    <\/div>\r\n  <\/div>\r\n\r\n  <!-- 03-\u30e9\u30f3\u30c1 -->\r\n  <div class=\"lifeBoxParent boxHeight01\">\r\n    <div class=\"lifeBox boxShape01\">\r\n\r\n      <!-- \u8aac\u660e -->\r\n      <div class=\"detailsBoxParent01\">\r\n      <div class=\"detailsBox\" id=\"movieText03\">\r\n        <div class=\"dottLineBox\"><\/div>\r\n        <div class=\"watch\">\r\n          <div class=\"icon\"><img src=\"<?php url(); ?>\/images\/common\/icon\/watch.svg&#8221; alt=&#8221;watch&#8221;><\/div>\r\n          <p class=\"init\">12:35<\/p>\r\n          <div class=\"dottLine\"><\/div>\r\n        <\/div>\r\n        <div class=\"textBox\">\r\n          <h3>B\u1eefa tr\u01b0a<\/h3>\r\n          <p class=\"init\">C\u01a1 s\u1edf qu\u1ed1c t\u1ebf Hachioji c\u00f3 3 nh\u00e0 \u0103n v\u1edbi th\u1ef1c \u0111\u01a1n phong ph\u00fa, gi\u00e1 r\u1ebb ch\u1ec9 kho\u1ea3ng 500 y\u00ean tr\u1edf xu\u1ed1ng m\u00e0 l\u01b0\u1ee3ng l\u1ea1i r\u1ea5t nhi\u1ec1u. H\u01a1n n\u1eefa trong tr\u01b0\u1eddng c\u00f2n c\u00f3 b\u00e1n c\u1ea3 c\u01a1m h\u1ed9p v\u00e0 xe b\u00e1n \u0111\u1ed3 \u0103n di \u0111\u1ed9ng, c\u00f3 \u0111\u1ea7y \u0111\u1ee7 nhi\u1ec1u th\u1ef1c \u0111\u01a1n kh\u00e1c nhau trong khu\u00f4n vi\u00ean tr\u01b0\u1eddng n\u00ean kh\u00f4ng b\u1ecb nh\u00e0m ch\u00e1n.<\/p>\r\n        <\/div>\r\n      <\/div>\r\n      <!-- \u6b69\u304d -->\r\n      <div class=\"walk\" id=\"movieWakl03\">\r\n        <picture>\r\n          <source media=\"(min-width: 480px)\" srcset=\"<?php url(); ?>\/images\/lifemovie\/movie01_walk02.png 1x, <?php url(); ?>\/images\/lifemovie\/movie01_walk02@2x.png 2x&#8221;>\r\n          <img src=\"\" alt=\"\">\r\n        <\/picture>\r\n      <\/div>\r\n\r\n    <\/div>\r\n\r\n      <!-- \u30a4\u30e1\u30fc\u30b8\u5199\u771f -->\r\n      <picture class=\"lifeImg\" id=\"movieImg03\">\r\n        <div class=\"slideMove\"><\/div>\r\n        <source media=\"(min-width: 480px)\" srcset=\"<?php url(); ?>\/images\/lifemovie\/movie01_img03.jpg 1x, <?php url(); ?>\/images\/lifemovie\/movie01_img03@2x.jpg 2x&#8221;>\r\n        <img src=\"<?php url(); ?>\/images\/lifemovie\/movie01_img03_sp.jpg&#8221; alt=&#8221;SEO JI-MIN&#8221;>\r\n      <\/picture>\r\n\r\n    <\/div>\r\n  <\/div>\r\n\r\n  <!-- 04-\u6388\u696d -->\r\n  <div class=\"lifeBoxParent\">\r\n    <div class=\"lifeBox boxShape02 boxHeightImg\">\r\n\r\n      <!-- \u8aac\u660e -->\r\n      <div class=\"detailsBox\" id=\"movieText04\">\r\n        <div class=\"dottLineBox\"><\/div>\r\n        <div class=\"watch\">\r\n          <div class=\"icon\"><img src=\"<?php url(); ?>\/images\/common\/icon\/watch.svg&#8221; alt=&#8221;watch&#8221;><\/div>\r\n          <p class=\"init\">14:00<\/p>\r\n          <div class=\"dottLine\"><\/div>\r\n        <\/div>\r\n        <div class=\"textBox\">\r\n          <h3>Gi\u1edd h\u1ecdc<\/h3>\r\n          <p class=\"init\">T\u1ea1i C\u01a1 s\u1edf qu\u1ed1c t\u1ebf Hachioji c\u00f3 nh\u00e0 m\u00e1y th\u1ef1c t\u1eadp th\u1eed nghi\u1ec7m quy m\u00f4 l\u1edbn, n\u01a1i c\u00f3 th\u1ec3 ti\u1ebfp thu \u0111\u01b0\u1ee3c c\u00e1c ki\u1ebfn th\u1ee9c v\u00e0 kinh nghi\u1ec7m th\u1ef1c t\u1ebf v\u1ec1 k\u1ef9 thu\u1eadt. T\u00f4i \u0111\u00e3 c\u1ea3m nh\u1eadn \u0111\u01b0\u1ee3c c\u00e1c gi\u1edd h\u1ecdc v\u00e0 kinh nghi\u1ec7m t\u1ea1i \u0111\u00e2y \u0111\u00e3 gi\u00fap t\u00f4i c\u00f3 \u0111\u01b0\u1ee3c ki\u1ebfn th\u1ee9c chuy\u00ean m\u00f4n c\u00f3 \u00edch cho t\u01b0\u01a1ng lai. Tr\u01b0\u1eddng \u0111\u1ea1i h\u1ecdc c\u00f3 c\u01a1 s\u1edf nh\u01b0 v\u1eady ngay trong khu\u00f4n vi\u00ean l\u00e0 r\u1ea5t hi\u1ebfm v\u00e0 \u0111\u00f3 l\u00e0 l\u00fd do l\u1edbn nh\u1ea5t khi\u1ebfn t\u00f4i quy\u1ebft \u0111\u1ecbnh v\u00e0o \u0110\u1ea1i h\u1ecdc Takushoku.<\/p>\r\n        <\/div>\r\n      <\/div>\r\n\r\n      <!-- \u30a4\u30e1\u30fc\u30b8\u5199\u771f -->\r\n      <picture class=\"lifeImg\" id=\"movieImg04\">\r\n        <div class=\"slideMove\"><\/div>\r\n        <source media=\"(min-width: 480px)\" srcset=\"<?php url(); ?>\/images\/lifemovie\/movie01_img04.jpg 1x, <?php url(); ?>\/images\/lifemovie\/movie01_img04@2x.jpg 2x&#8221;>\r\n        <img src=\"<?php url(); ?>\/images\/lifemovie\/movie01_img04_sp.jpg&#8221; alt=&#8221;SEO JI-MIN&#8221;>\r\n      <\/picture>\r\n\r\n      <!-- \u6b69\u304d -->\r\n      <div class=\"walk\" id=\"movieWakl04\">\r\n        <picture>\r\n          <source media=\"(min-width: 480px)\" srcset=\"<?php url(); ?>\/images\/lifemovie\/movie01_walk03.png 1x, <?php url(); ?>\/images\/lifemovie\/movie01_walk03@2x.png 2x&#8221;>\r\n          <img src=\"\" alt=\"\">\r\n        <\/picture>\r\n      <\/div>\r\n\r\n    <\/div>\r\n  <\/div>\r\n\r\n  <!-- 05-\u30b5\u30fc\u30af\u30eb\u6d3b\u52d5 -->\r\n  <div class=\"lifeBoxParent boxHeight01\">\r\n    <div class=\"lifeBox boxShape01\">\r\n\r\n      <!-- \u8aac\u660e -->\r\n      <div class=\"detailsBoxParent01\">\r\n      <div class=\"detailsBox\" id=\"movieText05\">\r\n        <div class=\"dottLineBox\"><\/div>\r\n        <div class=\"watch\">\r\n          <div class=\"icon\"><img src=\"<?php url(); ?>\/images\/common\/icon\/watch.svg&#8221; alt=&#8221;watch&#8221;><\/div>\r\n          <p class=\"init\">17:00<\/p>\r\n          <div class=\"dottLine\"><\/div>\r\n        <\/div>\r\n        <div class=\"textBox\">\r\n          <h3>Ho\u1ea1t \u0111\u1ed9ng ngo\u1ea1i kh\u00f3a<\/h3>\r\n          <p class=\"init\">T\u00f4i tham gia nh\u00f3m ngo\u1ea1i kh\u00f3a mang t\u00ean H\u1ed9i v\u0103n h\u00f3a h\u1eefu ngh\u1ecb H\u00e0n Qu\u1ed1c. M\u1ed7i th\u00e1ng kho\u1ea3ng 1 l\u1ea7n ch\u00fang t\u00f4i t\u1eadp h\u1ee3p l\u1ea1i, n\u00f3i chuy\u1ec7n v\u1ec1 v\u0103n h\u00f3a truy\u1ec1n th\u1ed1ng c\u1ee7a H\u00e0n Qu\u1ed1c v\u00e0 c\u00f9ng nhau \u0111i \u0103n m\u00f3n \u0103n H\u00e0n Qu\u1ed1c. Trong khu\u00f4n vi\u00ean tr\u01b0\u1eddng c\u00f3 n\u01a1i \u0111\u1ec3 c\u00e1c c\u00e2u l\u1ea1c b\u1ed9 v\u00e0 c\u00e1c nh\u00f3m ngo\u1ea1i kh\u00f3a c\u00f3 th\u1ec3 t\u1eadp h\u1ee3p n\u00ean t\u00f4i th\u01b0\u1eddng \u1edf \u0111\u00f3 sau bu\u1ed5i h\u1ecdc ho\u1eb7c gi\u1edd tr\u1ed1ng gi\u1eefa c\u00e1c gi\u1edd h\u1ecdc v\u00e0 \u0111\u00f3 l\u00e0 n\u01a1i m\u00e0 t\u00f4i c\u1ea3m th\u1ea5y r\u1ea5t tho\u1ea3i m\u00e1i.<\/p>\r\n        <\/div>\r\n      <\/div>\r\n      <!-- \u6b69\u304d -->\r\n      <div class=\"walk\" id=\"movieWakl05\">\r\n        <picture>\r\n          <source media=\"(min-width: 480px)\" srcset=\"<?php url(); ?>\/images\/lifemovie\/movie01_walk04.png 1x, <?php url(); ?>\/images\/lifemovie\/movie01_walk04@2x.png 2x&#8221;>\r\n          <img src=\"\" alt=\"\">\r\n        <\/picture>\r\n      <\/div>\r\n    <\/div>\r\n\r\n      <!-- \u30a4\u30e1\u30fc\u30b8\u5199\u771f -->\r\n      <picture class=\"lifeImg\" id=\"movieImg05\">\r\n        <div class=\"slideMove\"><\/div>\r\n        <source media=\"(min-width: 480px)\" srcset=\"<?php url(); ?>\/images\/lifemovie\/movie01_img05.jpg 1x, <?php url(); ?>\/images\/lifemovie\/movie01_img05@2x.jpg 2x&#8221;>\r\n        <img src=\"<?php url(); ?>\/images\/lifemovie\/movie01_img05_sp.jpg&#8221; alt=&#8221;SEO JI-MIN&#8221;>\r\n      <\/picture>\r\n\r\n    <\/div>\r\n  <\/div>\r\n\r\n\r\n  <!-- 06-\u5e30\u5b85 -->\r\n  <div class=\"lifeBoxParent boxHeight04 lifeBoxParentLast\">\r\n    <div class=\"lifeBox boxShape04 boxHeightImg\">\r\n\r\n      <!-- \u8aac\u660e -->\r\n      <div class=\"detailsBox\" id=\"movieText04\">\r\n        <div class=\"dottLineBox\"><\/div>\r\n        <div class=\"watch\">\r\n          <div class=\"icon\"><img src=\"<?php url(); ?>\/images\/common\/icon\/watch.svg&#8221; alt=&#8221;watch&#8221;><\/div>\r\n          <p class=\"init\">19:35<\/p>\r\n          <div class=\"dottLine\"><\/div>\r\n        <\/div>\r\n        <div class=\"textBox\">\r\n          <h3>V\u1ec1 nh\u00e0<\/h3>\r\n          <p class=\"init\">T\u00f4i s\u1ed1ng t\u1ea1i khu v\u1ef1c c\u00e1ch ga Takao 10 ph\u00fat \u0111i t\u00e0u. \u0110\u1ec3 ti\u1ebft ki\u1ec7m ti\u1ec1n \u0103n, v\u1ec1 c\u01a1 b\u1ea3n t\u00f4i th\u01b0\u1eddng t\u1ef1 n\u1ea5u \u0103n h\u00e0ng ng\u00e0y. T\u00f4i mua nguy\u00ean li\u1ec7u t\u1ea1i si\u00eau th\u1ecb g\u1ea7n nh\u00e0 v\u00e0 l\u00e0m nhi\u1ec1u m\u00f3n \u0103n kh\u00e1c nhau nh\u01b0 m\u00f3n \u0103n Nh\u1eadt B\u1ea3n, m\u00f3n \u00c2u, m\u00f3n \u0103n H\u00e0n Qu\u1ed1c. M\u00f3n \u0103n t\u00f4i gi\u1ecfi nh\u1ea5t l\u00e0 m\u00f3n th\u1ecbt b\u00f2 x\u00e0o Bulgogi.<\/p>\r\n        <\/div>\r\n      <\/div>\r\n\r\n      <!-- \u30a4\u30e1\u30fc\u30b8\u5199\u771f -->\r\n      <picture class=\"lifeImg\" id=\"movieImg06\">\r\n        <div class=\"slideMove\"><\/div>\r\n        <source media=\"(min-width: 480px)\" srcset=\"<?php url(); ?>\/images\/lifemovie\/movie01_img06.jpg 1x, <?php url(); ?>\/images\/lifemovie\/movie01_img06@2x.jpg 2x&#8221;>\r\n        <img src=\"<?php url(); ?>\/images\/lifemovie\/movie01_img06_sp.jpg&#8221; alt=&#8221;SEO JI-MIN&#8221;>\r\n      <\/picture>\r\n\r\n    <\/div>\r\n  <\/div>\r\n\r\n  <!-- \u6ce8\u91c8 -->\r\n  <?php get_template_part('\/inc\/_life-movie-etcDetails03'); ?>\r\n\r\n  <!-- \u30e0\u30fc\u30d3\u30fc\u9078\u629e -->\r\n  <div class=\"mb\">\r\n  <?php get_template_part('\/inc\/_life-movie-movieNavi'); ?>\r\n  <\/div>\r\n\r\n  <!-- \u5352\u696d\u751f\u30a4\u30f3\u30bf\u30d3\u30e5\u30fc -->\r\n  <div class=\"mb2\">\r\n  <?php get_template_part('\/inc\/_life-movie-interviewNavi'); ?>\r\n  <\/div>\r\n\r\n  <!-- \u8a00\u8a9e\u9078\u629e\u30dc\u30bf\u30f3 -->\r\n  <?php get_template_part('\/inc\/_life-movie-languageBt'); ?>\r\n\r\n  <\/div>\r\n\r\n\r\n\r\n","protected":false},"excerpt":{"rendered":"TAKUSHOKU LIFE MOVIE Coming Soon","protected":false},"author":1,"featured_media":0,"parent":203,"menu_order":0,"comment_status":"closed","ping_status":"closed","template":"page-life_movie\/03_movie01_korea_vi.php","meta":[],"acf":[],"_links":{"self":[{"href":"https:\/\/lang.takushoku-u.ac.jp\/en\/wp-json\/wp\/v2\/pages\/315"}],"collection":[{"href":"https:\/\/lang.takushoku-u.ac.jp\/en\/wp-json\/wp\/v2\/pages"}],"about":[{"href":"https:\/\/lang.takushoku-u.ac.jp\/en\/wp-json\/wp\/v2\/types\/page"}],"author":[{"embeddable":true,"href":"https:\/\/lang.takushoku-u.ac.jp\/en\/wp-json\/wp\/v2\/users\/1"}],"replies":[{"embeddable":true,"href":"https:\/\/lang.takushoku-u.ac.jp\/en\/wp-json\/wp\/v2\/comments?post=315"}],"version-history":[{"count":4,"href":"https:\/\/lang.takushoku-u.ac.jp\/en\/wp-json\/wp\/v2\/pages\/315\/revisions"}],"predecessor-version":[{"id":746,"href":"https:\/\/lang.takushoku-u.ac.jp\/en\/wp-json\/wp\/v2\/pages\/315\/revisions\/746"}],"up":[{"embeddable":true,"href":"https:\/\/lang.takushoku-u.ac.jp\/en\/wp-json\/wp\/v2\/pages\/203"}],"wp:attachment":[{"href":"https:\/\/lang.takushoku-u.ac.jp\/en\/wp-json\/wp\/v2\/media?parent=315"}],"curies":[{"name":"wp","href":"https:\/\/api.w.org\/{rel}","templated":true}]}}