{"id":213,"date":"2019-03-12T15:50:43","date_gmt":"2019-03-12T06:50:43","guid":{"rendered":"https:\/\/lang.takushoku-u.ac.jp\/en\/?page_id=213"},"modified":"2019-04-04T11:19:05","modified_gmt":"2019-04-04T02:19:05","slug":"interview-korea","status":"publish","type":"page","link":"https:\/\/lang.takushoku-u.ac.jp\/en\/life-movie\/vietnamese\/interview-korea\/","title":{"rendered":"MOON JIWON (Ti\u1ebfng vi\u1ec7t)"},"content":{"rendered":"<div class=\"mainPage\">\r\n\r\n  <div class=\"lifeMoviePage\">\r\n\r\n\r\n    <!-- \u30bf\u30a4\u30c8\u30eb -->\r\n    <div class=\"lifeMovieTitleBoxDetails interviewTitle01\">\r\n      <div class=\"stripeMask\"><\/div>\r\n      <div class=\"lifeMovieTitle\">\r\n        <h2>INTERVIEW WITH GRADUATES<\/h2>\r\n      <\/div>\r\n    <\/div>\r\n\r\n    <!-- \u8a00\u8a9e\u9078\u629e\u30dc\u30bf\u30f3 -->\r\n    <?php get_template_part('\/inc\/_life-movie-languageBt'); ?>\r\n\r\n\r\n    <div class=\"pageMainContentsBack interviewDetailsBox\">\r\n      <div class=\"titleImg\">\r\n        <picture class=\"\">\r\n          <source media=\"(min-width: 480px)\" srcset=\"<?php url(); ?>\/images\/lifemovie\/interview01_img01.jpg 1x, <?php url(); ?>\/images\/lifemovie\/interview01_img01@2x.jpg 2x&#8221;>\r\n          <img src=\"<?php url(); ?>\/images\/lifemovie\/interview01_img01.jpg&#8221; alt=&#8221;MOON JIWON&#8221;>\r\n        <\/picture>\r\n        <h2>Ti\u1ebfp t\u1ee5c h\u1ecdc h\u1ecfi c\u00e1c ki\u1ebfn th\u1ee9c v\u1ec1 ph\u00e1p lu\u1eadt,<br>r\u00e8n luy\u1ec7n k\u1ef9 n\u0103ng c\u1ee7a m\u1ed9t chuy\u00ean gia<\/h2>\r\n      <\/div>\r\n      <div class=\"pageMainContents\">\r\n\r\n        <div class=\"profileBox\">\r\n          <h2>PROFILE<\/h2>\r\n          <div class=\"contry\">\r\n            <div class=\"pageIcon\"><img src=\"<?php url(); ?>\/images\/common\/icon\/kr.svg&#8221; alt=&#8221;Korea&#8221;><\/div>\r\n            <div class=\"naviText\">KOREA<\/div>\r\n          <\/div>\r\n          <div class=\"name\">MOON JIWON<\/div>\r\n          <p class=\"text\">T\u1ed1t nghi\u1ec7p Chuy\u00ean ng\u00e0nh Lu\u1eadt ph\u00e1p v\u00e0 Ch\u00ednh tr\u1ecb, Khoa Kinh t\u1ebf v\u00e0 Ch\u00ednh tr\u1ecb n\u0103m 2013<\/p>\r\n          <p class=\"text\">Xu\u1ea5t th\u00e2n: H\u00e0n Qu\u1ed1c<\/p>\r\n          <p class=\"text\">Sau khi t\u1ed1t nghi\u1ec7p v\u00e0o l\u00e0m t\u1ea1i c\u00f4ng ty lu\u1eadt s\u01b0 Advance<\/p>\r\n        <\/div>\r\n\r\n        <section class=\"pmM\">\r\n          <h2>Th\u00e1i \u0111\u1ed9 t\u00edch c\u1ef1c \u0111\u1ed1i v\u1edbi vi\u1ec7c h\u1ecdc t\u1eadp \u0111\u01b0\u1ee3c nu\u00f4i d\u01b0\u1ee1ng t\u1eeb th\u1eddi sinh vi\u00ean<\/h2>\r\n          <picture class=\"pmSS\">\r\n            <source media=\"(min-width: 480px)\" srcset=\"<?php url(); ?>\/images\/lifemovie\/interview01_img02.jpg 1x, <?php url(); ?>\/images\/lifemovie\/interview01_img02@2x.jpg 2x&#8221;>\r\n            <img src=\"<?php url(); ?>\/images\/lifemovie\/interview01_img02.jpg&#8221; alt=&#8221;MOON JIWON&#8221;>\r\n          <\/picture>\r\n          <p class=\"text\">T\u00f4i l\u00e0m c\u00e1c c\u00f4ng vi\u1ec7c v\u0103n ph\u00f2ng nh\u01b0 so\u1ea1n th\u1ea3o v\u0103n b\u1ea3n,v.v&#8230; \u0111\u1ec3 h\u1ed7 tr\u1ee3 nghi\u1ec7p v\u1ee5 lu\u1eadt s\u01b0  (tr\u1ee3 l\u00fd lu\u1eadt s\u01b0) t\u1ea1i v\u0103n ph\u00f2ng lu\u1eadt s\u01b0 v\u00e0 hi\u1ec7n t\u1ea1i t\u00f4i \u0111ang l\u00e0m vi\u1ec7c t\u1ea1i b\u1ed9 ph\u1eadn x\u1eed l\u00fd n\u1ee3.\r\nT\u1eeb h\u1ed3i c\u00f2n l\u00e0 h\u1ecdc sinh ti\u1ec3u h\u1ecdc t\u00f4i \u0111\u00e3 quan t\u00e2m \u0111\u1ebfn l\u0129nh v\u1ef1c ph\u00e1p lu\u1eadt v\u00e0 c\u00f3 t\u00e2m nguy\u1ec7n mu\u1ed1n gi\u00fap \u0111\u1ee1 nhi\u1ec1u ng\u01b0\u1eddi do \u0111\u00f3 t\u00f4i \u0111\u00e3 v\u00e0o l\u00e0m t\u1ea1i c\u00f4ng ty hi\u1ec7n t\u1ea1i. M\u1eb7c d\u00f9 c\u00f3 nhi\u1ec1u ph\u1ea7n kh\u00e1c nhau gi\u1eefa ki\u1ebfn th\u1ee9c h\u1ecdc \u0111\u01b0\u1ee3c \u1edf tr\u01b0\u1eddng \u0111\u1ea1i h\u1ecdc v\u00e0 ki\u1ebfn th\u1ee9c c\u1ea7n thi\u1ebft cho c\u00f4ng vi\u1ec7c th\u1ef1c t\u1ebf nh\u01b0ng t\u00f4i c\u1ea3m nh\u1eadn \u0111\u01b0\u1ee3c th\u00e1i \u0111\u1ed9 t\u1ef1 ch\u1ee7 trong h\u1ecdc t\u1eadp \u0111\u01b0\u1ee3c nu\u00f4i d\u01b0\u1ee1ng t\u1eeb th\u1eddi sinh vi\u00ean \u0111\u00e3 r\u1ea5t c\u00f3 \u00edch cho c\u00f4ng vi\u1ec7c hi\u1ec7n t\u1ea1i c\u1ee7a t\u00f4i. M\u1ee5c ti\u00eau hi\u1ec7n t\u1ea1i c\u1ee7a t\u00f4i l\u00e0 c\u00f3 th\u1ec3 \u0111\u00e1p \u1ee9ng \u0111\u01b0\u1ee3c c\u00e1c c\u00f4ng vi\u1ec7c li\u00ean quan \u0111\u1ebfn t\u1ea5t c\u1ea3 c\u00e1c l\u0129nh v\u1ef1c h\u00ecnh s\u1ef1 v\u00e0 d\u00e2n s\u1ef1.\r\n<\/p>\r\n        <\/section>\r\n\r\n        <section class=\"pmM\">\r\n          <h2>Nh\u1eefng ng\u00e0y m\u1ea3i m\u00ea h\u1ecdc v\u1ec1 ph\u00e1p lu\u1eadt<\/h2>\r\n          <picture class=\"pmS\">\r\n            <source media=\"(min-width: 480px)\" srcset=\"<?php url(); ?>\/images\/lifemovie\/interview01_img03.jpg 1x, <?php url(); ?>\/images\/lifemovie\/interview01_img03@2x.jpg 2x&#8221;>\r\n            <img src=\"<?php url(); ?>\/images\/lifemovie\/interview01_img03.jpg&#8221; alt=&#8221;MOON JIWON&#8221;>\r\n          <\/picture>\r\n          <p class=\"text\">M\u1eb7c d\u00f9 t\u00f4i xu\u1ea5t th\u00e2n t\u1eeb H\u00e0n Qu\u1ed1c, nh\u01b0ng vi\u1ec7c h\u1ecdc ng\u00e0nh t\u00f4i quan t\u00e2m l\u00e0 ng\u00e0nh T\u1ed9i ph\u1ea1m h\u1ecdc t\u1ea1i c\u00e1c tr\u01b0\u1eddng \u0111\u1ea1i h\u1ecdc \u1edf H\u00e0n Qu\u1ed1c r\u1ea5t kh\u00f3 v\u00e0 c\u01a1 h\u1ed9i h\u1ecdc lu\u1eadt t\u1ea1i tr\u01b0\u1eddng \u0111\u1ea1i h\u1ecdc \u0111\u00e3 gi\u1ea3m \u0111i do vi\u1ec7c th\u00e0nh l\u1eadp c\u00e1c tr\u01b0\u1eddng lu\u1eadt. Tr\u01b0\u1eddng \u0110\u1ea1i h\u1ecdc Takushoku ngo\u00e0i vi\u1ec7c h\u1ecdc v\u1ec1 ph\u00e1p lu\u1eadt c\u00f2n \u0111\u01b0\u1ee3c h\u1ecdc th\u00eam c\u1ea3 v\u1ec1 kinh t\u1ebf v\u00e0 ch\u00ednh tr\u1ecb, c\u00f3 th\u1ec3 thi tuy\u1ec3n sinh m\u00e0 kh\u00f4ng c\u1ea7n ph\u1ea3i h\u1ecdc qua tr\u01b0\u1eddng ti\u1ebfng Nh\u1eadt n\u00ean t\u00f4i \u0111\u00e3 quy\u1ebft \u0111\u1ecbnh v\u00e0o tr\u01b0\u1eddng n\u00e0y. T\u1ea1i Chuy\u00ean ng\u00e0nh Lu\u1eadt ph\u00e1p v\u00e0 Ch\u00ednh tr\u1ecb, Khoa Kinh t\u1ebf v\u00e0 Ch\u00ednh tr\u1ecb t\u00f4i \u0111\u01b0\u1ee3c h\u1ecdc m\u1ed9t c\u00e1ch to\u00e0n di\u1ec7n c\u00e1c m\u00f4n ph\u00e1p l\u00fd nh\u01b0 Hi\u1ebfn ph\u00e1p, Lu\u1eadt D\u00e2n s\u1ef1, Lu\u1eadt H\u00ecnh s\u1ef1, Lu\u1eadt H\u00e0nh ch\u00ednh, v.v&#8230;\u0111\u1ed3ng th\u1eddi sang n\u0103m th\u1ee9 2, t\u00f4i \u0111\u00e3 tham gia nh\u00f3m nghi\u00ean c\u1ee9u \u0111\u1ec3 nghi\u00ean c\u1ee9u \u0111\u00e0o s\u00e2u h\u01a1n v\u1ec1 Lu\u1eadt h\u00ecnh s\u1ef1 v\u00e0 Ch\u00ednh s\u00e1ch h\u00ecnh s\u1ef1, Lu\u1eadt thi\u1ebfu ni\u00ean, T\u1ed9i ph\u1ea1m h\u1ecdc.Trong c\u00e1c ho\u1ea1t \u0111\u1ed9ng c\u1ee7a nh\u00f3m nghi\u00ean c\u1ee9u t\u00f4i \u0111\u1eb7c bi\u1ec7t \u1ea5n t\u01b0\u1ee3ng v\u1edbi chuy\u1ebfn tham quan nh\u00e0 t\u00f9.\r\nPh\u1ea3i n\u00f3i th\u1eadt l\u00e0 nh\u1eefng ng\u00e0y th\u00e1ng li\u00ean t\u1ee5c h\u1ecdc v\u1ec1 ph\u00e1p lu\u1eadt l\u00fac \u0111\u1ea7u c\u0169ng l\u00e0m t\u00f4i c\u1ea3m th\u1ea5y m\u1ec7t m\u1ecfi. D\u00f9 \u0111\u01b0\u1ee3c h\u1ecdc v\u1ec1 l\u0129nh v\u1ef1c m\u00e0 b\u1ea3n th\u00e2n \u0111\u00e3 r\u1ea5t mu\u1ed1n h\u1ecdc t\u1eeb l\u00e2u nh\u01b0ng t\u00f4i c\u0169ng \u0111\u00e3 r\u1ea5t kh\u1ed5 s\u1edf v\u00ec c\u00e1c thu\u1eadt ng\u1eef ph\u00e1p lu\u1eadt kh\u00f3 hi\u1ec3u v\u00e0 c\u1ea3 nh\u1eefng kh\u00f3 kh\u0103n trong vi\u1ec7c \u0111\u1ecdc hi\u1ec3u ti\u1ebfng Nh\u1eadt. D\u00f9 v\u1eady t\u1ea1i nh\u00f3m nghi\u00ean c\u1ee9u, t\u00f4i \u0111\u00e3 \u0111\u1ecdc c\u00e1c t\u00e0i li\u1ec7u chuy\u00ean ng\u00e0nh \u0111\u1ec3 \u0111\u00e0o s\u00e2u th\u00eam c\u00e1c ch\u1ee7 \u0111\u1ec1 m\u00e0 b\u1ea3n th\u00e2n t\u00f4i mu\u1ed1n t\u00ecm hi\u1ec3u r\u1ed3i t\u1ed5ng h\u1ee3p c\u00e1c n\u1ed9i dung \u0111\u00f3 v\u00e0o b\u00e0i vi\u1ebft v\u00e0 ph\u00e1t bi\u1ec3u tr\u01b0\u1edbc nhi\u1ec1u ng\u01b0\u1eddi t\u1eeb \u0111\u00f3 d\u1ea7n d\u1ea7n cho t\u00f4i c\u1ea3m gi\u00e1c m\u00e3n nguy\u1ec7n. Trong c\u00e1c l\u1ea7n ph\u00e1t bi\u1ec3u \u0111\u00e3 c\u00f3 c\u00e1c c\u00e2u h\u1ecfi m\u00e0 t\u00f4i kh\u00f4ng ng\u1edd t\u1edbi t\u1eeb c\u00e1c b\u1ea1n c\u00f9ng nh\u00f3m nghi\u00ean c\u1ee9u qua \u0111\u00f3 gi\u00fap t\u00f4i ph\u00e1t hi\u1ec7n ra c\u00e1c l\u1ed7 h\u1ed5ng trong ki\u1ebfn th\u1ee9c c\u0169ng nh\u01b0 nh\u1eefng ph\u1ea7n ch\u01b0a hi\u1ec3u s\u00e2u c\u1ee7a m\u00ecnh nh\u1edd \u0111\u00f3 t\u00f4i c\u00f3 th\u1ec3 h\u1ecdc t\u1eadp s\u00e2u h\u01a1n c\u00f9ng v\u1edbi b\u1ea1n b\u00e8 v\u00e0 \u0111\u00f3 ch\u00ednh l\u00e0 t\u00e0i s\u1ea3n qu\u00fd gi\u00e1 \u0111\u1ed1i v\u1edbi t\u00f4i. V\u00e0 \u0111\u1ebfn b\u00e2y gi\u1edd t\u00f4i \u0111\u00e3 nh\u1eadn ra r\u1eb1ng ch\u00ednh nh\u00f3m nghi\u00ean c\u1ee9u n\u00e0y \u0111\u00e3 cho t\u00f4i c\u00e1c kinh nghi\u1ec7m gi\u00fap t\u00f4i tr\u01b0\u1edfng th\u00e0nh h\u01a1n ngay t\u1eeb th\u1eddi sinh vi\u00ean \u0111\u1ea1i h\u1ecdc. Kh\u1ea3 n\u0103ng ti\u1ebfng Nh\u1eadt c\u1ee7a t\u00f4i c\u0169ng t\u1ef1 nhi\u00ean gi\u1ecfi l\u00ean trong qu\u00e1 tr\u00ecnh h\u1ecdc v\u1ec1 ph\u00e1p lu\u1eadt. C\u1ee9 nh\u01b0 v\u1eady th\u00e0nh qu\u1ea3 cu\u1ed1i c\u00f9ng sau 4 n\u0103m chuy\u00ean t\u00e2m h\u1ecdc v\u1ec1 ph\u00e1p lu\u1eadt l\u00e0 lu\u1eadn v\u0103n vi\u1ebft v\u1ec1 h\u00ecnh th\u1ee9c t\u1ea5t y\u1ebfu c\u1ee7a Lu\u1eadt v\u1ecb th\u00e0nh ni\u00ean c\u1ee7a t\u00f4i \u0111\u00e3 nh\u1eadn \u0111\u01b0\u1ee3c gi\u1ea3i th\u01b0\u1edfng xu\u1ea5t s\u1eafc v\u1ec1 lu\u1eadn v\u0103n ti\u1ebfn h\u1ecdc c\u1ee7a Vi\u1ec7n nghi\u00ean c\u1ee9u \u0110\u1ea1i h\u1ecdc Takushoku (Vi\u1ec7n Nghi\u00ean c\u1ee9u Kinh t\u1ebf &#8211; Ch\u00ednh tr\u1ecb ).\r\n<\/p>\r\n        <\/section>\r\n\r\n        <section>\r\n          <h2>D\u00f9ng 4 n\u0103m cho ri\u00eang b\u1ea3n th\u00e2n<\/h2>\r\n          <p class=\"text\">T\u00f4i ngh\u0129 r\u1eb1ng quan tr\u1ecdng nh\u1ea5t l\u00e0 trong 4 n\u0103m \u0111\u1ea1i h\u1ecdc m\u00ecnh ph\u1ea3i l\u00e0m g\u00ec \u0111\u1ec3 c\u00f3 th\u1ec3 t\u00edch l\u0169y \u0111\u01b0\u1ee3c nhi\u1ec1u kinh nghi\u1ec7m h\u01a1n, kh\u00e1m ph\u00e1 \u0111\u01b0\u1ee3c nhi\u1ec1u h\u01a1n c\u00e1c ki\u1ebfn th\u1ee9c chuy\u00ean m\u00f4n m\u00e0 b\u1ea3n th\u00e2n mu\u1ed1n t\u00ecm hi\u1ec3u. T\u1ea1i tr\u01b0\u1eddng \u0110\u1ea1i h\u1ecdc Takushoku c\u00f3 r\u1ea5t nhi\u1ec1u c\u00e1c ch\u01b0\u01a1ng tr\u00ecnh v\u00e0 s\u1ef1 ki\u1ec7n do tr\u01b0\u1eddng t\u1ed5 ch\u1ee9c, t\u1ea1o ra m\u00f4i tr\u01b0\u1eddng \u0111\u1ec3 sinh vi\u00ean c\u00f3 th\u00eam nhi\u1ec1u nh\u1eefng kinh nghi\u1ec7m  kh\u00f4ng th\u1ec3 c\u00f3 \u0111\u01b0\u1ee3c tr\u00ean b\u00e0n h\u1ecdc. T\u00f4i cho r\u1eb1ng th\u1eddi sinh vi\u00ean l\u00e0 c\u01a1 h\u1ed9i cu\u1ed1i c\u00f9ng \u0111\u1ec3 s\u1eed d\u1ee5ng th\u1eddi gian cho b\u1ea3n th\u00e2n, l\u00e0m nh\u1eefng g\u00ec mu\u1ed1n l\u00e0m m\u00e0 kh\u00f4ng b\u1ecb r\u00e0ng bu\u1ed9c nh\u01b0 nh\u1eefng ng\u01b0\u1eddi \u0111\u00e3 ra ngo\u00e0i x\u00e3 h\u1ed9i. K\u1ef9 n\u0103ng c\u00f3 th\u1ec3 h\u1ecdc th\u00eam sau n\u00e0y n\u00ean r\u1ea5t mong c\u00e1c b\u1ea1n d\u00e0nh to\u00e0n b\u1ed9 t\u00e2m huy\u1ebft v\u00e0o nh\u1eefng vi\u1ec7c m\u00e0 c\u00e1c b\u1ea1n ch\u1ec9 c\u00f3 th\u1ec3 l\u00e0m l\u00fac c\u00f2n \u1edf tr\u01b0\u1eddng \u0111\u1ea1i h\u1ecdc, nh\u1eefng vi\u1ec7c c\u00e1c b\u1ea1n ch\u1ec9 c\u00f3 th\u1ec3 l\u00e0m v\u00e0o l\u00fac n\u00e0y v\u00e0 h\u00e3y c\u00f3 nh\u1eefng kho\u1ea3ng th\u1eddi gian gi\u00fap c\u00e1c b\u1ea1n t\u1ef1 tr\u01b0\u1edfng th\u00e0nh.<\/p>\r\n        <\/section>\r\n\r\n      <\/div>\r\n    <\/div>\r\n\r\n\r\n  <!-- \u5352\u696d\u751f\u30a4\u30f3\u30bf\u30d3\u30e5\u30fc -->\r\n  <div class=\"mb\">\r\n    <?php get_template_part('\/inc\/_life-movie-interviewNavi'); ?>\r\n  <\/div>\r\n\r\n  <!-- \u30e0\u30fc\u30d3\u30fc\u9078\u629e -->\r\n  <div class=\"mb2\">\r\n  <?php get_template_part('\/inc\/_life-movie-movieNavi'); ?>\r\n  <\/div>\r\n\r\n\r\n  <!-- \u8a00\u8a9e\u9078\u629e\u30dc\u30bf\u30f3 -->\r\n  <?php get_template_part('\/inc\/_life-movie-languageBt'); ?>\r\n\r\n  <\/div>\r\n\r\n\r\n\r\n\r\n\r\n","protected":false},"excerpt":{"rendered":"INTERVIEW WITH GRADUATES","protected":false},"author":1,"featured_media":0,"parent":203,"menu_order":0,"comment_status":"closed","ping_status":"closed","template":"page-life_movie\/03_interview01_korea_vi.php","meta":[],"acf":[],"_links":{"self":[{"href":"https:\/\/lang.takushoku-u.ac.jp\/en\/wp-json\/wp\/v2\/pages\/213"}],"collection":[{"href":"https:\/\/lang.takushoku-u.ac.jp\/en\/wp-json\/wp\/v2\/pages"}],"about":[{"href":"https:\/\/lang.takushoku-u.ac.jp\/en\/wp-json\/wp\/v2\/types\/page"}],"author":[{"embeddable":true,"href":"https:\/\/lang.takushoku-u.ac.jp\/en\/wp-json\/wp\/v2\/users\/1"}],"replies":[{"embeddable":true,"href":"https:\/\/lang.takushoku-u.ac.jp\/en\/wp-json\/wp\/v2\/comments?post=213"}],"version-history":[{"count":4,"href":"https:\/\/lang.takushoku-u.ac.jp\/en\/wp-json\/wp\/v2\/pages\/213\/revisions"}],"predecessor-version":[{"id":741,"href":"https:\/\/lang.takushoku-u.ac.jp\/en\/wp-json\/wp\/v2\/pages\/213\/revisions\/741"}],"up":[{"embeddable":true,"href":"https:\/\/lang.takushoku-u.ac.jp\/en\/wp-json\/wp\/v2\/pages\/203"}],"wp:attachment":[{"href":"https:\/\/lang.takushoku-u.ac.jp\/en\/wp-json\/wp\/v2\/media?parent=213"}],"curies":[{"name":"wp","href":"https:\/\/api.w.org\/{rel}","templated":true}]}}